{"id":1269,"date":"2016-09-01T17:26:03","date_gmt":"2016-09-01T20:26:03","guid":{"rendered":"http:\/\/tartarugas.net\/?page_id=1269"},"modified":"2024-11-03T23:49:53","modified_gmt":"2024-11-04T02:49:53","slug":"cursos","status":"publish","type":"page","link":"https:\/\/tartarugas.net\/en\/cursos\/","title":{"rendered":"Cursos"},"content":{"rendered":"<div data-elementor-type=\"wp-page\" data-elementor-id=\"1269\" class=\"elementor elementor-1269\">\n\t\t\t\t<div class=\"elementor-element elementor-element-7e7a63a e-flex e-con-boxed e-con e-parent\" data-id=\"7e7a63a\" data-element_type=\"container\">\n\t\t\t\t\t<div class=\"e-con-inner\">\n\t\t\t\t\t<\/div>\n\t\t\t\t<\/div>\n\t\t<div class=\"elementor-element elementor-element-9bcfb45 e-flex e-con-boxed e-con e-parent\" data-id=\"9bcfb45\" data-element_type=\"container\">\n\t\t\t\t\t<div class=\"e-con-inner\">\n\t\t\t\t<div class=\"elementor-element elementor-element-08285aa elementor-widget elementor-widget-text-editor\" data-id=\"08285aa\" data-element_type=\"widget\" data-widget_type=\"text-editor.default\">\n\t\t\t\t<div class=\"elementor-widget-container\">\n\t\t\t\t\t\t\t\t\t<p><strong>Bem-vindo \u00e0 nossa Plataforma de Cursos em Turismo de Aventura!<\/strong><\/p><p>Se voc\u00ea \u00e9 apaixonado por aventura e quer transformar essa paix\u00e3o em uma carreira de sucesso, est\u00e1 no lugar certo. Somos uma plataforma especializada em forma\u00e7\u00e3o para o turismo de aventura, com cursos que combinam conhecimento t\u00e9cnico, pr\u00e1ticas seguras e experi\u00eancias reais de campo, desenvolvidos por especialistas com anos de atua\u00e7\u00e3o no setor.<\/p><p>Nossos cursos abrangem desde t\u00e9cnicas de condu\u00e7\u00e3o segura em atividades como trilhas, escaladas e rafting, at\u00e9 gest\u00e3o de risco e atendimento ao cliente, capacitando voc\u00ea para liderar com confian\u00e7a em ambientes desafiadores. Al\u00e9m disso, oferecemos certifica\u00e7\u00e3o reconhecida no mercado, o que garante que voc\u00ea estar\u00e1 preparado para atuar em um dos segmentos de maior crescimento do turismo.<\/p><p><strong>Por que aprender conosco?<\/strong><\/p><ul><li><strong>Expertise de Mercado:<\/strong> Somos refer\u00eancia em turismo de aventura e nossos instrutores possuem certifica\u00e7\u00f5es nacionais e internacionais.<\/li><li><strong>Foco em Seguran\u00e7a e Sustentabilidade:<\/strong> Oferecemos as melhores pr\u00e1ticas para voc\u00ea atuar com responsabilidade ambiental e seguran\u00e7a em cada atividade.<\/li><li><strong>Conex\u00e3o com a Natureza e Supera\u00e7\u00e3o Pessoal:<\/strong> Nossa abordagem prioriza a forma\u00e7\u00e3o completa, que valoriza a experi\u00eancia do cliente e sua reconex\u00e3o com o meio natural.<\/li><\/ul><p>Capacite-se para liderar e transformar experi\u00eancias. Conquiste novas habilidades, explore possibilidades e fa\u00e7a parte de uma comunidade que vive a aventura com responsabilidade e profissionalismo.<\/p>\t\t\t\t\t\t\t\t<\/div>\n\t\t\t\t<\/div>\n\t\t\t\t\t<\/div>\n\t\t\t\t<\/div>\n\t\t<div class=\"elementor-element elementor-element-8ab4ff0 e-flex e-con-boxed e-con e-parent\" data-id=\"8ab4ff0\" data-element_type=\"container\">\n\t\t\t\t\t<div class=\"e-con-inner\">\n\t\t\t\t<div class=\"elementor-element elementor-element-1a1b0ce elementor-widget elementor-widget-heading\" data-id=\"1a1b0ce\" data-element_type=\"widget\" data-widget_type=\"heading.default\">\n\t\t\t\t<div class=\"elementor-widget-container\">\n\t\t\t\t\t<h2 class=\"elementor-heading-title elementor-size-default\"><\/h2><h2 class=\"elementor-heading-title elementor-size-default elementor-inline-editing pen\" data-elementor-setting-key=\"title\" data-pen-placeholder=\"Digite aqui...\" style=\"font-family: var( --e-global-typography-primary-font-family ), Sans-serif;font-weight: var( --e-global-typography-primary-font-weight );text-align: center\">SEJA UM PROFISSIONAL DA AVENTURA !<\/h2>\t\t\t\t<\/div>\n\t\t\t\t<\/div>\n\t\t\t\t\t<\/div>\n\t\t\t\t<\/div>\n\t\t<div class=\"elementor-element elementor-element-0a9a518 e-flex e-con-boxed e-con e-parent\" data-id=\"0a9a518\" data-element_type=\"container\">\n\t\t\t\t\t<div class=\"e-con-inner\">\n\t\t\t\t<div class=\"elementor-element elementor-element-66eea3f elementor-align-center elementor-widget elementor-widget-button\" data-id=\"66eea3f\" data-element_type=\"widget\" data-widget_type=\"button.default\">\n\t\t\t\t<div class=\"elementor-widget-container\">\n\t\t\t\t\t\t\t\t\t<div class=\"elementor-button-wrapper\">\n\t\t\t\t\t<a class=\"elementor-button elementor-button-link elementor-size-sm\" href=\"https:\/\/api.whatsapp.com\/send?phone=5548996616751\">\n\t\t\t\t\t\t<span class=\"elementor-button-content-wrapper\">\n\t\t\t\t\t\t\t\t\t<span class=\"elementor-button-text\">MATRICULE-SE<\/span>\n\t\t\t\t\t<\/span>\n\t\t\t\t\t<\/a>\n\t\t\t\t<\/div>\n\t\t\t\t\t\t\t\t<\/div>\n\t\t\t\t<\/div>\n\t\t\t\t\t<\/div>\n\t\t\t\t<\/div>\n\t\t<div class=\"elementor-element elementor-element-52c74880 e-flex e-con-boxed e-con e-parent\" data-id=\"52c74880\" data-element_type=\"container\">\n\t\t\t\t\t<div class=\"e-con-inner\">\n\t\t\t\t<div class=\"elementor-element elementor-element-34a78567 elementor-widget elementor-widget-shortcode\" data-id=\"34a78567\" data-element_type=\"widget\" data-widget_type=\"shortcode.default\">\n\t\t\t\t<div class=\"elementor-widget-container\">\n\t\t\t\t\t\t\t<div class=\"elementor-shortcode\">\n<div class=\"atgrid atgrid--small\">\n\t<div class=\"row atgrid__row\">\n\t\t\t\t\t<div class=\"col-md-3 col-xs-6 atgrid__item-wrap\">\n\t\t\t<div class=\"atgrid__item\">\n\t\t\t\t<div class=\"atgrid__item__top\">\n\t\t\t\t\t<a href=\"https:\/\/tartarugas.net\/en\/tours\/condutor-em-turismo-de-aventura\/\" class=\"atgrid__item__top__image\"><img fetchpriority=\"high\" decoding=\"async\" width=\"360\" height=\"240\" src=\"https:\/\/tartarugas.net\/wp-content\/uploads\/2016\/12\/DSC_0004-2-360x240.jpg\" class=\"attachment-thumb_tour_listing_small size-thumb_tour_listing_small wp-post-image\" alt=\"\" srcset=\"https:\/\/tartarugas.net\/wp-content\/uploads\/2016\/12\/DSC_0004-2-360x240.jpg 360w, https:\/\/tartarugas.net\/wp-content\/uploads\/2016\/12\/DSC_0004-2-531x354.jpg 531w, https:\/\/tartarugas.net\/wp-content\/uploads\/2016\/12\/DSC_0004-2-180x120.jpg 180w, https:\/\/tartarugas.net\/wp-content\/uploads\/2016\/12\/DSC_0004-2-600x398.jpg 600w, https:\/\/tartarugas.net\/wp-content\/uploads\/2016\/12\/DSC_0004-2-300x199.jpg 300w, https:\/\/tartarugas.net\/wp-content\/uploads\/2016\/12\/DSC_0004-2-768x510.jpg 768w, https:\/\/tartarugas.net\/wp-content\/uploads\/2016\/12\/DSC_0004-2.jpg 1000w\" sizes=\"(max-width: 360px) 100vw, 360px\" \/><\/a>\t\t\t\t\t<div class=\"atgrid__item__price\"><a href=\"https:\/\/tartarugas.net\/en\/tours\/condutor-em-turismo-de-aventura\/\" class=\"atgrid__item__price__button\"><del aria-hidden=\"true\"><span class=\"woocommerce-Price-amount amount\"><bdi><span class=\"woocommerce-Price-currencySymbol\">&#82;&#36;<\/span>1.500<\/bdi><\/span><\/del> <span class=\"screen-reader-text\" data-no-translation=\"\" data-trp-gettext=\"\">Original price was: &#082;&#036;1.500.<\/span><ins aria-hidden=\"true\"><span class=\"woocommerce-Price-amount amount\"><bdi><span class=\"woocommerce-Price-currencySymbol\">&#82;&#36;<\/span>1.200<\/bdi><\/span><\/ins><span class=\"screen-reader-text\" data-no-translation=\"\" data-trp-gettext=\"\">Current price is: &#082;&#036;1.200.<\/span><\/a><\/div>\t\t\t\t\t\t\t\t\t\t\t\t\t\t<\/div>\n\t\t\t\t<div class=\"atgrid__item__content\">\n\t\t\t\t\t<h3 class=\"atgrid__item__title\"><a href=\"https:\/\/tartarugas.net\/en\/tours\/condutor-em-turismo-de-aventura\/\">Condutor em Turismo de Aventura<\/a><\/h3>\n\t\t\t\t\t\t\t\t\t<div class=\"atgrid__item__description\">&nbsp; SEJA UM PROFISSIONAL DA AVENTURA ! &nbsp; Curso: Condutor de Turismo de Aventura \u2013 compet\u00eancias m\u00ednimas Natureza: Curso Livre<\/div>\n\t\t\t\t\t\t\t\t<\/div>\n\t\t\t\t<div class=\"item-attributes\">\n\t\t\t\t\t\t\t\t\t\t<div class=\"item-attributes__item\"><a href=\"https:\/\/tartarugas.net\/en\/tours\/condutor-em-turismo-de-aventura\/\" class=\"item-attributes__link\"><i class=\"fa fa-long-arrow-right\"><\/i><\/a><\/div>\n\t\t\t\t<\/div>\n\t\t\t<\/div>\n\t\t<\/div>\n\t\t\t\t\t<div class=\"col-md-3 col-xs-6 atgrid__item-wrap\">\n\t\t\t<div class=\"atgrid__item\">\n\t\t\t\t<div class=\"atgrid__item__top\">\n\t\t\t\t\t<a href=\"https:\/\/tartarugas.net\/en\/tours\/curso-de-canoagem-em-aguas-brancas\/\" class=\"atgrid__item__top__image\"><img decoding=\"async\" width=\"360\" height=\"240\" src=\"https:\/\/tartarugas.net\/wp-content\/uploads\/2020\/02\/1261970205-360x240.jpg\" class=\"attachment-thumb_tour_listing_small size-thumb_tour_listing_small wp-post-image\" alt=\"\" srcset=\"https:\/\/tartarugas.net\/wp-content\/uploads\/2020\/02\/1261970205-360x240.jpg 360w, https:\/\/tartarugas.net\/wp-content\/uploads\/2020\/02\/1261970205-300x200.jpg 300w, https:\/\/tartarugas.net\/wp-content\/uploads\/2020\/02\/1261970205-768x512.jpg 768w, https:\/\/tartarugas.net\/wp-content\/uploads\/2020\/02\/1261970205-1024x683.jpg 1024w, https:\/\/tartarugas.net\/wp-content\/uploads\/2020\/02\/1261970205-531x354.jpg 531w, https:\/\/tartarugas.net\/wp-content\/uploads\/2020\/02\/1261970205-600x400.jpg 600w, https:\/\/tartarugas.net\/wp-content\/uploads\/2020\/02\/1261970205-180x120.jpg 180w, https:\/\/tartarugas.net\/wp-content\/uploads\/2020\/02\/1261970205.jpg 2048w\" sizes=\"(max-width: 360px) 100vw, 360px\" \/><\/a>\t\t\t\t\t<div class=\"atgrid__item__price\"><a href=\"https:\/\/tartarugas.net\/en\/tours\/curso-de-canoagem-em-aguas-brancas\/\" class=\"atgrid__item__price__button\"><del aria-hidden=\"true\"><span class=\"woocommerce-Price-amount amount\"><bdi><span class=\"woocommerce-Price-currencySymbol\">&#82;&#36;<\/span>1.200<\/bdi><\/span><\/del> <span class=\"screen-reader-text\" data-no-translation=\"\" data-trp-gettext=\"\">Original price was: &#082;&#036;1.200.<\/span><ins aria-hidden=\"true\"><span class=\"woocommerce-Price-amount amount\"><bdi><span class=\"woocommerce-Price-currencySymbol\">&#82;&#36;<\/span>950<\/bdi><\/span><\/ins><span class=\"screen-reader-text\" data-no-translation=\"\" data-trp-gettext=\"\">Current price is: &#082;&#036;950.<\/span><\/a><\/div>\t\t\t\t\t<div class=\"atgrid__item__rating\"><i class=\"fa fa-star\"><\/i><i class=\"fa fa-star\"><\/i><i class=\"fa fa-star\"><\/i><i class=\"fa fa-star\"><\/i><i class=\"fa fa-star\"><\/i><\/div>\t\t\t\t\t\t\t\t\t<\/div>\n\t\t\t\t<div class=\"atgrid__item__content\">\n\t\t\t\t\t<h3 class=\"atgrid__item__title\"><a href=\"https:\/\/tartarugas.net\/en\/tours\/curso-de-canoagem-em-aguas-brancas\/\">Curso de Canoagem em \u00c1guas Brancas<\/a><\/h3>\n\t\t\t\t\t\t\t\t\t<div class=\"atgrid__item__description\">Este curso \u00e9 uma introdu\u00e7\u00e3o \u00e0 Canoagem de \u00c1guas Brancas, desde a apresenta\u00e7\u00e3o do equipamento, passando por treinamentos em \u00e1gua<\/div>\n\t\t\t\t\t\t\t\t<\/div>\n\t\t\t\t<div class=\"item-attributes\">\n\t\t\t\t\t\t\t\t\t\t<div class=\"item-attributes__item\"><a href=\"https:\/\/tartarugas.net\/en\/tours\/curso-de-canoagem-em-aguas-brancas\/\" class=\"item-attributes__link\"><i class=\"fa fa-long-arrow-right\"><\/i><\/a><\/div>\n\t\t\t\t<\/div>\n\t\t\t<\/div>\n\t\t<\/div>\n\t\t\t<div class=\"atgrid__row-separator clearfix visible-sm visible-xs\"><\/div>\t\t<div class=\"col-md-3 col-xs-6 atgrid__item-wrap\">\n\t\t\t<div class=\"atgrid__item\">\n\t\t\t\t<div class=\"atgrid__item__top\">\n\t\t\t\t\t<a href=\"https:\/\/tartarugas.net\/en\/tours\/curso-de-tecnicas-verticais-basico\/\" class=\"atgrid__item__top__image\"><img decoding=\"async\" width=\"360\" height=\"240\" src=\"https:\/\/tartarugas.net\/wp-content\/uploads\/2016\/12\/3c3fa5bbfe8008f398e649ecbb59760c-360x240.jpg\" class=\"attachment-thumb_tour_listing_small size-thumb_tour_listing_small wp-post-image\" alt=\"\" srcset=\"https:\/\/tartarugas.net\/wp-content\/uploads\/2016\/12\/3c3fa5bbfe8008f398e649ecbb59760c-360x240.jpg 360w, https:\/\/tartarugas.net\/wp-content\/uploads\/2016\/12\/3c3fa5bbfe8008f398e649ecbb59760c-531x354.jpg 531w, https:\/\/tartarugas.net\/wp-content\/uploads\/2016\/12\/3c3fa5bbfe8008f398e649ecbb59760c-180x120.jpg 180w, https:\/\/tartarugas.net\/wp-content\/uploads\/2016\/12\/3c3fa5bbfe8008f398e649ecbb59760c-600x400.jpg 600w, https:\/\/tartarugas.net\/wp-content\/uploads\/2016\/12\/3c3fa5bbfe8008f398e649ecbb59760c-300x200.jpg 300w, https:\/\/tartarugas.net\/wp-content\/uploads\/2016\/12\/3c3fa5bbfe8008f398e649ecbb59760c.jpg 720w\" sizes=\"(max-width: 360px) 100vw, 360px\" \/><\/a>\t\t\t\t\t<div class=\"atgrid__item__price\"><a href=\"https:\/\/tartarugas.net\/en\/tours\/curso-de-tecnicas-verticais-basico\/\" class=\"atgrid__item__price__button\"><del aria-hidden=\"true\"><span class=\"woocommerce-Price-amount amount\"><bdi><span class=\"woocommerce-Price-currencySymbol\">&#82;&#36;<\/span>1.500<\/bdi><\/span><\/del> <span class=\"screen-reader-text\" data-no-translation=\"\" data-trp-gettext=\"\">Original price was: &#082;&#036;1.500.<\/span><ins aria-hidden=\"true\"><span class=\"woocommerce-Price-amount amount\"><bdi><span class=\"woocommerce-Price-currencySymbol\">&#82;&#36;<\/span>1.250<\/bdi><\/span><\/ins><span class=\"screen-reader-text\" data-no-translation=\"\" data-trp-gettext=\"\">Current price is: &#082;&#036;1.250.<\/span><\/a><\/div>\t\t\t\t\t<div class=\"atgrid__item__rating\"><i class=\"fa fa-star\"><\/i><i class=\"fa fa-star\"><\/i><i class=\"fa fa-star\"><\/i><i class=\"fa fa-star\"><\/i><i class=\"fa fa-star\"><\/i><\/div>\t\t\t\t\t\t\t\t\t<\/div>\n\t\t\t\t<div class=\"atgrid__item__content\">\n\t\t\t\t\t<h3 class=\"atgrid__item__title\"><a href=\"https:\/\/tartarugas.net\/en\/tours\/curso-de-tecnicas-verticais-basico\/\">Curso de T\u00e9cnicas Verticais<\/a><\/h3>\n\t\t\t\t\t\t\t\t\t<div class=\"atgrid__item__description\">SEJA UM PROFISSIONAL DA AVENTURA ! Curso: T\u00e9cnicas Verticais - b\u00e1sico Natureza: Curso livre Tipo do Curso: Capacita\u00e7\u00e3o Descri\u00e7\u00e3o Geral:<\/div>\n\t\t\t\t\t\t\t\t<\/div>\n\t\t\t\t<div class=\"item-attributes\">\n\t\t\t\t\t\t\t\t\t\t<div class=\"item-attributes__item\"><a href=\"https:\/\/tartarugas.net\/en\/tours\/curso-de-tecnicas-verticais-basico\/\" class=\"item-attributes__link\"><i class=\"fa fa-long-arrow-right\"><\/i><\/a><\/div>\n\t\t\t\t<\/div>\n\t\t\t<\/div>\n\t\t<\/div>\n\t\t\t\t\t<div class=\"col-md-3 col-xs-6 atgrid__item-wrap\">\n\t\t\t<div class=\"atgrid__item\">\n\t\t\t\t<div class=\"atgrid__item__top\">\n\t\t\t\t\t<a href=\"https:\/\/tartarugas.net\/en\/tours\/sistema-de-gestao-da-seguranca-no-turismo-na-natureza\/\" class=\"atgrid__item__top__image\"><img loading=\"lazy\" decoding=\"async\" width=\"276\" height=\"183\" src=\"https:\/\/tartarugas.net\/wp-content\/uploads\/2016\/12\/download.jpg\" class=\"attachment-thumb_tour_listing_small size-thumb_tour_listing_small wp-post-image\" alt=\"\" srcset=\"https:\/\/tartarugas.net\/wp-content\/uploads\/2016\/12\/download.jpg 276w, https:\/\/tartarugas.net\/wp-content\/uploads\/2016\/12\/download-180x120.jpg 180w\" sizes=\"(max-width: 276px) 100vw, 276px\" \/><\/a>\t\t\t\t\t\t\t\t\t\t\t\t\t\t\t\t\t\t\t<\/div>\n\t\t\t\t<div class=\"atgrid__item__content\">\n\t\t\t\t\t<h3 class=\"atgrid__item__title\"><a href=\"https:\/\/tartarugas.net\/en\/tours\/sistema-de-gestao-da-seguranca-no-turismo-na-natureza\/\">Sistema de Gest\u00e3o da Seguran\u00e7a no Turismo na Natureza<\/a><\/h3>\n\t\t\t\t\t\t\t\t\t<div class=\"atgrid__item__description\">SEJA UM PROFISSIONAL DA AVENTURA ! &nbsp; Curso: Implementa\u00e7\u00e3o de Sistema de Gest\u00e3o da Seguran\u00e7a no Turismo na Natureza Natureza:<\/div>\n\t\t\t\t\t\t\t\t<\/div>\n\t\t\t\t<div class=\"item-attributes\">\n\t\t\t\t\t\t\t\t\t\t<div class=\"item-attributes__item\"><a href=\"https:\/\/tartarugas.net\/en\/tours\/sistema-de-gestao-da-seguranca-no-turismo-na-natureza\/\" class=\"item-attributes__link\"><i class=\"fa fa-long-arrow-right\"><\/i><\/a><\/div>\n\t\t\t\t<\/div>\n\t\t\t<\/div>\n\t\t<\/div>\n\t\t\t<\/div>\n<\/div>\n<\/div>\n\t\t\t\t\t\t<\/div>\n\t\t\t\t<\/div>\n\t\t\t\t\t<\/div>\n\t\t\t\t<\/div>\n\t\t<div class=\"elementor-element elementor-element-4145e77 e-flex e-con-boxed e-con e-parent\" data-id=\"4145e77\" data-element_type=\"container\">\n\t\t\t\t\t<div class=\"e-con-inner\">\n\t\t\t\t\t<\/div>\n\t\t\t\t<\/div>\n\t\t<div class=\"elementor-element elementor-element-cf08521 e-flex e-con-boxed e-con e-parent\" data-id=\"cf08521\" data-element_type=\"container\">\n\t\t\t\t\t<div class=\"e-con-inner\">\n\t\t\t\t<div class=\"elementor-element elementor-element-7151802 elementor-widget elementor-widget-heading\" data-id=\"7151802\" data-element_type=\"widget\" data-widget_type=\"heading.default\">\n\t\t\t\t<div class=\"elementor-widget-container\">\n\t\t\t\t\t<h2 class=\"elementor-heading-title elementor-size-default\">SEJA UM PROFISSIONAL DA AVENTURA !<br \/><\/h2>\t\t\t\t<\/div>\n\t\t\t\t<\/div>\n\t\t\t\t\t<\/div>\n\t\t\t\t<\/div>\n\t\t<div class=\"elementor-element elementor-element-5d56dbe e-flex e-con-boxed e-con e-parent\" data-id=\"5d56dbe\" data-element_type=\"container\">\n\t\t\t\t\t<div class=\"e-con-inner\">\n\t\t\t\t<div class=\"elementor-element elementor-element-d13a7b7 elementor-align-center elementor-widget elementor-widget-button\" data-id=\"d13a7b7\" data-element_type=\"widget\" data-widget_type=\"button.default\">\n\t\t\t\t<div class=\"elementor-widget-container\">\n\t\t\t\t\t\t\t\t\t<div class=\"elementor-button-wrapper\">\n\t\t\t\t\t<a class=\"elementor-button elementor-button-link elementor-size-sm\" href=\"https:\/\/api.whatsapp.com\/send?phone=5548996616751\">\n\t\t\t\t\t\t<span class=\"elementor-button-content-wrapper\">\n\t\t\t\t\t\t\t\t\t<span class=\"elementor-button-text\">MATRICULE-SE<\/span>\n\t\t\t\t\t<\/span>\n\t\t\t\t\t<\/a>\n\t\t\t\t<\/div>\n\t\t\t\t\t\t\t\t<\/div>\n\t\t\t\t<\/div>\n\t\t\t\t\t<\/div>\n\t\t\t\t<\/div>\n\t\t\t\t<\/div>","protected":false},"excerpt":{"rendered":"<p>Bem-vindo \u00e0 nossa Plataforma de Cursos em Turismo de Aventura! Se voc\u00ea \u00e9 apaixonado por aventura e quer transformar essa paix\u00e3o em uma carreira de sucesso, est\u00e1 no lugar certo. Somos uma plataforma especializada em forma\u00e7\u00e3o para o turismo de aventura, com cursos que combinam conhecimento t\u00e9cnico, pr\u00e1ticas seguras e experi\u00eancias reais de campo, desenvolvidos<\/p>\n<div class=\"padding-top text-center\"><a href=\"https:\/\/tartarugas.net\/en\/tours\/sistema-de-gestao-da-seguranca-no-turismo-na-natureza\/\" class=\"atbtn atbtn--medium atbtn--rounded atbtn--transparent\">Ler mais<i class=\"atbtn__icon atbtn__icon--right fa fa-long-arrow-right\"><\/i><\/a><\/div>","protected":false},"author":1,"featured_media":0,"parent":0,"menu_order":0,"comment_status":"closed","ping_status":"closed","template":"","meta":{"content-type":"","_joinchat":[],"footnotes":""},"class_list":["post-1269","page","type-page","status-publish","hentry"],"yoast_head":"<!-- This site is optimized with the Yoast SEO plugin v26.9 - https:\/\/yoast.com\/product\/yoast-seo-wordpress\/ -->\n<title>Cursos - Tartarugas Espirito de Aventura<\/title>\n<meta name=\"description\" content=\"Nossos cursos contam com profissionais altamente capacitados, que apresentam longa experi\u00eancia te\u00f3rica e pr\u00e1tica dos conte\u00fados propostos.\" \/>\n<meta name=\"robots\" content=\"index, follow, max-snippet:-1, max-image-preview:large, max-video-preview:-1\" \/>\n<link rel=\"canonical\" href=\"https:\/\/tartarugas.net\/en\/cursos\/\" \/>\n<meta property=\"og:locale\" content=\"en_US\" \/>\n<meta property=\"og:type\" content=\"article\" \/>\n<meta property=\"og:title\" content=\"Cursos - Tartarugas Espirito de Aventura\" \/>\n<meta property=\"og:description\" content=\"Nossos cursos contam com profissionais altamente capacitados, que apresentam longa experi\u00eancia te\u00f3rica e pr\u00e1tica dos conte\u00fados propostos.\" \/>\n<meta property=\"og:url\" content=\"https:\/\/tartarugas.net\/en\/cursos\/\" \/>\n<meta property=\"og:site_name\" content=\"Tartarugas Espirito de Aventura\" \/>\n<meta property=\"article:publisher\" content=\"https:\/\/www.facebook.com\/tartarugasaventura\/\" \/>\n<meta property=\"article:modified_time\" content=\"2024-11-04T02:49:53+00:00\" \/>\n<meta name=\"twitter:card\" content=\"summary_large_image\" \/>\n<meta name=\"twitter:site\" content=\"@_tartarugas\" \/>\n<meta name=\"twitter:label1\" content=\"Est. reading time\" \/>\n\t<meta name=\"twitter:data1\" content=\"1 minute\" \/>\n<script type=\"application\/ld+json\" class=\"yoast-schema-graph\">{\"@context\":\"https:\/\/schema.org\",\"@graph\":[{\"@type\":\"WebPage\",\"@id\":\"https:\/\/tartarugas.net\/cursos\/\",\"url\":\"https:\/\/tartarugas.net\/cursos\/\",\"name\":\"Cursos - Tartarugas Espirito de Aventura\",\"isPartOf\":{\"@id\":\"https:\/\/tartarugas.net\/#website\"},\"datePublished\":\"2016-09-01T20:26:03+00:00\",\"dateModified\":\"2024-11-04T02:49:53+00:00\",\"description\":\"Nossos cursos contam com profissionais altamente capacitados, que apresentam longa experi\u00eancia te\u00f3rica e pr\u00e1tica dos conte\u00fados propostos.\",\"breadcrumb\":{\"@id\":\"https:\/\/tartarugas.net\/cursos\/#breadcrumb\"},\"inLanguage\":\"en-US\",\"potentialAction\":[{\"@type\":\"ReadAction\",\"target\":[\"https:\/\/tartarugas.net\/cursos\/\"]}]},{\"@type\":\"BreadcrumbList\",\"@id\":\"https:\/\/tartarugas.net\/cursos\/#breadcrumb\",\"itemListElement\":[{\"@type\":\"ListItem\",\"position\":1,\"name\":\"In\u00edcio\",\"item\":\"https:\/\/tartarugas.net\/\"},{\"@type\":\"ListItem\",\"position\":2,\"name\":\"Cursos\"}]},{\"@type\":\"WebSite\",\"@id\":\"https:\/\/tartarugas.net\/#website\",\"url\":\"https:\/\/tartarugas.net\/\",\"name\":\"Tartarugas Espirito de Aventura\",\"description\":\"Empresa especializada em Atvidades Outdoor \",\"publisher\":{\"@id\":\"https:\/\/tartarugas.net\/#organization\"},\"potentialAction\":[{\"@type\":\"SearchAction\",\"target\":{\"@type\":\"EntryPoint\",\"urlTemplate\":\"https:\/\/tartarugas.net\/?s={search_term_string}\"},\"query-input\":{\"@type\":\"PropertyValueSpecification\",\"valueRequired\":true,\"valueName\":\"search_term_string\"}}],\"inLanguage\":\"en-US\"},{\"@type\":\"Organization\",\"@id\":\"https:\/\/tartarugas.net\/#organization\",\"name\":\"Tartarugas Espirito de Aventura\",\"url\":\"https:\/\/tartarugas.net\/\",\"logo\":{\"@type\":\"ImageObject\",\"inLanguage\":\"en-US\",\"@id\":\"https:\/\/tartarugas.net\/#\/schema\/logo\/image\/\",\"url\":\"https:\/\/tartarugas.net\/wp-content\/uploads\/2016\/08\/logo-retina.png\",\"contentUrl\":\"https:\/\/tartarugas.net\/wp-content\/uploads\/2016\/08\/logo-retina.png\",\"width\":360,\"height\":254,\"caption\":\"Tartarugas Espirito de Aventura\"},\"image\":{\"@id\":\"https:\/\/tartarugas.net\/#\/schema\/logo\/image\/\"},\"sameAs\":[\"https:\/\/www.facebook.com\/tartarugasaventura\/\",\"https:\/\/x.com\/_tartarugas\",\"http:\/\/www.instagram.com\/tartarugas.turismo\"]}]}<\/script>\n<!-- \/ Yoast SEO plugin. -->","yoast_head_json":{"title":"Cursos - Tartarugas Espirito de Aventura","description":"Nossos cursos contam com profissionais altamente capacitados, que apresentam longa experi\u00eancia te\u00f3rica e pr\u00e1tica dos conte\u00fados propostos.","robots":{"index":"index","follow":"follow","max-snippet":"max-snippet:-1","max-image-preview":"max-image-preview:large","max-video-preview":"max-video-preview:-1"},"canonical":"https:\/\/tartarugas.net\/en\/cursos\/","og_locale":"en_US","og_type":"article","og_title":"Cursos - Tartarugas Espirito de Aventura","og_description":"Nossos cursos contam com profissionais altamente capacitados, que apresentam longa experi\u00eancia te\u00f3rica e pr\u00e1tica dos conte\u00fados propostos.","og_url":"https:\/\/tartarugas.net\/en\/cursos\/","og_site_name":"Tartarugas Espirito de Aventura","article_publisher":"https:\/\/www.facebook.com\/tartarugasaventura\/","article_modified_time":"2024-11-04T02:49:53+00:00","twitter_card":"summary_large_image","twitter_site":"@_tartarugas","twitter_misc":{"Est. reading time":"1 minute"},"schema":{"@context":"https:\/\/schema.org","@graph":[{"@type":"WebPage","@id":"https:\/\/tartarugas.net\/cursos\/","url":"https:\/\/tartarugas.net\/cursos\/","name":"Cursos - Tartarugas Espirito de Aventura","isPartOf":{"@id":"https:\/\/tartarugas.net\/#website"},"datePublished":"2016-09-01T20:26:03+00:00","dateModified":"2024-11-04T02:49:53+00:00","description":"Nossos cursos contam com profissionais altamente capacitados, que apresentam longa experi\u00eancia te\u00f3rica e pr\u00e1tica dos conte\u00fados propostos.","breadcrumb":{"@id":"https:\/\/tartarugas.net\/cursos\/#breadcrumb"},"inLanguage":"en-US","potentialAction":[{"@type":"ReadAction","target":["https:\/\/tartarugas.net\/cursos\/"]}]},{"@type":"BreadcrumbList","@id":"https:\/\/tartarugas.net\/cursos\/#breadcrumb","itemListElement":[{"@type":"ListItem","position":1,"name":"In\u00edcio","item":"https:\/\/tartarugas.net\/"},{"@type":"ListItem","position":2,"name":"Cursos"}]},{"@type":"WebSite","@id":"https:\/\/tartarugas.net\/#website","url":"https:\/\/tartarugas.net\/","name":"Tartarugas Espirito de Aventura","description":"Empresa especializada em Atvidades Outdoor ","publisher":{"@id":"https:\/\/tartarugas.net\/#organization"},"potentialAction":[{"@type":"SearchAction","target":{"@type":"EntryPoint","urlTemplate":"https:\/\/tartarugas.net\/?s={search_term_string}"},"query-input":{"@type":"PropertyValueSpecification","valueRequired":true,"valueName":"search_term_string"}}],"inLanguage":"en-US"},{"@type":"Organization","@id":"https:\/\/tartarugas.net\/#organization","name":"Tartarugas Espirito de Aventura","url":"https:\/\/tartarugas.net\/","logo":{"@type":"ImageObject","inLanguage":"en-US","@id":"https:\/\/tartarugas.net\/#\/schema\/logo\/image\/","url":"https:\/\/tartarugas.net\/wp-content\/uploads\/2016\/08\/logo-retina.png","contentUrl":"https:\/\/tartarugas.net\/wp-content\/uploads\/2016\/08\/logo-retina.png","width":360,"height":254,"caption":"Tartarugas Espirito de Aventura"},"image":{"@id":"https:\/\/tartarugas.net\/#\/schema\/logo\/image\/"},"sameAs":["https:\/\/www.facebook.com\/tartarugasaventura\/","https:\/\/x.com\/_tartarugas","http:\/\/www.instagram.com\/tartarugas.turismo"]}]}},"_links":{"self":[{"href":"https:\/\/tartarugas.net\/en\/wp-json\/wp\/v2\/pages\/1269","targetHints":{"allow":["GET"]}}],"collection":[{"href":"https:\/\/tartarugas.net\/en\/wp-json\/wp\/v2\/pages"}],"about":[{"href":"https:\/\/tartarugas.net\/en\/wp-json\/wp\/v2\/types\/page"}],"author":[{"embeddable":true,"href":"https:\/\/tartarugas.net\/en\/wp-json\/wp\/v2\/users\/1"}],"replies":[{"embeddable":true,"href":"https:\/\/tartarugas.net\/en\/wp-json\/wp\/v2\/comments?post=1269"}],"version-history":[{"count":38,"href":"https:\/\/tartarugas.net\/en\/wp-json\/wp\/v2\/pages\/1269\/revisions"}],"predecessor-version":[{"id":10616,"href":"https:\/\/tartarugas.net\/en\/wp-json\/wp\/v2\/pages\/1269\/revisions\/10616"}],"wp:attachment":[{"href":"https:\/\/tartarugas.net\/en\/wp-json\/wp\/v2\/media?parent=1269"}],"curies":[{"name":"wp","href":"https:\/\/api.w.org\/{rel}","templated":true}]}}