{"id":3136,"date":"2016-12-03T15:22:27","date_gmt":"2016-12-03T17:22:27","guid":{"rendered":"http:\/\/tartarugas.net\/?page_id=3136"},"modified":"2021-06-29T00:00:07","modified_gmt":"2021-06-29T03:00:07","slug":"programas-escolares","status":"publish","type":"page","link":"https:\/\/tartarugas.net\/en\/programas-escolares\/","title":{"rendered":"Programas Escolares"},"content":{"rendered":"<h2>E. E. A. L \u2013 Educa\u00e7\u00e3o Experiencial ao Ar Livre<\/h2>\n<p>&nbsp;<\/p>\n<p>O que \u00e9: Os objetivos e o planejamento dos programas s\u00e3o acordados juntamente com a escola ou grupo e visam complemento e refor\u00e7o do trabalho institucional. Fundamentados na educa\u00e7\u00e3o experiencial, os programas voltados aos escolares articulam atividades que possibilitam o exerc\u00edcio e desenvolvimento de v\u00e1rias habilidades e valores, como:<\/p>\n<ul>\n<li>Flexibilidade;<\/li>\n<li>Autossufici\u00eancia;<\/li>\n<li>Supera\u00e7\u00e3o de obst\u00e1culos;<\/li>\n<li>Conv\u00edvio com a diversidade;<\/li>\n<li>Reconhecimento de potenciais; Supera\u00e7\u00e3o de dificuldades pessoais;<\/li>\n<li>Comunica\u00e7\u00e3o;<\/li>\n<li>Lideran\u00e7a;<\/li>\n<li>Trabalho em equipe.<\/li>\n<\/ul>\n<p>O Programa EE.A.L \u2013 Educa\u00e7\u00e3o Experiencial ao Ar Livre tem como fundamento a\u00e7\u00f5es que contemplem bem-estar e envolvimento, por meio do contato com a natureza.<\/p>\n<p>Al\u00e9m de proporcionar momentos de lazer e entretenimento e trabalhar maturidade, autoestima e autoconfian\u00e7a, a proposta proporciona ambiente favor\u00e1vel ao fortalecimento de v\u00ednculos entre alunos e professores, integra\u00e7\u00e3o entre equipes\/grupos diversos e desenvolvimento de valores \u00e9ticos e socioambientais.<\/p>\n<p>A integra\u00e7\u00e3o por meio do contato com a natureza, onde atividades ao ar livre proporcionam momentos de entretenimento e lazer, estimulando compet\u00eancias individuais e refor\u00e7ando atitudes coletivas. \u00c9 poss\u00edvel ainda incrementar as atividades de acordo com uma necessidade espec\u00edfica da grupo (escolas, professores, associa\u00e7\u00f5es, profissionais de diversas \u00e1reas)<\/p>\n<p>As a\u00e7\u00f5es s\u00e3o elaboradas para refletir os desafios de se trabalhar e viver em grupo, criando e implementando situa\u00e7\u00f5es cuidadosamente planejadas. Ap\u00f3s cada exerc\u00edcio, os instrutores da TARTARUGAS incitam discuss\u00f5es que ajudam os participantes a relacionar estes desafios \u00e0s circunst\u00e2ncias pertinentes em suas vidas.<\/p>\n<p>As atividades propostas poder\u00e3o ter como objetivo uma situa\u00e7\u00e3o extraclasse, <strong>outdoors<\/strong> de entretenimento e lazer, como tamb\u00e9m s\u00e3o capazes de abordar, de maneira alternativa, tem\u00e1ticas curriculares e estimular habilidades espec\u00edficas de cada faixa et\u00e1ria, ou grupo espec\u00edfico.<\/p>\n<p>Os programas podem ter dura\u00e7\u00e3o de 4 horas ou at\u00e9 mesmo de dias, conforme a formata\u00e7\u00e3o necess\u00e1ria. Instrutores altamente capacitados auxiliam o grupo a percorrer trajetos em ambientes naturais, transferindo-lhes gradativamente as responsabilidades e decis\u00f5es e neste contexto, muitos conte\u00fados s\u00e3o abordados e desenvolvidos. Solidariedade, responsabilidade, educa\u00e7\u00e3o ambiental, autoconhecimento, lideran\u00e7a, cuidados com a sa\u00fade, autossufici\u00eancia, supera\u00e7\u00e3o de obst\u00e1culos, trabalho em equipe, intera\u00e7\u00e3o e comunica\u00e7\u00e3o est\u00e3o entre os conte\u00fados explorados, respeitando caracter\u00edsticas individuais e coletivas.<\/p>\n<p>Atividades propostas:<\/p>\n<ul>\n<li>Atividade de supera\u00e7\u00e3o, na pr\u00e1tica do arvorismo, em um percurso cuidadosamente estruturado;<\/li>\n<li>Palestra ou workshops com consultores especializados (ecologistas, bi\u00f3logos, psic\u00f3logos, nutricionistas, mentores de diversas \u00e1reas do conhecimento);<\/li>\n<li>Cota\u00e7\u00e3o de hist\u00f3rias, com narrativas tem\u00e1ticas;<\/li>\n<li>Trilhas com guiamento especializado;<\/li>\n<li>Visitas a produtores org\u00e2nicos;<\/li>\n<li>Brincadeiras de crian\u00e7a;<\/li>\n<li>Cantigas de Roda;<\/li>\n<li>Roda de conversas;<\/li>\n<li>Visitas guiadas \u00e0 pontos tur\u00edsticos representativos da regi\u00e3o;<\/li>\n<li>Pic-nic na Mata Atl\u00e2ntica.<\/li>\n<\/ul>\n<p>Cada projeto e cada grupo tem seu planejamento organizado da melhor maneira de atender suas necessidades e expectativas. O programa E. E. A. L \u2013 Educa\u00e7\u00e3o Experiencial ao Ar Livre \u00e9 um projeto de constru\u00e7\u00e3o conjunta, visando o coletivo, com respeito ao indiv\u00edduo.<\/p>\n<p><strong>Entre em contato e saiba o que a Tartarugas Turismo de Aventura pode oferecer para seu grupo, de acordo com suas especificidades. Venha construir conosco um mundo melhor para todos!<\/strong><\/p>\n<blockquote><p>\u201c\u00c9 disso que trata a educa\u00e7\u00e3o experiencial: mobilizar e estimular a energia das pessoas e induzi-las a uma espiral positiva que d\u00e1 origem \u00e0 aprendizagem significativa. Somente assim podemos organizar ambientes e escolas mais eficazes e fortes o suficiente para encarar o desafio da educa\u00e7\u00e3o: o desenvolvimento de (futuros) adultos, autoconfiantes e mentalmente saud\u00e1veis, curiosos e exploradores, expressivos e comunicativos, imaginativos e criativos, cheios de iniciativa, bem organizados, com intui\u00e7\u00e3o exacerbada sobre seu mundo f\u00edsico e social e com sentimento de perten\u00e7a e conex\u00e3o ao universo e a todas as criaturas!\u201d<\/p><\/blockquote>\n<p>FERRE LAEVERS &#8211; Professor doutor do Centro de Pesquisas em Educa\u00e7\u00e3o Experimental da Universidade de Leuven, B\u00e9lgica.<\/p>\n<p>Fonte: LEAVERS, FERRE. Fundamentos da Educa\u00e7\u00e3o Experiencial: Bem-estar e envolvimento infantil: Est. Aval. Educ., S\u00e3o Paulo, v. 25, n. 58, p. 152-185, maio\/ago. 2014<\/p>\n<p>&nbsp;<\/p>\n<table style=\"border-collapse: collapse; width: 56.5223%;\">\n<tbody>\n<tr>\n<td style=\"width: 15.6586%;\"><img fetchpriority=\"high\" decoding=\"async\" class=\"alignnone size-medium wp-image-10385\" src=\"https:\/\/tartarugas.net\/wp-content\/uploads\/2021\/06\/DSC_0033-300x199.jpg\" alt=\"\" width=\"300\" height=\"199\" srcset=\"https:\/\/tartarugas.net\/wp-content\/uploads\/2021\/06\/DSC_0033-300x199.jpg 300w, https:\/\/tartarugas.net\/wp-content\/uploads\/2021\/06\/DSC_0033-1024x681.jpg 1024w, https:\/\/tartarugas.net\/wp-content\/uploads\/2021\/06\/DSC_0033-768x511.jpg 768w, https:\/\/tartarugas.net\/wp-content\/uploads\/2021\/06\/DSC_0033-1536x1021.jpg 1536w, https:\/\/tartarugas.net\/wp-content\/uploads\/2021\/06\/DSC_0033-2048x1362.jpg 2048w, https:\/\/tartarugas.net\/wp-content\/uploads\/2021\/06\/DSC_0033-16x12.jpg 16w, https:\/\/tartarugas.net\/wp-content\/uploads\/2021\/06\/DSC_0033-531x354.jpg 531w, https:\/\/tartarugas.net\/wp-content\/uploads\/2021\/06\/DSC_0033-600x399.jpg 600w, https:\/\/tartarugas.net\/wp-content\/uploads\/2021\/06\/DSC_0033-180x120.jpg 180w\" sizes=\"(max-width: 300px) 100vw, 300px\" \/><\/td>\n<td style=\"width: 15.6179%;\"><img decoding=\"async\" class=\"alignnone size-medium wp-image-10386\" src=\"https:\/\/tartarugas.net\/wp-content\/uploads\/2021\/06\/IMG_2099-300x200.jpg\" alt=\"\" width=\"300\" height=\"200\" srcset=\"https:\/\/tartarugas.net\/wp-content\/uploads\/2021\/06\/IMG_2099-300x200.jpg 300w, https:\/\/tartarugas.net\/wp-content\/uploads\/2021\/06\/IMG_2099-1024x683.jpg 1024w, https:\/\/tartarugas.net\/wp-content\/uploads\/2021\/06\/IMG_2099-768x512.jpg 768w, https:\/\/tartarugas.net\/wp-content\/uploads\/2021\/06\/IMG_2099-1536x1024.jpg 1536w, https:\/\/tartarugas.net\/wp-content\/uploads\/2021\/06\/IMG_2099-2048x1365.jpg 2048w, https:\/\/tartarugas.net\/wp-content\/uploads\/2021\/06\/IMG_2099-16x12.jpg 16w, https:\/\/tartarugas.net\/wp-content\/uploads\/2021\/06\/IMG_2099-531x354.jpg 531w, https:\/\/tartarugas.net\/wp-content\/uploads\/2021\/06\/IMG_2099-600x400.jpg 600w, https:\/\/tartarugas.net\/wp-content\/uploads\/2021\/06\/IMG_2099-180x120.jpg 180w\" sizes=\"(max-width: 300px) 100vw, 300px\" \/><\/td>\n<td style=\"width: 15.4927%;\"><img decoding=\"async\" class=\"alignnone size-medium wp-image-10387\" src=\"https:\/\/tartarugas.net\/wp-content\/uploads\/2021\/06\/IMG_2307-300x200.jpg\" alt=\"\" width=\"300\" height=\"200\" srcset=\"https:\/\/tartarugas.net\/wp-content\/uploads\/2021\/06\/IMG_2307-300x200.jpg 300w, https:\/\/tartarugas.net\/wp-content\/uploads\/2021\/06\/IMG_2307-1024x683.jpg 1024w, https:\/\/tartarugas.net\/wp-content\/uploads\/2021\/06\/IMG_2307-768x512.jpg 768w, https:\/\/tartarugas.net\/wp-content\/uploads\/2021\/06\/IMG_2307-1536x1024.jpg 1536w, https:\/\/tartarugas.net\/wp-content\/uploads\/2021\/06\/IMG_2307-2048x1365.jpg 2048w, https:\/\/tartarugas.net\/wp-content\/uploads\/2021\/06\/IMG_2307-16x12.jpg 16w, https:\/\/tartarugas.net\/wp-content\/uploads\/2021\/06\/IMG_2307-531x354.jpg 531w, https:\/\/tartarugas.net\/wp-content\/uploads\/2021\/06\/IMG_2307-600x400.jpg 600w, https:\/\/tartarugas.net\/wp-content\/uploads\/2021\/06\/IMG_2307-180x120.jpg 180w\" sizes=\"(max-width: 300px) 100vw, 300px\" \/><\/td>\n<\/tr>\n<tr>\n<td style=\"width: 15.6586%; text-align: center;\"><strong>Orienta\u00e7\u00e3o e navega\u00e7\u00e3o com bussola<\/strong><\/td>\n<td style=\"width: 15.6179%; text-align: center;\"><strong>\u00a0Palestra Biologia mata Atl\u00e2ntica<\/strong><\/td>\n<td style=\"width: 15.4927%; text-align: center;\">\u00a0Atividades de Aventura<\/td>\n<\/tr>\n<\/tbody>\n<\/table>","protected":false},"excerpt":{"rendered":"<p>E. E. A. L \u2013 Educa\u00e7\u00e3o Experiencial ao Ar Livre &nbsp; O que \u00e9: Os objetivos e o planejamento dos programas s\u00e3o acordados juntamente com a escola ou grupo e visam complemento e refor\u00e7o do trabalho institucional. Fundamentados na educa\u00e7\u00e3o experiencial, os programas voltados aos escolares articulam atividades que possibilitam o exerc\u00edcio e desenvolvimento de<\/p>\n<div class=\"padding-top text-center\"><a href=\"https:\/\/tartarugas.net\/en\/programas-escolares\/\" class=\"atbtn atbtn--medium atbtn--rounded atbtn--transparent\">Ler mais<i class=\"atbtn__icon atbtn__icon--right fa fa-long-arrow-right\"><\/i><\/a><\/div>","protected":false},"author":1,"featured_media":10382,"parent":0,"menu_order":0,"comment_status":"closed","ping_status":"closed","template":"","meta":{"content-type":"","_joinchat":[],"footnotes":""},"class_list":["post-3136","page","type-page","status-publish","has-post-thumbnail","hentry"],"yoast_head":"<!-- This site is optimized with the Yoast SEO plugin v26.9 - https:\/\/yoast.com\/product\/yoast-seo-wordpress\/ -->\n<title>Educa\u00e7\u00e3o experencial ao ar livre - Tartarugas Espirito de Aventura<\/title>\n<meta name=\"description\" content=\"Flexibilidade; Autossufici\u00eancia; Supera\u00e7\u00e3o de obst\u00e1culos; Conv\u00edvio com a diversidade; Reconhecimento de potenciais; Supera\u00e7\u00e3o de dificuldades pessoais; etc.\" \/>\n<meta name=\"robots\" content=\"index, follow, max-snippet:-1, max-image-preview:large, max-video-preview:-1\" \/>\n<link rel=\"canonical\" href=\"https:\/\/tartarugas.net\/en\/programas-escolares\/\" \/>\n<meta property=\"og:locale\" content=\"en_US\" \/>\n<meta property=\"og:type\" content=\"article\" \/>\n<meta property=\"og:title\" content=\"Educa\u00e7\u00e3o experencial ao ar livre - Tartarugas Espirito de Aventura\" \/>\n<meta property=\"og:description\" content=\"Flexibilidade; Autossufici\u00eancia; Supera\u00e7\u00e3o de obst\u00e1culos; Conv\u00edvio com a diversidade; Reconhecimento de potenciais; Supera\u00e7\u00e3o de dificuldades pessoais; etc.\" \/>\n<meta property=\"og:url\" content=\"https:\/\/tartarugas.net\/en\/programas-escolares\/\" \/>\n<meta property=\"og:site_name\" content=\"Tartarugas Espirito de Aventura\" \/>\n<meta property=\"article:publisher\" content=\"https:\/\/www.facebook.com\/tartarugasaventura\/\" \/>\n<meta property=\"article:modified_time\" content=\"2021-06-29T03:00:07+00:00\" \/>\n<meta property=\"og:image\" content=\"https:\/\/tartarugas.net\/wp-content\/uploads\/2021\/06\/IMG_2058-scaled.jpg\" \/>\n\t<meta property=\"og:image:width\" content=\"2560\" \/>\n\t<meta property=\"og:image:height\" content=\"1707\" \/>\n\t<meta property=\"og:image:type\" content=\"image\/jpeg\" \/>\n<meta name=\"twitter:card\" content=\"summary_large_image\" \/>\n<meta name=\"twitter:site\" content=\"@_tartarugas\" \/>\n<meta name=\"twitter:label1\" content=\"Est. reading time\" \/>\n\t<meta name=\"twitter:data1\" content=\"4 minutes\" \/>\n<script type=\"application\/ld+json\" class=\"yoast-schema-graph\">{\"@context\":\"https:\/\/schema.org\",\"@graph\":[{\"@type\":\"WebPage\",\"@id\":\"https:\/\/tartarugas.net\/programas-escolares\/\",\"url\":\"https:\/\/tartarugas.net\/programas-escolares\/\",\"name\":\"Educa\u00e7\u00e3o experencial ao ar livre - Tartarugas Espirito de Aventura\",\"isPartOf\":{\"@id\":\"https:\/\/tartarugas.net\/#website\"},\"primaryImageOfPage\":{\"@id\":\"https:\/\/tartarugas.net\/programas-escolares\/#primaryimage\"},\"image\":{\"@id\":\"https:\/\/tartarugas.net\/programas-escolares\/#primaryimage\"},\"thumbnailUrl\":\"https:\/\/tartarugas.net\/wp-content\/uploads\/2021\/06\/IMG_2058-scaled.jpg\",\"datePublished\":\"2016-12-03T17:22:27+00:00\",\"dateModified\":\"2021-06-29T03:00:07+00:00\",\"description\":\"Flexibilidade; Autossufici\u00eancia; Supera\u00e7\u00e3o de obst\u00e1culos; Conv\u00edvio com a diversidade; Reconhecimento de potenciais; Supera\u00e7\u00e3o de dificuldades pessoais; etc.\",\"breadcrumb\":{\"@id\":\"https:\/\/tartarugas.net\/programas-escolares\/#breadcrumb\"},\"inLanguage\":\"en-US\",\"potentialAction\":[{\"@type\":\"ReadAction\",\"target\":[\"https:\/\/tartarugas.net\/programas-escolares\/\"]}]},{\"@type\":\"ImageObject\",\"inLanguage\":\"en-US\",\"@id\":\"https:\/\/tartarugas.net\/programas-escolares\/#primaryimage\",\"url\":\"https:\/\/tartarugas.net\/wp-content\/uploads\/2021\/06\/IMG_2058-scaled.jpg\",\"contentUrl\":\"https:\/\/tartarugas.net\/wp-content\/uploads\/2021\/06\/IMG_2058-scaled.jpg\",\"width\":2560,\"height\":1707},{\"@type\":\"BreadcrumbList\",\"@id\":\"https:\/\/tartarugas.net\/programas-escolares\/#breadcrumb\",\"itemListElement\":[{\"@type\":\"ListItem\",\"position\":1,\"name\":\"In\u00edcio\",\"item\":\"https:\/\/tartarugas.net\/\"},{\"@type\":\"ListItem\",\"position\":2,\"name\":\"Programas Escolares\"}]},{\"@type\":\"WebSite\",\"@id\":\"https:\/\/tartarugas.net\/#website\",\"url\":\"https:\/\/tartarugas.net\/\",\"name\":\"Tartarugas Espirito de Aventura\",\"description\":\"Empresa especializada em Atvidades Outdoor \",\"publisher\":{\"@id\":\"https:\/\/tartarugas.net\/#organization\"},\"potentialAction\":[{\"@type\":\"SearchAction\",\"target\":{\"@type\":\"EntryPoint\",\"urlTemplate\":\"https:\/\/tartarugas.net\/?s={search_term_string}\"},\"query-input\":{\"@type\":\"PropertyValueSpecification\",\"valueRequired\":true,\"valueName\":\"search_term_string\"}}],\"inLanguage\":\"en-US\"},{\"@type\":\"Organization\",\"@id\":\"https:\/\/tartarugas.net\/#organization\",\"name\":\"Tartarugas Espirito de Aventura\",\"url\":\"https:\/\/tartarugas.net\/\",\"logo\":{\"@type\":\"ImageObject\",\"inLanguage\":\"en-US\",\"@id\":\"https:\/\/tartarugas.net\/#\/schema\/logo\/image\/\",\"url\":\"https:\/\/tartarugas.net\/wp-content\/uploads\/2016\/08\/logo-retina.png\",\"contentUrl\":\"https:\/\/tartarugas.net\/wp-content\/uploads\/2016\/08\/logo-retina.png\",\"width\":360,\"height\":254,\"caption\":\"Tartarugas Espirito de Aventura\"},\"image\":{\"@id\":\"https:\/\/tartarugas.net\/#\/schema\/logo\/image\/\"},\"sameAs\":[\"https:\/\/www.facebook.com\/tartarugasaventura\/\",\"https:\/\/x.com\/_tartarugas\",\"http:\/\/www.instagram.com\/tartarugas.turismo\"]}]}<\/script>\n<!-- \/ Yoast SEO plugin. -->","yoast_head_json":{"title":"Educa\u00e7\u00e3o experencial ao ar livre - Tartarugas Espirito de Aventura","description":"Flexibilidade; Autossufici\u00eancia; Supera\u00e7\u00e3o de obst\u00e1culos; Conv\u00edvio com a diversidade; Reconhecimento de potenciais; Supera\u00e7\u00e3o de dificuldades pessoais; etc.","robots":{"index":"index","follow":"follow","max-snippet":"max-snippet:-1","max-image-preview":"max-image-preview:large","max-video-preview":"max-video-preview:-1"},"canonical":"https:\/\/tartarugas.net\/en\/programas-escolares\/","og_locale":"en_US","og_type":"article","og_title":"Educa\u00e7\u00e3o experencial ao ar livre - Tartarugas Espirito de Aventura","og_description":"Flexibilidade; Autossufici\u00eancia; Supera\u00e7\u00e3o de obst\u00e1culos; Conv\u00edvio com a diversidade; Reconhecimento de potenciais; Supera\u00e7\u00e3o de dificuldades pessoais; etc.","og_url":"https:\/\/tartarugas.net\/en\/programas-escolares\/","og_site_name":"Tartarugas Espirito de Aventura","article_publisher":"https:\/\/www.facebook.com\/tartarugasaventura\/","article_modified_time":"2021-06-29T03:00:07+00:00","og_image":[{"width":2560,"height":1707,"url":"https:\/\/tartarugas.net\/wp-content\/uploads\/2021\/06\/IMG_2058-scaled.jpg","type":"image\/jpeg"}],"twitter_card":"summary_large_image","twitter_site":"@_tartarugas","twitter_misc":{"Est. reading time":"4 minutes"},"schema":{"@context":"https:\/\/schema.org","@graph":[{"@type":"WebPage","@id":"https:\/\/tartarugas.net\/programas-escolares\/","url":"https:\/\/tartarugas.net\/programas-escolares\/","name":"Educa\u00e7\u00e3o experencial ao ar livre - Tartarugas Espirito de Aventura","isPartOf":{"@id":"https:\/\/tartarugas.net\/#website"},"primaryImageOfPage":{"@id":"https:\/\/tartarugas.net\/programas-escolares\/#primaryimage"},"image":{"@id":"https:\/\/tartarugas.net\/programas-escolares\/#primaryimage"},"thumbnailUrl":"https:\/\/tartarugas.net\/wp-content\/uploads\/2021\/06\/IMG_2058-scaled.jpg","datePublished":"2016-12-03T17:22:27+00:00","dateModified":"2021-06-29T03:00:07+00:00","description":"Flexibilidade; Autossufici\u00eancia; Supera\u00e7\u00e3o de obst\u00e1culos; Conv\u00edvio com a diversidade; Reconhecimento de potenciais; Supera\u00e7\u00e3o de dificuldades pessoais; etc.","breadcrumb":{"@id":"https:\/\/tartarugas.net\/programas-escolares\/#breadcrumb"},"inLanguage":"en-US","potentialAction":[{"@type":"ReadAction","target":["https:\/\/tartarugas.net\/programas-escolares\/"]}]},{"@type":"ImageObject","inLanguage":"en-US","@id":"https:\/\/tartarugas.net\/programas-escolares\/#primaryimage","url":"https:\/\/tartarugas.net\/wp-content\/uploads\/2021\/06\/IMG_2058-scaled.jpg","contentUrl":"https:\/\/tartarugas.net\/wp-content\/uploads\/2021\/06\/IMG_2058-scaled.jpg","width":2560,"height":1707},{"@type":"BreadcrumbList","@id":"https:\/\/tartarugas.net\/programas-escolares\/#breadcrumb","itemListElement":[{"@type":"ListItem","position":1,"name":"In\u00edcio","item":"https:\/\/tartarugas.net\/"},{"@type":"ListItem","position":2,"name":"Programas Escolares"}]},{"@type":"WebSite","@id":"https:\/\/tartarugas.net\/#website","url":"https:\/\/tartarugas.net\/","name":"Tartarugas Espirito de Aventura","description":"Empresa especializada em Atvidades Outdoor ","publisher":{"@id":"https:\/\/tartarugas.net\/#organization"},"potentialAction":[{"@type":"SearchAction","target":{"@type":"EntryPoint","urlTemplate":"https:\/\/tartarugas.net\/?s={search_term_string}"},"query-input":{"@type":"PropertyValueSpecification","valueRequired":true,"valueName":"search_term_string"}}],"inLanguage":"en-US"},{"@type":"Organization","@id":"https:\/\/tartarugas.net\/#organization","name":"Tartarugas Espirito de Aventura","url":"https:\/\/tartarugas.net\/","logo":{"@type":"ImageObject","inLanguage":"en-US","@id":"https:\/\/tartarugas.net\/#\/schema\/logo\/image\/","url":"https:\/\/tartarugas.net\/wp-content\/uploads\/2016\/08\/logo-retina.png","contentUrl":"https:\/\/tartarugas.net\/wp-content\/uploads\/2016\/08\/logo-retina.png","width":360,"height":254,"caption":"Tartarugas Espirito de Aventura"},"image":{"@id":"https:\/\/tartarugas.net\/#\/schema\/logo\/image\/"},"sameAs":["https:\/\/www.facebook.com\/tartarugasaventura\/","https:\/\/x.com\/_tartarugas","http:\/\/www.instagram.com\/tartarugas.turismo"]}]}},"_links":{"self":[{"href":"https:\/\/tartarugas.net\/en\/wp-json\/wp\/v2\/pages\/3136","targetHints":{"allow":["GET"]}}],"collection":[{"href":"https:\/\/tartarugas.net\/en\/wp-json\/wp\/v2\/pages"}],"about":[{"href":"https:\/\/tartarugas.net\/en\/wp-json\/wp\/v2\/types\/page"}],"author":[{"embeddable":true,"href":"https:\/\/tartarugas.net\/en\/wp-json\/wp\/v2\/users\/1"}],"replies":[{"embeddable":true,"href":"https:\/\/tartarugas.net\/en\/wp-json\/wp\/v2\/comments?post=3136"}],"version-history":[{"count":11,"href":"https:\/\/tartarugas.net\/en\/wp-json\/wp\/v2\/pages\/3136\/revisions"}],"predecessor-version":[{"id":10380,"href":"https:\/\/tartarugas.net\/en\/wp-json\/wp\/v2\/pages\/3136\/revisions\/10380"}],"wp:featuredmedia":[{"embeddable":true,"href":"https:\/\/tartarugas.net\/en\/wp-json\/wp\/v2\/media\/10382"}],"wp:attachment":[{"href":"https:\/\/tartarugas.net\/en\/wp-json\/wp\/v2\/media?parent=3136"}],"curies":[{"name":"wp","href":"https:\/\/api.w.org\/{rel}","templated":true}]}}