{"id":3178,"date":"2016-12-10T10:22:21","date_gmt":"2016-12-10T12:22:21","guid":{"rendered":"http:\/\/tartarugas.net\/?page_id=3178"},"modified":"2024-11-03T23:08:49","modified_gmt":"2024-11-04T02:08:49","slug":"quem-somos","status":"publish","type":"page","link":"https:\/\/tartarugas.net\/en\/quem-somos\/","title":{"rendered":"Quem Somos"},"content":{"rendered":"<div class=\"wpb-content-wrapper\"><div class=\"vc_row wpb_row vc_row-fluid\"><div class=\"wpb_column vc_column_container vc_col-sm-12\"><div class=\"vc_column-inner\"><div class=\"wpb_wrapper\">\n\t<div class=\"wpb_text_column wpb_content_element\">\n\t\t<div class=\"wpb_wrapper\">\n\t\t\t<header>\n<h1>TARTARUGAS LAZER E SUSTENTABILIDADE<\/h1>\n<\/header>\n<section class=\"content\">\n<h2>QUEM SOMOS<\/h2>\n<p>Operadora de turismo de aventura <strong>inovadora<\/strong>, que se destaca pela <strong>qualidade, diversidade e seguran\u00e7a<\/strong> com que proporciona pr\u00e1ticas de aventura, entretenimento e contato \u00edntimo com a natureza.<\/p>\n<p>Diferenciada por suas atividades <strong>personalizadas<\/strong>, a Tartarugas oferece momentos de lazer e aventura para todos os p\u00fablicos.<\/p>\n<\/section>\n\n\t\t<\/div>\n\t<\/div>\n<\/div><\/div><\/div><\/div><div class=\"vc_row wpb_row vc_row-fluid\"><div class=\"wpb_column vc_column_container vc_col-sm-4\"><div class=\"vc_column-inner\"><div class=\"wpb_wrapper\">\n\t<div class=\"wpb_text_column wpb_content_element\">\n\t\t<div class=\"wpb_wrapper\">\n\t\t\t<h3>VIS\u00c3O<\/h3>\n<p>Ser refer\u00eancia nacional no segmento de Turismo de Aventura pela excel\u00eancia dos servi\u00e7os prestados, inova\u00e7\u00e3o e gest\u00e3o sustent\u00e1vel.<\/p>\n\n\t\t<\/div>\n\t<\/div>\n<\/div><\/div><\/div><div class=\"wpb_column vc_column_container vc_col-sm-4\"><div class=\"vc_column-inner\"><div class=\"wpb_wrapper\">\n\t<div class=\"wpb_text_column wpb_content_element\">\n\t\t<div class=\"wpb_wrapper\">\n\t\t\t<h3>MISS\u00c3O<\/h3>\n<p>Promover, de forma segura, respons\u00e1vel e sustent\u00e1vel o contato \u00edntimo com a natureza, prezando o bem-estar e a cultura da vida ao ar livre.<\/p>\n\n\t\t<\/div>\n\t<\/div>\n<\/div><\/div><\/div><div class=\"wpb_column vc_column_container vc_col-sm-4\"><div class=\"vc_column-inner\"><div class=\"wpb_wrapper\">\n\t<div class=\"wpb_text_column wpb_content_element\">\n\t\t<div class=\"wpb_wrapper\">\n\t\t\t<h3>VALORES<\/h3>\n<p>Seguran\u00e7a | Qualidade | Excel\u00eancia no Atendimento | \u00c9tica | Vida ao Ar Livre | Responsabilidade | Inova\u00e7\u00e3o | Sustentabilidade | Comprometimento com Boas Pr\u00e1ticas | Inclus\u00e3o<\/p>\n\n\t\t<\/div>\n\t<\/div>\n<\/div><\/div><\/div><\/div><div class=\"vc_row wpb_row vc_row-fluid\"><div class=\"wpb_column vc_column_container vc_col-sm-6\"><div class=\"vc_column-inner\"><div class=\"wpb_wrapper\">\n\t<div class=\"wpb_text_column wpb_content_element\">\n\t\t<div class=\"wpb_wrapper\">\n\t\t\t<h4>SUSTENTABILIDADE<\/h4>\n<p>A\u00e7\u00f5es sustent\u00e1veis s\u00e3o um dos pilares da empresa presentes em todas as nossas pr\u00e1ticas. Em cada viv\u00eancia, buscamos conciliar a realidade social atual com as necessidades ambientais vigentes.<\/p>\n<p>Em conformidade com os sistemas que regem o planeta, a Tartarugas valoriza <strong>pr\u00e1ticas sustent\u00e1veis<\/strong>, que perpassam os recursos humanos, financeiros e naturais.<\/p>\n<p>E \u00e9 nesta capacidade e inten\u00e7\u00e3o de inovar, que a Tartarugas tem em sua principal pr\u00e1tica sustent\u00e1vel, o incentivo da <strong>cultura da vida ao ar livre<\/strong>.<\/p>\n\n\t\t<\/div>\n\t<\/div>\n<\/div><\/div><\/div><div class=\"wpb_column vc_column_container vc_col-sm-6\"><div class=\"vc_column-inner\"><div class=\"wpb_wrapper\">\n\t<div class=\"wpb_text_column wpb_content_element\">\n\t\t<div class=\"wpb_wrapper\">\n\t\t\t<h4>QUALIDADE<\/h4>\n<p>A empresa que se constitui com o prop\u00f3sito de agregar diferencial no mercado de Turismo de Aventura e Ecoturismo alcan\u00e7ou, definitivamente, seu objetivo primordial, tornando-se refer\u00eancia neste segmento.<\/p>\n<p>Na busca constante pela qualidade superior em todas as suas a\u00e7\u00f5es, a empresa constituiu uma equipe diversificada, onde o esp\u00edrito de <strong>inova\u00e7\u00e3o<\/strong> se alia ao <strong>comprometimento<\/strong> e <strong>profissionalismo<\/strong>.<\/p>\n<p>Especialistas altamente qualificados nas \u00e1reas de gest\u00e3o empresarial, educa\u00e7\u00e3o, planejamento estrat\u00e9gico, engenharia, turismo, treinamento corporativo, montanhismo, lazer e consultoria, agregam seus valores e conhecimentos na composi\u00e7\u00e3o desta equipe.<\/p>\n\n\t\t<\/div>\n\t<\/div>\n<\/div><\/div><\/div><\/div><div class=\"vc_row wpb_row vc_row-fluid\"><div class=\"wpb_column vc_column_container vc_col-sm-12\"><div class=\"vc_column-inner\"><div class=\"wpb_wrapper\">\n\t<div class=\"wpb_text_column wpb_content_element\">\n\t\t<div class=\"wpb_wrapper\">\n\t\t\t<div class=\"gk-columns\" data-column-count=\"3\">\n<h4>SEGURAN\u00c7A<\/h4>\n<p>Priorizando a seguran\u00e7a de suas viv\u00eancias, a Tartarugas trabalha intensamente na ado\u00e7\u00e3o de pr\u00e1ticas seguras no Turismo de Aventura. Em todas as atividades h\u00e1 um <strong>Sistema de Gest\u00e3o de Seguran\u00e7a<\/strong>, condutores qualificados e equipamentos certificados pelos principais organiza\u00e7\u00f5es internacionais.<\/p>\n<p>Pelo exemplar gerenciamento da seguran\u00e7a, anualmente a Tartarugas recebe auditoria do Inmetro para verifica\u00e7\u00e3o das exig\u00eancias normativas da ABNT.<\/p>\n<\/div>\n<h2>ONDE ESTAMOS<\/h2>\n<h4>BASE CALDAS<\/h4>\n<p>Avenida Princesa Leopoldina, 3355 \u2013 Santo Amaro da Imperatriz \/ SC -Brasil<br \/>\n55 (48)99661-67451<\/p>\n<p>Localizada h\u00e1 35 km de Florian\u00f3polis, na <strong>Base Operacional Caldas<\/strong>, \u00e9 poss\u00edvel vivenciar atividades de arvorismo, canionismo, rafting, rapel de cachoeira, tree climbing, caminhadas, observa\u00e7\u00e3o de p\u00e1ssaros e atividades de aventura para crian\u00e7as.<\/p>\n\n\t\t<\/div>\n\t<\/div>\n<\/div><\/div><\/div><\/div>\n<\/div>","protected":false},"excerpt":{"rendered":"TARTARUGAS LAZER E SUSTENTABILIDADE QUEM SOMOS Operadora de turismo de aventura inovadora, que se destaca pela qualidade, diversidade e seguran\u00e7a com que proporciona pr\u00e1ticas de aventura, entretenimento e contato \u00edntimo com a natureza. Diferenciada por suas atividades personalizadas, a Tartarugas oferece momentos de lazer e aventura para todos os p\u00fablicos. VIS\u00c3O Ser refer\u00eancia nacional no<div class=\"padding-top text-center\"><a href=\"https:\/\/tartarugas.net\/en\/quem-somos\/\" class=\"atbtn atbtn--medium atbtn--rounded atbtn--transparent\">Ler mais<i class=\"atbtn__icon atbtn__icon--right fa fa-long-arrow-right\"><\/i><\/a><\/div>","protected":false},"author":6,"featured_media":0,"parent":0,"menu_order":0,"comment_status":"closed","ping_status":"closed","template":"","meta":{"content-type":"","_joinchat":[],"footnotes":""},"class_list":["post-3178","page","type-page","status-publish","hentry"],"yoast_head":"<!-- This site is optimized with the Yoast SEO plugin v26.9 - https:\/\/yoast.com\/product\/yoast-seo-wordpress\/ -->\n<title>Tartarugas Lazer e Sustentabilidade - operdora de Turismo de aventura<\/title>\n<meta name=\"description\" content=\"quem somos: Operadora de turismo de aventura inovadora, que se destaca pela qualidade, diversidade e seguran\u00e7a com que proporciona pr\u00e1ticas de aventura,\" \/>\n<meta name=\"robots\" content=\"index, follow, max-snippet:-1, max-image-preview:large, max-video-preview:-1\" \/>\n<link rel=\"canonical\" href=\"https:\/\/tartarugas.net\/en\/quem-somos\/\" \/>\n<meta property=\"og:locale\" content=\"en_US\" \/>\n<meta property=\"og:type\" content=\"article\" \/>\n<meta property=\"og:title\" content=\"Tartarugas Lazer e Sustentabilidade - operdora de Turismo de aventura\" \/>\n<meta property=\"og:description\" content=\"quem somos: Operadora de turismo de aventura inovadora, que se destaca pela qualidade, diversidade e seguran\u00e7a com que proporciona pr\u00e1ticas de aventura,\" \/>\n<meta property=\"og:url\" content=\"https:\/\/tartarugas.net\/en\/quem-somos\/\" \/>\n<meta property=\"og:site_name\" content=\"Tartarugas Espirito de Aventura\" \/>\n<meta property=\"article:publisher\" content=\"https:\/\/www.facebook.com\/tartarugasaventura\/\" \/>\n<meta property=\"article:modified_time\" content=\"2024-11-04T02:08:49+00:00\" \/>\n<meta name=\"twitter:card\" content=\"summary_large_image\" \/>\n<meta name=\"twitter:site\" content=\"@_tartarugas\" \/>\n<meta name=\"twitter:label1\" content=\"Est. reading time\" \/>\n\t<meta name=\"twitter:data1\" content=\"3 minutes\" \/>\n<script type=\"application\/ld+json\" class=\"yoast-schema-graph\">{\"@context\":\"https:\/\/schema.org\",\"@graph\":[{\"@type\":\"WebPage\",\"@id\":\"https:\/\/tartarugas.net\/quem-somos\/\",\"url\":\"https:\/\/tartarugas.net\/quem-somos\/\",\"name\":\"Tartarugas Lazer e Sustentabilidade - operdora de Turismo de aventura\",\"isPartOf\":{\"@id\":\"https:\/\/tartarugas.net\/#website\"},\"datePublished\":\"2016-12-10T12:22:21+00:00\",\"dateModified\":\"2024-11-04T02:08:49+00:00\",\"description\":\"quem somos: Operadora de turismo de aventura inovadora, que se destaca pela qualidade, diversidade e seguran\u00e7a com que proporciona pr\u00e1ticas de aventura,\",\"breadcrumb\":{\"@id\":\"https:\/\/tartarugas.net\/quem-somos\/#breadcrumb\"},\"inLanguage\":\"en-US\",\"potentialAction\":[{\"@type\":\"ReadAction\",\"target\":[\"https:\/\/tartarugas.net\/quem-somos\/\"]}]},{\"@type\":\"BreadcrumbList\",\"@id\":\"https:\/\/tartarugas.net\/quem-somos\/#breadcrumb\",\"itemListElement\":[{\"@type\":\"ListItem\",\"position\":1,\"name\":\"In\u00edcio\",\"item\":\"https:\/\/tartarugas.net\/\"},{\"@type\":\"ListItem\",\"position\":2,\"name\":\"Quem Somos\"}]},{\"@type\":\"WebSite\",\"@id\":\"https:\/\/tartarugas.net\/#website\",\"url\":\"https:\/\/tartarugas.net\/\",\"name\":\"Tartarugas Espirito de Aventura\",\"description\":\"Empresa especializada em Atvidades Outdoor \",\"publisher\":{\"@id\":\"https:\/\/tartarugas.net\/#organization\"},\"potentialAction\":[{\"@type\":\"SearchAction\",\"target\":{\"@type\":\"EntryPoint\",\"urlTemplate\":\"https:\/\/tartarugas.net\/?s={search_term_string}\"},\"query-input\":{\"@type\":\"PropertyValueSpecification\",\"valueRequired\":true,\"valueName\":\"search_term_string\"}}],\"inLanguage\":\"en-US\"},{\"@type\":\"Organization\",\"@id\":\"https:\/\/tartarugas.net\/#organization\",\"name\":\"Tartarugas Espirito de Aventura\",\"url\":\"https:\/\/tartarugas.net\/\",\"logo\":{\"@type\":\"ImageObject\",\"inLanguage\":\"en-US\",\"@id\":\"https:\/\/tartarugas.net\/#\/schema\/logo\/image\/\",\"url\":\"https:\/\/tartarugas.net\/wp-content\/uploads\/2016\/08\/logo-retina.png\",\"contentUrl\":\"https:\/\/tartarugas.net\/wp-content\/uploads\/2016\/08\/logo-retina.png\",\"width\":360,\"height\":254,\"caption\":\"Tartarugas Espirito de Aventura\"},\"image\":{\"@id\":\"https:\/\/tartarugas.net\/#\/schema\/logo\/image\/\"},\"sameAs\":[\"https:\/\/www.facebook.com\/tartarugasaventura\/\",\"https:\/\/x.com\/_tartarugas\",\"http:\/\/www.instagram.com\/tartarugas.turismo\"]}]}<\/script>\n<!-- \/ Yoast SEO plugin. -->","yoast_head_json":{"title":"Tartarugas Lazer e Sustentabilidade - operdora de Turismo de aventura","description":"quem somos: Operadora de turismo de aventura inovadora, que se destaca pela qualidade, diversidade e seguran\u00e7a com que proporciona pr\u00e1ticas de aventura,","robots":{"index":"index","follow":"follow","max-snippet":"max-snippet:-1","max-image-preview":"max-image-preview:large","max-video-preview":"max-video-preview:-1"},"canonical":"https:\/\/tartarugas.net\/en\/quem-somos\/","og_locale":"en_US","og_type":"article","og_title":"Tartarugas Lazer e Sustentabilidade - operdora de Turismo de aventura","og_description":"quem somos: Operadora de turismo de aventura inovadora, que se destaca pela qualidade, diversidade e seguran\u00e7a com que proporciona pr\u00e1ticas de aventura,","og_url":"https:\/\/tartarugas.net\/en\/quem-somos\/","og_site_name":"Tartarugas Espirito de Aventura","article_publisher":"https:\/\/www.facebook.com\/tartarugasaventura\/","article_modified_time":"2024-11-04T02:08:49+00:00","twitter_card":"summary_large_image","twitter_site":"@_tartarugas","twitter_misc":{"Est. reading time":"3 minutes"},"schema":{"@context":"https:\/\/schema.org","@graph":[{"@type":"WebPage","@id":"https:\/\/tartarugas.net\/quem-somos\/","url":"https:\/\/tartarugas.net\/quem-somos\/","name":"Tartarugas Lazer e Sustentabilidade - operdora de Turismo de aventura","isPartOf":{"@id":"https:\/\/tartarugas.net\/#website"},"datePublished":"2016-12-10T12:22:21+00:00","dateModified":"2024-11-04T02:08:49+00:00","description":"quem somos: Operadora de turismo de aventura inovadora, que se destaca pela qualidade, diversidade e seguran\u00e7a com que proporciona pr\u00e1ticas de aventura,","breadcrumb":{"@id":"https:\/\/tartarugas.net\/quem-somos\/#breadcrumb"},"inLanguage":"en-US","potentialAction":[{"@type":"ReadAction","target":["https:\/\/tartarugas.net\/quem-somos\/"]}]},{"@type":"BreadcrumbList","@id":"https:\/\/tartarugas.net\/quem-somos\/#breadcrumb","itemListElement":[{"@type":"ListItem","position":1,"name":"In\u00edcio","item":"https:\/\/tartarugas.net\/"},{"@type":"ListItem","position":2,"name":"Quem Somos"}]},{"@type":"WebSite","@id":"https:\/\/tartarugas.net\/#website","url":"https:\/\/tartarugas.net\/","name":"Tartarugas Espirito de Aventura","description":"Empresa especializada em Atvidades Outdoor ","publisher":{"@id":"https:\/\/tartarugas.net\/#organization"},"potentialAction":[{"@type":"SearchAction","target":{"@type":"EntryPoint","urlTemplate":"https:\/\/tartarugas.net\/?s={search_term_string}"},"query-input":{"@type":"PropertyValueSpecification","valueRequired":true,"valueName":"search_term_string"}}],"inLanguage":"en-US"},{"@type":"Organization","@id":"https:\/\/tartarugas.net\/#organization","name":"Tartarugas Espirito de Aventura","url":"https:\/\/tartarugas.net\/","logo":{"@type":"ImageObject","inLanguage":"en-US","@id":"https:\/\/tartarugas.net\/#\/schema\/logo\/image\/","url":"https:\/\/tartarugas.net\/wp-content\/uploads\/2016\/08\/logo-retina.png","contentUrl":"https:\/\/tartarugas.net\/wp-content\/uploads\/2016\/08\/logo-retina.png","width":360,"height":254,"caption":"Tartarugas Espirito de Aventura"},"image":{"@id":"https:\/\/tartarugas.net\/#\/schema\/logo\/image\/"},"sameAs":["https:\/\/www.facebook.com\/tartarugasaventura\/","https:\/\/x.com\/_tartarugas","http:\/\/www.instagram.com\/tartarugas.turismo"]}]}},"_links":{"self":[{"href":"https:\/\/tartarugas.net\/en\/wp-json\/wp\/v2\/pages\/3178","targetHints":{"allow":["GET"]}}],"collection":[{"href":"https:\/\/tartarugas.net\/en\/wp-json\/wp\/v2\/pages"}],"about":[{"href":"https:\/\/tartarugas.net\/en\/wp-json\/wp\/v2\/types\/page"}],"author":[{"embeddable":true,"href":"https:\/\/tartarugas.net\/en\/wp-json\/wp\/v2\/users\/6"}],"replies":[{"embeddable":true,"href":"https:\/\/tartarugas.net\/en\/wp-json\/wp\/v2\/comments?post=3178"}],"version-history":[{"count":20,"href":"https:\/\/tartarugas.net\/en\/wp-json\/wp\/v2\/pages\/3178\/revisions"}],"predecessor-version":[{"id":10596,"href":"https:\/\/tartarugas.net\/en\/wp-json\/wp\/v2\/pages\/3178\/revisions\/10596"}],"wp:attachment":[{"href":"https:\/\/tartarugas.net\/en\/wp-json\/wp\/v2\/media?parent=3178"}],"curies":[{"name":"wp","href":"https:\/\/api.w.org\/{rel}","templated":true}]}}