{"id":10517,"date":"2024-02-27T23:14:28","date_gmt":"2024-02-28T02:14:28","guid":{"rendered":"https:\/\/tartarugas.net\/?post_type=product&#038;p=10517"},"modified":"2025-10-15T09:20:38","modified_gmt":"2025-10-15T12:20:38","slug":"curso-conducao-de-botes-inflaveis-rafting-nivel-1","status":"publish","type":"product","link":"https:\/\/tartarugas.net\/en\/product\/curso-conducao-de-botes-inflaveis-rafting-nivel-1\/","title":{"rendered":"Curso condu\u00e7\u00e3o de Botes Inflaveis ( Rafting) Nivel 1"},"content":{"rendered":"<h2 class=\"elementor-heading-title elementor-size-default elementor-inline-editing pen\" style=\"text-align: center;\" data-elementor-setting-key=\"title\" data-pen-placeholder=\"Digite aqui...\"><span style=\"color: #008000;\">SEJA UM PROFISSIONAL DA AVENTURA !<\/span><\/h2>\n<p style=\"text-align: center;\"><a href=\"https:\/\/api.whatsapp.com\/send?phone=5548996616751\" class=\"atbtn atbtn--default atbtn--large\">MATRICULE-SE JA!<\/a><\/p>\n<p>&nbsp;<\/p>\n<p><span style=\"font-weight: 400;\">O curso de condu\u00e7\u00e3o de botes infl\u00e1veis n\u00edvel 1 foi baseado na <\/span><b>NBR 15370<\/b><span style=\"font-weight: 400;\"> (Compet\u00eancias m\u00ednimas para\u00a0 Condutores de Rafting) e conhecimentos b\u00e1sicos exigidos pela <\/span><b>IRF<\/b><span style=\"font-weight: 400;\"> ( International Rafting Federation).\u00a0 O Curso indicado para os que buscam operar atividades que envolvam condu\u00e7\u00e3o de botes movido a remo ( botes de rafting) em \u00e1guas r\u00e1pidas (corredeiras) de classe I\u00a0 e II com fins recreativos ou comerciais ou\u00a0 at\u00e9 mesmo profissionais de resgate em \u00e1reas de enchente que desejam adquirir conhecimento m\u00ednimo necess\u00e1rio para este tipo de navega\u00e7\u00e3o\u00a0 .\u00a0<\/span><\/p>\n<p><span style=\"font-weight: 400;\">\u00a0O curso \u00e9 composto por aulas te\u00f3ricas e pr\u00e1ticas envolvendo: Escolha do equipamento ideal , reconhecimento de perigos e riscos em \u00e1guas r\u00e1pidas , t\u00e9cnicas de nata\u00e7\u00e3o para \u00e1guas r\u00e1pidas , t\u00e9cnicas e manobras para para navega\u00e7\u00e3o com botes infl\u00e1veis , instru\u00e7\u00e3o de seguran\u00e7a e treinamento de participantes sem conhecimento pr\u00e9vio e t\u00e9cnicas de resgate e auto resgate b\u00e1sicas .\u00a0\u00a0<\/span><\/p>\n<p><strong>Objetivo:<\/strong><br \/>\nQualificar pessoas para que sejam capazes de conduzir Botes de rafting com seguran\u00e7a em corredeiras de classe I e II ou areas de enchentes moderadas<\/p>\n<ul>\n<li style=\"font-weight: 400;\" aria-level=\"1\"><b>Carga Hor\u00e1ria<\/b><span style=\"font-weight: 400;\"> : 24 h\u00a0<\/span><\/li>\n<li style=\"font-weight: 400;\" aria-level=\"1\"><b>Data :<\/b><span style=\"font-weight: 400;\"> 23 , 24 e 25 Mar\u00e7o de 2024 ( <\/span><b>sexta<\/b><span style=\"font-weight: 400;\"> das 14h \u00e0s 18h , <\/span><b>s\u00e1bado<\/b><span style=\"font-weight: 400;\"> das 8 \u00e0s 18h e <\/span><b>domingo<\/b><span style=\"font-weight: 400;\"> dia 8 \u00e0s 18h)<\/span><\/li>\n<li style=\"font-weight: 400;\" aria-level=\"1\"><b>Grupo m\u00ednimo :<\/b><span style=\"font-weight: 400;\"> 2 pessoas\u00a0<\/span><\/li>\n<li style=\"font-weight: 400;\" aria-level=\"1\"><b>Grupo m\u00e1ximo :<\/b><span style=\"font-weight: 400;\"> 6 pessoas\u00a0<\/span><\/li>\n<li style=\"font-weight: 400;\" aria-level=\"1\"><b>Aulas pr\u00e1ticas:<\/b><span style=\"font-weight: 400;\"> Navega\u00e7\u00e3o trecho rafting rio cubat\u00e3o de 5 km com corredeiras de classe I, II, III e IV<\/span><\/li>\n<li style=\"font-weight: 400;\" aria-level=\"1\"><b>Inclui:<\/b><span style=\"font-weight: 400;\"> Instrutores qualificados, bote para navega\u00e7\u00e3o , transporte para levar e buscar no rio , seguro de preven\u00e7\u00e3o acidentes , certificado de participa\u00e7\u00e3o e apostilas PDF<\/span><\/li>\n<li style=\"font-weight: 400;\" aria-level=\"1\"><b>N\u00e3o inclui:<\/b><span style=\"font-weight: 400;\"> Alimenta\u00e7\u00e3o , hospedagem , transporte at\u00e9 local do curso e equipamento de prote\u00e7\u00e3o individual<\/span><\/li>\n<\/ul>\n<p>&nbsp;<\/p>\n<p><b>Equipamentos de uso individual obrigat\u00f3rios:<\/b><span style=\"font-weight: 400;\"> Colete apropriado para \u00e1guas r\u00e1pidas preferencialmente com sistema de resgate isca viva, capacete ,apito fox 40 , cabo de resgate de cintura , cal\u00e7ado fechado e roupas para molhar ( quem tiver roupa de neoprene ou corta vento recomendo que traga).<\/span><\/p>\n<p>&nbsp;<\/p>\n<p><b>Obs:<\/b><span style=\"font-weight: 400;\">Caso necess\u00e1rio aquisi\u00e7\u00e3o de equipamentos consulte-nos para obter os melhores custos beneficios do mercado nacional\u00a0<\/span><\/p>\n<p><strong>Local:<\/strong><br \/>\nO curso ocorrer\u00e1 na Base Caldas da Tartarugas, localizada no munic\u00edpio de Santo Amaro da Imperatriz.<\/p>\n<p>&nbsp;<\/p>\n<p><b>Conte\u00fado program\u00e1tico:<\/b><b><\/b><\/p>\n<ul>\n<li aria-level=\"1\"><b>Breve Hist\u00f3rico Rafting\u00a0<\/b><\/li>\n<\/ul>\n<ul>\n<li style=\"list-style-type: none;\">\n<ul>\n<li style=\"font-weight: 400;\" aria-level=\"1\"><b>Equipamentos de uso coletivo e individual escolha , uso adequado e conserva\u00e7\u00e3o:<\/b><span style=\"font-weight: 400;\">bote;coletes de flutua\u00e7\u00e3o<\/span><span style=\"font-weight: 400;\">;capacetes;remos;cal\u00e7ado; faca; mosquet\u00f5es com trava; <\/span><i><span style=\"font-weight: 400;\">flip line<\/span><\/i><span style=\"font-weight: 400;\">;polias; cabos de resgate;kit primeiros-socorros;equipamentos de comunica\u00e7\u00e3o (apito, telefone celular e r\u00e1dio); cordeletes;bomba de inflar;saco estanque.<\/span><\/li>\n<li style=\"font-weight: 400;\" aria-level=\"1\"><b>Sobre aguas Rapidas<\/b><span style=\"font-weight: 400;\">: Identifica\u00e7\u00e3o de perigos e riscos , classifica\u00e7\u00e3o de corredeiras , leitura basica de correntes<\/span><\/li>\n<\/ul>\n<\/li>\n<\/ul>\n<ul>\n<li aria-level=\"1\"><b>T\u00e9cnicas de nata\u00e7\u00e3o em corredeiras defensiva e ofensiva.\u00a0<\/b><\/li>\n<\/ul>\n<ul>\n<li aria-level=\"1\"><b>T\u00e9cnicas de remadas e leme.<\/b><\/li>\n<\/ul>\n<ul>\n<li aria-level=\"1\"><b>t\u00e9cnicas e manobras com bote : <\/b><span style=\"font-weight: 400;\">Navegando em corredeiras,\u00a0 \u00e2ngulos de travessia de correntes ( ferrying) , parada em remansos<\/span><b>\u00a0\u00a0<\/b><\/li>\n<\/ul>\n<ul>\n<li aria-level=\"1\"><b>Tecnicas basicas de resgate resgate e auto resgate: <\/b><span style=\"font-weight: 400;\">Voltando para o bote , desvirar o bote , auxiliar outras pessoas a voltar para o bote , sa\u00edda de refluxo e arremesso de cabos de resgate<\/span><\/li>\n<\/ul>\n<ul>\n<li aria-level=\"1\"><b>Instru\u00e7\u00e3o de seguran\u00e7a\u00a0<\/b><\/li>\n<\/ul>\n<ul>\n<li aria-level=\"1\"><b>Pr\u00e1tica em corredeiras de classe I a IV<\/b><\/li>\n<\/ul>\n<p>&nbsp;<\/p>\n<p><b>Investimento:<\/b><span style=\"font-weight: 400;\"> 1.250,00 por pessoa\u00a0<\/span><\/p>\n<p>&nbsp;<\/p>\n<p><b>Formas de pagamento:<\/b><span style=\"font-weight: 400;\"> Pagamento 50% antecipado e 50% ap\u00f3s o curso ou parcelado em at\u00e9 12x no cart\u00e3o com acr\u00e9scimos.<\/span><\/p>\n<p>&nbsp;<\/p>\n<h2 class=\"elementor-heading-title elementor-size-default elementor-inline-editing pen\" style=\"text-align: center;\" data-elementor-setting-key=\"title\" data-pen-placeholder=\"Digite aqui...\"><span style=\"color: #008000;\">SEJA UM PROFISSIONAL DA AVENTURA !<\/span><\/h2>\n<p style=\"text-align: center;\"><a href=\"https:\/\/api.whatsapp.com\/send?phone=5548996616751\" class=\"atbtn atbtn--default atbtn--large\">MATRICULE-SE JA!<\/a><\/p>","protected":false},"excerpt":{"rendered":"<p>SEJA UM PROFISSIONAL DA AVENTURA ! &nbsp; O curso de condu\u00e7\u00e3o de botes infl\u00e1veis n\u00edvel 1 foi baseado na NBR 15370 (Compet\u00eancias m\u00ednimas para\u00a0 Condutores de Rafting) e conhecimentos b\u00e1sicos exigidos pela IRF ( International Rafting Federation).\u00a0 O Curso indicado para os que buscam operar atividades que envolvam condu\u00e7\u00e3o de botes movido a remo (<\/p>\n<div class=\"padding-top text-center\"><a href=\"https:\/\/tartarugas.net\/en\/product\/curso-conducao-de-botes-inflaveis-rafting-nivel-1\/\" class=\"atbtn atbtn--medium atbtn--rounded atbtn--transparent\">Ler mais<i class=\"atbtn__icon atbtn__icon--right fa fa-long-arrow-right\"><\/i><\/a><\/div>","protected":false},"featured_media":10518,"comment_status":"open","ping_status":"closed","template":"","meta":{"content-type":"","_joinchat":[]},"product_brand":[],"product_cat":[320],"product_tag":[],"class_list":{"0":"post-10517","1":"product","2":"type-product","3":"status-publish","4":"has-post-thumbnail","6":"product_cat-cursos-para-profissionais-da-aventura","7":"tour_category-cursos","9":"first","10":"instock","11":"featured","12":"shipping-taxable","13":"purchasable","14":"product-type-simple"},"yoast_head":"<!-- This site is optimized with the Yoast SEO plugin v26.9 - https:\/\/yoast.com\/product\/yoast-seo-wordpress\/ -->\n<title>Curso condu\u00e7\u00e3o de Botes Inflaveis ( Rafting) Nivel 1 - Tartarugas Espirito de Aventura<\/title>\n<meta name=\"robots\" content=\"index, follow, max-snippet:-1, max-image-preview:large, max-video-preview:-1\" \/>\n<link rel=\"canonical\" href=\"https:\/\/tartarugas.net\/en\/product\/curso-conducao-de-botes-inflaveis-rafting-nivel-1\/\" \/>\n<meta property=\"og:locale\" content=\"en_US\" \/>\n<meta property=\"og:type\" content=\"article\" \/>\n<meta property=\"og:title\" content=\"Curso condu\u00e7\u00e3o de Botes Inflaveis ( Rafting) Nivel 1 - Tartarugas Espirito de Aventura\" \/>\n<meta property=\"og:description\" content=\"SEJA UM PROFISSIONAL DA AVENTURA ! &nbsp; O curso de condu\u00e7\u00e3o de botes infl\u00e1veis n\u00edvel 1 foi baseado na NBR 15370 (Compet\u00eancias m\u00ednimas para\u00a0 Condutores de Rafting) e conhecimentos b\u00e1sicos exigidos pela IRF ( International Rafting Federation).\u00a0 O Curso indicado para os que buscam operar atividades que envolvam condu\u00e7\u00e3o de botes movido a remo (Ler mais\" \/>\n<meta property=\"og:url\" content=\"https:\/\/tartarugas.net\/en\/product\/curso-conducao-de-botes-inflaveis-rafting-nivel-1\/\" \/>\n<meta property=\"og:site_name\" content=\"Tartarugas Espirito de Aventura\" \/>\n<meta property=\"article:publisher\" content=\"https:\/\/www.facebook.com\/tartarugasaventura\/\" \/>\n<meta property=\"article:modified_time\" content=\"2025-10-15T12:20:38+00:00\" \/>\n<meta property=\"og:image\" content=\"https:\/\/tartarugas.net\/wp-content\/uploads\/2024\/02\/P1330077-scaled.jpg\" \/>\n\t<meta property=\"og:image:width\" content=\"1920\" \/>\n\t<meta property=\"og:image:height\" content=\"2560\" \/>\n\t<meta property=\"og:image:type\" content=\"image\/jpeg\" \/>\n<meta name=\"twitter:card\" content=\"summary_large_image\" \/>\n<meta name=\"twitter:site\" content=\"@_tartarugas\" \/>\n<meta name=\"twitter:label1\" content=\"Est. reading time\" \/>\n\t<meta name=\"twitter:data1\" content=\"4 minutes\" \/>\n<script type=\"application\/ld+json\" class=\"yoast-schema-graph\">{\"@context\":\"https:\/\/schema.org\",\"@graph\":[{\"@type\":\"WebPage\",\"@id\":\"https:\/\/tartarugas.net\/produto\/curso-conducao-de-botes-inflaveis-rafting-nivel-1\/\",\"url\":\"https:\/\/tartarugas.net\/produto\/curso-conducao-de-botes-inflaveis-rafting-nivel-1\/\",\"name\":\"Curso condu\u00e7\u00e3o de Botes Inflaveis ( Rafting) Nivel 1 - Tartarugas Espirito de Aventura\",\"isPartOf\":{\"@id\":\"https:\/\/tartarugas.net\/#website\"},\"primaryImageOfPage\":{\"@id\":\"https:\/\/tartarugas.net\/produto\/curso-conducao-de-botes-inflaveis-rafting-nivel-1\/#primaryimage\"},\"image\":{\"@id\":\"https:\/\/tartarugas.net\/produto\/curso-conducao-de-botes-inflaveis-rafting-nivel-1\/#primaryimage\"},\"thumbnailUrl\":\"https:\/\/tartarugas.net\/wp-content\/uploads\/2024\/02\/P1330077-scaled.jpg\",\"datePublished\":\"2024-02-28T02:14:28+00:00\",\"dateModified\":\"2025-10-15T12:20:38+00:00\",\"breadcrumb\":{\"@id\":\"https:\/\/tartarugas.net\/produto\/curso-conducao-de-botes-inflaveis-rafting-nivel-1\/#breadcrumb\"},\"inLanguage\":\"en-US\",\"potentialAction\":[{\"@type\":\"ReadAction\",\"target\":[\"https:\/\/tartarugas.net\/produto\/curso-conducao-de-botes-inflaveis-rafting-nivel-1\/\"]}]},{\"@type\":\"ImageObject\",\"inLanguage\":\"en-US\",\"@id\":\"https:\/\/tartarugas.net\/produto\/curso-conducao-de-botes-inflaveis-rafting-nivel-1\/#primaryimage\",\"url\":\"https:\/\/tartarugas.net\/wp-content\/uploads\/2024\/02\/P1330077-scaled.jpg\",\"contentUrl\":\"https:\/\/tartarugas.net\/wp-content\/uploads\/2024\/02\/P1330077-scaled.jpg\",\"width\":1920,\"height\":2560},{\"@type\":\"BreadcrumbList\",\"@id\":\"https:\/\/tartarugas.net\/produto\/curso-conducao-de-botes-inflaveis-rafting-nivel-1\/#breadcrumb\",\"itemListElement\":[{\"@type\":\"ListItem\",\"position\":1,\"name\":\"In\u00edcio\",\"item\":\"https:\/\/tartarugas.net\/\"},{\"@type\":\"ListItem\",\"position\":2,\"name\":\"Atividades\",\"item\":\"https:\/\/tartarugas.net\/atividades\/\"},{\"@type\":\"ListItem\",\"position\":3,\"name\":\"Curso condu\u00e7\u00e3o de Botes Inflaveis ( Rafting) Nivel 1\"}]},{\"@type\":\"WebSite\",\"@id\":\"https:\/\/tartarugas.net\/#website\",\"url\":\"https:\/\/tartarugas.net\/\",\"name\":\"Tartarugas Espirito de Aventura\",\"description\":\"Empresa especializada em Atvidades Outdoor \",\"publisher\":{\"@id\":\"https:\/\/tartarugas.net\/#organization\"},\"potentialAction\":[{\"@type\":\"SearchAction\",\"target\":{\"@type\":\"EntryPoint\",\"urlTemplate\":\"https:\/\/tartarugas.net\/?s={search_term_string}\"},\"query-input\":{\"@type\":\"PropertyValueSpecification\",\"valueRequired\":true,\"valueName\":\"search_term_string\"}}],\"inLanguage\":\"en-US\"},{\"@type\":\"Organization\",\"@id\":\"https:\/\/tartarugas.net\/#organization\",\"name\":\"Tartarugas Espirito de Aventura\",\"url\":\"https:\/\/tartarugas.net\/\",\"logo\":{\"@type\":\"ImageObject\",\"inLanguage\":\"en-US\",\"@id\":\"https:\/\/tartarugas.net\/#\/schema\/logo\/image\/\",\"url\":\"https:\/\/tartarugas.net\/wp-content\/uploads\/2016\/08\/logo-retina.png\",\"contentUrl\":\"https:\/\/tartarugas.net\/wp-content\/uploads\/2016\/08\/logo-retina.png\",\"width\":360,\"height\":254,\"caption\":\"Tartarugas Espirito de Aventura\"},\"image\":{\"@id\":\"https:\/\/tartarugas.net\/#\/schema\/logo\/image\/\"},\"sameAs\":[\"https:\/\/www.facebook.com\/tartarugasaventura\/\",\"https:\/\/x.com\/_tartarugas\",\"http:\/\/www.instagram.com\/tartarugas.turismo\"]}]}<\/script>\n<!-- \/ Yoast SEO plugin. -->","yoast_head_json":{"title":"Curso condu\u00e7\u00e3o de Botes Inflaveis ( Rafting) Nivel 1 - Tartarugas Espirito de Aventura","robots":{"index":"index","follow":"follow","max-snippet":"max-snippet:-1","max-image-preview":"max-image-preview:large","max-video-preview":"max-video-preview:-1"},"canonical":"https:\/\/tartarugas.net\/en\/product\/curso-conducao-de-botes-inflaveis-rafting-nivel-1\/","og_locale":"en_US","og_type":"article","og_title":"Curso condu\u00e7\u00e3o de Botes Inflaveis ( Rafting) Nivel 1 - Tartarugas Espirito de Aventura","og_description":"SEJA UM PROFISSIONAL DA AVENTURA ! &nbsp; O curso de condu\u00e7\u00e3o de botes infl\u00e1veis n\u00edvel 1 foi baseado na NBR 15370 (Compet\u00eancias m\u00ednimas para\u00a0 Condutores de Rafting) e conhecimentos b\u00e1sicos exigidos pela IRF ( International Rafting Federation).\u00a0 O Curso indicado para os que buscam operar atividades que envolvam condu\u00e7\u00e3o de botes movido a remo (Ler mais","og_url":"https:\/\/tartarugas.net\/en\/product\/curso-conducao-de-botes-inflaveis-rafting-nivel-1\/","og_site_name":"Tartarugas Espirito de Aventura","article_publisher":"https:\/\/www.facebook.com\/tartarugasaventura\/","article_modified_time":"2025-10-15T12:20:38+00:00","og_image":[{"width":1920,"height":2560,"url":"https:\/\/tartarugas.net\/wp-content\/uploads\/2024\/02\/P1330077-scaled.jpg","type":"image\/jpeg"}],"twitter_card":"summary_large_image","twitter_site":"@_tartarugas","twitter_misc":{"Est. reading time":"4 minutes"},"schema":{"@context":"https:\/\/schema.org","@graph":[{"@type":"WebPage","@id":"https:\/\/tartarugas.net\/produto\/curso-conducao-de-botes-inflaveis-rafting-nivel-1\/","url":"https:\/\/tartarugas.net\/produto\/curso-conducao-de-botes-inflaveis-rafting-nivel-1\/","name":"Curso condu\u00e7\u00e3o de Botes Inflaveis ( Rafting) Nivel 1 - Tartarugas Espirito de Aventura","isPartOf":{"@id":"https:\/\/tartarugas.net\/#website"},"primaryImageOfPage":{"@id":"https:\/\/tartarugas.net\/produto\/curso-conducao-de-botes-inflaveis-rafting-nivel-1\/#primaryimage"},"image":{"@id":"https:\/\/tartarugas.net\/produto\/curso-conducao-de-botes-inflaveis-rafting-nivel-1\/#primaryimage"},"thumbnailUrl":"https:\/\/tartarugas.net\/wp-content\/uploads\/2024\/02\/P1330077-scaled.jpg","datePublished":"2024-02-28T02:14:28+00:00","dateModified":"2025-10-15T12:20:38+00:00","breadcrumb":{"@id":"https:\/\/tartarugas.net\/produto\/curso-conducao-de-botes-inflaveis-rafting-nivel-1\/#breadcrumb"},"inLanguage":"en-US","potentialAction":[{"@type":"ReadAction","target":["https:\/\/tartarugas.net\/produto\/curso-conducao-de-botes-inflaveis-rafting-nivel-1\/"]}]},{"@type":"ImageObject","inLanguage":"en-US","@id":"https:\/\/tartarugas.net\/produto\/curso-conducao-de-botes-inflaveis-rafting-nivel-1\/#primaryimage","url":"https:\/\/tartarugas.net\/wp-content\/uploads\/2024\/02\/P1330077-scaled.jpg","contentUrl":"https:\/\/tartarugas.net\/wp-content\/uploads\/2024\/02\/P1330077-scaled.jpg","width":1920,"height":2560},{"@type":"BreadcrumbList","@id":"https:\/\/tartarugas.net\/produto\/curso-conducao-de-botes-inflaveis-rafting-nivel-1\/#breadcrumb","itemListElement":[{"@type":"ListItem","position":1,"name":"In\u00edcio","item":"https:\/\/tartarugas.net\/"},{"@type":"ListItem","position":2,"name":"Atividades","item":"https:\/\/tartarugas.net\/atividades\/"},{"@type":"ListItem","position":3,"name":"Curso condu\u00e7\u00e3o de Botes Inflaveis ( Rafting) Nivel 1"}]},{"@type":"WebSite","@id":"https:\/\/tartarugas.net\/#website","url":"https:\/\/tartarugas.net\/","name":"Tartarugas Espirito de Aventura","description":"Empresa especializada em Atvidades Outdoor ","publisher":{"@id":"https:\/\/tartarugas.net\/#organization"},"potentialAction":[{"@type":"SearchAction","target":{"@type":"EntryPoint","urlTemplate":"https:\/\/tartarugas.net\/?s={search_term_string}"},"query-input":{"@type":"PropertyValueSpecification","valueRequired":true,"valueName":"search_term_string"}}],"inLanguage":"en-US"},{"@type":"Organization","@id":"https:\/\/tartarugas.net\/#organization","name":"Tartarugas Espirito de Aventura","url":"https:\/\/tartarugas.net\/","logo":{"@type":"ImageObject","inLanguage":"en-US","@id":"https:\/\/tartarugas.net\/#\/schema\/logo\/image\/","url":"https:\/\/tartarugas.net\/wp-content\/uploads\/2016\/08\/logo-retina.png","contentUrl":"https:\/\/tartarugas.net\/wp-content\/uploads\/2016\/08\/logo-retina.png","width":360,"height":254,"caption":"Tartarugas Espirito de Aventura"},"image":{"@id":"https:\/\/tartarugas.net\/#\/schema\/logo\/image\/"},"sameAs":["https:\/\/www.facebook.com\/tartarugasaventura\/","https:\/\/x.com\/_tartarugas","http:\/\/www.instagram.com\/tartarugas.turismo"]}]}},"_links":{"self":[{"href":"https:\/\/tartarugas.net\/en\/wp-json\/wp\/v2\/product\/10517","targetHints":{"allow":["GET"]}}],"collection":[{"href":"https:\/\/tartarugas.net\/en\/wp-json\/wp\/v2\/product"}],"about":[{"href":"https:\/\/tartarugas.net\/en\/wp-json\/wp\/v2\/types\/product"}],"replies":[{"embeddable":true,"href":"https:\/\/tartarugas.net\/en\/wp-json\/wp\/v2\/comments?post=10517"}],"wp:featuredmedia":[{"embeddable":true,"href":"https:\/\/tartarugas.net\/en\/wp-json\/wp\/v2\/media\/10518"}],"wp:attachment":[{"href":"https:\/\/tartarugas.net\/en\/wp-json\/wp\/v2\/media?parent=10517"}],"wp:term":[{"taxonomy":"product_brand","embeddable":true,"href":"https:\/\/tartarugas.net\/en\/wp-json\/wp\/v2\/product_brand?post=10517"},{"taxonomy":"product_cat","embeddable":true,"href":"https:\/\/tartarugas.net\/en\/wp-json\/wp\/v2\/product_cat?post=10517"},{"taxonomy":"product_tag","embeddable":true,"href":"https:\/\/tartarugas.net\/en\/wp-json\/wp\/v2\/product_tag?post=10517"}],"curies":[{"name":"wp","href":"https:\/\/api.w.org\/{rel}","templated":true}]}}