{"id":10591,"date":"2024-11-03T22:49:30","date_gmt":"2024-11-04T01:49:30","guid":{"rendered":"https:\/\/tartarugas.net\/?post_type=product&#038;p=10591"},"modified":"2024-11-03T22:56:42","modified_gmt":"2024-11-04T01:56:42","slug":"pacote-rafting-rapel-de-cachoeira-lp","status":"publish","type":"product","link":"https:\/\/tartarugas.net\/en\/tours\/pacote-rafting-rapel-de-cachoeira-lp\/","title":{"rendered":"Pacote Rafting + Rapel de Cachoeira 90 metros"},"content":{"rendered":"<h2 style=\"text-align: center;\"><span style=\"color: #9e9602;\"><strong>Fa\u00e7a sua reserva via whats app agora!<\/strong><\/span><\/h2>\n<p style=\"text-align: center;\"><a href=\"https:\/\/api.whatsapp.com\/send?phone=5548996288707\" class=\"atbtn atbtn--default atbtn--large\">Reserve aqui<\/a><\/p>\n<p><strong>Pacote Rafting + Rapel de Cachoeira:<\/strong><\/p>\n<ul>\n<li>Rapel de 90m;<\/li>\n<li>Rafting;<\/li>\n<li>Condutores especializados;<\/li>\n<li>Aquisi\u00e7\u00e3o de seguro de acidentes pessoais;<\/li>\n<li>Equipamento de Prote\u00e7\u00e3o individual e coletivo;<\/li>\n<li>Transporte terrestre partindo do Resort para os passeios.<\/li>\n<\/ul>\n<p><strong>Cachoeira do Rio do Salto \u2013 \u00c1guas Mornas:<\/strong><br \/>\nAs cercanias da Serra do Tabuleiro s\u00e3o ricas em cachoeiras e cascatas. Nesta base, a Tartarugas proporciona rapel em duas cachoeiras distintas. A Cachoeira do Rio do Rio do Salto \u00e9 ideal para quem quer curtir uma grande aventura em um dos lugares mais bonitos da regi\u00e3o.<\/p>\n<ul>\n<li>Localiza-se no munic\u00edpio de \u00c1guas Mornas, h\u00e1 25 km da base;<\/li>\n<li>O rapel tem 90 metros de altura dividido em tr\u00eas partes;<\/li>\n<li>A atividade tem dura\u00e7\u00e3o de aproximadamente 03:00 horas, dependendo do tamanho do grupo;<\/li>\n<\/ul>\n<p><strong>Rafting:\u00a0<\/strong>\u00e9 a pr\u00e1tica de descida em equipe por corredeiras, utilizando botes infl\u00e1veis e equipamentos de seguran\u00e7a.<br \/>\nO <a href=\"https:\/\/tartarugas.net\/en\/tours\/rafting\/\">Rafting<\/a>\u00a0n\u00e3o requer experi\u00eancia pr\u00e9via, podendo ser praticada por qualquer pessoa. Existem v\u00e1rios graus de dificuldades, fazendo com que o praticante escolha aquele que melhor se sentir preparado para enfrentar.<br \/>\nO Rafting \u00e9 \u00f3timo para a integra\u00e7\u00e3o de grupos e lazer entre amigos, fam\u00edlias e colegas de trabalho.<\/p>\n<ul>\n<li>Percurso com 05 km de extens\u00e3o;<\/li>\n<li>40 metros de desn\u00edvel;<\/li>\n<li>14 corredeiras de classe I \u00e0 classe IV, sendo que a corredeira classe IV s\u00f3 \u00e9 passada conforme a condi\u00e7\u00e3o f\u00edsica e t\u00e9cnica do grupo;<\/li>\n<li>32 conjuntos de equipamento de seguran\u00e7a (colete salva-vidas, capacete e remo);<\/li>\n<li>04 botes de 12 p\u00e9s para 06 pessoas e um bote de 14 p\u00e9s para 08 pessoas;<\/li>\n<li>Dura\u00e7\u00e3o aproximada da atividade: 02:00 horas;<\/li>\n<\/ul>\n<h2 style=\"text-align: center;\"><span style=\"color: #9e9602;\"><strong>Fa\u00e7a sua reserva via whats app agora!<\/strong><\/span><\/h2>\n<p style=\"text-align: center;\"><a href=\"https:\/\/api.whatsapp.com\/send?phone=5548996288707\" class=\"atbtn atbtn--default atbtn--large\">Reserve aqui<\/a><\/p>","protected":false},"excerpt":{"rendered":"<p>Fa\u00e7a sua reserva via whats app agora! Pacote Rafting + Rapel de Cachoeira: Rapel de 90m; Rafting; Condutores especializados; Aquisi\u00e7\u00e3o de seguro de acidentes pessoais; Equipamento de Prote\u00e7\u00e3o individual e coletivo; Transporte terrestre partindo do Resort para os passeios. Cachoeira do Rio do Salto \u2013 \u00c1guas Mornas: As cercanias da Serra do Tabuleiro s\u00e3o ricas<\/p>\n<div class=\"padding-top text-center\"><a href=\"https:\/\/tartarugas.net\/en\/tours\/pacote-rafting-rapel-de-cachoeira-lp\/\" class=\"atbtn atbtn--medium atbtn--rounded atbtn--transparent\">Ler mais<i class=\"atbtn__icon atbtn__icon--right fa fa-long-arrow-right\"><\/i><\/a><\/div>","protected":false},"featured_media":5189,"comment_status":"open","ping_status":"closed","template":"","meta":{"content-type":"","_joinchat":[]},"product_brand":[],"product_cat":[230],"product_tag":[],"class_list":{"0":"post-10591","1":"product","2":"type-product","3":"status-publish","4":"has-post-thumbnail","6":"product_cat-sem-categoria","8":"first","9":"instock","10":"sale","11":"shipping-taxable","12":"purchasable","13":"product-type-tour"},"yoast_head":"<!-- This site is optimized with the Yoast SEO plugin v26.9 - https:\/\/yoast.com\/product\/yoast-seo-wordpress\/ -->\n<title>Pacote Rafting + Rapel de Cachoeira - Tartarugas Turismo de Aventura<\/title>\n<meta name=\"description\" content=\"Pacote Rafting + Rapel de Cachoeira. Aventura! Nas f\u00e9rias, est\u00e1 tempo livre? Venha se divertir e aproveitar essa super oferta do Tartarugas Turismo.\" \/>\n<meta name=\"robots\" content=\"index, follow, max-snippet:-1, max-image-preview:large, max-video-preview:-1\" \/>\n<link rel=\"canonical\" href=\"https:\/\/tartarugas.net\/en\/tours\/pacote-rafting-rapel-de-cachoeira-lp\/\" \/>\n<meta property=\"og:locale\" content=\"en_US\" \/>\n<meta property=\"og:type\" content=\"article\" \/>\n<meta property=\"og:title\" content=\"Pacote Rafting + Rapel de Cachoeira - Tartarugas Turismo de Aventura\" \/>\n<meta property=\"og:description\" content=\"Pacote Rafting + Rapel de Cachoeira. Aventura! Nas f\u00e9rias, est\u00e1 tempo livre? Venha se divertir e aproveitar essa super oferta do Tartarugas Turismo.\" \/>\n<meta property=\"og:url\" content=\"https:\/\/tartarugas.net\/en\/tours\/pacote-rafting-rapel-de-cachoeira-lp\/\" \/>\n<meta property=\"og:site_name\" content=\"Tartarugas Espirito de Aventura\" \/>\n<meta property=\"article:publisher\" content=\"https:\/\/www.facebook.com\/tartarugasaventura\/\" \/>\n<meta property=\"article:modified_time\" content=\"2024-11-04T01:56:42+00:00\" \/>\n<meta property=\"og:image\" content=\"https:\/\/tartarugas.net\/wp-content\/uploads\/2016\/12\/DSC_0083.jpg\" \/>\n\t<meta property=\"og:image:width\" content=\"2048\" \/>\n\t<meta property=\"og:image:height\" content=\"1362\" \/>\n\t<meta property=\"og:image:type\" content=\"image\/jpeg\" \/>\n<meta name=\"twitter:card\" content=\"summary_large_image\" \/>\n<meta name=\"twitter:site\" content=\"@_tartarugas\" \/>\n<meta name=\"twitter:label1\" content=\"Est. reading time\" \/>\n\t<meta name=\"twitter:data1\" content=\"2 minutes\" \/>\n<script type=\"application\/ld+json\" class=\"yoast-schema-graph\">{\"@context\":\"https:\/\/schema.org\",\"@graph\":[{\"@type\":\"WebPage\",\"@id\":\"https:\/\/tartarugas.net\/tours\/pacote-rafting-rapel-de-cachoeira-lp\/\",\"url\":\"https:\/\/tartarugas.net\/tours\/pacote-rafting-rapel-de-cachoeira-lp\/\",\"name\":\"Pacote Rafting + Rapel de Cachoeira - Tartarugas Turismo de Aventura\",\"isPartOf\":{\"@id\":\"https:\/\/tartarugas.net\/#website\"},\"primaryImageOfPage\":{\"@id\":\"https:\/\/tartarugas.net\/tours\/pacote-rafting-rapel-de-cachoeira-lp\/#primaryimage\"},\"image\":{\"@id\":\"https:\/\/tartarugas.net\/tours\/pacote-rafting-rapel-de-cachoeira-lp\/#primaryimage\"},\"thumbnailUrl\":\"https:\/\/tartarugas.net\/wp-content\/uploads\/2016\/12\/DSC_0083.jpg\",\"datePublished\":\"2024-11-04T01:49:30+00:00\",\"dateModified\":\"2024-11-04T01:56:42+00:00\",\"description\":\"Pacote Rafting + Rapel de Cachoeira. Aventura! Nas f\u00e9rias, est\u00e1 tempo livre? Venha se divertir e aproveitar essa super oferta do Tartarugas Turismo.\",\"breadcrumb\":{\"@id\":\"https:\/\/tartarugas.net\/tours\/pacote-rafting-rapel-de-cachoeira-lp\/#breadcrumb\"},\"inLanguage\":\"en-US\",\"potentialAction\":[{\"@type\":\"ReadAction\",\"target\":[\"https:\/\/tartarugas.net\/tours\/pacote-rafting-rapel-de-cachoeira-lp\/\"]}]},{\"@type\":\"ImageObject\",\"inLanguage\":\"en-US\",\"@id\":\"https:\/\/tartarugas.net\/tours\/pacote-rafting-rapel-de-cachoeira-lp\/#primaryimage\",\"url\":\"https:\/\/tartarugas.net\/wp-content\/uploads\/2016\/12\/DSC_0083.jpg\",\"contentUrl\":\"https:\/\/tartarugas.net\/wp-content\/uploads\/2016\/12\/DSC_0083.jpg\",\"width\":2048,\"height\":1362},{\"@type\":\"BreadcrumbList\",\"@id\":\"https:\/\/tartarugas.net\/tours\/pacote-rafting-rapel-de-cachoeira-lp\/#breadcrumb\",\"itemListElement\":[{\"@type\":\"ListItem\",\"position\":1,\"name\":\"In\u00edcio\",\"item\":\"https:\/\/tartarugas.net\/\"},{\"@type\":\"ListItem\",\"position\":2,\"name\":\"Atividades\",\"item\":\"https:\/\/tartarugas.net\/atividades\/\"},{\"@type\":\"ListItem\",\"position\":3,\"name\":\"Pacote Rafting + Rapel de Cachoeira 90 metros\"}]},{\"@type\":\"WebSite\",\"@id\":\"https:\/\/tartarugas.net\/#website\",\"url\":\"https:\/\/tartarugas.net\/\",\"name\":\"Tartarugas Espirito de Aventura\",\"description\":\"Empresa especializada em Atvidades Outdoor \",\"publisher\":{\"@id\":\"https:\/\/tartarugas.net\/#organization\"},\"potentialAction\":[{\"@type\":\"SearchAction\",\"target\":{\"@type\":\"EntryPoint\",\"urlTemplate\":\"https:\/\/tartarugas.net\/?s={search_term_string}\"},\"query-input\":{\"@type\":\"PropertyValueSpecification\",\"valueRequired\":true,\"valueName\":\"search_term_string\"}}],\"inLanguage\":\"en-US\"},{\"@type\":\"Organization\",\"@id\":\"https:\/\/tartarugas.net\/#organization\",\"name\":\"Tartarugas Espirito de Aventura\",\"url\":\"https:\/\/tartarugas.net\/\",\"logo\":{\"@type\":\"ImageObject\",\"inLanguage\":\"en-US\",\"@id\":\"https:\/\/tartarugas.net\/#\/schema\/logo\/image\/\",\"url\":\"https:\/\/tartarugas.net\/wp-content\/uploads\/2016\/08\/logo-retina.png\",\"contentUrl\":\"https:\/\/tartarugas.net\/wp-content\/uploads\/2016\/08\/logo-retina.png\",\"width\":360,\"height\":254,\"caption\":\"Tartarugas Espirito de Aventura\"},\"image\":{\"@id\":\"https:\/\/tartarugas.net\/#\/schema\/logo\/image\/\"},\"sameAs\":[\"https:\/\/www.facebook.com\/tartarugasaventura\/\",\"https:\/\/x.com\/_tartarugas\",\"http:\/\/www.instagram.com\/tartarugas.turismo\"]}]}<\/script>\n<!-- \/ Yoast SEO plugin. -->","yoast_head_json":{"title":"Pacote Rafting + Rapel de Cachoeira - Tartarugas Turismo de Aventura","description":"Pacote Rafting + Rapel de Cachoeira. Aventura! Nas f\u00e9rias, est\u00e1 tempo livre? Venha se divertir e aproveitar essa super oferta do Tartarugas Turismo.","robots":{"index":"index","follow":"follow","max-snippet":"max-snippet:-1","max-image-preview":"max-image-preview:large","max-video-preview":"max-video-preview:-1"},"canonical":"https:\/\/tartarugas.net\/en\/tours\/pacote-rafting-rapel-de-cachoeira-lp\/","og_locale":"en_US","og_type":"article","og_title":"Pacote Rafting + Rapel de Cachoeira - Tartarugas Turismo de Aventura","og_description":"Pacote Rafting + Rapel de Cachoeira. Aventura! Nas f\u00e9rias, est\u00e1 tempo livre? Venha se divertir e aproveitar essa super oferta do Tartarugas Turismo.","og_url":"https:\/\/tartarugas.net\/en\/tours\/pacote-rafting-rapel-de-cachoeira-lp\/","og_site_name":"Tartarugas Espirito de Aventura","article_publisher":"https:\/\/www.facebook.com\/tartarugasaventura\/","article_modified_time":"2024-11-04T01:56:42+00:00","og_image":[{"width":2048,"height":1362,"url":"https:\/\/tartarugas.net\/wp-content\/uploads\/2016\/12\/DSC_0083.jpg","type":"image\/jpeg"}],"twitter_card":"summary_large_image","twitter_site":"@_tartarugas","twitter_misc":{"Est. reading time":"2 minutes"},"schema":{"@context":"https:\/\/schema.org","@graph":[{"@type":"WebPage","@id":"https:\/\/tartarugas.net\/tours\/pacote-rafting-rapel-de-cachoeira-lp\/","url":"https:\/\/tartarugas.net\/tours\/pacote-rafting-rapel-de-cachoeira-lp\/","name":"Pacote Rafting + Rapel de Cachoeira - Tartarugas Turismo de Aventura","isPartOf":{"@id":"https:\/\/tartarugas.net\/#website"},"primaryImageOfPage":{"@id":"https:\/\/tartarugas.net\/tours\/pacote-rafting-rapel-de-cachoeira-lp\/#primaryimage"},"image":{"@id":"https:\/\/tartarugas.net\/tours\/pacote-rafting-rapel-de-cachoeira-lp\/#primaryimage"},"thumbnailUrl":"https:\/\/tartarugas.net\/wp-content\/uploads\/2016\/12\/DSC_0083.jpg","datePublished":"2024-11-04T01:49:30+00:00","dateModified":"2024-11-04T01:56:42+00:00","description":"Pacote Rafting + Rapel de Cachoeira. Aventura! Nas f\u00e9rias, est\u00e1 tempo livre? Venha se divertir e aproveitar essa super oferta do Tartarugas Turismo.","breadcrumb":{"@id":"https:\/\/tartarugas.net\/tours\/pacote-rafting-rapel-de-cachoeira-lp\/#breadcrumb"},"inLanguage":"en-US","potentialAction":[{"@type":"ReadAction","target":["https:\/\/tartarugas.net\/tours\/pacote-rafting-rapel-de-cachoeira-lp\/"]}]},{"@type":"ImageObject","inLanguage":"en-US","@id":"https:\/\/tartarugas.net\/tours\/pacote-rafting-rapel-de-cachoeira-lp\/#primaryimage","url":"https:\/\/tartarugas.net\/wp-content\/uploads\/2016\/12\/DSC_0083.jpg","contentUrl":"https:\/\/tartarugas.net\/wp-content\/uploads\/2016\/12\/DSC_0083.jpg","width":2048,"height":1362},{"@type":"BreadcrumbList","@id":"https:\/\/tartarugas.net\/tours\/pacote-rafting-rapel-de-cachoeira-lp\/#breadcrumb","itemListElement":[{"@type":"ListItem","position":1,"name":"In\u00edcio","item":"https:\/\/tartarugas.net\/"},{"@type":"ListItem","position":2,"name":"Atividades","item":"https:\/\/tartarugas.net\/atividades\/"},{"@type":"ListItem","position":3,"name":"Pacote Rafting + Rapel de Cachoeira 90 metros"}]},{"@type":"WebSite","@id":"https:\/\/tartarugas.net\/#website","url":"https:\/\/tartarugas.net\/","name":"Tartarugas Espirito de Aventura","description":"Empresa especializada em Atvidades Outdoor ","publisher":{"@id":"https:\/\/tartarugas.net\/#organization"},"potentialAction":[{"@type":"SearchAction","target":{"@type":"EntryPoint","urlTemplate":"https:\/\/tartarugas.net\/?s={search_term_string}"},"query-input":{"@type":"PropertyValueSpecification","valueRequired":true,"valueName":"search_term_string"}}],"inLanguage":"en-US"},{"@type":"Organization","@id":"https:\/\/tartarugas.net\/#organization","name":"Tartarugas Espirito de Aventura","url":"https:\/\/tartarugas.net\/","logo":{"@type":"ImageObject","inLanguage":"en-US","@id":"https:\/\/tartarugas.net\/#\/schema\/logo\/image\/","url":"https:\/\/tartarugas.net\/wp-content\/uploads\/2016\/08\/logo-retina.png","contentUrl":"https:\/\/tartarugas.net\/wp-content\/uploads\/2016\/08\/logo-retina.png","width":360,"height":254,"caption":"Tartarugas Espirito de Aventura"},"image":{"@id":"https:\/\/tartarugas.net\/#\/schema\/logo\/image\/"},"sameAs":["https:\/\/www.facebook.com\/tartarugasaventura\/","https:\/\/x.com\/_tartarugas","http:\/\/www.instagram.com\/tartarugas.turismo"]}]}},"_links":{"self":[{"href":"https:\/\/tartarugas.net\/en\/wp-json\/wp\/v2\/product\/10591","targetHints":{"allow":["GET"]}}],"collection":[{"href":"https:\/\/tartarugas.net\/en\/wp-json\/wp\/v2\/product"}],"about":[{"href":"https:\/\/tartarugas.net\/en\/wp-json\/wp\/v2\/types\/product"}],"replies":[{"embeddable":true,"href":"https:\/\/tartarugas.net\/en\/wp-json\/wp\/v2\/comments?post=10591"}],"wp:featuredmedia":[{"embeddable":true,"href":"https:\/\/tartarugas.net\/en\/wp-json\/wp\/v2\/media\/5189"}],"wp:attachment":[{"href":"https:\/\/tartarugas.net\/en\/wp-json\/wp\/v2\/media?parent=10591"}],"wp:term":[{"taxonomy":"product_brand","embeddable":true,"href":"https:\/\/tartarugas.net\/en\/wp-json\/wp\/v2\/product_brand?post=10591"},{"taxonomy":"product_cat","embeddable":true,"href":"https:\/\/tartarugas.net\/en\/wp-json\/wp\/v2\/product_cat?post=10591"},{"taxonomy":"product_tag","embeddable":true,"href":"https:\/\/tartarugas.net\/en\/wp-json\/wp\/v2\/product_tag?post=10591"}],"curies":[{"name":"wp","href":"https:\/\/api.w.org\/{rel}","templated":true}]}}