{"id":1212,"date":"2016-08-24T16:33:29","date_gmt":"2016-08-24T19:33:29","guid":{"rendered":"http:\/\/tartarugas.net\/?post_type=product&#038;p=1212"},"modified":"2025-10-15T08:56:27","modified_gmt":"2025-10-15T11:56:27","slug":"arvorismo","status":"publish","type":"product","link":"https:\/\/tartarugas.net\/en\/tours\/arvorismo\/","title":{"rendered":"Arvorismo"},"content":{"rendered":"<div id=\"TA_socialButtonBubbles767\" class=\"TA_socialButtonBubbles\">\n<ul id=\"0cYsAZ2o2y\" class=\"TA_links 4Zes6o1MZLXt\">\n<li id=\"5XoXgzdMcy6J\" class=\"RKYEQ8\"><a href=\"https:\/\/www.tripadvisor.com\/Attraction_Review-g488173-d7688865-Reviews-Tartarugas-Santo_Amaro_da_Imperatriz_State_of_Santa_Catarina.html\" target=\"_blank\" rel=\"noopener\"><img decoding=\"async\" src=\"https:\/\/www.tripadvisor.com\/img\/cdsi\/img2\/branding\/socialWidget\/20x28_green-21693-2.png\" \/><\/a><\/li>\n<\/ul>\n<\/div>\n<p><script src=\"https:\/\/www.jscache.com\/wejs?wtype=socialButtonBubbles&amp;uniq=767&amp;locationId=7688865&amp;color=green&amp;size=rect&amp;lang=en_US&amp;display_version=2\"><\/script><\/p>\n<h2 style=\"text-align: center;\"><span style=\"color: #9e9602;\"><strong>Fa\u00e7a sua reserva via whats app agora!<\/strong><\/span><\/h2>\n<p style=\"text-align: center;\"><a href=\"https:\/\/api.whatsapp.com\/send?phone=5548996616751\" class=\"atbtn atbtn--default atbtn--large\">Reserve aqui<\/a><\/p>\n<h2 style=\"text-align: justify;\"><strong>Arvorismo em\u00a0Santo Amaro da Imperatriz<\/strong><\/h2>\n<p style=\"text-align: justify;\"><strong>Arvorismo<\/strong> \u00e9 uma atividade de aventura que oferece ao praticante a possibilidade de se locomover por percursos em altura, atrav\u00e9s de uma sequ\u00eancia de obst\u00e1culos desenvolvidos de forma acrob\u00e1tica e\/ou contemplativa, utilizando equipamentos e t\u00e9cnicas verticais.<\/p>\n<h3 class=\"orange\">Onde praticar Arvorismo em Florian\u00f3polis e regi\u00e3o?<\/h3>\n<p><strong>Base Caldas (Santo Amaro da Imperatriz) :<\/strong><br \/>\nO percurso da Base Caldas contempla um misto de atividades acrob\u00e1ticas e de contempla\u00e7\u00e3o da fauna e flora, rememorando a caracter\u00edstica do Arvorismo utilizada por pesquisadores. A principal caracter\u00edstica do percurso \u00e9 a funcionalidade porque atende aventureiros, desde a melhor idade at\u00e9 crian\u00e7as. Al\u00e9m da linda vista\u00a0 para serra do Tabuleiro, maior montanha do litoral catarinense.<\/p>\n<p><strong>Arvorismo:\u00a0<\/strong><\/p>\n<ul>\n<li>300 metros de extens\u00e3o (1 tirolesa);<\/li>\n<li>1:30h\u00a0 de atividade aproximadamente.<\/li>\n<li>Horarios : 10h 14h e 16h<\/li>\n<li>14 obst\u00e1culos;<\/li>\n<li>montado em Arvores Araucaria;<\/li>\n<li>Se\u00e7\u00e3o de treinamento;<\/li>\n<li>Grupo: m\u00ednimo 1 pessoa\/ m\u00e1ximo 18 pessoas.<\/li>\n<\/ul>\n<p>*Grupos acima da capacidade sob consulta*<\/p>\n<p><strong>Inclui:<\/strong><\/p>\n<ul>\n<li>Equipamentos de seguran\u00e7a;<\/li>\n<li>Condutores Especializados;<\/li>\n<li>Seguro Atividade.<\/li>\n<\/ul>\n<p><strong>O que levar para praticar o arvorismo :<\/strong><\/p>\n<ul>\n<li>CPF;<\/li>\n<li>Cal\u00e7ado fechado;<\/li>\n<li>Roupas leves;<\/li>\n<li>Prendedor de cabelo;<\/li>\n<li>Protetor solar;<\/li>\n<li>Repelente;<\/li>\n<\/ul>\n<p>*menores de idade devem estar acompanhado do respons\u00e1vel*<\/p>\n<p><strong>Restri\u00e7\u00f5es da atividade:<\/strong><\/p>\n<ul>\n<li>Crian\u00e7as com idade inferior\u00a0a 07 anos no percurso Adulto;<\/li>\n<li>Pessoas com peso superior a 120 kg;<\/li>\n<li>Utiliza\u00e7\u00e3o de acess\u00f3rio (brincos, pulseiras, colares);<\/li>\n<li>Cabelos soltos;<\/li>\n<li>Sand\u00e1lias ou cal\u00e7ados abertos;<\/li>\n<li>Qualquer acess\u00f3rio eletr\u00f4nico (celular, m\u00e1quina fotogr\u00e1fica, etc);<\/li>\n<li>Mulheres gestantes;<\/li>\n<\/ul>\n<p><strong>Restri\u00e7\u00e3o clim\u00e1tica:<\/strong><\/p>\n<ul>\n<li>Chuva intensa;<\/li>\n<li>Trovoadas;<\/li>\n<li>Ventania acentuada e\/ou raios;<\/li>\n<\/ul>\n<p class=\"orange\"><a class=\"orange\" href=\"http:\/\/www.plazahoteis.com.br\/caldasimperatriz\/br\/como-chegar\/\" target=\"_blank\" rel=\"noopener noreferrer\">Como chegar<\/a><\/p>\n<h2 style=\"text-align: center;\"><span style=\"color: #9e9602;\"><strong>Fa\u00e7a sua reserva via whats app agora!<\/strong><\/span><\/h2>\n<p style=\"text-align: center;\"><a href=\"https:\/\/api.whatsapp.com\/send?phone=554896616751\" class=\"atbtn atbtn--default atbtn--large\">Reserve aqui<\/a><\/p>\n<p>&nbsp;<\/p>","protected":false},"excerpt":{"rendered":"<p>Fa\u00e7a sua reserva via whats app agora! Arvorismo em\u00a0Santo Amaro da Imperatriz Arvorismo \u00e9 uma atividade de aventura que oferece ao praticante a possibilidade de se locomover por percursos em altura, atrav\u00e9s de uma sequ\u00eancia de obst\u00e1culos desenvolvidos de forma acrob\u00e1tica e\/ou contemplativa, utilizando equipamentos e t\u00e9cnicas verticais. Onde praticar Arvorismo em Florian\u00f3polis e regi\u00e3o?<\/p>\n<div class=\"padding-top text-center\"><a href=\"https:\/\/tartarugas.net\/en\/tours\/arvorismo\/\" class=\"atbtn atbtn--medium atbtn--rounded atbtn--transparent\">Ler mais<i class=\"atbtn__icon atbtn__icon--right fa fa-long-arrow-right\"><\/i><\/a><\/div>","protected":false},"featured_media":2890,"comment_status":"open","ping_status":"closed","template":"","meta":{"content-type":"","_joinchat":[]},"product_brand":[],"product_cat":[230,311],"product_tag":[],"class_list":{"0":"post-1212","1":"product","2":"type-product","3":"status-publish","4":"has-post-thumbnail","6":"product_cat-sem-categoria","7":"product_cat-caldas-da-imperatriz","8":"tour_category-arvorismo","10":"first","11":"instock","12":"virtual","13":"purchasable","14":"product-type-tour"},"yoast_head":"<!-- This site is optimized with the Yoast SEO plugin v26.9 - https:\/\/yoast.com\/product\/yoast-seo-wordpress\/ -->\n<title>Arvorismo em Caldas da Imperatriz - Tartarugas Turismo de Aventura<\/title>\n<meta name=\"description\" content=\"Arvorismo em Caldas da Imperatriz. Atividade de aventura em altura com uma sequ\u00eancia de obst\u00e1culos com 580 m de extens\u00e3o, 25 obst\u00e1culos, 2 tirolesas.\" \/>\n<meta name=\"robots\" content=\"index, follow, max-snippet:-1, max-image-preview:large, max-video-preview:-1\" \/>\n<link rel=\"canonical\" href=\"https:\/\/tartarugas.net\/en\/tours\/arvorismo\/\" \/>\n<meta property=\"og:locale\" content=\"en_US\" \/>\n<meta property=\"og:type\" content=\"article\" \/>\n<meta property=\"og:title\" content=\"Arvorismo em Caldas da Imperatriz - Tartarugas Turismo de Aventura\" \/>\n<meta property=\"og:description\" content=\"Arvorismo em Caldas da Imperatriz. Atividade de aventura em altura com uma sequ\u00eancia de obst\u00e1culos com 580 m de extens\u00e3o, 25 obst\u00e1culos, 2 tirolesas.\" \/>\n<meta property=\"og:url\" content=\"https:\/\/tartarugas.net\/en\/tours\/arvorismo\/\" \/>\n<meta property=\"og:site_name\" content=\"Tartarugas Espirito de Aventura\" \/>\n<meta property=\"article:publisher\" content=\"https:\/\/www.facebook.com\/tartarugasaventura\/\" \/>\n<meta property=\"article:modified_time\" content=\"2025-10-15T11:56:27+00:00\" \/>\n<meta property=\"og:image\" content=\"https:\/\/tartarugas.net\/wp-content\/uploads\/2016\/08\/DSC_0059.jpg\" \/>\n\t<meta property=\"og:image:width\" content=\"1000\" \/>\n\t<meta property=\"og:image:height\" content=\"354\" \/>\n\t<meta property=\"og:image:type\" content=\"image\/jpeg\" \/>\n<meta name=\"twitter:card\" content=\"summary_large_image\" \/>\n<meta name=\"twitter:site\" content=\"@_tartarugas\" \/>\n<meta name=\"twitter:label1\" content=\"Est. reading time\" \/>\n\t<meta name=\"twitter:data1\" content=\"2 minutes\" \/>\n<script type=\"application\/ld+json\" class=\"yoast-schema-graph\">{\"@context\":\"https:\/\/schema.org\",\"@graph\":[{\"@type\":\"WebPage\",\"@id\":\"https:\/\/tartarugas.net\/tours\/arvorismo\/\",\"url\":\"https:\/\/tartarugas.net\/tours\/arvorismo\/\",\"name\":\"Arvorismo em Caldas da Imperatriz - Tartarugas Turismo de Aventura\",\"isPartOf\":{\"@id\":\"https:\/\/tartarugas.net\/#website\"},\"primaryImageOfPage\":{\"@id\":\"https:\/\/tartarugas.net\/tours\/arvorismo\/#primaryimage\"},\"image\":{\"@id\":\"https:\/\/tartarugas.net\/tours\/arvorismo\/#primaryimage\"},\"thumbnailUrl\":\"https:\/\/tartarugas.net\/wp-content\/uploads\/2016\/08\/DSC_0059.jpg\",\"datePublished\":\"2016-08-24T19:33:29+00:00\",\"dateModified\":\"2025-10-15T11:56:27+00:00\",\"description\":\"Arvorismo em Caldas da Imperatriz. Atividade de aventura em altura com uma sequ\u00eancia de obst\u00e1culos com 580 m de extens\u00e3o, 25 obst\u00e1culos, 2 tirolesas.\",\"breadcrumb\":{\"@id\":\"https:\/\/tartarugas.net\/tours\/arvorismo\/#breadcrumb\"},\"inLanguage\":\"en-US\",\"potentialAction\":[{\"@type\":\"ReadAction\",\"target\":[\"https:\/\/tartarugas.net\/tours\/arvorismo\/\"]}]},{\"@type\":\"ImageObject\",\"inLanguage\":\"en-US\",\"@id\":\"https:\/\/tartarugas.net\/tours\/arvorismo\/#primaryimage\",\"url\":\"https:\/\/tartarugas.net\/wp-content\/uploads\/2016\/08\/DSC_0059.jpg\",\"contentUrl\":\"https:\/\/tartarugas.net\/wp-content\/uploads\/2016\/08\/DSC_0059.jpg\",\"width\":1000,\"height\":354,\"caption\":\"Arvorismo\"},{\"@type\":\"BreadcrumbList\",\"@id\":\"https:\/\/tartarugas.net\/tours\/arvorismo\/#breadcrumb\",\"itemListElement\":[{\"@type\":\"ListItem\",\"position\":1,\"name\":\"In\u00edcio\",\"item\":\"https:\/\/tartarugas.net\/\"},{\"@type\":\"ListItem\",\"position\":2,\"name\":\"Atividades\",\"item\":\"https:\/\/tartarugas.net\/atividades\/\"},{\"@type\":\"ListItem\",\"position\":3,\"name\":\"Arvorismo\"}]},{\"@type\":\"WebSite\",\"@id\":\"https:\/\/tartarugas.net\/#website\",\"url\":\"https:\/\/tartarugas.net\/\",\"name\":\"Tartarugas Espirito de Aventura\",\"description\":\"Empresa especializada em Atvidades Outdoor \",\"publisher\":{\"@id\":\"https:\/\/tartarugas.net\/#organization\"},\"potentialAction\":[{\"@type\":\"SearchAction\",\"target\":{\"@type\":\"EntryPoint\",\"urlTemplate\":\"https:\/\/tartarugas.net\/?s={search_term_string}\"},\"query-input\":{\"@type\":\"PropertyValueSpecification\",\"valueRequired\":true,\"valueName\":\"search_term_string\"}}],\"inLanguage\":\"en-US\"},{\"@type\":\"Organization\",\"@id\":\"https:\/\/tartarugas.net\/#organization\",\"name\":\"Tartarugas Espirito de Aventura\",\"url\":\"https:\/\/tartarugas.net\/\",\"logo\":{\"@type\":\"ImageObject\",\"inLanguage\":\"en-US\",\"@id\":\"https:\/\/tartarugas.net\/#\/schema\/logo\/image\/\",\"url\":\"https:\/\/tartarugas.net\/wp-content\/uploads\/2016\/08\/logo-retina.png\",\"contentUrl\":\"https:\/\/tartarugas.net\/wp-content\/uploads\/2016\/08\/logo-retina.png\",\"width\":360,\"height\":254,\"caption\":\"Tartarugas Espirito de Aventura\"},\"image\":{\"@id\":\"https:\/\/tartarugas.net\/#\/schema\/logo\/image\/\"},\"sameAs\":[\"https:\/\/www.facebook.com\/tartarugasaventura\/\",\"https:\/\/x.com\/_tartarugas\",\"http:\/\/www.instagram.com\/tartarugas.turismo\"]}]}<\/script>\n<!-- \/ Yoast SEO plugin. -->","yoast_head_json":{"title":"Arvorismo em Caldas da Imperatriz - Tartarugas Turismo de Aventura","description":"Arvorismo em Caldas da Imperatriz. Atividade de aventura em altura com uma sequ\u00eancia de obst\u00e1culos com 580 m de extens\u00e3o, 25 obst\u00e1culos, 2 tirolesas.","robots":{"index":"index","follow":"follow","max-snippet":"max-snippet:-1","max-image-preview":"max-image-preview:large","max-video-preview":"max-video-preview:-1"},"canonical":"https:\/\/tartarugas.net\/en\/tours\/arvorismo\/","og_locale":"en_US","og_type":"article","og_title":"Arvorismo em Caldas da Imperatriz - Tartarugas Turismo de Aventura","og_description":"Arvorismo em Caldas da Imperatriz. Atividade de aventura em altura com uma sequ\u00eancia de obst\u00e1culos com 580 m de extens\u00e3o, 25 obst\u00e1culos, 2 tirolesas.","og_url":"https:\/\/tartarugas.net\/en\/tours\/arvorismo\/","og_site_name":"Tartarugas Espirito de Aventura","article_publisher":"https:\/\/www.facebook.com\/tartarugasaventura\/","article_modified_time":"2025-10-15T11:56:27+00:00","og_image":[{"width":1000,"height":354,"url":"https:\/\/tartarugas.net\/wp-content\/uploads\/2016\/08\/DSC_0059.jpg","type":"image\/jpeg"}],"twitter_card":"summary_large_image","twitter_site":"@_tartarugas","twitter_misc":{"Est. reading time":"2 minutes"},"schema":{"@context":"https:\/\/schema.org","@graph":[{"@type":"WebPage","@id":"https:\/\/tartarugas.net\/tours\/arvorismo\/","url":"https:\/\/tartarugas.net\/tours\/arvorismo\/","name":"Arvorismo em Caldas da Imperatriz - Tartarugas Turismo de Aventura","isPartOf":{"@id":"https:\/\/tartarugas.net\/#website"},"primaryImageOfPage":{"@id":"https:\/\/tartarugas.net\/tours\/arvorismo\/#primaryimage"},"image":{"@id":"https:\/\/tartarugas.net\/tours\/arvorismo\/#primaryimage"},"thumbnailUrl":"https:\/\/tartarugas.net\/wp-content\/uploads\/2016\/08\/DSC_0059.jpg","datePublished":"2016-08-24T19:33:29+00:00","dateModified":"2025-10-15T11:56:27+00:00","description":"Arvorismo em Caldas da Imperatriz. Atividade de aventura em altura com uma sequ\u00eancia de obst\u00e1culos com 580 m de extens\u00e3o, 25 obst\u00e1culos, 2 tirolesas.","breadcrumb":{"@id":"https:\/\/tartarugas.net\/tours\/arvorismo\/#breadcrumb"},"inLanguage":"en-US","potentialAction":[{"@type":"ReadAction","target":["https:\/\/tartarugas.net\/tours\/arvorismo\/"]}]},{"@type":"ImageObject","inLanguage":"en-US","@id":"https:\/\/tartarugas.net\/tours\/arvorismo\/#primaryimage","url":"https:\/\/tartarugas.net\/wp-content\/uploads\/2016\/08\/DSC_0059.jpg","contentUrl":"https:\/\/tartarugas.net\/wp-content\/uploads\/2016\/08\/DSC_0059.jpg","width":1000,"height":354,"caption":"Arvorismo"},{"@type":"BreadcrumbList","@id":"https:\/\/tartarugas.net\/tours\/arvorismo\/#breadcrumb","itemListElement":[{"@type":"ListItem","position":1,"name":"In\u00edcio","item":"https:\/\/tartarugas.net\/"},{"@type":"ListItem","position":2,"name":"Atividades","item":"https:\/\/tartarugas.net\/atividades\/"},{"@type":"ListItem","position":3,"name":"Arvorismo"}]},{"@type":"WebSite","@id":"https:\/\/tartarugas.net\/#website","url":"https:\/\/tartarugas.net\/","name":"Tartarugas Espirito de Aventura","description":"Empresa especializada em Atvidades Outdoor ","publisher":{"@id":"https:\/\/tartarugas.net\/#organization"},"potentialAction":[{"@type":"SearchAction","target":{"@type":"EntryPoint","urlTemplate":"https:\/\/tartarugas.net\/?s={search_term_string}"},"query-input":{"@type":"PropertyValueSpecification","valueRequired":true,"valueName":"search_term_string"}}],"inLanguage":"en-US"},{"@type":"Organization","@id":"https:\/\/tartarugas.net\/#organization","name":"Tartarugas Espirito de Aventura","url":"https:\/\/tartarugas.net\/","logo":{"@type":"ImageObject","inLanguage":"en-US","@id":"https:\/\/tartarugas.net\/#\/schema\/logo\/image\/","url":"https:\/\/tartarugas.net\/wp-content\/uploads\/2016\/08\/logo-retina.png","contentUrl":"https:\/\/tartarugas.net\/wp-content\/uploads\/2016\/08\/logo-retina.png","width":360,"height":254,"caption":"Tartarugas Espirito de Aventura"},"image":{"@id":"https:\/\/tartarugas.net\/#\/schema\/logo\/image\/"},"sameAs":["https:\/\/www.facebook.com\/tartarugasaventura\/","https:\/\/x.com\/_tartarugas","http:\/\/www.instagram.com\/tartarugas.turismo"]}]}},"_links":{"self":[{"href":"https:\/\/tartarugas.net\/en\/wp-json\/wp\/v2\/product\/1212","targetHints":{"allow":["GET"]}}],"collection":[{"href":"https:\/\/tartarugas.net\/en\/wp-json\/wp\/v2\/product"}],"about":[{"href":"https:\/\/tartarugas.net\/en\/wp-json\/wp\/v2\/types\/product"}],"replies":[{"embeddable":true,"href":"https:\/\/tartarugas.net\/en\/wp-json\/wp\/v2\/comments?post=1212"}],"wp:featuredmedia":[{"embeddable":true,"href":"https:\/\/tartarugas.net\/en\/wp-json\/wp\/v2\/media\/2890"}],"wp:attachment":[{"href":"https:\/\/tartarugas.net\/en\/wp-json\/wp\/v2\/media?parent=1212"}],"wp:term":[{"taxonomy":"product_brand","embeddable":true,"href":"https:\/\/tartarugas.net\/en\/wp-json\/wp\/v2\/product_brand?post=1212"},{"taxonomy":"product_cat","embeddable":true,"href":"https:\/\/tartarugas.net\/en\/wp-json\/wp\/v2\/product_cat?post=1212"},{"taxonomy":"product_tag","embeddable":true,"href":"https:\/\/tartarugas.net\/en\/wp-json\/wp\/v2\/product_tag?post=1212"}],"curies":[{"name":"wp","href":"https:\/\/api.w.org\/{rel}","templated":true}]}}