{"id":1222,"date":"2016-08-26T09:52:53","date_gmt":"2016-08-26T12:52:53","guid":{"rendered":"http:\/\/tartarugas.net\/?post_type=product&#038;p=1222"},"modified":"2025-10-15T09:22:23","modified_gmt":"2025-10-15T12:22:23","slug":"rapel-de-cachoeira-kids","status":"publish","type":"product","link":"https:\/\/tartarugas.net\/en\/tours\/rapel-de-cachoeira-kids\/","title":{"rendered":"Rapel de Cachoeira Kids"},"content":{"rendered":"<div id=\"TA_socialButtonBubbles767\" class=\"TA_socialButtonBubbles\">\n<ul id=\"0cYsAZ2o2y\" class=\"TA_links 4Zes6o1MZLXt\">\n<li id=\"5XoXgzdMcy6J\" class=\"RKYEQ8\"><a href=\"https:\/\/www.tripadvisor.com\/Attraction_Review-g488173-d7688865-Reviews-Tartarugas-Santo_Amaro_da_Imperatriz_State_of_Santa_Catarina.html\" target=\"_blank\" rel=\"noopener\"><img decoding=\"async\" src=\"https:\/\/www.tripadvisor.com\/img\/cdsi\/img2\/branding\/socialWidget\/20x28_green-21693-2.png\" \/><\/a><\/li>\n<\/ul>\n<\/div>\n<p><script src=\"https:\/\/www.jscache.com\/wejs?wtype=socialButtonBubbles&amp;uniq=767&amp;locationId=7688865&amp;color=green&amp;size=rect&amp;lang=en_US&amp;display_version=2\"><\/script><\/p>\n<h2 style=\"text-align: center;\"><span style=\"color: #9e9602;\"><strong>Fa\u00e7a sua reserva via whats app agora!<\/strong><\/span><\/h2>\n<p style=\"text-align: center;\"><a href=\"https:\/\/api.whatsapp.com\/send?phone=554896616751\" class=\"atbtn atbtn--default atbtn--large\">Reserve aqui<\/a><\/p>\n<h2>Rapel de Cachoeira Kids (para crian\u00e7as):<\/h2>\n<p><strong style=\"text-align: justify;\">Rapel de Cachoeira Kids<\/strong>\u00a0\u00e9 a descida de quedas d\u2019\u00e1gua, seguindo ou n\u00e3o o curso d\u2019\u00e1gua, usando t\u00e9cnicas verticais adaptadas para os pequeninos. Sua pr\u00e1tica requer alguns equipamentos espec\u00edficos para as descidas.<\/p>\n<h3>Onde encontrear aventura para Crian\u00e7as?<\/h3>\n<p><strong>A Tartarugas<\/strong> tem uma preocupa\u00e7\u00e3o especial com os baixinhos. E para inserir essa galerinha em atividades ao ar livre e no contato com a natureza, pensamos em aventura para crian\u00e7as, como o Rapel de Cachoeira Kids. Tendo a possibilidade de viver uma aventura radical, emo\u00e7\u00e3o essa que levar\u00e3o para o resto da vida!<\/p>\n<p><strong>Base Caldas:<\/strong><\/p>\n<p>No munic\u00edpio de Santo Amaro, dentro do Resort &amp; Spa Caldas da Imperatriz. A Cachoeira PLAZA tem os seguintes dados:<\/p>\n<p><strong>Rapel de Cachoeira Kids:<\/strong><\/p>\n<ul>\n<li>15 metros de altura;<\/li>\n<li>01 hora de atividade (aprox);<\/li>\n<li>Idade m\u00ednima de 4 anos;<\/li>\n<li>Grupo: m\u00ednimo &#8211; 1 pessoas \/ m\u00e1ximo 15 &#8211; pessoas;<\/li>\n<\/ul>\n<p><strong>Inclui:<\/strong><\/p>\n<ul>\n<li>Equipamentos de seguran\u00e7a;<\/li>\n<li>Condutores Especializados;<\/li>\n<li>Seguro Atividade;<\/li>\n<li>Aluguel de roupa neoprene*;<\/li>\n<\/ul>\n<p><strong>O que levar para viver essa aventura:<\/strong><\/p>\n<ul>\n<li>CPF;<\/li>\n<li>Respons\u00e1veis;<\/li>\n<li>T\u00eanis;<\/li>\n<li>Protetor solar;<\/li>\n<li>Repelente;<\/li>\n<li>Toalha;<\/li>\n<li>Cal\u00e7ado extra e roupa extra (para depois da atividade);<\/li>\n<li>Respons\u00e1vel;<\/li>\n<\/ul>\n<p><strong>Restri\u00e7\u00e3o da atividade:<\/strong><\/p>\n<ul>\n<li>Idade m\u00ednima: 4 anos;<\/li>\n<li>Utiliza\u00e7\u00e3o de acess\u00f3rios (brincos, pulseiras, correntes);<\/li>\n<li>Cabelos soltos;<\/li>\n<li>Cal\u00e7ados inapropriados;<\/li>\n<li>N\u00e3o estar acompanhado do respons\u00e1vel;<\/li>\n<\/ul>\n<p><strong>Restri\u00e7\u00e3o clim\u00e1tica:<\/strong><\/p>\n<ul>\n<li>Chuva intensa;<\/li>\n<li>Trovoadas e raios;<\/li>\n<li>N\u00edvel do rio acima de 1,20 m;<\/li>\n<\/ul>\n<h2 style=\"text-align: center;\"><span style=\"color: #9e9602;\"><strong>Fa\u00e7a sua reserva via whats app agora!<\/strong><\/span><\/h2>\n<p style=\"text-align: center;\"><a href=\"https:\/\/api.whatsapp.com\/send?phone=554896616751\" class=\"atbtn atbtn--default atbtn--large\">Reserve aqui<\/a><\/p>\n<p>&nbsp;<\/p>\n<p><a class=\"orange\" href=\"http:\/\/maps.google.com.br\/maps?q=Rod.+Princesa+Leopoldina,+3355+|+Bairro+Caldas+da+Imperatriz+CEP:+88140-000+|+Santo+Amaro+da+Imperatriz+%E2%80%93+SC&amp;hl=pt-BR&amp;ie=UTF8&amp;ll=-27.719397,-48.815174&amp;spn=0.084338,0.153809&amp;sll=-27.730717,-48.811226&amp;sspn=0.043988,0.076904&amp;vpsrc=6&amp;hq=Rod.+Princesa+Leopoldina,+3355+|+Bairro+Caldas+da+Imperatriz+CEP:+88140-000+|+Santo+Amaro+da+Imperatriz+%E2%80%93+SC&amp;radius=15000&amp;t=m&amp;z=13&amp;iwloc=H\" target=\"_blank\" rel=\"noopener noreferrer\">Ver mapa de localiza\u00e7\u00e3o<\/a><\/p>\n<p><strong>\u00a0<\/strong><\/p>","protected":false},"excerpt":{"rendered":"<p>Fa\u00e7a sua reserva via whats app agora! Rapel de Cachoeira Kids (para crian\u00e7as): Rapel de Cachoeira Kids\u00a0\u00e9 a descida de quedas d\u2019\u00e1gua, seguindo ou n\u00e3o o curso d\u2019\u00e1gua, usando t\u00e9cnicas verticais adaptadas para os pequeninos. Sua pr\u00e1tica requer alguns equipamentos espec\u00edficos para as descidas. Onde encontrear aventura para Crian\u00e7as? A Tartarugas tem uma preocupa\u00e7\u00e3o especial<\/p>\n<div class=\"padding-top text-center\"><a href=\"https:\/\/tartarugas.net\/en\/tours\/rapel-de-cachoeira-kids\/\" class=\"atbtn atbtn--medium atbtn--rounded atbtn--transparent\">Ler mais<i class=\"atbtn__icon atbtn__icon--right fa fa-long-arrow-right\"><\/i><\/a><\/div>","protected":false},"featured_media":2970,"comment_status":"open","ping_status":"closed","template":"","meta":{"content-type":"","_joinchat":[]},"product_brand":[],"product_cat":[230],"product_tag":[],"class_list":{"0":"post-1222","1":"product","2":"type-product","3":"status-publish","4":"has-post-thumbnail","6":"product_cat-sem-categoria","7":"tour_category-aventura-kids","8":"tour_category-rapel-de-cachoeira","10":"first","11":"instock","12":"shipping-taxable","13":"purchasable","14":"product-type-tour"},"yoast_head":"<!-- This site is optimized with the Yoast SEO plugin v26.9 - https:\/\/yoast.com\/product\/yoast-seo-wordpress\/ -->\n<title>Rapel de Cachoeira - Tartarugas Turismo de Aventura - Plaza Caldas<\/title>\n<meta name=\"description\" content=\"Rapel de Cachoeira kids \u00e9 a descida de quedas d\u2019\u00e1gua, seguindo ou n\u00e3o o curso d\u2019\u00e1gua, usando t\u00e9cnicas verticais adaptadas para os pequeninos. Plaza Caldas.\" \/>\n<meta name=\"robots\" content=\"index, follow, max-snippet:-1, max-image-preview:large, max-video-preview:-1\" \/>\n<link rel=\"canonical\" href=\"https:\/\/tartarugas.net\/en\/tours\/rapel-de-cachoeira-kids\/\" \/>\n<meta property=\"og:locale\" content=\"en_US\" \/>\n<meta property=\"og:type\" content=\"article\" \/>\n<meta property=\"og:title\" content=\"Rapel de Cachoeira - Tartarugas Turismo de Aventura - Plaza Caldas\" \/>\n<meta property=\"og:description\" content=\"Rapel de Cachoeira kids \u00e9 a descida de quedas d\u2019\u00e1gua, seguindo ou n\u00e3o o curso d\u2019\u00e1gua, usando t\u00e9cnicas verticais adaptadas para os pequeninos. Plaza Caldas.\" \/>\n<meta property=\"og:url\" content=\"https:\/\/tartarugas.net\/en\/tours\/rapel-de-cachoeira-kids\/\" \/>\n<meta property=\"og:site_name\" content=\"Tartarugas Espirito de Aventura\" \/>\n<meta property=\"article:publisher\" content=\"https:\/\/www.facebook.com\/tartarugasaventura\/\" \/>\n<meta property=\"article:modified_time\" content=\"2025-10-15T12:22:23+00:00\" \/>\n<meta property=\"og:image\" content=\"https:\/\/tartarugas.net\/wp-content\/uploads\/2016\/08\/3.jpg\" \/>\n\t<meta property=\"og:image:width\" content=\"1500\" \/>\n\t<meta property=\"og:image:height\" content=\"659\" \/>\n\t<meta property=\"og:image:type\" content=\"image\/jpeg\" \/>\n<meta name=\"twitter:card\" content=\"summary_large_image\" \/>\n<meta name=\"twitter:site\" content=\"@_tartarugas\" \/>\n<meta name=\"twitter:label1\" content=\"Est. reading time\" \/>\n\t<meta name=\"twitter:data1\" content=\"2 minutes\" \/>\n<script type=\"application\/ld+json\" class=\"yoast-schema-graph\">{\"@context\":\"https:\/\/schema.org\",\"@graph\":[{\"@type\":\"WebPage\",\"@id\":\"https:\/\/tartarugas.net\/tours\/rapel-de-cachoeira-kids\/\",\"url\":\"https:\/\/tartarugas.net\/tours\/rapel-de-cachoeira-kids\/\",\"name\":\"Rapel de Cachoeira - Tartarugas Turismo de Aventura - Plaza Caldas\",\"isPartOf\":{\"@id\":\"https:\/\/tartarugas.net\/#website\"},\"primaryImageOfPage\":{\"@id\":\"https:\/\/tartarugas.net\/tours\/rapel-de-cachoeira-kids\/#primaryimage\"},\"image\":{\"@id\":\"https:\/\/tartarugas.net\/tours\/rapel-de-cachoeira-kids\/#primaryimage\"},\"thumbnailUrl\":\"https:\/\/tartarugas.net\/wp-content\/uploads\/2016\/08\/3.jpg\",\"datePublished\":\"2016-08-26T12:52:53+00:00\",\"dateModified\":\"2025-10-15T12:22:23+00:00\",\"description\":\"Rapel de Cachoeira kids \u00e9 a descida de quedas d\u2019\u00e1gua, seguindo ou n\u00e3o o curso d\u2019\u00e1gua, usando t\u00e9cnicas verticais adaptadas para os pequeninos. Plaza Caldas.\",\"breadcrumb\":{\"@id\":\"https:\/\/tartarugas.net\/tours\/rapel-de-cachoeira-kids\/#breadcrumb\"},\"inLanguage\":\"en-US\",\"potentialAction\":[{\"@type\":\"ReadAction\",\"target\":[\"https:\/\/tartarugas.net\/tours\/rapel-de-cachoeira-kids\/\"]}]},{\"@type\":\"ImageObject\",\"inLanguage\":\"en-US\",\"@id\":\"https:\/\/tartarugas.net\/tours\/rapel-de-cachoeira-kids\/#primaryimage\",\"url\":\"https:\/\/tartarugas.net\/wp-content\/uploads\/2016\/08\/3.jpg\",\"contentUrl\":\"https:\/\/tartarugas.net\/wp-content\/uploads\/2016\/08\/3.jpg\",\"width\":1500,\"height\":659},{\"@type\":\"BreadcrumbList\",\"@id\":\"https:\/\/tartarugas.net\/tours\/rapel-de-cachoeira-kids\/#breadcrumb\",\"itemListElement\":[{\"@type\":\"ListItem\",\"position\":1,\"name\":\"In\u00edcio\",\"item\":\"https:\/\/tartarugas.net\/\"},{\"@type\":\"ListItem\",\"position\":2,\"name\":\"Atividades\",\"item\":\"https:\/\/tartarugas.net\/atividades\/\"},{\"@type\":\"ListItem\",\"position\":3,\"name\":\"Rapel de Cachoeira Kids\"}]},{\"@type\":\"WebSite\",\"@id\":\"https:\/\/tartarugas.net\/#website\",\"url\":\"https:\/\/tartarugas.net\/\",\"name\":\"Tartarugas Espirito de Aventura\",\"description\":\"Empresa especializada em Atvidades Outdoor \",\"publisher\":{\"@id\":\"https:\/\/tartarugas.net\/#organization\"},\"potentialAction\":[{\"@type\":\"SearchAction\",\"target\":{\"@type\":\"EntryPoint\",\"urlTemplate\":\"https:\/\/tartarugas.net\/?s={search_term_string}\"},\"query-input\":{\"@type\":\"PropertyValueSpecification\",\"valueRequired\":true,\"valueName\":\"search_term_string\"}}],\"inLanguage\":\"en-US\"},{\"@type\":\"Organization\",\"@id\":\"https:\/\/tartarugas.net\/#organization\",\"name\":\"Tartarugas Espirito de Aventura\",\"url\":\"https:\/\/tartarugas.net\/\",\"logo\":{\"@type\":\"ImageObject\",\"inLanguage\":\"en-US\",\"@id\":\"https:\/\/tartarugas.net\/#\/schema\/logo\/image\/\",\"url\":\"https:\/\/tartarugas.net\/wp-content\/uploads\/2016\/08\/logo-retina.png\",\"contentUrl\":\"https:\/\/tartarugas.net\/wp-content\/uploads\/2016\/08\/logo-retina.png\",\"width\":360,\"height\":254,\"caption\":\"Tartarugas Espirito de Aventura\"},\"image\":{\"@id\":\"https:\/\/tartarugas.net\/#\/schema\/logo\/image\/\"},\"sameAs\":[\"https:\/\/www.facebook.com\/tartarugasaventura\/\",\"https:\/\/x.com\/_tartarugas\",\"http:\/\/www.instagram.com\/tartarugas.turismo\"]}]}<\/script>\n<!-- \/ Yoast SEO plugin. -->","yoast_head_json":{"title":"Rapel de Cachoeira - Tartarugas Turismo de Aventura - Plaza Caldas","description":"Rapel de Cachoeira kids \u00e9 a descida de quedas d\u2019\u00e1gua, seguindo ou n\u00e3o o curso d\u2019\u00e1gua, usando t\u00e9cnicas verticais adaptadas para os pequeninos. Plaza Caldas.","robots":{"index":"index","follow":"follow","max-snippet":"max-snippet:-1","max-image-preview":"max-image-preview:large","max-video-preview":"max-video-preview:-1"},"canonical":"https:\/\/tartarugas.net\/en\/tours\/rapel-de-cachoeira-kids\/","og_locale":"en_US","og_type":"article","og_title":"Rapel de Cachoeira - Tartarugas Turismo de Aventura - Plaza Caldas","og_description":"Rapel de Cachoeira kids \u00e9 a descida de quedas d\u2019\u00e1gua, seguindo ou n\u00e3o o curso d\u2019\u00e1gua, usando t\u00e9cnicas verticais adaptadas para os pequeninos. Plaza Caldas.","og_url":"https:\/\/tartarugas.net\/en\/tours\/rapel-de-cachoeira-kids\/","og_site_name":"Tartarugas Espirito de Aventura","article_publisher":"https:\/\/www.facebook.com\/tartarugasaventura\/","article_modified_time":"2025-10-15T12:22:23+00:00","og_image":[{"width":1500,"height":659,"url":"https:\/\/tartarugas.net\/wp-content\/uploads\/2016\/08\/3.jpg","type":"image\/jpeg"}],"twitter_card":"summary_large_image","twitter_site":"@_tartarugas","twitter_misc":{"Est. reading time":"2 minutes"},"schema":{"@context":"https:\/\/schema.org","@graph":[{"@type":"WebPage","@id":"https:\/\/tartarugas.net\/tours\/rapel-de-cachoeira-kids\/","url":"https:\/\/tartarugas.net\/tours\/rapel-de-cachoeira-kids\/","name":"Rapel de Cachoeira - Tartarugas Turismo de Aventura - Plaza Caldas","isPartOf":{"@id":"https:\/\/tartarugas.net\/#website"},"primaryImageOfPage":{"@id":"https:\/\/tartarugas.net\/tours\/rapel-de-cachoeira-kids\/#primaryimage"},"image":{"@id":"https:\/\/tartarugas.net\/tours\/rapel-de-cachoeira-kids\/#primaryimage"},"thumbnailUrl":"https:\/\/tartarugas.net\/wp-content\/uploads\/2016\/08\/3.jpg","datePublished":"2016-08-26T12:52:53+00:00","dateModified":"2025-10-15T12:22:23+00:00","description":"Rapel de Cachoeira kids \u00e9 a descida de quedas d\u2019\u00e1gua, seguindo ou n\u00e3o o curso d\u2019\u00e1gua, usando t\u00e9cnicas verticais adaptadas para os pequeninos. Plaza Caldas.","breadcrumb":{"@id":"https:\/\/tartarugas.net\/tours\/rapel-de-cachoeira-kids\/#breadcrumb"},"inLanguage":"en-US","potentialAction":[{"@type":"ReadAction","target":["https:\/\/tartarugas.net\/tours\/rapel-de-cachoeira-kids\/"]}]},{"@type":"ImageObject","inLanguage":"en-US","@id":"https:\/\/tartarugas.net\/tours\/rapel-de-cachoeira-kids\/#primaryimage","url":"https:\/\/tartarugas.net\/wp-content\/uploads\/2016\/08\/3.jpg","contentUrl":"https:\/\/tartarugas.net\/wp-content\/uploads\/2016\/08\/3.jpg","width":1500,"height":659},{"@type":"BreadcrumbList","@id":"https:\/\/tartarugas.net\/tours\/rapel-de-cachoeira-kids\/#breadcrumb","itemListElement":[{"@type":"ListItem","position":1,"name":"In\u00edcio","item":"https:\/\/tartarugas.net\/"},{"@type":"ListItem","position":2,"name":"Atividades","item":"https:\/\/tartarugas.net\/atividades\/"},{"@type":"ListItem","position":3,"name":"Rapel de Cachoeira Kids"}]},{"@type":"WebSite","@id":"https:\/\/tartarugas.net\/#website","url":"https:\/\/tartarugas.net\/","name":"Tartarugas Espirito de Aventura","description":"Empresa especializada em Atvidades Outdoor ","publisher":{"@id":"https:\/\/tartarugas.net\/#organization"},"potentialAction":[{"@type":"SearchAction","target":{"@type":"EntryPoint","urlTemplate":"https:\/\/tartarugas.net\/?s={search_term_string}"},"query-input":{"@type":"PropertyValueSpecification","valueRequired":true,"valueName":"search_term_string"}}],"inLanguage":"en-US"},{"@type":"Organization","@id":"https:\/\/tartarugas.net\/#organization","name":"Tartarugas Espirito de Aventura","url":"https:\/\/tartarugas.net\/","logo":{"@type":"ImageObject","inLanguage":"en-US","@id":"https:\/\/tartarugas.net\/#\/schema\/logo\/image\/","url":"https:\/\/tartarugas.net\/wp-content\/uploads\/2016\/08\/logo-retina.png","contentUrl":"https:\/\/tartarugas.net\/wp-content\/uploads\/2016\/08\/logo-retina.png","width":360,"height":254,"caption":"Tartarugas Espirito de Aventura"},"image":{"@id":"https:\/\/tartarugas.net\/#\/schema\/logo\/image\/"},"sameAs":["https:\/\/www.facebook.com\/tartarugasaventura\/","https:\/\/x.com\/_tartarugas","http:\/\/www.instagram.com\/tartarugas.turismo"]}]}},"_links":{"self":[{"href":"https:\/\/tartarugas.net\/en\/wp-json\/wp\/v2\/product\/1222","targetHints":{"allow":["GET"]}}],"collection":[{"href":"https:\/\/tartarugas.net\/en\/wp-json\/wp\/v2\/product"}],"about":[{"href":"https:\/\/tartarugas.net\/en\/wp-json\/wp\/v2\/types\/product"}],"replies":[{"embeddable":true,"href":"https:\/\/tartarugas.net\/en\/wp-json\/wp\/v2\/comments?post=1222"}],"wp:featuredmedia":[{"embeddable":true,"href":"https:\/\/tartarugas.net\/en\/wp-json\/wp\/v2\/media\/2970"}],"wp:attachment":[{"href":"https:\/\/tartarugas.net\/en\/wp-json\/wp\/v2\/media?parent=1222"}],"wp:term":[{"taxonomy":"product_brand","embeddable":true,"href":"https:\/\/tartarugas.net\/en\/wp-json\/wp\/v2\/product_brand?post=1222"},{"taxonomy":"product_cat","embeddable":true,"href":"https:\/\/tartarugas.net\/en\/wp-json\/wp\/v2\/product_cat?post=1222"},{"taxonomy":"product_tag","embeddable":true,"href":"https:\/\/tartarugas.net\/en\/wp-json\/wp\/v2\/product_tag?post=1222"}],"curies":[{"name":"wp","href":"https:\/\/api.w.org\/{rel}","templated":true}]}}