{"id":1228,"date":"2016-08-27T11:54:17","date_gmt":"2016-08-27T14:54:17","guid":{"rendered":"http:\/\/tartarugas.net\/?post_type=product&#038;p=1228"},"modified":"2025-10-15T09:18:41","modified_gmt":"2025-10-15T12:18:41","slug":"trekking-pico-do-cambirela","status":"publish","type":"product","link":"https:\/\/tartarugas.net\/en\/tours\/trekking-pico-do-cambirela\/","title":{"rendered":"Trekking Pico do Cambirela"},"content":{"rendered":"<div id=\"TA_socialButtonBubbles767\" class=\"TA_socialButtonBubbles\">\n<ul id=\"0cYsAZ2o2y\" class=\"TA_links 4Zes6o1MZLXt\">\n<li id=\"5XoXgzdMcy6J\" class=\"RKYEQ8\"><a href=\"https:\/\/www.tripadvisor.com\/Attraction_Review-g488173-d7688865-Reviews-Tartarugas-Santo_Amaro_da_Imperatriz_State_of_Santa_Catarina.html\" target=\"_blank\" rel=\"noopener\"><img decoding=\"async\" src=\"https:\/\/www.tripadvisor.com\/img\/cdsi\/img2\/branding\/socialWidget\/20x28_green-21693-2.png\" \/><\/a><\/li>\n<\/ul>\n<\/div>\n<p><script src=\"https:\/\/www.jscache.com\/wejs?wtype=socialButtonBubbles&amp;uniq=767&amp;locationId=7688865&amp;color=green&amp;size=rect&amp;lang=en_US&amp;display_version=2\"><\/script><\/p>\n<h2 style=\"text-align: justify;\">Trekking Pico do Cambirela<\/h2>\n<div style=\"width: 640px;\" class=\"wp-video\"><video class=\"wp-video-shortcode\" id=\"video-1228-1\" width=\"640\" height=\"352\" preload=\"metadata\" controls=\"controls\"><source type=\"video\/mp4\" src=\"https:\/\/tartarugas.net\/wp-content\/uploads\/2016\/08\/WhatsApp-Video-2021-06-15-at-19.21.37.mp4?_=1\" \/><a href=\"https:\/\/tartarugas.net\/wp-content\/uploads\/2016\/08\/WhatsApp-Video-2021-06-15-at-19.21.37.mp4\">https:\/\/tartarugas.net\/wp-content\/uploads\/2016\/08\/WhatsApp-Video-2021-06-15-at-19.21.37.mp4<\/a><\/video><\/div>\n<h2><\/h2>\n<h2 style=\"text-align: center;\"><span style=\"color: #9e9602;\"><strong>Fa\u00e7a sua reserva via whats app agora!<\/strong><\/span><\/h2>\n<p style=\"text-align: center;\"><a href=\"https:\/\/api.whatsapp.com\/send?phone=554896616751\" class=\"atbtn atbtn--default atbtn--large\">Reserve aqui<\/a><\/p>\n<p>&nbsp;<\/p>\n<p style=\"text-align: justify;\"><strong>Trekking <\/strong>\u00e9 uma caminhada por trilhas naturais, que permite ao praticante o contato \u00edntimo com as belas paisagens protagonizadas pela natureza. Os caminhos podem ser curtos ou longos, e variam no seu grau de dificuldade. A atividade proporciona momentos de valoriza\u00e7\u00e3o dos elementos essenciais da vida, podendo ser praticado por qualquer pessoa que queira fugir da rotina, superar desafios, explorar trajetos pouco ou nada conhecidos, contemplar a natureza ou simplesmente caminhar.<\/p>\n<p>O\u00a0<b>Morro do Cambirela<\/b>\u00a0\u00e9 uma\u00a0montanha\u00a0situada no\u00a0maci\u00e7o\u00a0de mesmo nome, no munic\u00edpio de\u00a0Palho\u00e7a, no estado de\u00a0Santa Catarina. Sua altitude \u00e9 de 1052 metros, o que o torna o\u00a0ponto culminante\u00a0do munic\u00edpio e da regi\u00e3o, destacando-se pelo fato de elevar-se praticamente a partir do n\u00edvel do mar at\u00e9 mais de um quilometro de altura. Est\u00e1 situado no\u00a0Parque Estadual da Serra do Tabuleiro\u00a0e domina toda a\u00a0Ba\u00eda Sul.<sup id=\"cite_ref-:1_2-0\" class=\"reference\"><\/sup><\/p>\n<p>Cercado de lendas, estima-se que tenha sido um\u00a0vulc\u00e3o\u00a0a 590 milh\u00f5es de anos atr\u00e1s. O Cambirela \u00e9 bastante procurado por praticantes de trilhas que desejam subir ao topo em busca da aventura e da vista \u00fanica do cume da montanha. \u00c9 tamb\u00e9m conhecido pelo acidente a\u00e9reo de 1949 e pela\u00a0neve de 2013, que acumulou no topo e surpreendeu os moradores da\u00a0Grande Florian\u00f3polis. Seu tamanho e import\u00e2ncia o levaram a ser representado por artistas como\u00a0Debret\u00a0e\u00a0Victor Meirelles\u00a0e a emprestar o nome para os mais diversos usos na\u00a0Grande Florian\u00f3polis.<\/p>\n<p>Segundo o dicion\u00e1rio\u00a0tupi-guarani, o nome Cambirela vem de\u00a0<i>kambi<\/i>, que significa &#8220;seios de leite&#8221; e\u00a0<i>reya<\/i>, que \u00e9 &#8220;muitos&#8221;, provavelmente uma refer\u00eancia aos v\u00e1rios picos do Maci\u00e7o do Cambirela e as nuvens e cachoeiras que embelezam o morro.<\/p>\n<p>Cambirela tamb\u00e9m passou a ser o nome do munic\u00edpio vizinho ao Morro do Cambirela,\u00a0Santo Amaro da Imperatriz, que era at\u00e9 ent\u00e3o chamada apenas de Santo Amaro, em 1941, quando a localidade foi elevada a vila e o governo emitiu um decreto pra eliminar nomes duplicados em cidades &#8211; haviam Santo Amaros em outros estados. Por\u00e9m, a rejei\u00e7\u00e3o da popula\u00e7\u00e3o levou a realiza\u00e7\u00e3o de um plebiscito que escolheu o nome atual, que foi oficializado em 1948<\/p>\n<h3 style=\"text-align: justify;\">Aonde encontrar guias aptos a subir o Morro do Cambirela?<\/h3>\n<p style=\"text-align: justify;\">A empresa Tartarugas Espirito de , disp\u00f5e de guias preparados e oferece a atividade de trekking para o Pico do Cambirela. Sendo praticada no Parque Estadual da Serra do Tabuleiro, maior unidade de conserva\u00e7\u00e3o de Santa Catarina. Ao longo das trilhas \u00e9 poss\u00edvel encontrar cursos de \u00e1guas cristalinas, paisagens exuberantes e mata nativa caracter\u00edstica da regi\u00e3o.<\/p>\n<p><strong>Pico do Cambirela<\/strong><\/p>\n<ul>\n<li>Segunda montanha mais alta do Parque do Tabuleiro;<\/li>\n<li>950 metros de altitude;<\/li>\n<li>Localizada no munic\u00edpio de Palho\u00e7a;<\/li>\n<li>Vista panor\u00e2mica privilegiada;<\/li>\n<li>Dura\u00e7\u00e3o de aproximadamente 08 horas (ida e volta);<\/li>\n<li>Grau de dificuldade &#8211; alto;<\/li>\n<li>Grupo m\u00ednimo de 8 pessoas;<\/li>\n<\/ul>\n<p><strong>Inclui:<\/strong><\/p>\n<ul>\n<li>Equipamentos de seguran\u00e7a;<\/li>\n<li>Condutores Especializados;<\/li>\n<li>Seguro Atividade;<\/li>\n<\/ul>\n<p><strong>O que levar:<\/strong><\/p>\n<ul>\n<li>CPF;<\/li>\n<li>T\u00eanis ou bota;<\/li>\n<li>Roupa confort\u00e1vel;<\/li>\n<li>Protetor solar;<\/li>\n<li>Repelente;<\/li>\n<li>Bon\u00e9 ou chap\u00e9u;<\/li>\n<li>\u00c1gua e alimentos;<\/li>\n<\/ul>\n<p>OBS: Levar apenas o necess\u00e1rio para evitar excesso de peso.<\/p>\n<p><strong>Restri\u00e7\u00f5es da atividade:<\/strong><\/p>\n<ul>\n<li>Mulheres gestantes;<\/li>\n<li>Roupas inadequadas;<\/li>\n<li>Sand\u00e1lias ou sapatos abertos;<\/li>\n<li>Pessoas que apresentam problemas cardiorrespirat\u00f3rios, musculares e \u00f3sseos;<\/li>\n<\/ul>\n<p><strong>Restri\u00e7\u00e3o clim\u00e1tica:<\/strong><\/p>\n<ul>\n<li>Chuva intensa;<\/li>\n<li>Trovoadas e raios;<\/li>\n<\/ul>\n<h2 style=\"text-align: center;\"><span style=\"color: #9e9602;\"><strong>Fa\u00e7a sua reserva via whats app agora!<\/strong><\/span><\/h2>\n<p style=\"text-align: center;\"><a href=\"https:\/\/api.whatsapp.com\/send?phone=554896616751\" class=\"atbtn atbtn--default atbtn--large\">Reserve aqui<\/a><\/p>\n<p><a class=\"orange\" href=\"http:\/\/maps.google.com.br\/maps?q=Rod.+Princesa+Leopoldina,+3355+|+Bairro+Caldas+da+Imperatriz+CEP:+88140-000+|+Santo+Amaro+da+Imperatriz+%E2%80%93+SC&amp;hl=pt-BR&amp;ie=UTF8&amp;ll=-27.719397,-48.815174&amp;spn=0.084338,0.153809&amp;sll=-27.730717,-48.811226&amp;sspn=0.043988,0.076904&amp;vpsrc=6&amp;hq=Rod.+Princesa+Leopoldina,+3355+|+Bairro+Caldas+da+Imperatriz+CEP:+88140-000+|+Santo+Amaro+da+Imperatriz+%E2%80%93+SC&amp;radius=15000&amp;t=m&amp;z=13&amp;iwloc=H\" target=\"_blank\" rel=\"noopener noreferrer\">Ver mapa de localiza\u00e7\u00e3o<\/a><\/p>","protected":false},"excerpt":{"rendered":"<p>Uma das mais belas montanhas do parque estadual da serra do tabuleiro com a belissima vista do mar proporciona o nascer do sol mais belo de Florianopolis\u00a0 tendo a oportunidade de ver a ilha sendo iluminada pelo astro rei.<\/p>","protected":false},"featured_media":10345,"comment_status":"open","ping_status":"closed","template":"","meta":{"content-type":"","_joinchat":[]},"product_brand":[],"product_cat":[230,312],"product_tag":[],"class_list":{"0":"post-1228","1":"product","2":"type-product","3":"status-publish","4":"has-post-thumbnail","6":"product_cat-sem-categoria","7":"product_cat-atividades-florianopolis","8":"tour_category-atividades-de-aventura-em-florianopolis","9":"tour_category-trekking","11":"first","12":"instock","13":"shipping-taxable","14":"purchasable","15":"product-type-tour"},"yoast_head":"<!-- This site is optimized with the Yoast SEO plugin v26.9 - https:\/\/yoast.com\/product\/yoast-seo-wordpress\/ -->\n<title>Trekking Pico do Cambirela - Tartarugas Espirito de Aventura -<\/title>\n<meta name=\"description\" content=\"Trekking no Pico do Cambirela - Segunda montanha mais alta do Parque do Tabuleiro, localizada h\u00e1 950 metros de altitude com vista panor\u00e2mica privilegiada.\" \/>\n<meta name=\"robots\" content=\"index, follow, max-snippet:-1, max-image-preview:large, max-video-preview:-1\" \/>\n<link rel=\"canonical\" href=\"https:\/\/tartarugas.net\/en\/tours\/trekking-pico-do-cambirela\/\" \/>\n<meta property=\"og:locale\" content=\"en_US\" \/>\n<meta property=\"og:type\" content=\"article\" \/>\n<meta property=\"og:title\" content=\"Trekking Pico do Cambirela - Tartarugas Espirito de Aventura -\" \/>\n<meta property=\"og:description\" content=\"Trekking no Pico do Cambirela - Segunda montanha mais alta do Parque do Tabuleiro, localizada h\u00e1 950 metros de altitude com vista panor\u00e2mica privilegiada.\" \/>\n<meta property=\"og:url\" content=\"https:\/\/tartarugas.net\/en\/tours\/trekking-pico-do-cambirela\/\" \/>\n<meta property=\"og:site_name\" content=\"Tartarugas Espirito de Aventura\" \/>\n<meta property=\"article:publisher\" content=\"https:\/\/www.facebook.com\/tartarugasaventura\/\" \/>\n<meta property=\"article:modified_time\" content=\"2025-10-15T12:18:41+00:00\" \/>\n<meta property=\"og:image\" content=\"https:\/\/tartarugas.net\/wp-content\/uploads\/2016\/08\/b6a8bc31-9ce8-40b3-8f3e-1eac875a6c25.jpg\" \/>\n\t<meta property=\"og:image:width\" content=\"1280\" \/>\n\t<meta property=\"og:image:height\" content=\"960\" \/>\n\t<meta property=\"og:image:type\" content=\"image\/jpeg\" \/>\n<meta name=\"twitter:card\" content=\"summary_large_image\" \/>\n<meta name=\"twitter:site\" content=\"@_tartarugas\" \/>\n<meta name=\"twitter:label1\" content=\"Est. reading time\" \/>\n\t<meta name=\"twitter:data1\" content=\"4 minutes\" \/>\n<script type=\"application\/ld+json\" class=\"yoast-schema-graph\">{\"@context\":\"https:\/\/schema.org\",\"@graph\":[{\"@type\":\"WebPage\",\"@id\":\"https:\/\/tartarugas.net\/tours\/trekking-pico-do-cambirela\/\",\"url\":\"https:\/\/tartarugas.net\/tours\/trekking-pico-do-cambirela\/\",\"name\":\"Trekking Pico do Cambirela - Tartarugas Espirito de Aventura -\",\"isPartOf\":{\"@id\":\"https:\/\/tartarugas.net\/#website\"},\"primaryImageOfPage\":{\"@id\":\"https:\/\/tartarugas.net\/tours\/trekking-pico-do-cambirela\/#primaryimage\"},\"image\":{\"@id\":\"https:\/\/tartarugas.net\/tours\/trekking-pico-do-cambirela\/#primaryimage\"},\"thumbnailUrl\":\"https:\/\/tartarugas.net\/wp-content\/uploads\/2016\/08\/b6a8bc31-9ce8-40b3-8f3e-1eac875a6c25.jpg\",\"datePublished\":\"2016-08-27T14:54:17+00:00\",\"dateModified\":\"2025-10-15T12:18:41+00:00\",\"description\":\"Trekking no Pico do Cambirela - Segunda montanha mais alta do Parque do Tabuleiro, localizada h\u00e1 950 metros de altitude com vista panor\u00e2mica privilegiada.\",\"breadcrumb\":{\"@id\":\"https:\/\/tartarugas.net\/tours\/trekking-pico-do-cambirela\/#breadcrumb\"},\"inLanguage\":\"en-US\",\"potentialAction\":[{\"@type\":\"ReadAction\",\"target\":[\"https:\/\/tartarugas.net\/tours\/trekking-pico-do-cambirela\/\"]}]},{\"@type\":\"ImageObject\",\"inLanguage\":\"en-US\",\"@id\":\"https:\/\/tartarugas.net\/tours\/trekking-pico-do-cambirela\/#primaryimage\",\"url\":\"https:\/\/tartarugas.net\/wp-content\/uploads\/2016\/08\/b6a8bc31-9ce8-40b3-8f3e-1eac875a6c25.jpg\",\"contentUrl\":\"https:\/\/tartarugas.net\/wp-content\/uploads\/2016\/08\/b6a8bc31-9ce8-40b3-8f3e-1eac875a6c25.jpg\",\"width\":1280,\"height\":960},{\"@type\":\"BreadcrumbList\",\"@id\":\"https:\/\/tartarugas.net\/tours\/trekking-pico-do-cambirela\/#breadcrumb\",\"itemListElement\":[{\"@type\":\"ListItem\",\"position\":1,\"name\":\"In\u00edcio\",\"item\":\"https:\/\/tartarugas.net\/\"},{\"@type\":\"ListItem\",\"position\":2,\"name\":\"Atividades\",\"item\":\"https:\/\/tartarugas.net\/atividades\/\"},{\"@type\":\"ListItem\",\"position\":3,\"name\":\"Trekking Pico do Cambirela\"}]},{\"@type\":\"WebSite\",\"@id\":\"https:\/\/tartarugas.net\/#website\",\"url\":\"https:\/\/tartarugas.net\/\",\"name\":\"Tartarugas Espirito de Aventura\",\"description\":\"Empresa especializada em Atvidades Outdoor \",\"publisher\":{\"@id\":\"https:\/\/tartarugas.net\/#organization\"},\"potentialAction\":[{\"@type\":\"SearchAction\",\"target\":{\"@type\":\"EntryPoint\",\"urlTemplate\":\"https:\/\/tartarugas.net\/?s={search_term_string}\"},\"query-input\":{\"@type\":\"PropertyValueSpecification\",\"valueRequired\":true,\"valueName\":\"search_term_string\"}}],\"inLanguage\":\"en-US\"},{\"@type\":\"Organization\",\"@id\":\"https:\/\/tartarugas.net\/#organization\",\"name\":\"Tartarugas Espirito de Aventura\",\"url\":\"https:\/\/tartarugas.net\/\",\"logo\":{\"@type\":\"ImageObject\",\"inLanguage\":\"en-US\",\"@id\":\"https:\/\/tartarugas.net\/#\/schema\/logo\/image\/\",\"url\":\"https:\/\/tartarugas.net\/wp-content\/uploads\/2016\/08\/logo-retina.png\",\"contentUrl\":\"https:\/\/tartarugas.net\/wp-content\/uploads\/2016\/08\/logo-retina.png\",\"width\":360,\"height\":254,\"caption\":\"Tartarugas Espirito de Aventura\"},\"image\":{\"@id\":\"https:\/\/tartarugas.net\/#\/schema\/logo\/image\/\"},\"sameAs\":[\"https:\/\/www.facebook.com\/tartarugasaventura\/\",\"https:\/\/x.com\/_tartarugas\",\"http:\/\/www.instagram.com\/tartarugas.turismo\"]}]}<\/script>\n<!-- \/ Yoast SEO plugin. -->","yoast_head_json":{"title":"Trekking Pico do Cambirela - Tartarugas Espirito de Aventura -","description":"Trekking no Pico do Cambirela - Segunda montanha mais alta do Parque do Tabuleiro, localizada h\u00e1 950 metros de altitude com vista panor\u00e2mica privilegiada.","robots":{"index":"index","follow":"follow","max-snippet":"max-snippet:-1","max-image-preview":"max-image-preview:large","max-video-preview":"max-video-preview:-1"},"canonical":"https:\/\/tartarugas.net\/en\/tours\/trekking-pico-do-cambirela\/","og_locale":"en_US","og_type":"article","og_title":"Trekking Pico do Cambirela - Tartarugas Espirito de Aventura -","og_description":"Trekking no Pico do Cambirela - Segunda montanha mais alta do Parque do Tabuleiro, localizada h\u00e1 950 metros de altitude com vista panor\u00e2mica privilegiada.","og_url":"https:\/\/tartarugas.net\/en\/tours\/trekking-pico-do-cambirela\/","og_site_name":"Tartarugas Espirito de Aventura","article_publisher":"https:\/\/www.facebook.com\/tartarugasaventura\/","article_modified_time":"2025-10-15T12:18:41+00:00","og_image":[{"width":1280,"height":960,"url":"https:\/\/tartarugas.net\/wp-content\/uploads\/2016\/08\/b6a8bc31-9ce8-40b3-8f3e-1eac875a6c25.jpg","type":"image\/jpeg"}],"twitter_card":"summary_large_image","twitter_site":"@_tartarugas","twitter_misc":{"Est. reading time":"4 minutes"},"schema":{"@context":"https:\/\/schema.org","@graph":[{"@type":"WebPage","@id":"https:\/\/tartarugas.net\/tours\/trekking-pico-do-cambirela\/","url":"https:\/\/tartarugas.net\/tours\/trekking-pico-do-cambirela\/","name":"Trekking Pico do Cambirela - Tartarugas Espirito de Aventura -","isPartOf":{"@id":"https:\/\/tartarugas.net\/#website"},"primaryImageOfPage":{"@id":"https:\/\/tartarugas.net\/tours\/trekking-pico-do-cambirela\/#primaryimage"},"image":{"@id":"https:\/\/tartarugas.net\/tours\/trekking-pico-do-cambirela\/#primaryimage"},"thumbnailUrl":"https:\/\/tartarugas.net\/wp-content\/uploads\/2016\/08\/b6a8bc31-9ce8-40b3-8f3e-1eac875a6c25.jpg","datePublished":"2016-08-27T14:54:17+00:00","dateModified":"2025-10-15T12:18:41+00:00","description":"Trekking no Pico do Cambirela - Segunda montanha mais alta do Parque do Tabuleiro, localizada h\u00e1 950 metros de altitude com vista panor\u00e2mica privilegiada.","breadcrumb":{"@id":"https:\/\/tartarugas.net\/tours\/trekking-pico-do-cambirela\/#breadcrumb"},"inLanguage":"en-US","potentialAction":[{"@type":"ReadAction","target":["https:\/\/tartarugas.net\/tours\/trekking-pico-do-cambirela\/"]}]},{"@type":"ImageObject","inLanguage":"en-US","@id":"https:\/\/tartarugas.net\/tours\/trekking-pico-do-cambirela\/#primaryimage","url":"https:\/\/tartarugas.net\/wp-content\/uploads\/2016\/08\/b6a8bc31-9ce8-40b3-8f3e-1eac875a6c25.jpg","contentUrl":"https:\/\/tartarugas.net\/wp-content\/uploads\/2016\/08\/b6a8bc31-9ce8-40b3-8f3e-1eac875a6c25.jpg","width":1280,"height":960},{"@type":"BreadcrumbList","@id":"https:\/\/tartarugas.net\/tours\/trekking-pico-do-cambirela\/#breadcrumb","itemListElement":[{"@type":"ListItem","position":1,"name":"In\u00edcio","item":"https:\/\/tartarugas.net\/"},{"@type":"ListItem","position":2,"name":"Atividades","item":"https:\/\/tartarugas.net\/atividades\/"},{"@type":"ListItem","position":3,"name":"Trekking Pico do Cambirela"}]},{"@type":"WebSite","@id":"https:\/\/tartarugas.net\/#website","url":"https:\/\/tartarugas.net\/","name":"Tartarugas Espirito de Aventura","description":"Empresa especializada em Atvidades Outdoor ","publisher":{"@id":"https:\/\/tartarugas.net\/#organization"},"potentialAction":[{"@type":"SearchAction","target":{"@type":"EntryPoint","urlTemplate":"https:\/\/tartarugas.net\/?s={search_term_string}"},"query-input":{"@type":"PropertyValueSpecification","valueRequired":true,"valueName":"search_term_string"}}],"inLanguage":"en-US"},{"@type":"Organization","@id":"https:\/\/tartarugas.net\/#organization","name":"Tartarugas Espirito de Aventura","url":"https:\/\/tartarugas.net\/","logo":{"@type":"ImageObject","inLanguage":"en-US","@id":"https:\/\/tartarugas.net\/#\/schema\/logo\/image\/","url":"https:\/\/tartarugas.net\/wp-content\/uploads\/2016\/08\/logo-retina.png","contentUrl":"https:\/\/tartarugas.net\/wp-content\/uploads\/2016\/08\/logo-retina.png","width":360,"height":254,"caption":"Tartarugas Espirito de Aventura"},"image":{"@id":"https:\/\/tartarugas.net\/#\/schema\/logo\/image\/"},"sameAs":["https:\/\/www.facebook.com\/tartarugasaventura\/","https:\/\/x.com\/_tartarugas","http:\/\/www.instagram.com\/tartarugas.turismo"]}]}},"_links":{"self":[{"href":"https:\/\/tartarugas.net\/en\/wp-json\/wp\/v2\/product\/1228","targetHints":{"allow":["GET"]}}],"collection":[{"href":"https:\/\/tartarugas.net\/en\/wp-json\/wp\/v2\/product"}],"about":[{"href":"https:\/\/tartarugas.net\/en\/wp-json\/wp\/v2\/types\/product"}],"replies":[{"embeddable":true,"href":"https:\/\/tartarugas.net\/en\/wp-json\/wp\/v2\/comments?post=1228"}],"wp:featuredmedia":[{"embeddable":true,"href":"https:\/\/tartarugas.net\/en\/wp-json\/wp\/v2\/media\/10345"}],"wp:attachment":[{"href":"https:\/\/tartarugas.net\/en\/wp-json\/wp\/v2\/media?parent=1228"}],"wp:term":[{"taxonomy":"product_brand","embeddable":true,"href":"https:\/\/tartarugas.net\/en\/wp-json\/wp\/v2\/product_brand?post=1228"},{"taxonomy":"product_cat","embeddable":true,"href":"https:\/\/tartarugas.net\/en\/wp-json\/wp\/v2\/product_cat?post=1228"},{"taxonomy":"product_tag","embeddable":true,"href":"https:\/\/tartarugas.net\/en\/wp-json\/wp\/v2\/product_tag?post=1228"}],"curies":[{"name":"wp","href":"https:\/\/api.w.org\/{rel}","templated":true}]}}