{"id":1230,"date":"2016-08-27T12:59:50","date_gmt":"2016-08-27T15:59:50","guid":{"rendered":"http:\/\/tartarugas.net\/?post_type=product&#038;p=1230"},"modified":"2025-10-15T08:45:32","modified_gmt":"2025-10-15T11:45:32","slug":"rafting","status":"publish","type":"product","link":"https:\/\/tartarugas.net\/en\/tours\/rafting\/","title":{"rendered":"Rafting"},"content":{"rendered":"<div id=\"TA_socialButtonBubbles767\" class=\"TA_socialButtonBubbles\">\n<ul id=\"0cYsAZ2o2y\" class=\"TA_links 4Zes6o1MZLXt\">\n<li id=\"5XoXgzdMcy6J\" class=\"RKYEQ8\"><a href=\"https:\/\/www.tripadvisor.com\/Attraction_Review-g488173-d7688865-Reviews-Tartarugas-Santo_Amaro_da_Imperatriz_State_of_Santa_Catarina.html\" target=\"_blank\" rel=\"noopener\"><img decoding=\"async\" src=\"https:\/\/www.tripadvisor.com\/img\/cdsi\/img2\/branding\/socialWidget\/20x28_green-21693-2.png\" \/><\/a><\/li>\n<\/ul>\n<\/div>\n<p><script src=\"https:\/\/www.jscache.com\/wejs?wtype=socialButtonBubbles&amp;uniq=767&amp;locationId=7688865&amp;color=green&amp;size=rect&amp;lang=en_US&amp;display_version=2\"><\/script><\/p>\n<p><iframe title=\"Tartarugas Espirito De Aventura (Rafting  Grande Florian\u00f3polis)\" width=\"748\" height=\"421\" src=\"https:\/\/www.youtube.com\/embed\/8lowhh7hZ28?feature=oembed&#038;enablejsapi=1&#038;origin=https:\/\/tartarugas.net\" frameborder=\"0\" allow=\"accelerometer; autoplay; clipboard-write; encrypted-media; gyroscope; picture-in-picture; web-share\" referrerpolicy=\"strict-origin-when-cross-origin\" allowfullscreen><\/iframe><\/p>\n<h2 style=\"text-align: center;\"><span style=\"color: #9e9602;\"><strong>Fa\u00e7a sua reserva via whats app agora!<\/strong><\/span><\/h2>\n<p style=\"text-align: center;\"><a href=\"https:\/\/api.whatsapp.com\/send?phone=5548996616751\" class=\"atbtn atbtn--default atbtn--large\">Reserve aqui<\/a><\/p>\n<p>&nbsp;<\/p>\n<h2><strong>Viva a Aventura do Rafting a Poucos Minutos de Florian\u00f3polis! \ud83c\udf0a<\/strong><\/h2>\n<p>Prepare-se para uma experi\u00eancia de pura adrenalina e conex\u00e3o com a natureza! A apenas alguns quil\u00f4metros de Florian\u00f3polis, nosso rafting nas \u00e1guas emocionantes de um rio cristalino promete uma aventura inesquec\u00edvel.<\/p>\n<p>Embarque nesta jornada onde cada corredeira \u00e9 um desafio, cada curva \u00e9 uma surpresa, e a energia do grupo transforma o passeio em uma experi\u00eancia \u00fanica. Com nossa equipe experiente e estrutura de seguran\u00e7a, voc\u00ea s\u00f3 precisa trazer sua vontade de se superar e aproveitar o melhor da natureza!<\/p>\n<p><strong>Pronto para sentir a emo\u00e7\u00e3o do rafting?<\/strong>\u00a0Aventure-se conosco e viva uma experi\u00eancia que voc\u00ea nunca vai esquecer!<\/p>\n<h3 style=\"text-align: justify;\">Onde praticar o Rafting em Florian\u00f3polis?<\/h3>\n<p style=\"text-align: justify;\"><strong>Base Caldas:<\/strong><br \/>\nO Rafting \u00e9 praticado no munic\u00edpio de Santo Amaro da Imperatriz, no Rio Cubat\u00e3o. A atividade inicia no bairro Vargem do Bra\u00e7o, distante 3km do Hotel Plaza Caldas e termina no Bairro Sul do Rio. H\u00e1 transporte para os participantes com capacidade de at\u00e9 10 pessoas por ve\u00edculo.<\/p>\n<p><strong>Rafting em Florianopolis:<\/strong><\/p>\n<ul>\n<li>Percurso com 05 km de extens\u00e3o;<\/li>\n<li>40 metros de desn\u00edvel;<\/li>\n<li>14 corredeiras de classe I \u00e0 classe IV;<\/li>\n<li>Equipamento de seguran\u00e7a (colete salva-vidas, capacete e remo);<\/li>\n<li>Botes de 12 p\u00e9s para 06 pessoas e botes de 14 p\u00e9s para 08 pessoas;<\/li>\n<li>Dura\u00e7\u00e3o aproximada da atividade: 02:00 horas;<\/li>\n<\/ul>\n<p><strong>Inclui:<\/strong><\/p>\n<ul>\n<li>Equipamento de Seguran\u00e7a;<\/li>\n<li>Condutores Especializados;<\/li>\n<li>Seguro Atividade;<\/li>\n<li>Colete salva-vidas;<\/li>\n<\/ul>\n<p><strong>O que levar:<\/strong><\/p>\n<ul>\n<li>CPF;<\/li>\n<li>Cal\u00e7ado fechado;<\/li>\n<li>Prendedor de cabelo;<\/li>\n<li>Protetor solar;<\/li>\n<li>Repelente;<\/li>\n<li>Toalha;<\/li>\n<li>Cal\u00e7ado extra e roupa extra (para depois da atividade);<\/li>\n<\/ul>\n<p><strong>R<\/strong><strong>estri\u00e7\u00f5es da atividade de Rafting em Florian\u00f3polis:<\/strong><\/p>\n<ul>\n<li>Crian\u00e7as com menos de 07 anos;<\/li>\n<li>Pessoas com peso acima de 130kg;<\/li>\n<li>Sand\u00e1lias ou Cal\u00e7ados abertos;<\/li>\n<li>Mulheres gestantes;<\/li>\n<li>Pessoas que apresentam problemas cardiorrespirat\u00f3rios, musculares e \u00f3sseos<\/li>\n<\/ul>\n<blockquote>\n<h2 style=\"text-align: center;\"><span style=\"color: #9e9602;\"><strong>Fa\u00e7a sua reserva via whats app agora!<\/strong><\/span><\/h2>\n<p style=\"text-align: center;\"><a href=\"https:\/\/api.whatsapp.com\/send?phone=55489966751\" class=\"atbtn atbtn--default atbtn--large\">Reserve aqui<\/a><\/p>\n<\/blockquote>\n<p><a class=\"orange\" href=\"http:\/\/maps.google.com.br\/maps?q=Rod.+Princesa+Leopoldina,+3355+|+Bairro+Caldas+da+Imperatriz+CEP:+88140-000+|+Santo+Amaro+da+Imperatriz+%E2%80%93+SC&amp;hl=pt-BR&amp;ie=UTF8&amp;ll=-27.719397,-48.815174&amp;spn=0.084338,0.153809&amp;sll=-27.730717,-48.811226&amp;sspn=0.043988,0.076904&amp;vpsrc=6&amp;hq=Rod.+Princesa+Leopoldina,+3355+|+Bairro+Caldas+da+Imperatriz+CEP:+88140-000+|+Santo+Amaro+da+Imperatriz+%E2%80%93+SC&amp;radius=15000&amp;t=m&amp;z=13&amp;iwloc=H\" target=\"_blank\" rel=\"noopener noreferrer\">Ver mapa de localiza\u00e7\u00e3o<\/a><\/p>\n<p>&nbsp;<\/p>","protected":false},"excerpt":{"rendered":"<p>Fa\u00e7a sua reserva via whats app agora! &nbsp; Viva a Aventura do Rafting a Poucos Minutos de Florian\u00f3polis! \ud83c\udf0a Prepare-se para uma experi\u00eancia de pura adrenalina e conex\u00e3o com a natureza! A apenas alguns quil\u00f4metros de Florian\u00f3polis, nosso rafting nas \u00e1guas emocionantes de um rio cristalino promete uma aventura inesquec\u00edvel. Embarque nesta jornada onde cada<\/p>\n<div class=\"padding-top text-center\"><a href=\"https:\/\/tartarugas.net\/en\/tours\/rafting\/\" class=\"atbtn atbtn--medium atbtn--rounded atbtn--transparent\">Ler mais<i class=\"atbtn__icon atbtn__icon--right fa fa-long-arrow-right\"><\/i><\/a><\/div>","protected":false},"featured_media":5164,"comment_status":"open","ping_status":"closed","template":"","meta":{"content-type":"","_joinchat":[]},"product_brand":[],"product_cat":[230,311,335],"product_tag":[],"class_list":{"0":"post-1230","1":"product","2":"type-product","3":"status-publish","4":"has-post-thumbnail","6":"product_cat-sem-categoria","7":"product_cat-caldas-da-imperatriz","8":"product_cat-verao","9":"tour_category-rafting","11":"first","12":"instock","13":"virtual","14":"purchasable","15":"product-type-tour"},"yoast_head":"<!-- This site is optimized with the Yoast SEO plugin v26.9 - https:\/\/yoast.com\/product\/yoast-seo-wordpress\/ -->\n<title>Rafting - Aventura - Tartarugas Turismo de Aventura - Adrenalina<\/title>\n<meta name=\"description\" content=\"Rafting no Rio Cubat\u00e3o, 2 horas de atividade, 14 corredeiras, botes infl\u00e1veis, explora\u00e7\u00e3o do Rio Cubat\u00e3o, aventura na \u00e1gua para toda a fam\u00edlia.\" \/>\n<meta name=\"robots\" content=\"index, follow, max-snippet:-1, max-image-preview:large, max-video-preview:-1\" \/>\n<link rel=\"canonical\" href=\"https:\/\/tartarugas.net\/en\/tours\/rafting\/\" \/>\n<meta property=\"og:locale\" content=\"en_US\" \/>\n<meta property=\"og:type\" content=\"article\" \/>\n<meta property=\"og:title\" content=\"Rafting - Aventura - Tartarugas Turismo de Aventura - Adrenalina\" \/>\n<meta property=\"og:description\" content=\"Rafting no Rio Cubat\u00e3o, 2 horas de atividade, 14 corredeiras, botes infl\u00e1veis, explora\u00e7\u00e3o do Rio Cubat\u00e3o, aventura na \u00e1gua para toda a fam\u00edlia.\" \/>\n<meta property=\"og:url\" content=\"https:\/\/tartarugas.net\/en\/tours\/rafting\/\" \/>\n<meta property=\"og:site_name\" content=\"Tartarugas Espirito de Aventura\" \/>\n<meta property=\"article:publisher\" content=\"https:\/\/www.facebook.com\/tartarugasaventura\/\" \/>\n<meta property=\"article:modified_time\" content=\"2025-10-15T11:45:32+00:00\" \/>\n<meta property=\"og:image\" content=\"https:\/\/tartarugas.net\/wp-content\/uploads\/2016\/08\/DSC_0831.jpg\" \/>\n\t<meta property=\"og:image:width\" content=\"2048\" \/>\n\t<meta property=\"og:image:height\" content=\"1362\" \/>\n\t<meta property=\"og:image:type\" content=\"image\/jpeg\" \/>\n<meta name=\"twitter:card\" content=\"summary_large_image\" \/>\n<meta name=\"twitter:site\" content=\"@_tartarugas\" \/>\n<meta name=\"twitter:label1\" content=\"Est. reading time\" \/>\n\t<meta name=\"twitter:data1\" content=\"3 minutes\" \/>\n<script type=\"application\/ld+json\" class=\"yoast-schema-graph\">{\"@context\":\"https:\/\/schema.org\",\"@graph\":[{\"@type\":\"WebPage\",\"@id\":\"https:\/\/tartarugas.net\/tours\/rafting\/\",\"url\":\"https:\/\/tartarugas.net\/tours\/rafting\/\",\"name\":\"Rafting - Aventura - Tartarugas Turismo de Aventura - Adrenalina\",\"isPartOf\":{\"@id\":\"https:\/\/tartarugas.net\/#website\"},\"primaryImageOfPage\":{\"@id\":\"https:\/\/tartarugas.net\/tours\/rafting\/#primaryimage\"},\"image\":{\"@id\":\"https:\/\/tartarugas.net\/tours\/rafting\/#primaryimage\"},\"thumbnailUrl\":\"https:\/\/tartarugas.net\/wp-content\/uploads\/2016\/08\/DSC_0831.jpg\",\"datePublished\":\"2016-08-27T15:59:50+00:00\",\"dateModified\":\"2025-10-15T11:45:32+00:00\",\"description\":\"Rafting no Rio Cubat\u00e3o, 2 horas de atividade, 14 corredeiras, botes infl\u00e1veis, explora\u00e7\u00e3o do Rio Cubat\u00e3o, aventura na \u00e1gua para toda a fam\u00edlia.\",\"breadcrumb\":{\"@id\":\"https:\/\/tartarugas.net\/tours\/rafting\/#breadcrumb\"},\"inLanguage\":\"en-US\",\"potentialAction\":[{\"@type\":\"ReadAction\",\"target\":[\"https:\/\/tartarugas.net\/tours\/rafting\/\"]}]},{\"@type\":\"ImageObject\",\"inLanguage\":\"en-US\",\"@id\":\"https:\/\/tartarugas.net\/tours\/rafting\/#primaryimage\",\"url\":\"https:\/\/tartarugas.net\/wp-content\/uploads\/2016\/08\/DSC_0831.jpg\",\"contentUrl\":\"https:\/\/tartarugas.net\/wp-content\/uploads\/2016\/08\/DSC_0831.jpg\",\"width\":2048,\"height\":1362,\"caption\":\"Rafting no Rio Cubat\u00e3o do Sul\"},{\"@type\":\"BreadcrumbList\",\"@id\":\"https:\/\/tartarugas.net\/tours\/rafting\/#breadcrumb\",\"itemListElement\":[{\"@type\":\"ListItem\",\"position\":1,\"name\":\"In\u00edcio\",\"item\":\"https:\/\/tartarugas.net\/\"},{\"@type\":\"ListItem\",\"position\":2,\"name\":\"Atividades\",\"item\":\"https:\/\/tartarugas.net\/atividades\/\"},{\"@type\":\"ListItem\",\"position\":3,\"name\":\"Rafting\"}]},{\"@type\":\"WebSite\",\"@id\":\"https:\/\/tartarugas.net\/#website\",\"url\":\"https:\/\/tartarugas.net\/\",\"name\":\"Tartarugas Espirito de Aventura\",\"description\":\"Empresa especializada em Atvidades Outdoor \",\"publisher\":{\"@id\":\"https:\/\/tartarugas.net\/#organization\"},\"potentialAction\":[{\"@type\":\"SearchAction\",\"target\":{\"@type\":\"EntryPoint\",\"urlTemplate\":\"https:\/\/tartarugas.net\/?s={search_term_string}\"},\"query-input\":{\"@type\":\"PropertyValueSpecification\",\"valueRequired\":true,\"valueName\":\"search_term_string\"}}],\"inLanguage\":\"en-US\"},{\"@type\":\"Organization\",\"@id\":\"https:\/\/tartarugas.net\/#organization\",\"name\":\"Tartarugas Espirito de Aventura\",\"url\":\"https:\/\/tartarugas.net\/\",\"logo\":{\"@type\":\"ImageObject\",\"inLanguage\":\"en-US\",\"@id\":\"https:\/\/tartarugas.net\/#\/schema\/logo\/image\/\",\"url\":\"https:\/\/tartarugas.net\/wp-content\/uploads\/2016\/08\/logo-retina.png\",\"contentUrl\":\"https:\/\/tartarugas.net\/wp-content\/uploads\/2016\/08\/logo-retina.png\",\"width\":360,\"height\":254,\"caption\":\"Tartarugas Espirito de Aventura\"},\"image\":{\"@id\":\"https:\/\/tartarugas.net\/#\/schema\/logo\/image\/\"},\"sameAs\":[\"https:\/\/www.facebook.com\/tartarugasaventura\/\",\"https:\/\/x.com\/_tartarugas\",\"http:\/\/www.instagram.com\/tartarugas.turismo\"]}]}<\/script>\n<!-- \/ Yoast SEO plugin. -->","yoast_head_json":{"title":"Rafting - Aventura - Tartarugas Turismo de Aventura - Adrenalina","description":"Rafting no Rio Cubat\u00e3o, 2 horas de atividade, 14 corredeiras, botes infl\u00e1veis, explora\u00e7\u00e3o do Rio Cubat\u00e3o, aventura na \u00e1gua para toda a fam\u00edlia.","robots":{"index":"index","follow":"follow","max-snippet":"max-snippet:-1","max-image-preview":"max-image-preview:large","max-video-preview":"max-video-preview:-1"},"canonical":"https:\/\/tartarugas.net\/en\/tours\/rafting\/","og_locale":"en_US","og_type":"article","og_title":"Rafting - Aventura - Tartarugas Turismo de Aventura - Adrenalina","og_description":"Rafting no Rio Cubat\u00e3o, 2 horas de atividade, 14 corredeiras, botes infl\u00e1veis, explora\u00e7\u00e3o do Rio Cubat\u00e3o, aventura na \u00e1gua para toda a fam\u00edlia.","og_url":"https:\/\/tartarugas.net\/en\/tours\/rafting\/","og_site_name":"Tartarugas Espirito de Aventura","article_publisher":"https:\/\/www.facebook.com\/tartarugasaventura\/","article_modified_time":"2025-10-15T11:45:32+00:00","og_image":[{"width":2048,"height":1362,"url":"https:\/\/tartarugas.net\/wp-content\/uploads\/2016\/08\/DSC_0831.jpg","type":"image\/jpeg"}],"twitter_card":"summary_large_image","twitter_site":"@_tartarugas","twitter_misc":{"Est. reading time":"3 minutes"},"schema":{"@context":"https:\/\/schema.org","@graph":[{"@type":"WebPage","@id":"https:\/\/tartarugas.net\/tours\/rafting\/","url":"https:\/\/tartarugas.net\/tours\/rafting\/","name":"Rafting - Aventura - Tartarugas Turismo de Aventura - Adrenalina","isPartOf":{"@id":"https:\/\/tartarugas.net\/#website"},"primaryImageOfPage":{"@id":"https:\/\/tartarugas.net\/tours\/rafting\/#primaryimage"},"image":{"@id":"https:\/\/tartarugas.net\/tours\/rafting\/#primaryimage"},"thumbnailUrl":"https:\/\/tartarugas.net\/wp-content\/uploads\/2016\/08\/DSC_0831.jpg","datePublished":"2016-08-27T15:59:50+00:00","dateModified":"2025-10-15T11:45:32+00:00","description":"Rafting no Rio Cubat\u00e3o, 2 horas de atividade, 14 corredeiras, botes infl\u00e1veis, explora\u00e7\u00e3o do Rio Cubat\u00e3o, aventura na \u00e1gua para toda a fam\u00edlia.","breadcrumb":{"@id":"https:\/\/tartarugas.net\/tours\/rafting\/#breadcrumb"},"inLanguage":"en-US","potentialAction":[{"@type":"ReadAction","target":["https:\/\/tartarugas.net\/tours\/rafting\/"]}]},{"@type":"ImageObject","inLanguage":"en-US","@id":"https:\/\/tartarugas.net\/tours\/rafting\/#primaryimage","url":"https:\/\/tartarugas.net\/wp-content\/uploads\/2016\/08\/DSC_0831.jpg","contentUrl":"https:\/\/tartarugas.net\/wp-content\/uploads\/2016\/08\/DSC_0831.jpg","width":2048,"height":1362,"caption":"Rafting no Rio Cubat\u00e3o do Sul"},{"@type":"BreadcrumbList","@id":"https:\/\/tartarugas.net\/tours\/rafting\/#breadcrumb","itemListElement":[{"@type":"ListItem","position":1,"name":"In\u00edcio","item":"https:\/\/tartarugas.net\/"},{"@type":"ListItem","position":2,"name":"Atividades","item":"https:\/\/tartarugas.net\/atividades\/"},{"@type":"ListItem","position":3,"name":"Rafting"}]},{"@type":"WebSite","@id":"https:\/\/tartarugas.net\/#website","url":"https:\/\/tartarugas.net\/","name":"Tartarugas Espirito de Aventura","description":"Empresa especializada em Atvidades Outdoor ","publisher":{"@id":"https:\/\/tartarugas.net\/#organization"},"potentialAction":[{"@type":"SearchAction","target":{"@type":"EntryPoint","urlTemplate":"https:\/\/tartarugas.net\/?s={search_term_string}"},"query-input":{"@type":"PropertyValueSpecification","valueRequired":true,"valueName":"search_term_string"}}],"inLanguage":"en-US"},{"@type":"Organization","@id":"https:\/\/tartarugas.net\/#organization","name":"Tartarugas Espirito de Aventura","url":"https:\/\/tartarugas.net\/","logo":{"@type":"ImageObject","inLanguage":"en-US","@id":"https:\/\/tartarugas.net\/#\/schema\/logo\/image\/","url":"https:\/\/tartarugas.net\/wp-content\/uploads\/2016\/08\/logo-retina.png","contentUrl":"https:\/\/tartarugas.net\/wp-content\/uploads\/2016\/08\/logo-retina.png","width":360,"height":254,"caption":"Tartarugas Espirito de Aventura"},"image":{"@id":"https:\/\/tartarugas.net\/#\/schema\/logo\/image\/"},"sameAs":["https:\/\/www.facebook.com\/tartarugasaventura\/","https:\/\/x.com\/_tartarugas","http:\/\/www.instagram.com\/tartarugas.turismo"]}]}},"_links":{"self":[{"href":"https:\/\/tartarugas.net\/en\/wp-json\/wp\/v2\/product\/1230","targetHints":{"allow":["GET"]}}],"collection":[{"href":"https:\/\/tartarugas.net\/en\/wp-json\/wp\/v2\/product"}],"about":[{"href":"https:\/\/tartarugas.net\/en\/wp-json\/wp\/v2\/types\/product"}],"replies":[{"embeddable":true,"href":"https:\/\/tartarugas.net\/en\/wp-json\/wp\/v2\/comments?post=1230"}],"wp:featuredmedia":[{"embeddable":true,"href":"https:\/\/tartarugas.net\/en\/wp-json\/wp\/v2\/media\/5164"}],"wp:attachment":[{"href":"https:\/\/tartarugas.net\/en\/wp-json\/wp\/v2\/media?parent=1230"}],"wp:term":[{"taxonomy":"product_brand","embeddable":true,"href":"https:\/\/tartarugas.net\/en\/wp-json\/wp\/v2\/product_brand?post=1230"},{"taxonomy":"product_cat","embeddable":true,"href":"https:\/\/tartarugas.net\/en\/wp-json\/wp\/v2\/product_cat?post=1230"},{"taxonomy":"product_tag","embeddable":true,"href":"https:\/\/tartarugas.net\/en\/wp-json\/wp\/v2\/product_tag?post=1230"}],"curies":[{"name":"wp","href":"https:\/\/api.w.org\/{rel}","templated":true}]}}