{"id":1233,"date":"2016-08-29T16:23:18","date_gmt":"2016-08-29T19:23:18","guid":{"rendered":"http:\/\/tartarugas.net\/?post_type=product&#038;p=1233"},"modified":"2024-11-03T22:41:52","modified_gmt":"2024-11-04T01:41:52","slug":"trekking-pico-do-tabuleiro","status":"publish","type":"product","link":"https:\/\/tartarugas.net\/en\/tours\/trekking-pico-do-tabuleiro\/","title":{"rendered":"Trekking Pico do Tabuleiro"},"content":{"rendered":"<h2 style=\"text-align: center;\"><span style=\"color: #9e9602;\"><strong>Fa\u00e7a sua reserva via whats app agora!<\/strong><\/span><\/h2>\n<p style=\"text-align: center;\"><a href=\"https:\/\/api.whatsapp.com\/send?phone=5548996288707\" class=\"atbtn atbtn--default atbtn--large\">Reserve aqui<\/a><\/p>\n<h2 style=\"text-align: justify;\">Trekking para o Pico do Tabuleiro<\/h2>\n<p style=\"text-align: justify;\"><strong>Trekking<\/strong> \u00e9 uma caminhada por trilhas naturais, que permite ao praticante o contato \u00edntimo com as belas paisagens protagonizadas pela natureza. Os caminhos podem ser curtos ou longos, e variam no seu grau de dificuldade.<br \/>\nA atividade proporciona momentos de valoriza\u00e7\u00e3o dos elementos essenciais da vida, podendo ser praticado por qualquer pessoa que queira fugir da rotina, superar desafios, explorar trajetos pouco ou nada conhecidos, contemplar a natureza ou simplesmente caminhar.<\/p>\n<p style=\"text-align: justify;\"><strong>Base Caldas (Santo Amaro):<\/strong><br \/>\nA atividade de trekking \u00e9 praticada no Parque Estadual da Serra do Tabuleiro, maior unidade de conserva\u00e7\u00e3o de Santa Catarina. Ao longo das trilhas \u00e9 poss\u00edvel encontrar cursos de \u00e1guas cristalinas, paisagens exuberantes e mata nativa caracter\u00edstica da regi\u00e3o.<\/p>\n<p><strong>Pico do Tabuleiro<\/strong><\/p>\n<ul>\n<li>Montanha mais alta do Parque do Tabuleiro;<\/li>\n<li>Localizada h\u00e1 1.260 metros de altitude;<\/li>\n<li>Dura\u00e7\u00e3o de aproximadamente 10 horas (ida e volta);<\/li>\n<li>Grau de dificuldade &#8211; Alto;<\/li>\n<li>Deste pico, \u00e9 poss\u00edvel ter uma vista da Ilha de Santa Catarina (Florian\u00f3polis) e das encostas da Serra Geral;<\/li>\n<\/ul>\n<p>*O grau de dificuldade \u00e9 alto, exigindo um bom condicionamento f\u00edsico*<\/p>\n<p><strong>Inclui:\u00a0\u00a0 <\/strong><\/p>\n<ul>\n<li>Equipamentos de seguran\u00e7a;<\/li>\n<li>Condutores Especializados;<\/li>\n<li>Seguro Atividade;<\/li>\n<\/ul>\n<p><strong>O que levar:<\/strong><\/p>\n<ul>\n<li>CPF;<\/li>\n<li>T\u00eanis ou bota;<\/li>\n<li>Roupa confort\u00e1vel;<\/li>\n<li>Protetor solar;<\/li>\n<li>Repelente;<\/li>\n<li>Bon\u00e9 ou chap\u00e9u;<\/li>\n<li>\u00c1gua e alimentos;<\/li>\n<\/ul>\n<p>*OBS: Levar apenas o necess\u00e1rio para evitar excesso de peso.*<\/p>\n<p><strong>Restri\u00e7\u00f5es da atividade:<\/strong><\/p>\n<ul>\n<li>Pessoas com idade inferior a 12 anos;<\/li>\n<li>Condi\u00e7\u00e3o f\u00edsica baixa;<\/li>\n<li>Utiliza\u00e7\u00e3o de acess\u00f3rio (brincos, pulseiras, colares);<\/li>\n<li>Mulheres gestantes;<\/li>\n<li>Roupas inadequadas;<\/li>\n<li>Cal\u00e7ado aberto;<\/li>\n<li>Pessoas que apresentam problemas cardiorrespirat\u00f3rios, musculares e \u00f3sseos.<\/li>\n<\/ul>\n<p><strong>Restri\u00e7\u00e3o clim\u00e1tica:<\/strong><\/p>\n<ul>\n<li>Chuva intensa;<\/li>\n<li>Trovoadas e raios.<\/li>\n<\/ul>\n<h2 style=\"text-align: center;\"><span style=\"color: #9e9602;\"><strong>Fa\u00e7a sua reserva via whats app agora!<\/strong><\/span><\/h2>\n<p style=\"text-align: center;\"><a href=\"https:\/\/api.whatsapp.com\/send?phone=5548996288707\" class=\"atbtn atbtn--default atbtn--large\">Reserve aqui<\/a><\/p>\n<p>&nbsp;<\/p>\n<p><a class=\"orange\" href=\"http:\/\/maps.google.com.br\/maps?q=Rod.+Princesa+Leopoldina,+3355+|+Bairro+Caldas+da+Imperatriz+CEP:+88140-000+|+Santo+Amaro+da+Imperatriz+%E2%80%93+SC&amp;hl=pt-BR&amp;ie=UTF8&amp;ll=-27.719397,-48.815174&amp;spn=0.084338,0.153809&amp;sll=-27.730717,-48.811226&amp;sspn=0.043988,0.076904&amp;vpsrc=6&amp;hq=Rod.+Princesa+Leopoldina,+3355+|+Bairro+Caldas+da+Imperatriz+CEP:+88140-000+|+Santo+Amaro+da+Imperatriz+%E2%80%93+SC&amp;radius=15000&amp;t=m&amp;z=13&amp;iwloc=H\" target=\"_blank\" rel=\"noopener noreferrer\">Ver mapa de localiza\u00e7\u00e3o<\/a><\/p>\n<p>&nbsp;<\/p>","protected":false},"excerpt":{"rendered":"<p>Fa\u00e7a sua reserva via whats app agora! Trekking para o Pico do Tabuleiro Trekking \u00e9 uma caminhada por trilhas naturais, que permite ao praticante o contato \u00edntimo com as belas paisagens protagonizadas pela natureza. Os caminhos podem ser curtos ou longos, e variam no seu grau de dificuldade. A atividade proporciona momentos de valoriza\u00e7\u00e3o dos<\/p>\n<div class=\"padding-top text-center\"><a href=\"https:\/\/tartarugas.net\/en\/tours\/trekking-pico-do-tabuleiro\/\" class=\"atbtn atbtn--medium atbtn--rounded atbtn--transparent\">Ler mais<i class=\"atbtn__icon atbtn__icon--right fa fa-long-arrow-right\"><\/i><\/a><\/div>","protected":false},"featured_media":6859,"comment_status":"open","ping_status":"closed","template":"","meta":{"content-type":"","_joinchat":[]},"product_brand":[],"product_cat":[230,311],"product_tag":[],"class_list":{"0":"post-1233","1":"product","2":"type-product","3":"status-publish","4":"has-post-thumbnail","6":"product_cat-sem-categoria","7":"product_cat-caldas-da-imperatriz","8":"tour_category-trekking","10":"first","11":"instock","12":"shipping-taxable","13":"purchasable","14":"product-type-tour"},"yoast_head":"<!-- This site is optimized with the Yoast SEO plugin v26.9 - https:\/\/yoast.com\/product\/yoast-seo-wordpress\/ -->\n<title>Trekking Pico do Tabuleiro - Tartarugas Turismo de Aventura - Caldas<\/title>\n<meta name=\"description\" content=\"Caminhada com dura\u00e7\u00e3o de 10horas. O grau de dificuldade \u00e9 alto, exige um bom condicionamento f\u00edsico. Pico mais alto, esta a 1.260 m de altitude. Supera\u00e7\u00e3o.\" \/>\n<meta name=\"robots\" content=\"index, follow, max-snippet:-1, max-image-preview:large, max-video-preview:-1\" \/>\n<link rel=\"canonical\" href=\"https:\/\/tartarugas.net\/en\/tours\/trekking-pico-do-tabuleiro\/\" \/>\n<meta property=\"og:locale\" content=\"en_US\" \/>\n<meta property=\"og:type\" content=\"article\" \/>\n<meta property=\"og:title\" content=\"Trekking Pico do Tabuleiro - Tartarugas Turismo de Aventura - Caldas\" \/>\n<meta property=\"og:description\" content=\"Caminhada com dura\u00e7\u00e3o de 10horas. O grau de dificuldade \u00e9 alto, exige um bom condicionamento f\u00edsico. Pico mais alto, esta a 1.260 m de altitude. Supera\u00e7\u00e3o.\" \/>\n<meta property=\"og:url\" content=\"https:\/\/tartarugas.net\/en\/tours\/trekking-pico-do-tabuleiro\/\" \/>\n<meta property=\"og:site_name\" content=\"Tartarugas Espirito de Aventura\" \/>\n<meta property=\"article:publisher\" content=\"https:\/\/www.facebook.com\/tartarugasaventura\/\" \/>\n<meta property=\"article:modified_time\" content=\"2024-11-04T01:41:52+00:00\" \/>\n<meta property=\"og:image\" content=\"https:\/\/tartarugas.net\/wp-content\/uploads\/2018\/09\/header-trekking-pico-da-serra-do-tabuleiro.jpg\" \/>\n\t<meta property=\"og:image:width\" content=\"1920\" \/>\n\t<meta property=\"og:image:height\" content=\"1200\" \/>\n\t<meta property=\"og:image:type\" content=\"image\/jpeg\" \/>\n<meta name=\"twitter:card\" content=\"summary_large_image\" \/>\n<meta name=\"twitter:site\" content=\"@_tartarugas\" \/>\n<meta name=\"twitter:label1\" content=\"Est. reading time\" \/>\n\t<meta name=\"twitter:data1\" content=\"2 minutes\" \/>\n<script type=\"application\/ld+json\" class=\"yoast-schema-graph\">{\"@context\":\"https:\/\/schema.org\",\"@graph\":[{\"@type\":\"WebPage\",\"@id\":\"https:\/\/tartarugas.net\/tours\/trekking-pico-do-tabuleiro\/\",\"url\":\"https:\/\/tartarugas.net\/tours\/trekking-pico-do-tabuleiro\/\",\"name\":\"Trekking Pico do Tabuleiro - Tartarugas Turismo de Aventura - Caldas\",\"isPartOf\":{\"@id\":\"https:\/\/tartarugas.net\/#website\"},\"primaryImageOfPage\":{\"@id\":\"https:\/\/tartarugas.net\/tours\/trekking-pico-do-tabuleiro\/#primaryimage\"},\"image\":{\"@id\":\"https:\/\/tartarugas.net\/tours\/trekking-pico-do-tabuleiro\/#primaryimage\"},\"thumbnailUrl\":\"https:\/\/tartarugas.net\/wp-content\/uploads\/2018\/09\/header-trekking-pico-da-serra-do-tabuleiro.jpg\",\"datePublished\":\"2016-08-29T19:23:18+00:00\",\"dateModified\":\"2024-11-04T01:41:52+00:00\",\"description\":\"Caminhada com dura\u00e7\u00e3o de 10horas. O grau de dificuldade \u00e9 alto, exige um bom condicionamento f\u00edsico. Pico mais alto, esta a 1.260 m de altitude. Supera\u00e7\u00e3o.\",\"breadcrumb\":{\"@id\":\"https:\/\/tartarugas.net\/tours\/trekking-pico-do-tabuleiro\/#breadcrumb\"},\"inLanguage\":\"en-US\",\"potentialAction\":[{\"@type\":\"ReadAction\",\"target\":[\"https:\/\/tartarugas.net\/tours\/trekking-pico-do-tabuleiro\/\"]}]},{\"@type\":\"ImageObject\",\"inLanguage\":\"en-US\",\"@id\":\"https:\/\/tartarugas.net\/tours\/trekking-pico-do-tabuleiro\/#primaryimage\",\"url\":\"https:\/\/tartarugas.net\/wp-content\/uploads\/2018\/09\/header-trekking-pico-da-serra-do-tabuleiro.jpg\",\"contentUrl\":\"https:\/\/tartarugas.net\/wp-content\/uploads\/2018\/09\/header-trekking-pico-da-serra-do-tabuleiro.jpg\",\"width\":1920,\"height\":1200,\"caption\":\"Pico do Tabuleiro\"},{\"@type\":\"BreadcrumbList\",\"@id\":\"https:\/\/tartarugas.net\/tours\/trekking-pico-do-tabuleiro\/#breadcrumb\",\"itemListElement\":[{\"@type\":\"ListItem\",\"position\":1,\"name\":\"In\u00edcio\",\"item\":\"https:\/\/tartarugas.net\/\"},{\"@type\":\"ListItem\",\"position\":2,\"name\":\"Atividades\",\"item\":\"https:\/\/tartarugas.net\/atividades\/\"},{\"@type\":\"ListItem\",\"position\":3,\"name\":\"Trekking Pico do Tabuleiro\"}]},{\"@type\":\"WebSite\",\"@id\":\"https:\/\/tartarugas.net\/#website\",\"url\":\"https:\/\/tartarugas.net\/\",\"name\":\"Tartarugas Espirito de Aventura\",\"description\":\"Empresa especializada em Atvidades Outdoor \",\"publisher\":{\"@id\":\"https:\/\/tartarugas.net\/#organization\"},\"potentialAction\":[{\"@type\":\"SearchAction\",\"target\":{\"@type\":\"EntryPoint\",\"urlTemplate\":\"https:\/\/tartarugas.net\/?s={search_term_string}\"},\"query-input\":{\"@type\":\"PropertyValueSpecification\",\"valueRequired\":true,\"valueName\":\"search_term_string\"}}],\"inLanguage\":\"en-US\"},{\"@type\":\"Organization\",\"@id\":\"https:\/\/tartarugas.net\/#organization\",\"name\":\"Tartarugas Espirito de Aventura\",\"url\":\"https:\/\/tartarugas.net\/\",\"logo\":{\"@type\":\"ImageObject\",\"inLanguage\":\"en-US\",\"@id\":\"https:\/\/tartarugas.net\/#\/schema\/logo\/image\/\",\"url\":\"https:\/\/tartarugas.net\/wp-content\/uploads\/2016\/08\/logo-retina.png\",\"contentUrl\":\"https:\/\/tartarugas.net\/wp-content\/uploads\/2016\/08\/logo-retina.png\",\"width\":360,\"height\":254,\"caption\":\"Tartarugas Espirito de Aventura\"},\"image\":{\"@id\":\"https:\/\/tartarugas.net\/#\/schema\/logo\/image\/\"},\"sameAs\":[\"https:\/\/www.facebook.com\/tartarugasaventura\/\",\"https:\/\/x.com\/_tartarugas\",\"http:\/\/www.instagram.com\/tartarugas.turismo\"]}]}<\/script>\n<!-- \/ Yoast SEO plugin. -->","yoast_head_json":{"title":"Trekking Pico do Tabuleiro - Tartarugas Turismo de Aventura - Caldas","description":"Caminhada com dura\u00e7\u00e3o de 10horas. O grau de dificuldade \u00e9 alto, exige um bom condicionamento f\u00edsico. Pico mais alto, esta a 1.260 m de altitude. Supera\u00e7\u00e3o.","robots":{"index":"index","follow":"follow","max-snippet":"max-snippet:-1","max-image-preview":"max-image-preview:large","max-video-preview":"max-video-preview:-1"},"canonical":"https:\/\/tartarugas.net\/en\/tours\/trekking-pico-do-tabuleiro\/","og_locale":"en_US","og_type":"article","og_title":"Trekking Pico do Tabuleiro - Tartarugas Turismo de Aventura - Caldas","og_description":"Caminhada com dura\u00e7\u00e3o de 10horas. O grau de dificuldade \u00e9 alto, exige um bom condicionamento f\u00edsico. Pico mais alto, esta a 1.260 m de altitude. Supera\u00e7\u00e3o.","og_url":"https:\/\/tartarugas.net\/en\/tours\/trekking-pico-do-tabuleiro\/","og_site_name":"Tartarugas Espirito de Aventura","article_publisher":"https:\/\/www.facebook.com\/tartarugasaventura\/","article_modified_time":"2024-11-04T01:41:52+00:00","og_image":[{"width":1920,"height":1200,"url":"https:\/\/tartarugas.net\/wp-content\/uploads\/2018\/09\/header-trekking-pico-da-serra-do-tabuleiro.jpg","type":"image\/jpeg"}],"twitter_card":"summary_large_image","twitter_site":"@_tartarugas","twitter_misc":{"Est. reading time":"2 minutes"},"schema":{"@context":"https:\/\/schema.org","@graph":[{"@type":"WebPage","@id":"https:\/\/tartarugas.net\/tours\/trekking-pico-do-tabuleiro\/","url":"https:\/\/tartarugas.net\/tours\/trekking-pico-do-tabuleiro\/","name":"Trekking Pico do Tabuleiro - Tartarugas Turismo de Aventura - Caldas","isPartOf":{"@id":"https:\/\/tartarugas.net\/#website"},"primaryImageOfPage":{"@id":"https:\/\/tartarugas.net\/tours\/trekking-pico-do-tabuleiro\/#primaryimage"},"image":{"@id":"https:\/\/tartarugas.net\/tours\/trekking-pico-do-tabuleiro\/#primaryimage"},"thumbnailUrl":"https:\/\/tartarugas.net\/wp-content\/uploads\/2018\/09\/header-trekking-pico-da-serra-do-tabuleiro.jpg","datePublished":"2016-08-29T19:23:18+00:00","dateModified":"2024-11-04T01:41:52+00:00","description":"Caminhada com dura\u00e7\u00e3o de 10horas. O grau de dificuldade \u00e9 alto, exige um bom condicionamento f\u00edsico. Pico mais alto, esta a 1.260 m de altitude. Supera\u00e7\u00e3o.","breadcrumb":{"@id":"https:\/\/tartarugas.net\/tours\/trekking-pico-do-tabuleiro\/#breadcrumb"},"inLanguage":"en-US","potentialAction":[{"@type":"ReadAction","target":["https:\/\/tartarugas.net\/tours\/trekking-pico-do-tabuleiro\/"]}]},{"@type":"ImageObject","inLanguage":"en-US","@id":"https:\/\/tartarugas.net\/tours\/trekking-pico-do-tabuleiro\/#primaryimage","url":"https:\/\/tartarugas.net\/wp-content\/uploads\/2018\/09\/header-trekking-pico-da-serra-do-tabuleiro.jpg","contentUrl":"https:\/\/tartarugas.net\/wp-content\/uploads\/2018\/09\/header-trekking-pico-da-serra-do-tabuleiro.jpg","width":1920,"height":1200,"caption":"Pico do Tabuleiro"},{"@type":"BreadcrumbList","@id":"https:\/\/tartarugas.net\/tours\/trekking-pico-do-tabuleiro\/#breadcrumb","itemListElement":[{"@type":"ListItem","position":1,"name":"In\u00edcio","item":"https:\/\/tartarugas.net\/"},{"@type":"ListItem","position":2,"name":"Atividades","item":"https:\/\/tartarugas.net\/atividades\/"},{"@type":"ListItem","position":3,"name":"Trekking Pico do Tabuleiro"}]},{"@type":"WebSite","@id":"https:\/\/tartarugas.net\/#website","url":"https:\/\/tartarugas.net\/","name":"Tartarugas Espirito de Aventura","description":"Empresa especializada em Atvidades Outdoor ","publisher":{"@id":"https:\/\/tartarugas.net\/#organization"},"potentialAction":[{"@type":"SearchAction","target":{"@type":"EntryPoint","urlTemplate":"https:\/\/tartarugas.net\/?s={search_term_string}"},"query-input":{"@type":"PropertyValueSpecification","valueRequired":true,"valueName":"search_term_string"}}],"inLanguage":"en-US"},{"@type":"Organization","@id":"https:\/\/tartarugas.net\/#organization","name":"Tartarugas Espirito de Aventura","url":"https:\/\/tartarugas.net\/","logo":{"@type":"ImageObject","inLanguage":"en-US","@id":"https:\/\/tartarugas.net\/#\/schema\/logo\/image\/","url":"https:\/\/tartarugas.net\/wp-content\/uploads\/2016\/08\/logo-retina.png","contentUrl":"https:\/\/tartarugas.net\/wp-content\/uploads\/2016\/08\/logo-retina.png","width":360,"height":254,"caption":"Tartarugas Espirito de Aventura"},"image":{"@id":"https:\/\/tartarugas.net\/#\/schema\/logo\/image\/"},"sameAs":["https:\/\/www.facebook.com\/tartarugasaventura\/","https:\/\/x.com\/_tartarugas","http:\/\/www.instagram.com\/tartarugas.turismo"]}]}},"_links":{"self":[{"href":"https:\/\/tartarugas.net\/en\/wp-json\/wp\/v2\/product\/1233","targetHints":{"allow":["GET"]}}],"collection":[{"href":"https:\/\/tartarugas.net\/en\/wp-json\/wp\/v2\/product"}],"about":[{"href":"https:\/\/tartarugas.net\/en\/wp-json\/wp\/v2\/types\/product"}],"replies":[{"embeddable":true,"href":"https:\/\/tartarugas.net\/en\/wp-json\/wp\/v2\/comments?post=1233"}],"wp:featuredmedia":[{"embeddable":true,"href":"https:\/\/tartarugas.net\/en\/wp-json\/wp\/v2\/media\/6859"}],"wp:attachment":[{"href":"https:\/\/tartarugas.net\/en\/wp-json\/wp\/v2\/media?parent=1233"}],"wp:term":[{"taxonomy":"product_brand","embeddable":true,"href":"https:\/\/tartarugas.net\/en\/wp-json\/wp\/v2\/product_brand?post=1233"},{"taxonomy":"product_cat","embeddable":true,"href":"https:\/\/tartarugas.net\/en\/wp-json\/wp\/v2\/product_cat?post=1233"},{"taxonomy":"product_tag","embeddable":true,"href":"https:\/\/tartarugas.net\/en\/wp-json\/wp\/v2\/product_tag?post=1233"}],"curies":[{"name":"wp","href":"https:\/\/api.w.org\/{rel}","templated":true}]}}