{"id":1235,"date":"2016-08-29T16:53:12","date_gmt":"2016-08-29T19:53:12","guid":{"rendered":"http:\/\/tartarugas.net\/?post_type=product&#038;p=1235"},"modified":"2025-10-15T09:14:04","modified_gmt":"2025-10-15T12:14:04","slug":"rapel-de-cachoeira-35m","status":"publish","type":"product","link":"https:\/\/tartarugas.net\/en\/tours\/rapel-de-cachoeira-35m\/","title":{"rendered":"Rapel de Cachoeira 35m"},"content":{"rendered":"<div id=\"TA_socialButtonBubbles767\" class=\"TA_socialButtonBubbles\">\n<ul id=\"0cYsAZ2o2y\" class=\"TA_links 4Zes6o1MZLXt\">\n<li id=\"5XoXgzdMcy6J\" class=\"RKYEQ8\"><a href=\"https:\/\/www.tripadvisor.com\/Attraction_Review-g488173-d7688865-Reviews-Tartarugas-Santo_Amaro_da_Imperatriz_State_of_Santa_Catarina.html\" target=\"_blank\" rel=\"noopener\"><img decoding=\"async\" src=\"https:\/\/www.tripadvisor.com\/img\/cdsi\/img2\/branding\/socialWidget\/20x28_green-21693-2.png\" \/><\/a><\/li>\n<\/ul>\n<\/div>\n<p style=\"text-align: center;\"><iframe src=\"\/\/www.youtube.com\/embed\/aC-z9RN154A\" width=\"560\" height=\"314\" allowfullscreen=\"allowfullscreen\"><\/iframe><\/p>\n<p>&nbsp;<\/p>\n<h2 style=\"text-align: center;\"><span style=\"color: #9e9602;\"><strong>Fa\u00e7a sua reserva via whats app agora!<\/strong><\/span><\/h2>\n<p style=\"text-align: center;\"><a href=\"https:\/\/api.whatsapp.com\/send?phone=554896616751\" class=\"atbtn atbtn--default atbtn--large\">Reserve aqui<\/a><\/p>\n<h2><\/h2>\n<table style=\"border-collapse: collapse; width: 100%;\">\n<tbody>\n<tr>\n<td style=\"width: 33.3333%;\"><img fetchpriority=\"high\" decoding=\"async\" class=\"wp-image-5233 aligncenter\" src=\"https:\/\/tartarugas.net\/wp-content\/uploads\/2016\/08\/DSC_0010-300x199.jpg\" alt=\"\" width=\"371\" height=\"246\" srcset=\"https:\/\/tartarugas.net\/wp-content\/uploads\/2016\/08\/DSC_0010-300x199.jpg 300w, https:\/\/tartarugas.net\/wp-content\/uploads\/2016\/08\/DSC_0010-531x354.jpg 531w, https:\/\/tartarugas.net\/wp-content\/uploads\/2016\/08\/DSC_0010-180x120.jpg 180w, https:\/\/tartarugas.net\/wp-content\/uploads\/2016\/08\/DSC_0010-600x399.jpg 600w, https:\/\/tartarugas.net\/wp-content\/uploads\/2016\/08\/DSC_0010-768x511.jpg 768w, https:\/\/tartarugas.net\/wp-content\/uploads\/2016\/08\/DSC_0010-1024x681.jpg 1024w, https:\/\/tartarugas.net\/wp-content\/uploads\/2016\/08\/DSC_0010.jpg 2048w\" sizes=\"(max-width: 371px) 100vw, 371px\" \/><\/td>\n<td style=\"width: 33.3333%;\"><img decoding=\"async\" class=\"wp-image-5236 aligncenter\" src=\"https:\/\/tartarugas.net\/wp-content\/uploads\/2016\/08\/DSC_0079-300x199.jpg\" alt=\"\" width=\"375\" height=\"249\" srcset=\"https:\/\/tartarugas.net\/wp-content\/uploads\/2016\/08\/DSC_0079-300x199.jpg 300w, https:\/\/tartarugas.net\/wp-content\/uploads\/2016\/08\/DSC_0079-531x354.jpg 531w, https:\/\/tartarugas.net\/wp-content\/uploads\/2016\/08\/DSC_0079-180x120.jpg 180w, https:\/\/tartarugas.net\/wp-content\/uploads\/2016\/08\/DSC_0079-600x399.jpg 600w, https:\/\/tartarugas.net\/wp-content\/uploads\/2016\/08\/DSC_0079-768x511.jpg 768w, https:\/\/tartarugas.net\/wp-content\/uploads\/2016\/08\/DSC_0079-1024x681.jpg 1024w, https:\/\/tartarugas.net\/wp-content\/uploads\/2016\/08\/DSC_0079.jpg 2048w\" sizes=\"(max-width: 375px) 100vw, 375px\" \/><\/td>\n<td style=\"width: 33.3333%;\"><img decoding=\"async\" class=\"wp-image-5238 aligncenter\" src=\"https:\/\/tartarugas.net\/wp-content\/uploads\/2016\/08\/DSC_0206-300x199.jpg\" alt=\"\" width=\"375\" height=\"248\" srcset=\"https:\/\/tartarugas.net\/wp-content\/uploads\/2016\/08\/DSC_0206-300x199.jpg 300w, https:\/\/tartarugas.net\/wp-content\/uploads\/2016\/08\/DSC_0206-180x120.jpg 180w, https:\/\/tartarugas.net\/wp-content\/uploads\/2016\/08\/DSC_0206-600x399.jpg 600w, https:\/\/tartarugas.net\/wp-content\/uploads\/2016\/08\/DSC_0206-1024x681.jpg 1024w, https:\/\/tartarugas.net\/wp-content\/uploads\/2016\/08\/DSC_0206.jpg 2048w\" sizes=\"(max-width: 375px) 100vw, 375px\" \/><\/td>\n<\/tr>\n<\/tbody>\n<\/table>\n<h2><\/h2>\n<h2>Rapel de Cachoeira 35 metros\u00a0 ( ideal para iniciantes)<\/h2>\n<p><strong>Rapel de Cachoeira<\/strong>\u00a0ou cachoeirismo \u00e9 a descida de quedas d&#8217;\u00e1gua, seguindo ou n\u00e3o o curso d&#8217;\u00e1gua, utilizando equipamentos espec\u00edficos e\u00a0t\u00e9cnicas verticais.<\/p>\n<h3>Onde praticar o rapel de cachoeira em Florian\u00f3polis e regi\u00e3o?<\/h3>\n<p><strong>Cachoeira da Ressurei\u00e7\u00e3o &#8211; Rio Forquilhas &#8211; \u00c1guas mornas:<\/strong><br \/>\nAs cercanias da Serra do Tabuleiro s\u00e3o ricas em cachoeiras e cascatas. Nesta base, a Tartarugas proporciona rapel em duas cachoeiras distintas. A Cachoeira do Rio Forquilhas \u00e9 ideal para iniciantes.<\/p>\n<p><strong>Rapel de Cachoeira do Rio Forquilhas (ideal para iniciantes)<\/strong><\/p>\n<ul>\n<li>Localiza-se no munic\u00edpio de \u00c1guas Mornas, h\u00e1 15 km da base;<\/li>\n<li>O rapel tem 35 metros de altura;<\/li>\n<li>A atividade tem dura\u00e7\u00e3o de aproximadamente 02:00 horas, dependendo do tamanho do grupo;<\/li>\n<\/ul>\n<p><strong>Inclui:<\/strong><\/p>\n<ul>\n<li>Equipamentos de seguran\u00e7a;<\/li>\n<li>Condutores Especializados;<\/li>\n<li>Seguro Atividade;<\/li>\n<li>Aluguel de roupa neoprene*;<\/li>\n<\/ul>\n<p><strong>O que levar para praticar o Rapel de Cachoeira:<\/strong><\/p>\n<ul>\n<li>CPF;<\/li>\n<li>Cal\u00e7ado fechado;<\/li>\n<li>Prendedor de cabelo;<\/li>\n<li>Protetor solar;<\/li>\n<li>Repelente;<\/li>\n<li>Toalha;<\/li>\n<li>Cal\u00e7ado extra e roupa extra (para depois da atividade);<\/li>\n<\/ul>\n<p><strong>Restri\u00e7\u00f5es da atividade:<\/strong><\/p>\n<ul>\n<li>Crian\u00e7as com idade inferior\u00a0a 12 anos;<\/li>\n<li>Pessoas com peso superior a 120 kg;<\/li>\n<li>Utiliza\u00e7\u00e3o de acess\u00f3rio (brincos, pulseiras, colares);<\/li>\n<li>Cabelos soltos;<\/li>\n<li>Sand\u00e1lias ou cal\u00e7ados soltos;<\/li>\n<li>Mulheres gestantes;<\/li>\n<\/ul>\n<p><strong>Restri\u00e7\u00e3o clim\u00e1tica:<\/strong><\/p>\n<ul>\n<li>Chuva intensa;<\/li>\n<li>Trovoadas;<\/li>\n<li>Ventania acentuada e\/ou raios.<\/li>\n<\/ul>\n<p class=\"orange\"><a class=\"orange\" href=\"http:\/\/www.plazahoteis.com.br\/caldasimperatriz\/br\/como-chegar\/\" target=\"_blank\" rel=\"noopener noreferrer\"><br \/>\nComo chegar<\/a><\/p>\n<h2 style=\"text-align: center;\"><span style=\"color: #9e9602;\"><strong>Fa\u00e7a sua reserva via whats app agora!<\/strong><\/span><\/h2>\n<p style=\"text-align: center;\"><a href=\"https:\/\/api.whatsapp.com\/send?phone=554896616751\" class=\"atbtn atbtn--default atbtn--large\">Reserve aqui<\/a><\/p>","protected":false},"excerpt":{"rendered":"<p>&nbsp; Fa\u00e7a sua reserva via whats app agora! Rapel de Cachoeira 35 metros\u00a0 ( ideal para iniciantes) Rapel de Cachoeira\u00a0ou cachoeirismo \u00e9 a descida de quedas d&#8217;\u00e1gua, seguindo ou n\u00e3o o curso d&#8217;\u00e1gua, utilizando equipamentos espec\u00edficos e\u00a0t\u00e9cnicas verticais. Onde praticar o rapel de cachoeira em Florian\u00f3polis e regi\u00e3o? Cachoeira da Ressurei\u00e7\u00e3o &#8211; Rio Forquilhas &#8211;<\/p>\n<div class=\"padding-top text-center\"><a href=\"https:\/\/tartarugas.net\/en\/tours\/rapel-de-cachoeira-35m\/\" class=\"atbtn atbtn--medium atbtn--rounded atbtn--transparent\">Ler mais<i class=\"atbtn__icon atbtn__icon--right fa fa-long-arrow-right\"><\/i><\/a><\/div>","protected":false},"featured_media":5235,"comment_status":"open","ping_status":"closed","template":"","meta":{"content-type":"","_joinchat":[]},"product_brand":[],"product_cat":[230,311],"product_tag":[],"class_list":{"0":"post-1235","1":"product","2":"type-product","3":"status-publish","4":"has-post-thumbnail","6":"product_cat-sem-categoria","7":"product_cat-caldas-da-imperatriz","8":"tour_category-rapel-de-cachoeira","10":"first","11":"instock","12":"featured","13":"shipping-taxable","14":"purchasable","15":"product-type-tour"},"yoast_head":"<!-- This site is optimized with the Yoast SEO plugin v26.9 - https:\/\/yoast.com\/product\/yoast-seo-wordpress\/ -->\n<title>Rapel de Cachoeira 35m - Tartarugas Espirito de Aventura<\/title>\n<meta name=\"description\" content=\"Rapel de Cachoeira, descidas em quedas d&#039;\u00e1gua, 35m de altura, 2 horas de descida, guias preparados, Cachoeira da Ressurei\u00e7\u00e3o, Rio Vermelho, \u00c1guas Mornas.\" \/>\n<meta name=\"robots\" content=\"index, follow, max-snippet:-1, max-image-preview:large, max-video-preview:-1\" \/>\n<link rel=\"canonical\" href=\"https:\/\/tartarugas.net\/en\/tours\/rapel-de-cachoeira-35m\/\" \/>\n<meta property=\"og:locale\" content=\"en_US\" \/>\n<meta property=\"og:type\" content=\"article\" \/>\n<meta property=\"og:title\" content=\"Rapel de Cachoeira 35m - Tartarugas Espirito de Aventura\" \/>\n<meta property=\"og:description\" content=\"Rapel de Cachoeira, descidas em quedas d&#039;\u00e1gua, 35m de altura, 2 horas de descida, guias preparados, Cachoeira da Ressurei\u00e7\u00e3o, Rio Vermelho, \u00c1guas Mornas.\" \/>\n<meta property=\"og:url\" content=\"https:\/\/tartarugas.net\/en\/tours\/rapel-de-cachoeira-35m\/\" \/>\n<meta property=\"og:site_name\" content=\"Tartarugas Espirito de Aventura\" \/>\n<meta property=\"article:publisher\" content=\"https:\/\/www.facebook.com\/tartarugasaventura\/\" \/>\n<meta property=\"article:modified_time\" content=\"2025-10-15T12:14:04+00:00\" \/>\n<meta property=\"og:image\" content=\"https:\/\/tartarugas.net\/wp-content\/uploads\/2016\/08\/DSC_0060.jpg\" \/>\n\t<meta property=\"og:image:width\" content=\"2048\" \/>\n\t<meta property=\"og:image:height\" content=\"1362\" \/>\n\t<meta property=\"og:image:type\" content=\"image\/jpeg\" \/>\n<meta name=\"twitter:card\" content=\"summary_large_image\" \/>\n<meta name=\"twitter:site\" content=\"@_tartarugas\" \/>\n<meta name=\"twitter:label1\" content=\"Est. reading time\" \/>\n\t<meta name=\"twitter:data1\" content=\"3 minutes\" \/>\n<script type=\"application\/ld+json\" class=\"yoast-schema-graph\">{\"@context\":\"https:\/\/schema.org\",\"@graph\":[{\"@type\":\"WebPage\",\"@id\":\"https:\/\/tartarugas.net\/tours\/rapel-de-cachoeira-35m\/\",\"url\":\"https:\/\/tartarugas.net\/tours\/rapel-de-cachoeira-35m\/\",\"name\":\"Rapel de Cachoeira 35m - Tartarugas Espirito de Aventura\",\"isPartOf\":{\"@id\":\"https:\/\/tartarugas.net\/#website\"},\"primaryImageOfPage\":{\"@id\":\"https:\/\/tartarugas.net\/tours\/rapel-de-cachoeira-35m\/#primaryimage\"},\"image\":{\"@id\":\"https:\/\/tartarugas.net\/tours\/rapel-de-cachoeira-35m\/#primaryimage\"},\"thumbnailUrl\":\"https:\/\/tartarugas.net\/wp-content\/uploads\/2016\/08\/DSC_0060.jpg\",\"datePublished\":\"2016-08-29T19:53:12+00:00\",\"dateModified\":\"2025-10-15T12:14:04+00:00\",\"description\":\"Rapel de Cachoeira, descidas em quedas d'\u00e1gua, 35m de altura, 2 horas de descida, guias preparados, Cachoeira da Ressurei\u00e7\u00e3o, Rio Vermelho, \u00c1guas Mornas.\",\"breadcrumb\":{\"@id\":\"https:\/\/tartarugas.net\/tours\/rapel-de-cachoeira-35m\/#breadcrumb\"},\"inLanguage\":\"en-US\",\"potentialAction\":[{\"@type\":\"ReadAction\",\"target\":[\"https:\/\/tartarugas.net\/tours\/rapel-de-cachoeira-35m\/\"]}]},{\"@type\":\"ImageObject\",\"inLanguage\":\"en-US\",\"@id\":\"https:\/\/tartarugas.net\/tours\/rapel-de-cachoeira-35m\/#primaryimage\",\"url\":\"https:\/\/tartarugas.net\/wp-content\/uploads\/2016\/08\/DSC_0060.jpg\",\"contentUrl\":\"https:\/\/tartarugas.net\/wp-content\/uploads\/2016\/08\/DSC_0060.jpg\",\"width\":2048,\"height\":1362},{\"@type\":\"BreadcrumbList\",\"@id\":\"https:\/\/tartarugas.net\/tours\/rapel-de-cachoeira-35m\/#breadcrumb\",\"itemListElement\":[{\"@type\":\"ListItem\",\"position\":1,\"name\":\"In\u00edcio\",\"item\":\"https:\/\/tartarugas.net\/\"},{\"@type\":\"ListItem\",\"position\":2,\"name\":\"Atividades\",\"item\":\"https:\/\/tartarugas.net\/atividades\/\"},{\"@type\":\"ListItem\",\"position\":3,\"name\":\"Rapel de Cachoeira 35m\"}]},{\"@type\":\"WebSite\",\"@id\":\"https:\/\/tartarugas.net\/#website\",\"url\":\"https:\/\/tartarugas.net\/\",\"name\":\"Tartarugas Espirito de Aventura\",\"description\":\"Empresa especializada em Atvidades Outdoor \",\"publisher\":{\"@id\":\"https:\/\/tartarugas.net\/#organization\"},\"potentialAction\":[{\"@type\":\"SearchAction\",\"target\":{\"@type\":\"EntryPoint\",\"urlTemplate\":\"https:\/\/tartarugas.net\/?s={search_term_string}\"},\"query-input\":{\"@type\":\"PropertyValueSpecification\",\"valueRequired\":true,\"valueName\":\"search_term_string\"}}],\"inLanguage\":\"en-US\"},{\"@type\":\"Organization\",\"@id\":\"https:\/\/tartarugas.net\/#organization\",\"name\":\"Tartarugas Espirito de Aventura\",\"url\":\"https:\/\/tartarugas.net\/\",\"logo\":{\"@type\":\"ImageObject\",\"inLanguage\":\"en-US\",\"@id\":\"https:\/\/tartarugas.net\/#\/schema\/logo\/image\/\",\"url\":\"https:\/\/tartarugas.net\/wp-content\/uploads\/2016\/08\/logo-retina.png\",\"contentUrl\":\"https:\/\/tartarugas.net\/wp-content\/uploads\/2016\/08\/logo-retina.png\",\"width\":360,\"height\":254,\"caption\":\"Tartarugas Espirito de Aventura\"},\"image\":{\"@id\":\"https:\/\/tartarugas.net\/#\/schema\/logo\/image\/\"},\"sameAs\":[\"https:\/\/www.facebook.com\/tartarugasaventura\/\",\"https:\/\/x.com\/_tartarugas\",\"http:\/\/www.instagram.com\/tartarugas.turismo\"]}]}<\/script>\n<!-- \/ Yoast SEO plugin. -->","yoast_head_json":{"title":"Rapel de Cachoeira 35m - Tartarugas Espirito de Aventura","description":"Rapel de Cachoeira, descidas em quedas d'\u00e1gua, 35m de altura, 2 horas de descida, guias preparados, Cachoeira da Ressurei\u00e7\u00e3o, Rio Vermelho, \u00c1guas Mornas.","robots":{"index":"index","follow":"follow","max-snippet":"max-snippet:-1","max-image-preview":"max-image-preview:large","max-video-preview":"max-video-preview:-1"},"canonical":"https:\/\/tartarugas.net\/en\/tours\/rapel-de-cachoeira-35m\/","og_locale":"en_US","og_type":"article","og_title":"Rapel de Cachoeira 35m - Tartarugas Espirito de Aventura","og_description":"Rapel de Cachoeira, descidas em quedas d'\u00e1gua, 35m de altura, 2 horas de descida, guias preparados, Cachoeira da Ressurei\u00e7\u00e3o, Rio Vermelho, \u00c1guas Mornas.","og_url":"https:\/\/tartarugas.net\/en\/tours\/rapel-de-cachoeira-35m\/","og_site_name":"Tartarugas Espirito de Aventura","article_publisher":"https:\/\/www.facebook.com\/tartarugasaventura\/","article_modified_time":"2025-10-15T12:14:04+00:00","og_image":[{"width":2048,"height":1362,"url":"https:\/\/tartarugas.net\/wp-content\/uploads\/2016\/08\/DSC_0060.jpg","type":"image\/jpeg"}],"twitter_card":"summary_large_image","twitter_site":"@_tartarugas","twitter_misc":{"Est. reading time":"3 minutes"},"schema":{"@context":"https:\/\/schema.org","@graph":[{"@type":"WebPage","@id":"https:\/\/tartarugas.net\/tours\/rapel-de-cachoeira-35m\/","url":"https:\/\/tartarugas.net\/tours\/rapel-de-cachoeira-35m\/","name":"Rapel de Cachoeira 35m - Tartarugas Espirito de Aventura","isPartOf":{"@id":"https:\/\/tartarugas.net\/#website"},"primaryImageOfPage":{"@id":"https:\/\/tartarugas.net\/tours\/rapel-de-cachoeira-35m\/#primaryimage"},"image":{"@id":"https:\/\/tartarugas.net\/tours\/rapel-de-cachoeira-35m\/#primaryimage"},"thumbnailUrl":"https:\/\/tartarugas.net\/wp-content\/uploads\/2016\/08\/DSC_0060.jpg","datePublished":"2016-08-29T19:53:12+00:00","dateModified":"2025-10-15T12:14:04+00:00","description":"Rapel de Cachoeira, descidas em quedas d'\u00e1gua, 35m de altura, 2 horas de descida, guias preparados, Cachoeira da Ressurei\u00e7\u00e3o, Rio Vermelho, \u00c1guas Mornas.","breadcrumb":{"@id":"https:\/\/tartarugas.net\/tours\/rapel-de-cachoeira-35m\/#breadcrumb"},"inLanguage":"en-US","potentialAction":[{"@type":"ReadAction","target":["https:\/\/tartarugas.net\/tours\/rapel-de-cachoeira-35m\/"]}]},{"@type":"ImageObject","inLanguage":"en-US","@id":"https:\/\/tartarugas.net\/tours\/rapel-de-cachoeira-35m\/#primaryimage","url":"https:\/\/tartarugas.net\/wp-content\/uploads\/2016\/08\/DSC_0060.jpg","contentUrl":"https:\/\/tartarugas.net\/wp-content\/uploads\/2016\/08\/DSC_0060.jpg","width":2048,"height":1362},{"@type":"BreadcrumbList","@id":"https:\/\/tartarugas.net\/tours\/rapel-de-cachoeira-35m\/#breadcrumb","itemListElement":[{"@type":"ListItem","position":1,"name":"In\u00edcio","item":"https:\/\/tartarugas.net\/"},{"@type":"ListItem","position":2,"name":"Atividades","item":"https:\/\/tartarugas.net\/atividades\/"},{"@type":"ListItem","position":3,"name":"Rapel de Cachoeira 35m"}]},{"@type":"WebSite","@id":"https:\/\/tartarugas.net\/#website","url":"https:\/\/tartarugas.net\/","name":"Tartarugas Espirito de Aventura","description":"Empresa especializada em Atvidades Outdoor ","publisher":{"@id":"https:\/\/tartarugas.net\/#organization"},"potentialAction":[{"@type":"SearchAction","target":{"@type":"EntryPoint","urlTemplate":"https:\/\/tartarugas.net\/?s={search_term_string}"},"query-input":{"@type":"PropertyValueSpecification","valueRequired":true,"valueName":"search_term_string"}}],"inLanguage":"en-US"},{"@type":"Organization","@id":"https:\/\/tartarugas.net\/#organization","name":"Tartarugas Espirito de Aventura","url":"https:\/\/tartarugas.net\/","logo":{"@type":"ImageObject","inLanguage":"en-US","@id":"https:\/\/tartarugas.net\/#\/schema\/logo\/image\/","url":"https:\/\/tartarugas.net\/wp-content\/uploads\/2016\/08\/logo-retina.png","contentUrl":"https:\/\/tartarugas.net\/wp-content\/uploads\/2016\/08\/logo-retina.png","width":360,"height":254,"caption":"Tartarugas Espirito de Aventura"},"image":{"@id":"https:\/\/tartarugas.net\/#\/schema\/logo\/image\/"},"sameAs":["https:\/\/www.facebook.com\/tartarugasaventura\/","https:\/\/x.com\/_tartarugas","http:\/\/www.instagram.com\/tartarugas.turismo"]}]}},"_links":{"self":[{"href":"https:\/\/tartarugas.net\/en\/wp-json\/wp\/v2\/product\/1235","targetHints":{"allow":["GET"]}}],"collection":[{"href":"https:\/\/tartarugas.net\/en\/wp-json\/wp\/v2\/product"}],"about":[{"href":"https:\/\/tartarugas.net\/en\/wp-json\/wp\/v2\/types\/product"}],"replies":[{"embeddable":true,"href":"https:\/\/tartarugas.net\/en\/wp-json\/wp\/v2\/comments?post=1235"}],"wp:featuredmedia":[{"embeddable":true,"href":"https:\/\/tartarugas.net\/en\/wp-json\/wp\/v2\/media\/5235"}],"wp:attachment":[{"href":"https:\/\/tartarugas.net\/en\/wp-json\/wp\/v2\/media?parent=1235"}],"wp:term":[{"taxonomy":"product_brand","embeddable":true,"href":"https:\/\/tartarugas.net\/en\/wp-json\/wp\/v2\/product_brand?post=1235"},{"taxonomy":"product_cat","embeddable":true,"href":"https:\/\/tartarugas.net\/en\/wp-json\/wp\/v2\/product_cat?post=1235"},{"taxonomy":"product_tag","embeddable":true,"href":"https:\/\/tartarugas.net\/en\/wp-json\/wp\/v2\/product_tag?post=1235"}],"curies":[{"name":"wp","href":"https:\/\/api.w.org\/{rel}","templated":true}]}}