{"id":1241,"date":"2016-08-29T17:18:07","date_gmt":"2016-08-29T20:18:07","guid":{"rendered":"http:\/\/tartarugas.net\/?post_type=product&#038;p=1241"},"modified":"2025-10-15T08:43:26","modified_gmt":"2025-10-15T11:43:26","slug":"canionismo","status":"publish","type":"product","link":"https:\/\/tartarugas.net\/en\/tours\/canionismo\/","title":{"rendered":"Canionismo"},"content":{"rendered":"<div id=\"TA_socialButtonBubbles767\" class=\"TA_socialButtonBubbles\">\n<ul id=\"0cYsAZ2o2y\" class=\"TA_links 4Zes6o1MZLXt\">\n<li id=\"5XoXgzdMcy6J\" class=\"RKYEQ8\"><a href=\"https:\/\/www.tripadvisor.com\/Attraction_Review-g488173-d7688865-Reviews-Tartarugas-Santo_Amaro_da_Imperatriz_State_of_Santa_Catarina.html\" target=\"_blank\" rel=\"noopener\"><img decoding=\"async\" src=\"https:\/\/www.tripadvisor.com\/img\/cdsi\/img2\/branding\/socialWidget\/20x28_green-21693-2.png\" \/><\/a><\/li>\n<\/ul>\n<\/div>\n<p><script src=\"https:\/\/www.jscache.com\/wejs?wtype=socialButtonBubbles&amp;uniq=767&amp;locationId=7688865&amp;color=green&amp;size=rect&amp;lang=en_US&amp;display_version=2\"><\/script><\/p>\n<h2 style=\"text-align: center;\"><span style=\"color: #9e9602;\"><strong>Fa\u00e7a sua reserva via whats app agora!<\/strong><\/span><\/h2>\n<p style=\"text-align: center;\"><a href=\"https:\/\/api.whatsapp.com\/send?phone=5548996616751\" class=\"atbtn atbtn--default atbtn--large\">Reserve aqui<\/a><\/p>\n<h2><strong>Canionismo em \u00c1guas Mornas<\/strong><\/h2>\n<p><strong>Canionismo<\/strong>\u00a0\u00e9 a descida e\/ou explora\u00e7\u00e3o de c\u00e2nions, rios em garganta ou desfiladeiros.<br \/>\nEsta atividade consiste em explorar o rio a p\u00e9, a nado, saltando, flutuando e utilizando t\u00e9cnicas verticais. Na descida \u00e9 poss\u00edvel desfrutar de bel\u00edssimos trechos do rio, al\u00e9m de contemplar a riqueza da fauna e flora local.<br \/>\nSe deparando eventualmente\u00a0com animais como: macacos, p\u00e1ssaros, lontras, entre outras muitas esp\u00e9cies.<br \/>\nN\u00e3o \u00e9 preciso experi\u00eancia ou\u00a0saber nadar, o principal objetivo \u00e9 querer estar em\u00a0contato com a natureza e sentir a emo\u00e7\u00e3o que ela poder\u00e1 proporcionar.<\/p>\n<h3><strong>Onde praticar o Canionismo em Florian\u00f3polis e regi\u00e3o?<\/strong><\/h3>\n<p><strong>Rio Forquilhas (Santo Amaro da Imperatriz)<\/strong>:<br \/>\nPr\u00f3ximo a Base de Caldas, na Floresta Atl\u00e2ntica do munic\u00edpio de \u00c1guas Mornas, mais precisamente no Rio Forquilhas.<\/p>\n<p><strong>Canionismo:<\/strong><\/p>\n<ul>\n<li>2 Km de rio para ser explorado;<\/li>\n<li>4 a 5 horas de atividade;<\/li>\n<li>1 Rapel de cachoeira de 35 metros;<\/li>\n<li>1 Rapel de 15 metros;<\/li>\n<li>Salto livre de 15 metros;<\/li>\n<li>Flutua\u00e7\u00e3o;<\/li>\n<li>Tobog\u00e3 Natural;<\/li>\n<li>Water Trekking (caminhada por dentro d\u2019\u00e1gua);<\/li>\n<\/ul>\n<p><strong>Inclui:<\/strong><\/p>\n<ul>\n<li>Equipamentos de seguran\u00e7a;<\/li>\n<li>Condutores Especializados;<\/li>\n<li>Seguro Atividade;<\/li>\n<li>Alimenta\u00e7\u00e3o;<\/li>\n<li>Aluguel de roupa neoprene*<\/li>\n<\/ul>\n<p><strong>O que levar para praticar o canionismo:<\/strong><\/p>\n<ul>\n<li>CPF;<\/li>\n<li>Cal\u00e7ado fechado (preferencia t\u00eanis esportivo);<\/li>\n<li>Prendedor de cabelo;<\/li>\n<li>Protetor solar;<\/li>\n<li>Repelente;<\/li>\n<li>Toalha;<\/li>\n<li>Cal\u00e7ado extra e roupa extra (para depois da atividade);<\/li>\n<\/ul>\n<p>*Menores de idade devem estar acompanhado do respons\u00e1vel*<\/p>\n<p><strong>Restri\u00e7\u00f5es da atividade:<\/strong><\/p>\n<ul>\n<li>Crian\u00e7as com idade inferior a 12 anos;<\/li>\n<li>Pessoas acima de 150 Kg;<\/li>\n<li>Utiliza\u00e7\u00e3o de acess\u00f3rios (brincos, pulseiras, colares, piercing e \u00f3culos);<\/li>\n<li>Cabelos soltos;<\/li>\n<li>Mulheres gestantes;<\/li>\n<li>Pessoas que apresentam problemas cardiorrespirat\u00f3rios, musculares e\/ou \u00f3sseos;<\/li>\n<\/ul>\n<p><strong>Restri\u00e7\u00f5es clim\u00e1ticas:<\/strong><\/p>\n<ul>\n<li>Chuva intensa;<\/li>\n<li>Trovoadas e\/ou raios;<\/li>\n<li>N\u00edvel do rio acima de 1,20 m;<\/li>\n<li>Baixas temperaturas (risco de hipotermia);<\/li>\n<\/ul>\n<p><a class=\"orange\" href=\"http:\/\/www.plazahoteis.com.br\/caldasimperatriz\/br\/como-chegar\/\" target=\"_blank\" rel=\"noopener noreferrer\">Como chegar <\/a><\/p>\n<h2 style=\"text-align: center;\"><span style=\"color: #9e9602;\"><strong>Fa\u00e7a sua reserva via whats app agora!<\/strong><\/span><\/h2>\n<p style=\"text-align: center;\"><a href=\"https:\/\/api.whatsapp.com\/send?phone=5548996288707\" class=\"atbtn atbtn--default atbtn--large\">Reserve aqui<\/a><\/p>","protected":false},"excerpt":{"rendered":"<p>Fa\u00e7a sua reserva via whats app agora! Canionismo em \u00c1guas Mornas Canionismo\u00a0\u00e9 a descida e\/ou explora\u00e7\u00e3o de c\u00e2nions, rios em garganta ou desfiladeiros. Esta atividade consiste em explorar o rio a p\u00e9, a nado, saltando, flutuando e utilizando t\u00e9cnicas verticais. Na descida \u00e9 poss\u00edvel desfrutar de bel\u00edssimos trechos do rio, al\u00e9m de contemplar a riqueza<\/p>\n<div class=\"padding-top text-center\"><a href=\"https:\/\/tartarugas.net\/en\/tours\/canionismo\/\" class=\"atbtn atbtn--medium atbtn--rounded atbtn--transparent\">Ler mais<i class=\"atbtn__icon atbtn__icon--right fa fa-long-arrow-right\"><\/i><\/a><\/div>","protected":false},"featured_media":3242,"comment_status":"open","ping_status":"closed","template":"","meta":{"content-type":"","_joinchat":[]},"product_brand":[],"product_cat":[230,311],"product_tag":[],"class_list":{"0":"post-1241","1":"product","2":"type-product","3":"status-publish","4":"has-post-thumbnail","6":"product_cat-sem-categoria","7":"product_cat-caldas-da-imperatriz","8":"tour_category-canionismo","10":"first","11":"instock","12":"shipping-taxable","13":"purchasable","14":"product-type-tour"},"yoast_head":"<!-- This site is optimized with the Yoast SEO plugin v26.9 - https:\/\/yoast.com\/product\/yoast-seo-wordpress\/ -->\n<title>Canionismo - \u00c1guas Mornas - Emo\u00e7\u00e3o - Tartarugas Turismo de Aventura<\/title>\n<meta name=\"description\" content=\"Canionismo em \u00c1guas Mornas, tubog\u00e3s naturais, 4 horas de aventura, explora\u00e7\u00e3o da fauna e flora, integra\u00e7\u00e3o com a natureza nativa da regi\u00e3o.\" \/>\n<meta name=\"robots\" content=\"index, follow, max-snippet:-1, max-image-preview:large, max-video-preview:-1\" \/>\n<link rel=\"canonical\" href=\"https:\/\/tartarugas.net\/en\/tours\/canionismo\/\" \/>\n<meta property=\"og:locale\" content=\"en_US\" \/>\n<meta property=\"og:type\" content=\"article\" \/>\n<meta property=\"og:title\" content=\"Canionismo - \u00c1guas Mornas - Emo\u00e7\u00e3o - Tartarugas Turismo de Aventura\" \/>\n<meta property=\"og:description\" content=\"Canionismo em \u00c1guas Mornas, tubog\u00e3s naturais, 4 horas de aventura, explora\u00e7\u00e3o da fauna e flora, integra\u00e7\u00e3o com a natureza nativa da regi\u00e3o.\" \/>\n<meta property=\"og:url\" content=\"https:\/\/tartarugas.net\/en\/tours\/canionismo\/\" \/>\n<meta property=\"og:site_name\" content=\"Tartarugas Espirito de Aventura\" \/>\n<meta property=\"article:publisher\" content=\"https:\/\/www.facebook.com\/tartarugasaventura\/\" \/>\n<meta property=\"article:modified_time\" content=\"2025-10-15T11:43:26+00:00\" \/>\n<meta property=\"og:image\" content=\"https:\/\/tartarugas.net\/wp-content\/uploads\/2016\/08\/principal.jpg\" \/>\n\t<meta property=\"og:image:width\" content=\"1500\" \/>\n\t<meta property=\"og:image:height\" content=\"844\" \/>\n\t<meta property=\"og:image:type\" content=\"image\/jpeg\" \/>\n<meta name=\"twitter:card\" content=\"summary_large_image\" \/>\n<meta name=\"twitter:site\" content=\"@_tartarugas\" \/>\n<meta name=\"twitter:label1\" content=\"Est. reading time\" \/>\n\t<meta name=\"twitter:data1\" content=\"3 minutes\" \/>\n<script type=\"application\/ld+json\" class=\"yoast-schema-graph\">{\"@context\":\"https:\/\/schema.org\",\"@graph\":[{\"@type\":\"WebPage\",\"@id\":\"https:\/\/tartarugas.net\/tours\/canionismo\/\",\"url\":\"https:\/\/tartarugas.net\/tours\/canionismo\/\",\"name\":\"Canionismo - \u00c1guas Mornas - Emo\u00e7\u00e3o - Tartarugas Turismo de Aventura\",\"isPartOf\":{\"@id\":\"https:\/\/tartarugas.net\/#website\"},\"primaryImageOfPage\":{\"@id\":\"https:\/\/tartarugas.net\/tours\/canionismo\/#primaryimage\"},\"image\":{\"@id\":\"https:\/\/tartarugas.net\/tours\/canionismo\/#primaryimage\"},\"thumbnailUrl\":\"https:\/\/tartarugas.net\/wp-content\/uploads\/2016\/08\/principal.jpg\",\"datePublished\":\"2016-08-29T20:18:07+00:00\",\"dateModified\":\"2025-10-15T11:43:26+00:00\",\"description\":\"Canionismo em \u00c1guas Mornas, tubog\u00e3s naturais, 4 horas de aventura, explora\u00e7\u00e3o da fauna e flora, integra\u00e7\u00e3o com a natureza nativa da regi\u00e3o.\",\"breadcrumb\":{\"@id\":\"https:\/\/tartarugas.net\/tours\/canionismo\/#breadcrumb\"},\"inLanguage\":\"en-US\",\"potentialAction\":[{\"@type\":\"ReadAction\",\"target\":[\"https:\/\/tartarugas.net\/tours\/canionismo\/\"]}]},{\"@type\":\"ImageObject\",\"inLanguage\":\"en-US\",\"@id\":\"https:\/\/tartarugas.net\/tours\/canionismo\/#primaryimage\",\"url\":\"https:\/\/tartarugas.net\/wp-content\/uploads\/2016\/08\/principal.jpg\",\"contentUrl\":\"https:\/\/tartarugas.net\/wp-content\/uploads\/2016\/08\/principal.jpg\",\"width\":1500,\"height\":844},{\"@type\":\"BreadcrumbList\",\"@id\":\"https:\/\/tartarugas.net\/tours\/canionismo\/#breadcrumb\",\"itemListElement\":[{\"@type\":\"ListItem\",\"position\":1,\"name\":\"In\u00edcio\",\"item\":\"https:\/\/tartarugas.net\/\"},{\"@type\":\"ListItem\",\"position\":2,\"name\":\"Atividades\",\"item\":\"https:\/\/tartarugas.net\/atividades\/\"},{\"@type\":\"ListItem\",\"position\":3,\"name\":\"Canionismo\"}]},{\"@type\":\"WebSite\",\"@id\":\"https:\/\/tartarugas.net\/#website\",\"url\":\"https:\/\/tartarugas.net\/\",\"name\":\"Tartarugas Espirito de Aventura\",\"description\":\"Empresa especializada em Atvidades Outdoor \",\"publisher\":{\"@id\":\"https:\/\/tartarugas.net\/#organization\"},\"potentialAction\":[{\"@type\":\"SearchAction\",\"target\":{\"@type\":\"EntryPoint\",\"urlTemplate\":\"https:\/\/tartarugas.net\/?s={search_term_string}\"},\"query-input\":{\"@type\":\"PropertyValueSpecification\",\"valueRequired\":true,\"valueName\":\"search_term_string\"}}],\"inLanguage\":\"en-US\"},{\"@type\":\"Organization\",\"@id\":\"https:\/\/tartarugas.net\/#organization\",\"name\":\"Tartarugas Espirito de Aventura\",\"url\":\"https:\/\/tartarugas.net\/\",\"logo\":{\"@type\":\"ImageObject\",\"inLanguage\":\"en-US\",\"@id\":\"https:\/\/tartarugas.net\/#\/schema\/logo\/image\/\",\"url\":\"https:\/\/tartarugas.net\/wp-content\/uploads\/2016\/08\/logo-retina.png\",\"contentUrl\":\"https:\/\/tartarugas.net\/wp-content\/uploads\/2016\/08\/logo-retina.png\",\"width\":360,\"height\":254,\"caption\":\"Tartarugas Espirito de Aventura\"},\"image\":{\"@id\":\"https:\/\/tartarugas.net\/#\/schema\/logo\/image\/\"},\"sameAs\":[\"https:\/\/www.facebook.com\/tartarugasaventura\/\",\"https:\/\/x.com\/_tartarugas\",\"http:\/\/www.instagram.com\/tartarugas.turismo\"]}]}<\/script>\n<!-- \/ Yoast SEO plugin. -->","yoast_head_json":{"title":"Canionismo - \u00c1guas Mornas - Emo\u00e7\u00e3o - Tartarugas Turismo de Aventura","description":"Canionismo em \u00c1guas Mornas, tubog\u00e3s naturais, 4 horas de aventura, explora\u00e7\u00e3o da fauna e flora, integra\u00e7\u00e3o com a natureza nativa da regi\u00e3o.","robots":{"index":"index","follow":"follow","max-snippet":"max-snippet:-1","max-image-preview":"max-image-preview:large","max-video-preview":"max-video-preview:-1"},"canonical":"https:\/\/tartarugas.net\/en\/tours\/canionismo\/","og_locale":"en_US","og_type":"article","og_title":"Canionismo - \u00c1guas Mornas - Emo\u00e7\u00e3o - Tartarugas Turismo de Aventura","og_description":"Canionismo em \u00c1guas Mornas, tubog\u00e3s naturais, 4 horas de aventura, explora\u00e7\u00e3o da fauna e flora, integra\u00e7\u00e3o com a natureza nativa da regi\u00e3o.","og_url":"https:\/\/tartarugas.net\/en\/tours\/canionismo\/","og_site_name":"Tartarugas Espirito de Aventura","article_publisher":"https:\/\/www.facebook.com\/tartarugasaventura\/","article_modified_time":"2025-10-15T11:43:26+00:00","og_image":[{"width":1500,"height":844,"url":"https:\/\/tartarugas.net\/wp-content\/uploads\/2016\/08\/principal.jpg","type":"image\/jpeg"}],"twitter_card":"summary_large_image","twitter_site":"@_tartarugas","twitter_misc":{"Est. reading time":"3 minutes"},"schema":{"@context":"https:\/\/schema.org","@graph":[{"@type":"WebPage","@id":"https:\/\/tartarugas.net\/tours\/canionismo\/","url":"https:\/\/tartarugas.net\/tours\/canionismo\/","name":"Canionismo - \u00c1guas Mornas - Emo\u00e7\u00e3o - Tartarugas Turismo de Aventura","isPartOf":{"@id":"https:\/\/tartarugas.net\/#website"},"primaryImageOfPage":{"@id":"https:\/\/tartarugas.net\/tours\/canionismo\/#primaryimage"},"image":{"@id":"https:\/\/tartarugas.net\/tours\/canionismo\/#primaryimage"},"thumbnailUrl":"https:\/\/tartarugas.net\/wp-content\/uploads\/2016\/08\/principal.jpg","datePublished":"2016-08-29T20:18:07+00:00","dateModified":"2025-10-15T11:43:26+00:00","description":"Canionismo em \u00c1guas Mornas, tubog\u00e3s naturais, 4 horas de aventura, explora\u00e7\u00e3o da fauna e flora, integra\u00e7\u00e3o com a natureza nativa da regi\u00e3o.","breadcrumb":{"@id":"https:\/\/tartarugas.net\/tours\/canionismo\/#breadcrumb"},"inLanguage":"en-US","potentialAction":[{"@type":"ReadAction","target":["https:\/\/tartarugas.net\/tours\/canionismo\/"]}]},{"@type":"ImageObject","inLanguage":"en-US","@id":"https:\/\/tartarugas.net\/tours\/canionismo\/#primaryimage","url":"https:\/\/tartarugas.net\/wp-content\/uploads\/2016\/08\/principal.jpg","contentUrl":"https:\/\/tartarugas.net\/wp-content\/uploads\/2016\/08\/principal.jpg","width":1500,"height":844},{"@type":"BreadcrumbList","@id":"https:\/\/tartarugas.net\/tours\/canionismo\/#breadcrumb","itemListElement":[{"@type":"ListItem","position":1,"name":"In\u00edcio","item":"https:\/\/tartarugas.net\/"},{"@type":"ListItem","position":2,"name":"Atividades","item":"https:\/\/tartarugas.net\/atividades\/"},{"@type":"ListItem","position":3,"name":"Canionismo"}]},{"@type":"WebSite","@id":"https:\/\/tartarugas.net\/#website","url":"https:\/\/tartarugas.net\/","name":"Tartarugas Espirito de Aventura","description":"Empresa especializada em Atvidades Outdoor ","publisher":{"@id":"https:\/\/tartarugas.net\/#organization"},"potentialAction":[{"@type":"SearchAction","target":{"@type":"EntryPoint","urlTemplate":"https:\/\/tartarugas.net\/?s={search_term_string}"},"query-input":{"@type":"PropertyValueSpecification","valueRequired":true,"valueName":"search_term_string"}}],"inLanguage":"en-US"},{"@type":"Organization","@id":"https:\/\/tartarugas.net\/#organization","name":"Tartarugas Espirito de Aventura","url":"https:\/\/tartarugas.net\/","logo":{"@type":"ImageObject","inLanguage":"en-US","@id":"https:\/\/tartarugas.net\/#\/schema\/logo\/image\/","url":"https:\/\/tartarugas.net\/wp-content\/uploads\/2016\/08\/logo-retina.png","contentUrl":"https:\/\/tartarugas.net\/wp-content\/uploads\/2016\/08\/logo-retina.png","width":360,"height":254,"caption":"Tartarugas Espirito de Aventura"},"image":{"@id":"https:\/\/tartarugas.net\/#\/schema\/logo\/image\/"},"sameAs":["https:\/\/www.facebook.com\/tartarugasaventura\/","https:\/\/x.com\/_tartarugas","http:\/\/www.instagram.com\/tartarugas.turismo"]}]}},"_links":{"self":[{"href":"https:\/\/tartarugas.net\/en\/wp-json\/wp\/v2\/product\/1241","targetHints":{"allow":["GET"]}}],"collection":[{"href":"https:\/\/tartarugas.net\/en\/wp-json\/wp\/v2\/product"}],"about":[{"href":"https:\/\/tartarugas.net\/en\/wp-json\/wp\/v2\/types\/product"}],"replies":[{"embeddable":true,"href":"https:\/\/tartarugas.net\/en\/wp-json\/wp\/v2\/comments?post=1241"}],"wp:featuredmedia":[{"embeddable":true,"href":"https:\/\/tartarugas.net\/en\/wp-json\/wp\/v2\/media\/3242"}],"wp:attachment":[{"href":"https:\/\/tartarugas.net\/en\/wp-json\/wp\/v2\/media?parent=1241"}],"wp:term":[{"taxonomy":"product_brand","embeddable":true,"href":"https:\/\/tartarugas.net\/en\/wp-json\/wp\/v2\/product_brand?post=1241"},{"taxonomy":"product_cat","embeddable":true,"href":"https:\/\/tartarugas.net\/en\/wp-json\/wp\/v2\/product_cat?post=1241"},{"taxonomy":"product_tag","embeddable":true,"href":"https:\/\/tartarugas.net\/en\/wp-json\/wp\/v2\/product_tag?post=1241"}],"curies":[{"name":"wp","href":"https:\/\/api.w.org\/{rel}","templated":true}]}}