{"id":3002,"date":"2016-11-21T14:39:22","date_gmt":"2016-11-21T16:39:22","guid":{"rendered":"http:\/\/tartarugas.net\/?post_type=product&#038;p=3002"},"modified":"2025-10-15T08:57:29","modified_gmt":"2025-10-15T11:57:29","slug":"arvorismo-kids","status":"publish","type":"product","link":"https:\/\/tartarugas.net\/en\/tours\/arvorismo-kids\/","title":{"rendered":"Arvorismo Kids"},"content":{"rendered":"<div id=\"TA_socialButtonBubbles767\" class=\"TA_socialButtonBubbles\">\n<ul id=\"0cYsAZ2o2y\" class=\"TA_links 4Zes6o1MZLXt\">\n<li id=\"5XoXgzdMcy6J\" class=\"RKYEQ8\"><a href=\"https:\/\/www.tripadvisor.com\/Attraction_Review-g488173-d7688865-Reviews-Tartarugas-Santo_Amaro_da_Imperatriz_State_of_Santa_Catarina.html\" target=\"_blank\" rel=\"noopener\"><img decoding=\"async\" src=\"https:\/\/www.tripadvisor.com\/img\/cdsi\/img2\/branding\/socialWidget\/20x28_green-21693-2.png\" \/><\/a><\/li>\n<\/ul>\n<\/div>\n<p><script src=\"https:\/\/www.jscache.com\/wejs?wtype=socialButtonBubbles&amp;uniq=767&amp;locationId=7688865&amp;color=green&amp;size=rect&amp;lang=en_US&amp;display_version=2\"><\/script><\/p>\n<p>&nbsp;<\/p>\n<p><iframe title=\"Arvorismo Hotel Plaza (tartarugas turismo de aventura )\" width=\"748\" height=\"421\" src=\"https:\/\/www.youtube.com\/embed\/aQCarFmqfsc?feature=oembed&#038;enablejsapi=1&#038;origin=https:\/\/tartarugas.net\" frameborder=\"0\" allow=\"accelerometer; autoplay; clipboard-write; encrypted-media; gyroscope; picture-in-picture; web-share\" referrerpolicy=\"strict-origin-when-cross-origin\" allowfullscreen><\/iframe><\/p>\n<h2><\/h2>\n<h2 style=\"text-align: center;\"><span style=\"color: #9e9602;\"><strong>Fa\u00e7a sua reserva via whats app agora!<\/strong><\/span><\/h2>\n<p style=\"text-align: center;\"><a href=\"https:\/\/api.whatsapp.com\/send?phone=5548996616751\" class=\"atbtn atbtn--default atbtn--large\">Reserve aqui<\/a><\/p>\n<p>&nbsp;<\/p>\n<p><strong>Aventura nas Alturas para os Pequenos Exploradores! \ud83c\udf33<\/strong><\/p>\n<p>Proporcione uma experi\u00eancia \u00fanica de arvorismo para crian\u00e7as de 3 a 6 anos, a poucos minutos de Florian\u00f3polis! Em um ambiente seguro e supervisionado, nossos pequenos aventureiros t\u00eam a chance de explorar percursos nas alturas, desenvolvendo equil\u00edbrio, autoconfian\u00e7a e coordena\u00e7\u00e3o motora de maneira divertida e desafiadora.<\/p>\n<p>Cada etapa do circuito foi planejada com foco na seguran\u00e7a e na adapta\u00e7\u00e3o para a faixa et\u00e1ria, garantindo que seu filho viva a emo\u00e7\u00e3o da aventura de forma leve e com muita divers\u00e3o! Al\u00e9m disso, a atividade estimula habilidades sociais e cria uma conex\u00e3o especial com a natureza desde cedo.<\/p>\n<p><strong>Traga seu pequeno para uma aventura inesquec\u00edvel nas alturas!<\/strong><\/p>\n<h3>Onde encontro Arvorismo para crian\u00e7as?<\/h3>\n<p><strong>Base Caldas da Imperatriz (Santo Amaro):<\/strong><br \/>\nLocalizado em Santo Amaro, a base Caldas, oferece um percurso, localizado dentro do Hotel Plaza, adaptado e facilitado para a crian\u00e7a se divertir com seguran\u00e7a, dando a possibilidade de ter uma aventura em que ela lembrar\u00e1 para o resto da vida!<\/p>\n<p><strong>Arvorismo Kids:<\/strong><\/p>\n<ul>\n<li>50m de extens\u00e3o;<\/li>\n<li>7 obst\u00e1culos (incluindo pontes de madeira, corda bamba);<\/li>\n<li>1 Tirolesa;<\/li>\n<li>30m de atividade;<\/li>\n<li>Capacidade por percurso &#8211; m\u00ednima: 1 crian\u00e7a\/ m\u00e1ximo: 3 crian\u00e7as;<\/li>\n<\/ul>\n<p><strong>Inclui:<\/strong><\/p>\n<ul>\n<li>Equipamentos de seguran\u00e7a;<\/li>\n<li>Condutores capacitados;<\/li>\n<li>Seguro atividade;<\/li>\n<\/ul>\n<p><strong>O que levar para praticar o arvorismo:<\/strong><\/p>\n<ul>\n<li>CPF;<\/li>\n<li>Cal\u00e7ado fechado;<\/li>\n<li>Roupas flex\u00edveis;<\/li>\n<li>Prendedor de cabelo;<\/li>\n<li>Protetor solar;<\/li>\n<li>Repelente;<\/li>\n<\/ul>\n<p><strong>Restri\u00e7\u00f5es da atividade:<\/strong><\/p>\n<ul>\n<li>Crian\u00e7as com idade inferior\u00a0a 03 anos e m\u00e1ximo \u00a07 anos;<\/li>\n<li>Utiliza\u00e7\u00e3o de acess\u00f3rio (brincos, pulseiras, colares);<\/li>\n<li>Cabelos soltos;<\/li>\n<li>Sand\u00e1lias ou cal\u00e7ados abertos;<\/li>\n<li>Qualquer acess\u00f3rio eletr\u00f4nico (celular, m\u00e1quina fotogr\u00e1fica, etc);<\/li>\n<li>Mulheres gestantes;<\/li>\n<\/ul>\n<p><strong>Restri\u00e7\u00e3o clim\u00e1tica:<\/strong><\/p>\n<ul>\n<li>Chuva intensa;<\/li>\n<li>Trovoadas;<\/li>\n<li>Ventania acentuada e\/ou raios.<\/li>\n<\/ul>\n<p class=\"orange\"><a class=\"orange\" href=\"http:\/\/www.plazahoteis.com.br\/caldasimperatriz\/br\/como-chegar\/\" target=\"_blank\" rel=\"noopener noreferrer\">Como chegar<\/a><\/p>\n<h2 style=\"text-align: center;\"><span style=\"color: #9e9602;\"><strong>Fa\u00e7a sua reserva via whats app agora!<\/strong><\/span><\/h2>\n<p style=\"text-align: center;\"><a href=\"https:\/\/api.whatsapp.com\/send?phone=554896616751\" class=\"atbtn atbtn--default atbtn--large\">Reserve aqui<\/a><\/p>","protected":false},"excerpt":{"rendered":"<p>&nbsp; Fa\u00e7a sua reserva via whats app agora! &nbsp; Aventura nas Alturas para os Pequenos Exploradores! \ud83c\udf33 Proporcione uma experi\u00eancia \u00fanica de arvorismo para crian\u00e7as de 3 a 6 anos, a poucos minutos de Florian\u00f3polis! Em um ambiente seguro e supervisionado, nossos pequenos aventureiros t\u00eam a chance de explorar percursos nas alturas, desenvolvendo equil\u00edbrio, autoconfian\u00e7a<\/p>\n<div class=\"padding-top text-center\"><a href=\"https:\/\/tartarugas.net\/en\/tours\/arvorismo-kids\/\" class=\"atbtn atbtn--medium atbtn--rounded atbtn--transparent\">Ler mais<i class=\"atbtn__icon atbtn__icon--right fa fa-long-arrow-right\"><\/i><\/a><\/div>","protected":false},"featured_media":3227,"comment_status":"open","ping_status":"closed","template":"","meta":{"content-type":"","_joinchat":[]},"product_brand":[],"product_cat":[230,311],"product_tag":[],"class_list":{"0":"post-3002","1":"product","2":"type-product","3":"status-publish","4":"has-post-thumbnail","6":"product_cat-sem-categoria","7":"product_cat-caldas-da-imperatriz","8":"tour_category-arvorismo","9":"tour_category-aventura-kids","11":"first","12":"instock","13":"virtual","14":"purchasable","15":"product-type-tour"},"yoast_head":"<!-- This site is optimized with the Yoast SEO plugin v26.9 - https:\/\/yoast.com\/product\/yoast-seo-wordpress\/ -->\n<title>Arvorismo Kids - Tartarugas Turismo de Aventura - Caldas da Imperatriz<\/title>\n<meta name=\"description\" content=\"Arvorismo Kids, 50m de percurso, tirolesa, aventura para as crian\u00e7as. Atividade para a menor idade, seguran\u00e7a garantida . Hotel Plaza Caldas da Imperatriz.\" \/>\n<meta name=\"robots\" content=\"index, follow, max-snippet:-1, max-image-preview:large, max-video-preview:-1\" \/>\n<link rel=\"canonical\" href=\"https:\/\/tartarugas.net\/en\/tours\/arvorismo-kids\/\" \/>\n<meta property=\"og:locale\" content=\"en_US\" \/>\n<meta property=\"og:type\" content=\"article\" \/>\n<meta property=\"og:title\" content=\"Arvorismo Kids - Tartarugas Turismo de Aventura - Caldas da Imperatriz\" \/>\n<meta property=\"og:description\" content=\"Arvorismo Kids, 50m de percurso, tirolesa, aventura para as crian\u00e7as. Atividade para a menor idade, seguran\u00e7a garantida . Hotel Plaza Caldas da Imperatriz.\" \/>\n<meta property=\"og:url\" content=\"https:\/\/tartarugas.net\/en\/tours\/arvorismo-kids\/\" \/>\n<meta property=\"og:site_name\" content=\"Tartarugas Espirito de Aventura\" \/>\n<meta property=\"article:publisher\" content=\"https:\/\/www.facebook.com\/tartarugasaventura\/\" \/>\n<meta property=\"article:modified_time\" content=\"2025-10-15T11:57:29+00:00\" \/>\n<meta property=\"og:image\" content=\"https:\/\/tartarugas.net\/wp-content\/uploads\/2016\/11\/kids-1.jpg\" \/>\n\t<meta property=\"og:image:width\" content=\"1550\" \/>\n\t<meta property=\"og:image:height\" content=\"1033\" \/>\n\t<meta property=\"og:image:type\" content=\"image\/jpeg\" \/>\n<meta name=\"twitter:card\" content=\"summary_large_image\" \/>\n<meta name=\"twitter:site\" content=\"@_tartarugas\" \/>\n<meta name=\"twitter:label1\" content=\"Est. reading time\" \/>\n\t<meta name=\"twitter:data1\" content=\"3 minutes\" \/>\n<script type=\"application\/ld+json\" class=\"yoast-schema-graph\">{\"@context\":\"https:\/\/schema.org\",\"@graph\":[{\"@type\":\"WebPage\",\"@id\":\"https:\/\/tartarugas.net\/tours\/arvorismo-kids\/\",\"url\":\"https:\/\/tartarugas.net\/tours\/arvorismo-kids\/\",\"name\":\"Arvorismo Kids - Tartarugas Turismo de Aventura - Caldas da Imperatriz\",\"isPartOf\":{\"@id\":\"https:\/\/tartarugas.net\/#website\"},\"primaryImageOfPage\":{\"@id\":\"https:\/\/tartarugas.net\/tours\/arvorismo-kids\/#primaryimage\"},\"image\":{\"@id\":\"https:\/\/tartarugas.net\/tours\/arvorismo-kids\/#primaryimage\"},\"thumbnailUrl\":\"https:\/\/tartarugas.net\/wp-content\/uploads\/2016\/11\/kids-1.jpg\",\"datePublished\":\"2016-11-21T16:39:22+00:00\",\"dateModified\":\"2025-10-15T11:57:29+00:00\",\"description\":\"Arvorismo Kids, 50m de percurso, tirolesa, aventura para as crian\u00e7as. Atividade para a menor idade, seguran\u00e7a garantida . Hotel Plaza Caldas da Imperatriz.\",\"breadcrumb\":{\"@id\":\"https:\/\/tartarugas.net\/tours\/arvorismo-kids\/#breadcrumb\"},\"inLanguage\":\"en-US\",\"potentialAction\":[{\"@type\":\"ReadAction\",\"target\":[\"https:\/\/tartarugas.net\/tours\/arvorismo-kids\/\"]}]},{\"@type\":\"ImageObject\",\"inLanguage\":\"en-US\",\"@id\":\"https:\/\/tartarugas.net\/tours\/arvorismo-kids\/#primaryimage\",\"url\":\"https:\/\/tartarugas.net\/wp-content\/uploads\/2016\/11\/kids-1.jpg\",\"contentUrl\":\"https:\/\/tartarugas.net\/wp-content\/uploads\/2016\/11\/kids-1.jpg\",\"width\":1550,\"height\":1033},{\"@type\":\"BreadcrumbList\",\"@id\":\"https:\/\/tartarugas.net\/tours\/arvorismo-kids\/#breadcrumb\",\"itemListElement\":[{\"@type\":\"ListItem\",\"position\":1,\"name\":\"In\u00edcio\",\"item\":\"https:\/\/tartarugas.net\/\"},{\"@type\":\"ListItem\",\"position\":2,\"name\":\"Atividades\",\"item\":\"https:\/\/tartarugas.net\/atividades\/\"},{\"@type\":\"ListItem\",\"position\":3,\"name\":\"Arvorismo Kids\"}]},{\"@type\":\"WebSite\",\"@id\":\"https:\/\/tartarugas.net\/#website\",\"url\":\"https:\/\/tartarugas.net\/\",\"name\":\"Tartarugas Espirito de Aventura\",\"description\":\"Empresa especializada em Atvidades Outdoor \",\"publisher\":{\"@id\":\"https:\/\/tartarugas.net\/#organization\"},\"potentialAction\":[{\"@type\":\"SearchAction\",\"target\":{\"@type\":\"EntryPoint\",\"urlTemplate\":\"https:\/\/tartarugas.net\/?s={search_term_string}\"},\"query-input\":{\"@type\":\"PropertyValueSpecification\",\"valueRequired\":true,\"valueName\":\"search_term_string\"}}],\"inLanguage\":\"en-US\"},{\"@type\":\"Organization\",\"@id\":\"https:\/\/tartarugas.net\/#organization\",\"name\":\"Tartarugas Espirito de Aventura\",\"url\":\"https:\/\/tartarugas.net\/\",\"logo\":{\"@type\":\"ImageObject\",\"inLanguage\":\"en-US\",\"@id\":\"https:\/\/tartarugas.net\/#\/schema\/logo\/image\/\",\"url\":\"https:\/\/tartarugas.net\/wp-content\/uploads\/2016\/08\/logo-retina.png\",\"contentUrl\":\"https:\/\/tartarugas.net\/wp-content\/uploads\/2016\/08\/logo-retina.png\",\"width\":360,\"height\":254,\"caption\":\"Tartarugas Espirito de Aventura\"},\"image\":{\"@id\":\"https:\/\/tartarugas.net\/#\/schema\/logo\/image\/\"},\"sameAs\":[\"https:\/\/www.facebook.com\/tartarugasaventura\/\",\"https:\/\/x.com\/_tartarugas\",\"http:\/\/www.instagram.com\/tartarugas.turismo\"]}]}<\/script>\n<!-- \/ Yoast SEO plugin. -->","yoast_head_json":{"title":"Arvorismo Kids - Tartarugas Turismo de Aventura - Caldas da Imperatriz","description":"Arvorismo Kids, 50m de percurso, tirolesa, aventura para as crian\u00e7as. Atividade para a menor idade, seguran\u00e7a garantida . Hotel Plaza Caldas da Imperatriz.","robots":{"index":"index","follow":"follow","max-snippet":"max-snippet:-1","max-image-preview":"max-image-preview:large","max-video-preview":"max-video-preview:-1"},"canonical":"https:\/\/tartarugas.net\/en\/tours\/arvorismo-kids\/","og_locale":"en_US","og_type":"article","og_title":"Arvorismo Kids - Tartarugas Turismo de Aventura - Caldas da Imperatriz","og_description":"Arvorismo Kids, 50m de percurso, tirolesa, aventura para as crian\u00e7as. Atividade para a menor idade, seguran\u00e7a garantida . Hotel Plaza Caldas da Imperatriz.","og_url":"https:\/\/tartarugas.net\/en\/tours\/arvorismo-kids\/","og_site_name":"Tartarugas Espirito de Aventura","article_publisher":"https:\/\/www.facebook.com\/tartarugasaventura\/","article_modified_time":"2025-10-15T11:57:29+00:00","og_image":[{"width":1550,"height":1033,"url":"https:\/\/tartarugas.net\/wp-content\/uploads\/2016\/11\/kids-1.jpg","type":"image\/jpeg"}],"twitter_card":"summary_large_image","twitter_site":"@_tartarugas","twitter_misc":{"Est. reading time":"3 minutes"},"schema":{"@context":"https:\/\/schema.org","@graph":[{"@type":"WebPage","@id":"https:\/\/tartarugas.net\/tours\/arvorismo-kids\/","url":"https:\/\/tartarugas.net\/tours\/arvorismo-kids\/","name":"Arvorismo Kids - Tartarugas Turismo de Aventura - Caldas da Imperatriz","isPartOf":{"@id":"https:\/\/tartarugas.net\/#website"},"primaryImageOfPage":{"@id":"https:\/\/tartarugas.net\/tours\/arvorismo-kids\/#primaryimage"},"image":{"@id":"https:\/\/tartarugas.net\/tours\/arvorismo-kids\/#primaryimage"},"thumbnailUrl":"https:\/\/tartarugas.net\/wp-content\/uploads\/2016\/11\/kids-1.jpg","datePublished":"2016-11-21T16:39:22+00:00","dateModified":"2025-10-15T11:57:29+00:00","description":"Arvorismo Kids, 50m de percurso, tirolesa, aventura para as crian\u00e7as. Atividade para a menor idade, seguran\u00e7a garantida . Hotel Plaza Caldas da Imperatriz.","breadcrumb":{"@id":"https:\/\/tartarugas.net\/tours\/arvorismo-kids\/#breadcrumb"},"inLanguage":"en-US","potentialAction":[{"@type":"ReadAction","target":["https:\/\/tartarugas.net\/tours\/arvorismo-kids\/"]}]},{"@type":"ImageObject","inLanguage":"en-US","@id":"https:\/\/tartarugas.net\/tours\/arvorismo-kids\/#primaryimage","url":"https:\/\/tartarugas.net\/wp-content\/uploads\/2016\/11\/kids-1.jpg","contentUrl":"https:\/\/tartarugas.net\/wp-content\/uploads\/2016\/11\/kids-1.jpg","width":1550,"height":1033},{"@type":"BreadcrumbList","@id":"https:\/\/tartarugas.net\/tours\/arvorismo-kids\/#breadcrumb","itemListElement":[{"@type":"ListItem","position":1,"name":"In\u00edcio","item":"https:\/\/tartarugas.net\/"},{"@type":"ListItem","position":2,"name":"Atividades","item":"https:\/\/tartarugas.net\/atividades\/"},{"@type":"ListItem","position":3,"name":"Arvorismo Kids"}]},{"@type":"WebSite","@id":"https:\/\/tartarugas.net\/#website","url":"https:\/\/tartarugas.net\/","name":"Tartarugas Espirito de Aventura","description":"Empresa especializada em Atvidades Outdoor ","publisher":{"@id":"https:\/\/tartarugas.net\/#organization"},"potentialAction":[{"@type":"SearchAction","target":{"@type":"EntryPoint","urlTemplate":"https:\/\/tartarugas.net\/?s={search_term_string}"},"query-input":{"@type":"PropertyValueSpecification","valueRequired":true,"valueName":"search_term_string"}}],"inLanguage":"en-US"},{"@type":"Organization","@id":"https:\/\/tartarugas.net\/#organization","name":"Tartarugas Espirito de Aventura","url":"https:\/\/tartarugas.net\/","logo":{"@type":"ImageObject","inLanguage":"en-US","@id":"https:\/\/tartarugas.net\/#\/schema\/logo\/image\/","url":"https:\/\/tartarugas.net\/wp-content\/uploads\/2016\/08\/logo-retina.png","contentUrl":"https:\/\/tartarugas.net\/wp-content\/uploads\/2016\/08\/logo-retina.png","width":360,"height":254,"caption":"Tartarugas Espirito de Aventura"},"image":{"@id":"https:\/\/tartarugas.net\/#\/schema\/logo\/image\/"},"sameAs":["https:\/\/www.facebook.com\/tartarugasaventura\/","https:\/\/x.com\/_tartarugas","http:\/\/www.instagram.com\/tartarugas.turismo"]}]}},"_links":{"self":[{"href":"https:\/\/tartarugas.net\/en\/wp-json\/wp\/v2\/product\/3002","targetHints":{"allow":["GET"]}}],"collection":[{"href":"https:\/\/tartarugas.net\/en\/wp-json\/wp\/v2\/product"}],"about":[{"href":"https:\/\/tartarugas.net\/en\/wp-json\/wp\/v2\/types\/product"}],"replies":[{"embeddable":true,"href":"https:\/\/tartarugas.net\/en\/wp-json\/wp\/v2\/comments?post=3002"}],"wp:featuredmedia":[{"embeddable":true,"href":"https:\/\/tartarugas.net\/en\/wp-json\/wp\/v2\/media\/3227"}],"wp:attachment":[{"href":"https:\/\/tartarugas.net\/en\/wp-json\/wp\/v2\/media?parent=3002"}],"wp:term":[{"taxonomy":"product_brand","embeddable":true,"href":"https:\/\/tartarugas.net\/en\/wp-json\/wp\/v2\/product_brand?post=3002"},{"taxonomy":"product_cat","embeddable":true,"href":"https:\/\/tartarugas.net\/en\/wp-json\/wp\/v2\/product_cat?post=3002"},{"taxonomy":"product_tag","embeddable":true,"href":"https:\/\/tartarugas.net\/en\/wp-json\/wp\/v2\/product_tag?post=3002"}],"curies":[{"name":"wp","href":"https:\/\/api.w.org\/{rel}","templated":true}]}}