{"id":3072,"date":"2016-12-02T14:06:44","date_gmt":"2016-12-02T16:06:44","guid":{"rendered":"http:\/\/tartarugas.net\/?post_type=product&#038;p=3072"},"modified":"2024-11-03T23:59:45","modified_gmt":"2024-11-04T02:59:45","slug":"curso-de-tecnicas-verticais-basico","status":"publish","type":"product","link":"https:\/\/tartarugas.net\/en\/tours\/curso-de-tecnicas-verticais-basico\/","title":{"rendered":"Curso de T\u00e9cnicas Verticais"},"content":{"rendered":"<h2 class=\"elementor-heading-title elementor-size-default elementor-inline-editing pen\" style=\"text-align: center;\" data-elementor-setting-key=\"title\" data-pen-placeholder=\"Digite aqui...\"><span style=\"color: #008000;\">SEJA UM PROFISSIONAL DA AVENTURA !<\/span><\/h2>\n<p style=\"text-align: center;\"><a href=\"https:\/\/api.whatsapp.com\/send?phone=5548996616751\" class=\"atbtn atbtn--default atbtn--large\">MATRICULE-SE JA!<\/a><\/p>\n<h3><\/h3>\n<h3>Curso: T\u00e9cnicas Verticais &#8211; b\u00e1sico<\/h3>\n<p><strong>Natureza:<\/strong> Curso livre<\/p>\n<p><strong>Tipo do Curso:<\/strong> Capacita\u00e7\u00e3o<\/p>\n<p><strong>Descri\u00e7\u00e3o Geral:<\/strong><\/p>\n<p>O curso de T\u00e9cnicas Verticais foi elaborado a partir da norma1 da ABNT \u2013 Associa\u00e7\u00e3o Brasileira de Normas T\u00e9cnicas &#8211; que trata de atividades de turismo de aventura que empregue t\u00e9cnicas verticais. \u00a0O curso estabelece procedimentos relativos \u00e0 opera\u00e7\u00e3o e seguran\u00e7a de praticantes, clientes e condutores para atividades de rapel, cachoeirismo e escalada com corda de cima , Tirolesa , arvorismo entre outras atividades verticais..<\/p>\n<p><strong> Objetivo: <\/strong><br \/>\nQualificar pessoas para que sejam capazes de praticar e conduzir as atividades verticais com foco comercial ou esportivo.<\/p>\n<p><strong> Programa:<\/strong><br \/>\nO curso \u00e9 constitu\u00eddo por uma carga hor\u00e1ria de 24 horas.<br \/>\nHor\u00e1rio: das 9h \u00e0s 18h.<\/p>\n<p><strong> Local:<\/strong><br \/>\nO curso ocorrer\u00e1 na Base Caldas da Tartarugas, localizada no munic\u00edpio de Santo Amaro da Imperatriz.<\/p>\n<p><strong> Perfil do profissional formado:<\/strong><br \/>\nO profissional formado neste curso ter\u00e1 conhecimento das t\u00e9cnicas verticais utilizadas nos produtos de turismo de aventura: cachoeirismo, rapel e a ascens\u00e3o por corda, entre outras.<\/p>\n<p><strong>Inclui:\u00a0<\/strong><\/p>\n<ul>\n<li>Material Did\u00e1tico;<\/li>\n<li>Pr\u00e1tica de rapel, Cachoeirismo e Acens\u00e3o por Corda;<\/li>\n<li>Equipamentos de Uso Individual e Coletivo;<\/li>\n<li>Rapel de Cachoeira 90m;<\/li>\n<\/ul>\n<h4>Conte\u00fado program\u00e1tico:<\/h4>\n<ol style=\"list-style-type: upper-roman;\">\n<li>PROCEDIMENTOS GERAIS.\n<ol>\n<li>BREVE HIST\u00d3RICO<\/li>\n<li>NORMAS T\u00c9CNICAS<\/li>\n<li>TERMOS E DEFINI\u00c7\u00d5ES<\/li>\n<\/ol>\n<\/li>\n<li>EQUIPAMENTOS\n<ol>\n<li>CADEIRINHAS<\/li>\n<li><span style=\"vertical-align: inherit;\"><span style=\"vertical-align: inherit;\">MOSQUET\u00d5ES<\/span><\/span>\n<ol style=\"list-style-type: lower-alpha;\">\n<li>Formato e tipos de mosquet\u00f5es<\/li>\n<li>Forma correta de utiliza\u00e7\u00e3o<\/li>\n<li>Malha r\u00e1pida<\/li>\n<li>Costura<\/li>\n<\/ol>\n<\/li>\n<li>DESCENSORES OU FREIOS<\/li>\n<li><span style=\"vertical-align: inherit;\"><span style=\"vertical-align: inherit;\">ELEVADORES<\/span><\/span><\/li>\n<li>POLIAS<\/li>\n<li>FITAS<\/li>\n<li>ACESS\u00d3RIOS<\/li>\n<li>CORDA\n<ol style=\"list-style-type: lower-alpha;\">\n<li>Corda din\u00e2mica<\/li>\n<li>Corda est\u00e1tica<\/li>\n<li>N\u00f3s e \u00e2ngulos agudos<\/li>\n<li>Prepara\u00e7\u00e3o da corda<\/li>\n<li>Cuidados com a corda<\/li>\n<\/ol>\n<\/li>\n<li>UTILIZA\u00c7\u00c3O, CONSERVA\u00c7\u00c3O E MANUTEN\u00c7\u00c3O CORRETA DOS EQUIPAMENTOS<\/li>\n<\/ol>\n<\/li>\n<li>N\u00d3S E VOLTAS\n<ol>\n<li>N\u00d3S DE ENCORDOAMENTO\n<ol style=\"list-style-type: lower-alpha;\">\n<li>Oito simples<\/li>\n<li>Oito duplo<\/li>\n<\/ol>\n<\/li>\n<li>N\u00d3S DE EMENDA OU JUN\u00c7\u00c3O\n<ol style=\"list-style-type: lower-alpha;\">\n<li>N\u00f3 de Fita<\/li>\n<li>Oito de jun\u00e7\u00e3o<\/li>\n<li>Pescador duplo<\/li>\n<\/ol>\n<\/li>\n<li>N\u00d3S DE ANCORAGENS\n<ol style=\"list-style-type: lower-alpha;\">\n<li>Volta do fiel<\/li>\n<\/ol>\n<\/li>\n<li>N\u00d3S DE ASSEGURAR\n<ol style=\"list-style-type: lower-alpha;\">\n<li>Meia volta do fiel<\/li>\n<li>N\u00f3 de mula<\/li>\n<\/ol>\n<\/li>\n<li><span style=\"vertical-align: inherit;\"><span style=\"vertical-align: inherit;\">BLOCOS<\/span><\/span>\n<ol style=\"list-style-type: lower-alpha;\">\n<li><span style=\"vertical-align: inherit;\"><span style=\"vertical-align: inherit;\">Prusik<\/span><\/span><\/li>\n<li><span style=\"vertical-align: inherit;\"><span style=\"vertical-align: inherit;\">Machard<\/span><\/span><\/li>\n<\/ol>\n<\/li>\n<li>OUTROS USOS\n<ol style=\"list-style-type: lower-alpha;\">\n<li>N\u00f3 simples<\/li>\n<li>N\u00f3 de azelha<\/li>\n<li>Boca de lobo<\/li>\n<\/ol>\n<\/li>\n<\/ol>\n<\/li>\n<li>SISTEMAS DE ANCORAGENS\n<ol>\n<li>PLANEJAMENTO DO SISTEMA DE ANCORAGENS\n<ol style=\"list-style-type: lower-alpha;\">\n<li>Pontos de ancoragens<\/li>\n<li>Ponto central<\/li>\n<li>Uso de mosquet\u00f5es<\/li>\n<li>Esfor\u00e7os sobre o sistema de ancoragens \u2013 \u00c2ngulo de flecha<\/li>\n<\/ol>\n<\/li>\n<li>TIPOS DE ANCORAGENS\n<ol style=\"list-style-type: lower-alpha;\">\n<li>Sistema de ancoragem equalizado<\/li>\n<li>Sistema de Ancoragem semi-equalizado com dois pontos<\/li>\n<\/ol>\n<\/li>\n<\/ol>\n<\/li>\n<li>SEGURAN\u00c7A PARA RAPEL E ESCALADA COM CORDA DE CIMA<\/li>\n<li>SISTEMAS DE GERENCIAMENTO DE ATRITO\n<ol>\n<li>ELIMINA\u00c7\u00c3O DO ATRITO<\/li>\n<li>DISPOSITIVOS DE PROTE\u00c7\u00c3O<\/li>\n<li>CONTROLE DE ATRITOS<\/li>\n<\/ol>\n<\/li>\n<li>PR\u00c1TICA DE M\u00cdNIMO IMPACTO<\/li>\n<\/ol>\n<h2 class=\"elementor-heading-title elementor-size-default elementor-inline-editing pen\" style=\"text-align: center;\" data-elementor-setting-key=\"title\" data-pen-placeholder=\"Digite aqui...\"><span style=\"color: #008000;\">SEJA UM PROFISSIONAL DA AVENTURA !<\/span><\/h2>\n<p style=\"text-align: center;\"><a href=\"https:\/\/api.whatsapp.com\/send?phone=5548996616751\" class=\"atbtn atbtn--default atbtn--large\">MATRICULE-SE JA!<\/a><\/p>","protected":false},"excerpt":{"rendered":"<p>SEJA UM PROFISSIONAL DA AVENTURA ! Curso: T\u00e9cnicas Verticais &#8211; b\u00e1sico Natureza: Curso livre Tipo do Curso: Capacita\u00e7\u00e3o Descri\u00e7\u00e3o Geral: O curso de T\u00e9cnicas Verticais foi elaborado a partir da norma1 da ABNT \u2013 Associa\u00e7\u00e3o Brasileira de Normas T\u00e9cnicas &#8211; que trata de atividades de turismo de aventura que empregue t\u00e9cnicas verticais. \u00a0O curso estabelece<\/p>\n<div class=\"padding-top text-center\"><a href=\"https:\/\/tartarugas.net\/en\/tours\/curso-de-tecnicas-verticais-basico\/\" class=\"atbtn atbtn--medium atbtn--rounded atbtn--transparent\">Ler mais<i class=\"atbtn__icon atbtn__icon--right fa fa-long-arrow-right\"><\/i><\/a><\/div>","protected":false},"featured_media":3114,"comment_status":"open","ping_status":"closed","template":"","meta":{"content-type":"","_joinchat":[]},"product_brand":[],"product_cat":[230,320],"product_tag":[],"class_list":{"0":"post-3072","1":"product","2":"type-product","3":"status-publish","4":"has-post-thumbnail","6":"product_cat-sem-categoria","7":"product_cat-cursos-para-profissionais-da-aventura","8":"tour_category-cursos","10":"first","11":"instock","12":"sale","13":"shipping-taxable","14":"purchasable","15":"product-type-tour"},"yoast_head":"<!-- This site is optimized with the Yoast SEO plugin v26.9 - https:\/\/yoast.com\/product\/yoast-seo-wordpress\/ -->\n<title>Curso de T\u00e9cnicas Verticais - Tartarugas Espirito de Aventura<\/title>\n<meta name=\"description\" content=\"Curso de tecnicas verticais tem como objetivo qualificar profissionais que possam atuar em am atividades verticais como Rapel, arvorismo escalada etc..\" \/>\n<meta name=\"robots\" content=\"index, follow, max-snippet:-1, max-image-preview:large, max-video-preview:-1\" \/>\n<link rel=\"canonical\" href=\"https:\/\/tartarugas.net\/en\/tours\/curso-de-tecnicas-verticais-basico\/\" \/>\n<meta property=\"og:locale\" content=\"en_US\" \/>\n<meta property=\"og:type\" content=\"article\" \/>\n<meta property=\"og:title\" content=\"Curso de T\u00e9cnicas Verticais - Tartarugas Espirito de Aventura\" \/>\n<meta property=\"og:description\" content=\"Curso de tecnicas verticais tem como objetivo qualificar profissionais que possam atuar em am atividades verticais como Rapel, arvorismo escalada etc..\" \/>\n<meta property=\"og:url\" content=\"https:\/\/tartarugas.net\/en\/tours\/curso-de-tecnicas-verticais-basico\/\" \/>\n<meta property=\"og:site_name\" content=\"Tartarugas Espirito de Aventura\" \/>\n<meta property=\"article:publisher\" content=\"https:\/\/www.facebook.com\/tartarugasaventura\/\" \/>\n<meta property=\"article:modified_time\" content=\"2024-11-04T02:59:45+00:00\" \/>\n<meta property=\"og:image\" content=\"https:\/\/tartarugas.net\/wp-content\/uploads\/2016\/12\/3c3fa5bbfe8008f398e649ecbb59760c.jpg\" \/>\n\t<meta property=\"og:image:width\" content=\"720\" \/>\n\t<meta property=\"og:image:height\" content=\"480\" \/>\n\t<meta property=\"og:image:type\" content=\"image\/jpeg\" \/>\n<meta name=\"twitter:card\" content=\"summary_large_image\" \/>\n<meta name=\"twitter:site\" content=\"@_tartarugas\" \/>\n<meta name=\"twitter:label1\" content=\"Est. reading time\" \/>\n\t<meta name=\"twitter:data1\" content=\"2 minutes\" \/>\n<script type=\"application\/ld+json\" class=\"yoast-schema-graph\">{\"@context\":\"https:\/\/schema.org\",\"@graph\":[{\"@type\":\"WebPage\",\"@id\":\"https:\/\/tartarugas.net\/tours\/curso-de-tecnicas-verticais-basico\/\",\"url\":\"https:\/\/tartarugas.net\/tours\/curso-de-tecnicas-verticais-basico\/\",\"name\":\"Curso de T\u00e9cnicas Verticais - Tartarugas Espirito de Aventura\",\"isPartOf\":{\"@id\":\"https:\/\/tartarugas.net\/#website\"},\"primaryImageOfPage\":{\"@id\":\"https:\/\/tartarugas.net\/tours\/curso-de-tecnicas-verticais-basico\/#primaryimage\"},\"image\":{\"@id\":\"https:\/\/tartarugas.net\/tours\/curso-de-tecnicas-verticais-basico\/#primaryimage\"},\"thumbnailUrl\":\"https:\/\/tartarugas.net\/wp-content\/uploads\/2016\/12\/3c3fa5bbfe8008f398e649ecbb59760c.jpg\",\"datePublished\":\"2016-12-02T16:06:44+00:00\",\"dateModified\":\"2024-11-04T02:59:45+00:00\",\"description\":\"Curso de tecnicas verticais tem como objetivo qualificar profissionais que possam atuar em am atividades verticais como Rapel, arvorismo escalada etc..\",\"breadcrumb\":{\"@id\":\"https:\/\/tartarugas.net\/tours\/curso-de-tecnicas-verticais-basico\/#breadcrumb\"},\"inLanguage\":\"en-US\",\"potentialAction\":[{\"@type\":\"ReadAction\",\"target\":[\"https:\/\/tartarugas.net\/tours\/curso-de-tecnicas-verticais-basico\/\"]}]},{\"@type\":\"ImageObject\",\"inLanguage\":\"en-US\",\"@id\":\"https:\/\/tartarugas.net\/tours\/curso-de-tecnicas-verticais-basico\/#primaryimage\",\"url\":\"https:\/\/tartarugas.net\/wp-content\/uploads\/2016\/12\/3c3fa5bbfe8008f398e649ecbb59760c.jpg\",\"contentUrl\":\"https:\/\/tartarugas.net\/wp-content\/uploads\/2016\/12\/3c3fa5bbfe8008f398e649ecbb59760c.jpg\",\"width\":720,\"height\":480},{\"@type\":\"BreadcrumbList\",\"@id\":\"https:\/\/tartarugas.net\/tours\/curso-de-tecnicas-verticais-basico\/#breadcrumb\",\"itemListElement\":[{\"@type\":\"ListItem\",\"position\":1,\"name\":\"In\u00edcio\",\"item\":\"https:\/\/tartarugas.net\/\"},{\"@type\":\"ListItem\",\"position\":2,\"name\":\"Atividades\",\"item\":\"https:\/\/tartarugas.net\/atividades\/\"},{\"@type\":\"ListItem\",\"position\":3,\"name\":\"Curso de T\u00e9cnicas Verticais\"}]},{\"@type\":\"WebSite\",\"@id\":\"https:\/\/tartarugas.net\/#website\",\"url\":\"https:\/\/tartarugas.net\/\",\"name\":\"Tartarugas Espirito de Aventura\",\"description\":\"Empresa especializada em Atvidades Outdoor \",\"publisher\":{\"@id\":\"https:\/\/tartarugas.net\/#organization\"},\"potentialAction\":[{\"@type\":\"SearchAction\",\"target\":{\"@type\":\"EntryPoint\",\"urlTemplate\":\"https:\/\/tartarugas.net\/?s={search_term_string}\"},\"query-input\":{\"@type\":\"PropertyValueSpecification\",\"valueRequired\":true,\"valueName\":\"search_term_string\"}}],\"inLanguage\":\"en-US\"},{\"@type\":\"Organization\",\"@id\":\"https:\/\/tartarugas.net\/#organization\",\"name\":\"Tartarugas Espirito de Aventura\",\"url\":\"https:\/\/tartarugas.net\/\",\"logo\":{\"@type\":\"ImageObject\",\"inLanguage\":\"en-US\",\"@id\":\"https:\/\/tartarugas.net\/#\/schema\/logo\/image\/\",\"url\":\"https:\/\/tartarugas.net\/wp-content\/uploads\/2016\/08\/logo-retina.png\",\"contentUrl\":\"https:\/\/tartarugas.net\/wp-content\/uploads\/2016\/08\/logo-retina.png\",\"width\":360,\"height\":254,\"caption\":\"Tartarugas Espirito de Aventura\"},\"image\":{\"@id\":\"https:\/\/tartarugas.net\/#\/schema\/logo\/image\/\"},\"sameAs\":[\"https:\/\/www.facebook.com\/tartarugasaventura\/\",\"https:\/\/x.com\/_tartarugas\",\"http:\/\/www.instagram.com\/tartarugas.turismo\"]}]}<\/script>\n<!-- \/ Yoast SEO plugin. -->","yoast_head_json":{"title":"Curso de T\u00e9cnicas Verticais - Tartarugas Espirito de Aventura","description":"Curso de tecnicas verticais tem como objetivo qualificar profissionais que possam atuar em am atividades verticais como Rapel, arvorismo escalada etc..","robots":{"index":"index","follow":"follow","max-snippet":"max-snippet:-1","max-image-preview":"max-image-preview:large","max-video-preview":"max-video-preview:-1"},"canonical":"https:\/\/tartarugas.net\/en\/tours\/curso-de-tecnicas-verticais-basico\/","og_locale":"en_US","og_type":"article","og_title":"Curso de T\u00e9cnicas Verticais - Tartarugas Espirito de Aventura","og_description":"Curso de tecnicas verticais tem como objetivo qualificar profissionais que possam atuar em am atividades verticais como Rapel, arvorismo escalada etc..","og_url":"https:\/\/tartarugas.net\/en\/tours\/curso-de-tecnicas-verticais-basico\/","og_site_name":"Tartarugas Espirito de Aventura","article_publisher":"https:\/\/www.facebook.com\/tartarugasaventura\/","article_modified_time":"2024-11-04T02:59:45+00:00","og_image":[{"width":720,"height":480,"url":"https:\/\/tartarugas.net\/wp-content\/uploads\/2016\/12\/3c3fa5bbfe8008f398e649ecbb59760c.jpg","type":"image\/jpeg"}],"twitter_card":"summary_large_image","twitter_site":"@_tartarugas","twitter_misc":{"Est. reading time":"2 minutes"},"schema":{"@context":"https:\/\/schema.org","@graph":[{"@type":"WebPage","@id":"https:\/\/tartarugas.net\/tours\/curso-de-tecnicas-verticais-basico\/","url":"https:\/\/tartarugas.net\/tours\/curso-de-tecnicas-verticais-basico\/","name":"Curso de T\u00e9cnicas Verticais - Tartarugas Espirito de Aventura","isPartOf":{"@id":"https:\/\/tartarugas.net\/#website"},"primaryImageOfPage":{"@id":"https:\/\/tartarugas.net\/tours\/curso-de-tecnicas-verticais-basico\/#primaryimage"},"image":{"@id":"https:\/\/tartarugas.net\/tours\/curso-de-tecnicas-verticais-basico\/#primaryimage"},"thumbnailUrl":"https:\/\/tartarugas.net\/wp-content\/uploads\/2016\/12\/3c3fa5bbfe8008f398e649ecbb59760c.jpg","datePublished":"2016-12-02T16:06:44+00:00","dateModified":"2024-11-04T02:59:45+00:00","description":"Curso de tecnicas verticais tem como objetivo qualificar profissionais que possam atuar em am atividades verticais como Rapel, arvorismo escalada etc..","breadcrumb":{"@id":"https:\/\/tartarugas.net\/tours\/curso-de-tecnicas-verticais-basico\/#breadcrumb"},"inLanguage":"en-US","potentialAction":[{"@type":"ReadAction","target":["https:\/\/tartarugas.net\/tours\/curso-de-tecnicas-verticais-basico\/"]}]},{"@type":"ImageObject","inLanguage":"en-US","@id":"https:\/\/tartarugas.net\/tours\/curso-de-tecnicas-verticais-basico\/#primaryimage","url":"https:\/\/tartarugas.net\/wp-content\/uploads\/2016\/12\/3c3fa5bbfe8008f398e649ecbb59760c.jpg","contentUrl":"https:\/\/tartarugas.net\/wp-content\/uploads\/2016\/12\/3c3fa5bbfe8008f398e649ecbb59760c.jpg","width":720,"height":480},{"@type":"BreadcrumbList","@id":"https:\/\/tartarugas.net\/tours\/curso-de-tecnicas-verticais-basico\/#breadcrumb","itemListElement":[{"@type":"ListItem","position":1,"name":"In\u00edcio","item":"https:\/\/tartarugas.net\/"},{"@type":"ListItem","position":2,"name":"Atividades","item":"https:\/\/tartarugas.net\/atividades\/"},{"@type":"ListItem","position":3,"name":"Curso de T\u00e9cnicas Verticais"}]},{"@type":"WebSite","@id":"https:\/\/tartarugas.net\/#website","url":"https:\/\/tartarugas.net\/","name":"Tartarugas Espirito de Aventura","description":"Empresa especializada em Atvidades Outdoor ","publisher":{"@id":"https:\/\/tartarugas.net\/#organization"},"potentialAction":[{"@type":"SearchAction","target":{"@type":"EntryPoint","urlTemplate":"https:\/\/tartarugas.net\/?s={search_term_string}"},"query-input":{"@type":"PropertyValueSpecification","valueRequired":true,"valueName":"search_term_string"}}],"inLanguage":"en-US"},{"@type":"Organization","@id":"https:\/\/tartarugas.net\/#organization","name":"Tartarugas Espirito de Aventura","url":"https:\/\/tartarugas.net\/","logo":{"@type":"ImageObject","inLanguage":"en-US","@id":"https:\/\/tartarugas.net\/#\/schema\/logo\/image\/","url":"https:\/\/tartarugas.net\/wp-content\/uploads\/2016\/08\/logo-retina.png","contentUrl":"https:\/\/tartarugas.net\/wp-content\/uploads\/2016\/08\/logo-retina.png","width":360,"height":254,"caption":"Tartarugas Espirito de Aventura"},"image":{"@id":"https:\/\/tartarugas.net\/#\/schema\/logo\/image\/"},"sameAs":["https:\/\/www.facebook.com\/tartarugasaventura\/","https:\/\/x.com\/_tartarugas","http:\/\/www.instagram.com\/tartarugas.turismo"]}]}},"_links":{"self":[{"href":"https:\/\/tartarugas.net\/en\/wp-json\/wp\/v2\/product\/3072","targetHints":{"allow":["GET"]}}],"collection":[{"href":"https:\/\/tartarugas.net\/en\/wp-json\/wp\/v2\/product"}],"about":[{"href":"https:\/\/tartarugas.net\/en\/wp-json\/wp\/v2\/types\/product"}],"replies":[{"embeddable":true,"href":"https:\/\/tartarugas.net\/en\/wp-json\/wp\/v2\/comments?post=3072"}],"wp:featuredmedia":[{"embeddable":true,"href":"https:\/\/tartarugas.net\/en\/wp-json\/wp\/v2\/media\/3114"}],"wp:attachment":[{"href":"https:\/\/tartarugas.net\/en\/wp-json\/wp\/v2\/media?parent=3072"}],"wp:term":[{"taxonomy":"product_brand","embeddable":true,"href":"https:\/\/tartarugas.net\/en\/wp-json\/wp\/v2\/product_brand?post=3072"},{"taxonomy":"product_cat","embeddable":true,"href":"https:\/\/tartarugas.net\/en\/wp-json\/wp\/v2\/product_cat?post=3072"},{"taxonomy":"product_tag","embeddable":true,"href":"https:\/\/tartarugas.net\/en\/wp-json\/wp\/v2\/product_tag?post=3072"}],"curies":[{"name":"wp","href":"https:\/\/api.w.org\/{rel}","templated":true}]}}