{"id":3088,"date":"2016-12-02T16:57:00","date_gmt":"2016-12-02T18:57:00","guid":{"rendered":"http:\/\/tartarugas.net\/?post_type=product&#038;p=3088"},"modified":"2024-11-04T00:00:55","modified_gmt":"2024-11-04T03:00:55","slug":"sistema-de-gestao-da-seguranca-no-turismo-na-natureza","status":"publish","type":"product","link":"https:\/\/tartarugas.net\/en\/tours\/sistema-de-gestao-da-seguranca-no-turismo-na-natureza\/","title":{"rendered":"Sistema de Gest\u00e3o da Seguran\u00e7a no Turismo na Natureza"},"content":{"rendered":"<h2 class=\"elementor-heading-title elementor-size-default elementor-inline-editing pen\" style=\"text-align: center;\" data-elementor-setting-key=\"title\" data-pen-placeholder=\"Digite aqui...\"><span style=\"color: #008000;\">SEJA UM PROFISSIONAL DA AVENTURA !<\/span><\/h2>\n<p style=\"text-align: center;\"><a href=\"https:\/\/api.whatsapp.com\/send?phone=5548996616751\" class=\"atbtn atbtn--default atbtn--large\">MATRICULE-SE JA!<\/a><\/p>\n<p>&nbsp;<\/p>\n<p><strong>Curso:<\/strong> Implementa\u00e7\u00e3o de Sistema de Gest\u00e3o da Seguran\u00e7a no Turismo na Natureza Natureza:<\/p>\n<p><strong>Curso Livre Tipo do Curso:<\/strong> Capacita\u00e7\u00e3o<\/p>\n<p><strong>Descri\u00e7\u00e3o Geral:<\/strong> O curso de Implementa\u00e7\u00e3o de Sistema de Gest\u00e3o da Seguran\u00e7a foi elaborado e fundamentado a partir da norma ABNT NBR 15.331\/2005, que trata do gerenciamento da seguran\u00e7a em atividades de turismo de aventura. A implementa\u00e7\u00e3o desse sistema \u00e9 citada no decreto lei 7381, artigo 34, item II, mencionando que \u201cas ag\u00eancias que comercializam o turismo de aventura devem dispor de um sistema de gest\u00e3o de seguran\u00e7a implementado\u201d. Este curso capacitar\u00e1 os participantes a sistematizar e controlar de forma adequada a gest\u00e3o da seguran\u00e7a de produtos de aventura bem como realizar auditoria interna.<\/p>\n<p><strong>Objetivo:<\/strong> Oportunizar o conhecimento para a elabora\u00e7\u00e3o de um sistema de gest\u00e3o da seguran\u00e7a em atividades na natureza, qualificando pessoas para a manuten\u00e7\u00e3o de um sistema conforme norma ABNT NBR 15.331\/2005- Sistema de gest\u00e3o da seguran\u00e7a no turismo de aventura &#8211; Requisitos.<\/p>\n<p><strong>Investimento:<\/strong>\u00a0 R$ 700,00 ( Setecentos Reais \u00a0) Formas de <strong>Pagamento:<\/strong>\u00a0 Em ate 3x no cart\u00e3o.<\/p>\n<p><strong>Inscri\u00e7\u00e3o:<\/strong> A inscri\u00e7\u00e3o poder\u00e1 ser feita na base Caldas da Tartarugas ou atrav\u00e9s de correio eletr\u00f4nico e dever\u00e1 ser acompanhada do comprovativo do pagamento.<\/p>\n<p><strong>Inclui:<\/strong> Material Did\u00e1tico C\u00f3pia da Norma ABNT 15331 Pr\u00e1tica de auditoria interna Uma alimenta\u00e7\u00e3o di\u00e1ria Taxas Certificado Professor \/ Instrutor especializado<\/p>\n<p><strong>O que n\u00e3o inclui:<\/strong> Transporte Equipamentos individuais <strong>obrigat\u00f3rios:<\/strong> cal\u00e7ado para caminhada, roupa confort\u00e1vel, roupa para molhar e mochila.<\/p>\n<p><strong>Sugest\u00e3o de equipamentos individuais:<\/strong> mochila, bota para caminhada, capa de chuva, agasalho, repelente, bon\u00e9, protetor solar e lanche.<\/p>\n<p><strong>Programa: <\/strong><\/p>\n<p><strong>Carga hor\u00e1ria:<\/strong> 20 horas, divididas em aulas te\u00f3ricas e pr\u00e1ticas.<\/p>\n<p><strong>Hor\u00e1rio:<\/strong> das 9h \u00e0s 20h.<\/p>\n<p><strong>Local:<\/strong> O curso ocorrer\u00e1 na Base Caldas da Tartarugas, localizada no munic\u00edpio de Santo Amaro da Imperatriz\/SC.<\/p>\n<p><strong>Perfil de conclus\u00e3o:<\/strong> O profissional formado neste curso dotar\u00e1 de conhecimento para:<\/p>\n<p>a) a elabora\u00e7\u00e3o de um sistema de gest\u00e3o da seguran\u00e7a em turismo na natureza;<\/p>\n<p>b) o monitoramento e a gest\u00e3o de riscos em atividades ao ar livre;<\/p>\n<p>c) a planejar e realizar auditorias internas do sistema.<\/p>\n<p><strong>Conteudo Programatico:<\/strong><\/p>\n<p><strong>1 Legisla\u00e7\u00e3o:<\/strong> Hist\u00f3rico do processo de normaliza\u00e7\u00e3o. As normas t\u00e9cnicas. Requisitos Legais e outros requisitos.<\/p>\n<p><strong>2 Elaborar um Sistema de Gest\u00e3o da Seguran\u00e7a:<\/strong> Ciclo PDCA, Requisitos da norma 15331, pol\u00edtica de seguran\u00e7a, planilha de perigos e riscos, programa de gest\u00e3o, objetivos e metas, controles operacionais, comunica\u00e7\u00e3o, procedimentos, registros e monitoramento.<\/p>\n<p><strong>3 Elabora\u00e7\u00e3o de Planilha de Perigos e Riscos:<\/strong> Contexto, an\u00e1lise, avalia\u00e7\u00e3o e tratamento.<\/p>\n<p><strong>4 Elaborar PAE (Prepara\u00e7\u00e3o e atendimento a Emerg\u00eancias):<\/strong> Modelos, R.A.M.E.<\/p>\n<p><strong>5 Realizar auditoria interna:<\/strong> Gest\u00e3o de perigos e riscos. Conformidade, N\u00e3o conformidades, observa\u00e7\u00f5es. Evid\u00eancias.<\/p>\n<p>&nbsp;<\/p>\n<h2 class=\"elementor-heading-title elementor-size-default elementor-inline-editing pen\" style=\"text-align: center;\" data-elementor-setting-key=\"title\" data-pen-placeholder=\"Digite aqui...\"><span style=\"color: #008000;\">SEJA UM PROFISSIONAL DA AVENTURA !<\/span><\/h2>\n<p style=\"text-align: center;\"><a href=\"https:\/\/api.whatsapp.com\/send?phone=5548996616751\" class=\"atbtn atbtn--default atbtn--large\">MATRICULE-SE JA!<\/a><\/p>","protected":false},"excerpt":{"rendered":"<p>SEJA UM PROFISSIONAL DA AVENTURA ! &nbsp; Curso: Implementa\u00e7\u00e3o de Sistema de Gest\u00e3o da Seguran\u00e7a no Turismo na Natureza Natureza: Curso Livre Tipo do Curso: Capacita\u00e7\u00e3o Descri\u00e7\u00e3o Geral: O curso de Implementa\u00e7\u00e3o de Sistema de Gest\u00e3o da Seguran\u00e7a foi elaborado e fundamentado a partir da norma ABNT NBR 15.331\/2005, que trata do gerenciamento da seguran\u00e7a<\/p>\n<div class=\"padding-top text-center\"><a href=\"https:\/\/tartarugas.net\/en\/tours\/sistema-de-gestao-da-seguranca-no-turismo-na-natureza\/\" class=\"atbtn atbtn--medium atbtn--rounded atbtn--transparent\">Ler mais<i class=\"atbtn__icon atbtn__icon--right fa fa-long-arrow-right\"><\/i><\/a><\/div>","protected":false},"featured_media":3117,"comment_status":"open","ping_status":"closed","template":"","meta":{"content-type":"","_joinchat":[]},"product_brand":[],"product_cat":[230],"product_tag":[],"class_list":{"0":"post-3088","1":"product","2":"type-product","3":"status-publish","4":"has-post-thumbnail","6":"product_cat-sem-categoria","7":"tour_category-cursos","9":"first","10":"instock","11":"shipping-taxable","12":"product-type-tour"},"yoast_head":"<!-- This site is optimized with the Yoast SEO plugin v26.9 - https:\/\/yoast.com\/product\/yoast-seo-wordpress\/ -->\n<title>Sistema de Gest\u00e3o da Seguran\u00e7a no Turismo na Natureza - Tartarugas Espirito de Aventura<\/title>\n<meta name=\"robots\" content=\"index, follow, max-snippet:-1, max-image-preview:large, max-video-preview:-1\" \/>\n<link rel=\"canonical\" href=\"https:\/\/tartarugas.net\/en\/tours\/sistema-de-gestao-da-seguranca-no-turismo-na-natureza\/\" \/>\n<meta property=\"og:locale\" content=\"en_US\" \/>\n<meta property=\"og:type\" content=\"article\" \/>\n<meta property=\"og:title\" content=\"Sistema de Gest\u00e3o da Seguran\u00e7a no Turismo na Natureza - Tartarugas Espirito de Aventura\" \/>\n<meta property=\"og:description\" content=\"SEJA UM PROFISSIONAL DA AVENTURA ! &nbsp; Curso: Implementa\u00e7\u00e3o de Sistema de Gest\u00e3o da Seguran\u00e7a no Turismo na Natureza Natureza: Curso Livre Tipo do Curso: Capacita\u00e7\u00e3o Descri\u00e7\u00e3o Geral: O curso de Implementa\u00e7\u00e3o de Sistema de Gest\u00e3o da Seguran\u00e7a foi elaborado e fundamentado a partir da norma ABNT NBR 15.331\/2005, que trata do gerenciamento da seguran\u00e7aLer mais\" \/>\n<meta property=\"og:url\" content=\"https:\/\/tartarugas.net\/en\/tours\/sistema-de-gestao-da-seguranca-no-turismo-na-natureza\/\" \/>\n<meta property=\"og:site_name\" content=\"Tartarugas Espirito de Aventura\" \/>\n<meta property=\"article:publisher\" content=\"https:\/\/www.facebook.com\/tartarugasaventura\/\" \/>\n<meta property=\"article:modified_time\" content=\"2024-11-04T03:00:55+00:00\" \/>\n<meta property=\"og:image\" content=\"https:\/\/tartarugas.net\/wp-content\/uploads\/2016\/12\/download.jpg\" \/>\n\t<meta property=\"og:image:width\" content=\"276\" \/>\n\t<meta property=\"og:image:height\" content=\"183\" \/>\n\t<meta property=\"og:image:type\" content=\"image\/jpeg\" \/>\n<meta name=\"twitter:card\" content=\"summary_large_image\" \/>\n<meta name=\"twitter:site\" content=\"@_tartarugas\" \/>\n<meta name=\"twitter:label1\" content=\"Est. reading time\" \/>\n\t<meta name=\"twitter:data1\" content=\"3 minutes\" \/>\n<script type=\"application\/ld+json\" class=\"yoast-schema-graph\">{\"@context\":\"https:\/\/schema.org\",\"@graph\":[{\"@type\":\"WebPage\",\"@id\":\"https:\/\/tartarugas.net\/tours\/sistema-de-gestao-da-seguranca-no-turismo-na-natureza\/\",\"url\":\"https:\/\/tartarugas.net\/tours\/sistema-de-gestao-da-seguranca-no-turismo-na-natureza\/\",\"name\":\"Sistema de Gest\u00e3o da Seguran\u00e7a no Turismo na Natureza - Tartarugas Espirito de Aventura\",\"isPartOf\":{\"@id\":\"https:\/\/tartarugas.net\/#website\"},\"primaryImageOfPage\":{\"@id\":\"https:\/\/tartarugas.net\/tours\/sistema-de-gestao-da-seguranca-no-turismo-na-natureza\/#primaryimage\"},\"image\":{\"@id\":\"https:\/\/tartarugas.net\/tours\/sistema-de-gestao-da-seguranca-no-turismo-na-natureza\/#primaryimage\"},\"thumbnailUrl\":\"https:\/\/tartarugas.net\/wp-content\/uploads\/2016\/12\/download.jpg\",\"datePublished\":\"2016-12-02T18:57:00+00:00\",\"dateModified\":\"2024-11-04T03:00:55+00:00\",\"breadcrumb\":{\"@id\":\"https:\/\/tartarugas.net\/tours\/sistema-de-gestao-da-seguranca-no-turismo-na-natureza\/#breadcrumb\"},\"inLanguage\":\"en-US\",\"potentialAction\":[{\"@type\":\"ReadAction\",\"target\":[\"https:\/\/tartarugas.net\/tours\/sistema-de-gestao-da-seguranca-no-turismo-na-natureza\/\"]}]},{\"@type\":\"ImageObject\",\"inLanguage\":\"en-US\",\"@id\":\"https:\/\/tartarugas.net\/tours\/sistema-de-gestao-da-seguranca-no-turismo-na-natureza\/#primaryimage\",\"url\":\"https:\/\/tartarugas.net\/wp-content\/uploads\/2016\/12\/download.jpg\",\"contentUrl\":\"https:\/\/tartarugas.net\/wp-content\/uploads\/2016\/12\/download.jpg\",\"width\":276,\"height\":183},{\"@type\":\"BreadcrumbList\",\"@id\":\"https:\/\/tartarugas.net\/tours\/sistema-de-gestao-da-seguranca-no-turismo-na-natureza\/#breadcrumb\",\"itemListElement\":[{\"@type\":\"ListItem\",\"position\":1,\"name\":\"In\u00edcio\",\"item\":\"https:\/\/tartarugas.net\/\"},{\"@type\":\"ListItem\",\"position\":2,\"name\":\"Atividades\",\"item\":\"https:\/\/tartarugas.net\/atividades\/\"},{\"@type\":\"ListItem\",\"position\":3,\"name\":\"Sistema de Gest\u00e3o da Seguran\u00e7a no Turismo na Natureza\"}]},{\"@type\":\"WebSite\",\"@id\":\"https:\/\/tartarugas.net\/#website\",\"url\":\"https:\/\/tartarugas.net\/\",\"name\":\"Tartarugas Espirito de Aventura\",\"description\":\"Empresa especializada em Atvidades Outdoor \",\"publisher\":{\"@id\":\"https:\/\/tartarugas.net\/#organization\"},\"potentialAction\":[{\"@type\":\"SearchAction\",\"target\":{\"@type\":\"EntryPoint\",\"urlTemplate\":\"https:\/\/tartarugas.net\/?s={search_term_string}\"},\"query-input\":{\"@type\":\"PropertyValueSpecification\",\"valueRequired\":true,\"valueName\":\"search_term_string\"}}],\"inLanguage\":\"en-US\"},{\"@type\":\"Organization\",\"@id\":\"https:\/\/tartarugas.net\/#organization\",\"name\":\"Tartarugas Espirito de Aventura\",\"url\":\"https:\/\/tartarugas.net\/\",\"logo\":{\"@type\":\"ImageObject\",\"inLanguage\":\"en-US\",\"@id\":\"https:\/\/tartarugas.net\/#\/schema\/logo\/image\/\",\"url\":\"https:\/\/tartarugas.net\/wp-content\/uploads\/2016\/08\/logo-retina.png\",\"contentUrl\":\"https:\/\/tartarugas.net\/wp-content\/uploads\/2016\/08\/logo-retina.png\",\"width\":360,\"height\":254,\"caption\":\"Tartarugas Espirito de Aventura\"},\"image\":{\"@id\":\"https:\/\/tartarugas.net\/#\/schema\/logo\/image\/\"},\"sameAs\":[\"https:\/\/www.facebook.com\/tartarugasaventura\/\",\"https:\/\/x.com\/_tartarugas\",\"http:\/\/www.instagram.com\/tartarugas.turismo\"]}]}<\/script>\n<!-- \/ Yoast SEO plugin. -->","yoast_head_json":{"title":"Sistema de Gest\u00e3o da Seguran\u00e7a no Turismo na Natureza - Tartarugas Espirito de Aventura","robots":{"index":"index","follow":"follow","max-snippet":"max-snippet:-1","max-image-preview":"max-image-preview:large","max-video-preview":"max-video-preview:-1"},"canonical":"https:\/\/tartarugas.net\/en\/tours\/sistema-de-gestao-da-seguranca-no-turismo-na-natureza\/","og_locale":"en_US","og_type":"article","og_title":"Sistema de Gest\u00e3o da Seguran\u00e7a no Turismo na Natureza - Tartarugas Espirito de Aventura","og_description":"SEJA UM PROFISSIONAL DA AVENTURA ! &nbsp; Curso: Implementa\u00e7\u00e3o de Sistema de Gest\u00e3o da Seguran\u00e7a no Turismo na Natureza Natureza: Curso Livre Tipo do Curso: Capacita\u00e7\u00e3o Descri\u00e7\u00e3o Geral: O curso de Implementa\u00e7\u00e3o de Sistema de Gest\u00e3o da Seguran\u00e7a foi elaborado e fundamentado a partir da norma ABNT NBR 15.331\/2005, que trata do gerenciamento da seguran\u00e7aLer mais","og_url":"https:\/\/tartarugas.net\/en\/tours\/sistema-de-gestao-da-seguranca-no-turismo-na-natureza\/","og_site_name":"Tartarugas Espirito de Aventura","article_publisher":"https:\/\/www.facebook.com\/tartarugasaventura\/","article_modified_time":"2024-11-04T03:00:55+00:00","og_image":[{"width":276,"height":183,"url":"https:\/\/tartarugas.net\/wp-content\/uploads\/2016\/12\/download.jpg","type":"image\/jpeg"}],"twitter_card":"summary_large_image","twitter_site":"@_tartarugas","twitter_misc":{"Est. reading time":"3 minutes"},"schema":{"@context":"https:\/\/schema.org","@graph":[{"@type":"WebPage","@id":"https:\/\/tartarugas.net\/tours\/sistema-de-gestao-da-seguranca-no-turismo-na-natureza\/","url":"https:\/\/tartarugas.net\/tours\/sistema-de-gestao-da-seguranca-no-turismo-na-natureza\/","name":"Sistema de Gest\u00e3o da Seguran\u00e7a no Turismo na Natureza - Tartarugas Espirito de Aventura","isPartOf":{"@id":"https:\/\/tartarugas.net\/#website"},"primaryImageOfPage":{"@id":"https:\/\/tartarugas.net\/tours\/sistema-de-gestao-da-seguranca-no-turismo-na-natureza\/#primaryimage"},"image":{"@id":"https:\/\/tartarugas.net\/tours\/sistema-de-gestao-da-seguranca-no-turismo-na-natureza\/#primaryimage"},"thumbnailUrl":"https:\/\/tartarugas.net\/wp-content\/uploads\/2016\/12\/download.jpg","datePublished":"2016-12-02T18:57:00+00:00","dateModified":"2024-11-04T03:00:55+00:00","breadcrumb":{"@id":"https:\/\/tartarugas.net\/tours\/sistema-de-gestao-da-seguranca-no-turismo-na-natureza\/#breadcrumb"},"inLanguage":"en-US","potentialAction":[{"@type":"ReadAction","target":["https:\/\/tartarugas.net\/tours\/sistema-de-gestao-da-seguranca-no-turismo-na-natureza\/"]}]},{"@type":"ImageObject","inLanguage":"en-US","@id":"https:\/\/tartarugas.net\/tours\/sistema-de-gestao-da-seguranca-no-turismo-na-natureza\/#primaryimage","url":"https:\/\/tartarugas.net\/wp-content\/uploads\/2016\/12\/download.jpg","contentUrl":"https:\/\/tartarugas.net\/wp-content\/uploads\/2016\/12\/download.jpg","width":276,"height":183},{"@type":"BreadcrumbList","@id":"https:\/\/tartarugas.net\/tours\/sistema-de-gestao-da-seguranca-no-turismo-na-natureza\/#breadcrumb","itemListElement":[{"@type":"ListItem","position":1,"name":"In\u00edcio","item":"https:\/\/tartarugas.net\/"},{"@type":"ListItem","position":2,"name":"Atividades","item":"https:\/\/tartarugas.net\/atividades\/"},{"@type":"ListItem","position":3,"name":"Sistema de Gest\u00e3o da Seguran\u00e7a no Turismo na Natureza"}]},{"@type":"WebSite","@id":"https:\/\/tartarugas.net\/#website","url":"https:\/\/tartarugas.net\/","name":"Tartarugas Espirito de Aventura","description":"Empresa especializada em Atvidades Outdoor ","publisher":{"@id":"https:\/\/tartarugas.net\/#organization"},"potentialAction":[{"@type":"SearchAction","target":{"@type":"EntryPoint","urlTemplate":"https:\/\/tartarugas.net\/?s={search_term_string}"},"query-input":{"@type":"PropertyValueSpecification","valueRequired":true,"valueName":"search_term_string"}}],"inLanguage":"en-US"},{"@type":"Organization","@id":"https:\/\/tartarugas.net\/#organization","name":"Tartarugas Espirito de Aventura","url":"https:\/\/tartarugas.net\/","logo":{"@type":"ImageObject","inLanguage":"en-US","@id":"https:\/\/tartarugas.net\/#\/schema\/logo\/image\/","url":"https:\/\/tartarugas.net\/wp-content\/uploads\/2016\/08\/logo-retina.png","contentUrl":"https:\/\/tartarugas.net\/wp-content\/uploads\/2016\/08\/logo-retina.png","width":360,"height":254,"caption":"Tartarugas Espirito de Aventura"},"image":{"@id":"https:\/\/tartarugas.net\/#\/schema\/logo\/image\/"},"sameAs":["https:\/\/www.facebook.com\/tartarugasaventura\/","https:\/\/x.com\/_tartarugas","http:\/\/www.instagram.com\/tartarugas.turismo"]}]}},"_links":{"self":[{"href":"https:\/\/tartarugas.net\/en\/wp-json\/wp\/v2\/product\/3088","targetHints":{"allow":["GET"]}}],"collection":[{"href":"https:\/\/tartarugas.net\/en\/wp-json\/wp\/v2\/product"}],"about":[{"href":"https:\/\/tartarugas.net\/en\/wp-json\/wp\/v2\/types\/product"}],"replies":[{"embeddable":true,"href":"https:\/\/tartarugas.net\/en\/wp-json\/wp\/v2\/comments?post=3088"}],"wp:featuredmedia":[{"embeddable":true,"href":"https:\/\/tartarugas.net\/en\/wp-json\/wp\/v2\/media\/3117"}],"wp:attachment":[{"href":"https:\/\/tartarugas.net\/en\/wp-json\/wp\/v2\/media?parent=3088"}],"wp:term":[{"taxonomy":"product_brand","embeddable":true,"href":"https:\/\/tartarugas.net\/en\/wp-json\/wp\/v2\/product_brand?post=3088"},{"taxonomy":"product_cat","embeddable":true,"href":"https:\/\/tartarugas.net\/en\/wp-json\/wp\/v2\/product_cat?post=3088"},{"taxonomy":"product_tag","embeddable":true,"href":"https:\/\/tartarugas.net\/en\/wp-json\/wp\/v2\/product_tag?post=3088"}],"curies":[{"name":"wp","href":"https:\/\/api.w.org\/{rel}","templated":true}]}}