{"id":3110,"date":"2016-12-03T13:19:01","date_gmt":"2016-12-03T15:19:01","guid":{"rendered":"http:\/\/tartarugas.net\/?post_type=product&#038;p=3110"},"modified":"2024-11-03T23:56:37","modified_gmt":"2024-11-04T02:56:37","slug":"condutor-em-turismo-de-aventura","status":"publish","type":"product","link":"https:\/\/tartarugas.net\/en\/tours\/condutor-em-turismo-de-aventura\/","title":{"rendered":"Condutor em Turismo de Aventura"},"content":{"rendered":"<p>&nbsp;<\/p>\n<h2 class=\"elementor-heading-title elementor-size-default elementor-inline-editing pen\" style=\"text-align: center;\" data-elementor-setting-key=\"title\" data-pen-placeholder=\"Digite aqui...\"><span style=\"color: #008000;\">SEJA UM PROFISSIONAL DA AVENTURA !<\/span><\/h2>\n<p style=\"text-align: center;\"><a href=\"https:\/\/api.whatsapp.com\/send?phone=5548996616751\" class=\"atbtn atbtn--default atbtn--large\">MATRICULE-SE JA!<\/a><\/p>\n<p>&nbsp;<\/p>\n<p><strong>Curso:<\/strong> Condutor de Turismo de Aventura \u2013 compet\u00eancias m\u00ednimas<\/p>\n<p><strong>Natureza:<\/strong> Curso Livre<\/p>\n<p><strong>Tipo do Curso:<\/strong> Capacita\u00e7\u00e3o<\/p>\n<p><strong>Descri\u00e7\u00e3o Geral:<\/strong> O curso de Condutor de Turismo de Aventura foi elaborado e fundamentado a partir da ABNT NBR 15285, norma publicada em 2005, que trata de condu\u00e7\u00e3o de clientes em atividades de turismo de aventura. Este curso estabelece os resultados esperados comuns e as compet\u00eancias m\u00ednimas para condutores de atividades de Turismo de Aventura, independentemente de qual atividade esteja sendo praticada dentro desta \u00e1rea.<\/p>\n<p><strong> Objetivo:<\/strong> Qualificar condutores para que sejam capazes de prestar servi\u00e7o na \u00e1rea de turismo de aventura com qualidade e seguran\u00e7a.<\/p>\n<p><strong>Programa:<\/strong><\/p>\n<p>Carga hor\u00e1ria: 24 horas, divididas em aulas pr\u00e1ticas e te\u00f3ricas.<\/p>\n<p>Hor\u00e1rio: das 9h \u00e0s 18h. \uf0b7<\/p>\n<p><strong>Local:<\/strong> O curso ocorrer\u00e1 na Base Caldas da Tartarugas, localizada no munic\u00edpio de Santo Amaro da Imperatriz\/SC. Perfil de<\/p>\n<p><strong>conclus\u00e3o:<\/strong> O profissional formado neste curso dotar\u00e1 de conhecimento para:<\/p>\n<p>a) o atendimento e a condu\u00e7\u00e3o do cliente na pr\u00e1tica de turismo de aventura;<\/p>\n<p>b) a presta\u00e7\u00e3o de um servi\u00e7o de qualidade;<\/p>\n<p>c) a planejar a seguran\u00e7a das atividades de aventura;<\/p>\n<p>d) os cuidados com o meio ambiente e as comunidades envolvidas.<\/p>\n<p><span style=\"font-size: 14pt;\"><strong>Conte\u00fado program\u00e1tico:<\/strong> <\/span><\/p>\n<p><strong>1 Legisla\u00e7\u00e3o:<\/strong> Normas t\u00e9cnicas. Direito ambiental. Responsabilidade civil e criminal. C\u00f3digo de defesa do consumidor. Legisla\u00e7\u00e3o de seguran\u00e7a no trabalho.<\/p>\n<p><strong>2 Planejar a atividade de turismo de aventura:<\/strong> Planejamento de rotas e medidas de emerg\u00eancia. Escolha e prepara\u00e7\u00e3o de itiner\u00e1rio. Planejamento de adversidades. An\u00e1lise de perigos e riscos. Utiliza\u00e7\u00e3o adequada de equipamentos.<\/p>\n<p><strong>3 Aplicar t\u00e9cnicas elementares de orienta\u00e7\u00e3o e navega\u00e7\u00e3o:<\/strong> Leitura dos pontos cardeais. Interpreta\u00e7\u00e3o b\u00e1sica de cartas topogr\u00e1ficas, mapas \u2013 legenda e simbologia, escala, curva de n\u00edvel. Utiliza\u00e7\u00e3o de b\u00fassola. Orienta\u00e7\u00e3o e interpreta\u00e7\u00e3o de sinais naturais clim\u00e1ticos.<\/p>\n<p><strong>4 Liderar grupos:<\/strong> T\u00e9cnicas de condu\u00e7\u00e3o de grupos e integra\u00e7\u00e3o. Estrat\u00e9gias de comunica\u00e7\u00e3o e t\u00e9cnicas de instru\u00e7\u00e3o para grupos. Mediar conflitos. Lidar com situa\u00e7\u00f5es adversas ou n\u00e3o rotineiras.<\/p>\n<p><strong>5 T\u00e9cnicas m\u00ednimas e pr\u00e1ticas necess\u00e1rias para a realiza\u00e7\u00e3o de atividade de turismo de aventura:<\/strong> T\u00e9cnicas de instru\u00e7\u00e3o relacionadas \u00e0s atividades a serem praticadas. Prele\u00e7\u00e3o. Linguagem e tratamento adequado. Comunicar as informa\u00e7\u00f5es de forma correta e completa. Instruir quanto a procedimentos de emerg\u00eancia aplic\u00e1veis. Instruir quanto a procedimentos de m\u00ednimo impacto socioambiental aplic\u00e1veis. Instruir quanto ao uso adequado dos equipamentos.<\/p>\n<p><strong>6 Assegurar o bem-estar e a seguran\u00e7a do cliente:<\/strong> Gerenciamento de perigos e riscos. Fatores que contribuam para acidentes. Regras de conv\u00edvio entre os membros do grupo. Observar sinais de desgaste f\u00edsico e emocional. Recomendar alimenta\u00e7\u00e3o e vestu\u00e1rio adequados \u00e0 atividade. Assegurar o fornecimento de informa\u00e7\u00f5es sobre medidas de emerg\u00eancia consideradas.<\/p>\n<p><strong>7 Gerenciar situa\u00e7\u00f5es de emerg\u00eancia:<\/strong> Avaliar situa\u00e7\u00f5es de emerg\u00eancia. Controlar os grupos. Providenciar recursos ou suporte. Garantir o bem-estar dos turistas em situa\u00e7\u00f5es adversas. Cuidar de sua sobreviv\u00eancia.<\/p>\n<p><strong>8 Preven\u00e7\u00e3o de impactos ambientais e sociais decorrentes das atividades de turismo de aventura:<\/strong> Aplicar pr\u00e1ticas de m\u00ednimo impacto. Sensibilizar e orientar o grupo. Promover pr\u00e1ticas de conserva\u00e7\u00e3o.<\/p>\n<p><strong> 9 Assegurar a satisfa\u00e7\u00e3o do cliente:<\/strong> Informar sobre as caracter\u00edsticas gen\u00e9ricas da atividade, antes do seu in\u00edcio. Manter o cliente motivado e interessado na programa\u00e7\u00e3o. Manter o cliente informado sobre aspectos espec\u00edficos durante a atividade. Receber \u00a0reclama\u00e7\u00f5es e sugest\u00f5es e dar o tratamento adequado.<\/p>\n<p><strong> 10 Apresenta\u00e7\u00e3o pessoal e postura profissional:<\/strong> Higiene, apar\u00eancia, postura corporal e disposi\u00e7\u00e3o f\u00edsica. Manter limite de relacionamento afetivo durante a atividade. Lidar com situa\u00e7\u00f5es constrangedoras. Usar linguagem e tratamento apropriados. Manter postura \u00e9tica e profissional.<\/p>\n<p><strong>\u00a0Inclui:<\/strong> Material Did\u00e1tico Pr\u00e1tica de arvorismo, Hikking (caminhada) e Canionismo Uma alimenta\u00e7\u00e3o di\u00e1ria Taxas Equipamentos de uso coletivo e individual Seguro individual Certificado Professor \/ Instrutor especializado<\/p>\n<p><strong>O que n\u00e3o inclui:<\/strong> Transporte Equipamentos individuais;<\/p>\n<p><strong>Obrigat\u00f3rios:<\/strong> t\u00eanis para molhar, cal\u00e7ado para caminhada, roupa confort\u00e1vel, roupa para molhar e mochila. Sugest\u00e3o de equipamentos individuais: mochila, bota para caminhada, bast\u00e3o de caminhada, anorak, capa de chuva, agasalho, lanterna, repelente, bon\u00e9, protetor solar e lanche.<\/p>\n<p>&nbsp;<\/p>\n<h2 class=\"elementor-heading-title elementor-size-default elementor-inline-editing pen\" style=\"text-align: center;\" data-elementor-setting-key=\"title\" data-pen-placeholder=\"Digite aqui...\"><span style=\"color: #008000;\">SEJA UM PROFISSIONAL DA AVENTURA !<\/span><\/h2>\n<p style=\"text-align: center;\"><a href=\"https:\/\/api.whatsapp.com\/send?phone=5548996616751\" class=\"atbtn atbtn--default atbtn--large\">MATRICULE-SE JA!<\/a><\/p>\n<p>&nbsp;<\/p>\n<p>&nbsp;<\/p>","protected":false},"excerpt":{"rendered":"<p>&nbsp; SEJA UM PROFISSIONAL DA AVENTURA ! &nbsp; Curso: Condutor de Turismo de Aventura \u2013 compet\u00eancias m\u00ednimas Natureza: Curso Livre Tipo do Curso: Capacita\u00e7\u00e3o Descri\u00e7\u00e3o Geral: O curso de Condutor de Turismo de Aventura foi elaborado e fundamentado a partir da ABNT NBR 15285, norma publicada em 2005, que trata de condu\u00e7\u00e3o de clientes em<\/p>\n<div class=\"padding-top text-center\"><a href=\"https:\/\/tartarugas.net\/en\/tours\/condutor-em-turismo-de-aventura\/\" class=\"atbtn atbtn--medium atbtn--rounded atbtn--transparent\">Ler mais<i class=\"atbtn__icon atbtn__icon--right fa fa-long-arrow-right\"><\/i><\/a><\/div>","protected":false},"featured_media":3140,"comment_status":"open","ping_status":"closed","template":"","meta":{"content-type":"","_joinchat":[]},"product_brand":[],"product_cat":[230,320],"product_tag":[],"class_list":{"0":"post-3110","1":"product","2":"type-product","3":"status-publish","4":"has-post-thumbnail","6":"product_cat-sem-categoria","7":"product_cat-cursos-para-profissionais-da-aventura","8":"tour_category-cursos","10":"first","11":"instock","12":"sale","13":"shipping-taxable","14":"purchasable","15":"product-type-tour"},"yoast_head":"<!-- This site is optimized with the Yoast SEO plugin v26.9 - https:\/\/yoast.com\/product\/yoast-seo-wordpress\/ -->\n<title>Condutor em Turismo de Aventura - Tartarugas Espirito de Aventura<\/title>\n<meta name=\"robots\" content=\"index, follow, max-snippet:-1, max-image-preview:large, max-video-preview:-1\" \/>\n<link rel=\"canonical\" href=\"https:\/\/tartarugas.net\/en\/tours\/condutor-em-turismo-de-aventura\/\" \/>\n<meta property=\"og:locale\" content=\"en_US\" \/>\n<meta property=\"og:type\" content=\"article\" \/>\n<meta property=\"og:title\" content=\"Condutor em Turismo de Aventura - Tartarugas Espirito de Aventura\" \/>\n<meta property=\"og:description\" content=\"&nbsp; SEJA UM PROFISSIONAL DA AVENTURA ! &nbsp; Curso: Condutor de Turismo de Aventura \u2013 compet\u00eancias m\u00ednimas Natureza: Curso Livre Tipo do Curso: Capacita\u00e7\u00e3o Descri\u00e7\u00e3o Geral: O curso de Condutor de Turismo de Aventura foi elaborado e fundamentado a partir da ABNT NBR 15285, norma publicada em 2005, que trata de condu\u00e7\u00e3o de clientes emLer mais\" \/>\n<meta property=\"og:url\" content=\"https:\/\/tartarugas.net\/en\/tours\/condutor-em-turismo-de-aventura\/\" \/>\n<meta property=\"og:site_name\" content=\"Tartarugas Espirito de Aventura\" \/>\n<meta property=\"article:publisher\" content=\"https:\/\/www.facebook.com\/tartarugasaventura\/\" \/>\n<meta property=\"article:modified_time\" content=\"2024-11-04T02:56:37+00:00\" \/>\n<meta property=\"og:image\" content=\"https:\/\/tartarugas.net\/wp-content\/uploads\/2016\/12\/DSC_0004-2.jpg\" \/>\n\t<meta property=\"og:image:width\" content=\"1000\" \/>\n\t<meta property=\"og:image:height\" content=\"664\" \/>\n\t<meta property=\"og:image:type\" content=\"image\/jpeg\" \/>\n<meta name=\"twitter:card\" content=\"summary_large_image\" \/>\n<meta name=\"twitter:site\" content=\"@_tartarugas\" \/>\n<meta name=\"twitter:label1\" content=\"Est. reading time\" \/>\n\t<meta name=\"twitter:data1\" content=\"4 minutes\" \/>\n<script type=\"application\/ld+json\" class=\"yoast-schema-graph\">{\"@context\":\"https:\/\/schema.org\",\"@graph\":[{\"@type\":\"WebPage\",\"@id\":\"https:\/\/tartarugas.net\/tours\/condutor-em-turismo-de-aventura\/\",\"url\":\"https:\/\/tartarugas.net\/tours\/condutor-em-turismo-de-aventura\/\",\"name\":\"Condutor em Turismo de Aventura - Tartarugas Espirito de Aventura\",\"isPartOf\":{\"@id\":\"https:\/\/tartarugas.net\/#website\"},\"primaryImageOfPage\":{\"@id\":\"https:\/\/tartarugas.net\/tours\/condutor-em-turismo-de-aventura\/#primaryimage\"},\"image\":{\"@id\":\"https:\/\/tartarugas.net\/tours\/condutor-em-turismo-de-aventura\/#primaryimage\"},\"thumbnailUrl\":\"https:\/\/tartarugas.net\/wp-content\/uploads\/2016\/12\/DSC_0004-2.jpg\",\"datePublished\":\"2016-12-03T15:19:01+00:00\",\"dateModified\":\"2024-11-04T02:56:37+00:00\",\"breadcrumb\":{\"@id\":\"https:\/\/tartarugas.net\/tours\/condutor-em-turismo-de-aventura\/#breadcrumb\"},\"inLanguage\":\"en-US\",\"potentialAction\":[{\"@type\":\"ReadAction\",\"target\":[\"https:\/\/tartarugas.net\/tours\/condutor-em-turismo-de-aventura\/\"]}]},{\"@type\":\"ImageObject\",\"inLanguage\":\"en-US\",\"@id\":\"https:\/\/tartarugas.net\/tours\/condutor-em-turismo-de-aventura\/#primaryimage\",\"url\":\"https:\/\/tartarugas.net\/wp-content\/uploads\/2016\/12\/DSC_0004-2.jpg\",\"contentUrl\":\"https:\/\/tartarugas.net\/wp-content\/uploads\/2016\/12\/DSC_0004-2.jpg\",\"width\":1000,\"height\":664},{\"@type\":\"BreadcrumbList\",\"@id\":\"https:\/\/tartarugas.net\/tours\/condutor-em-turismo-de-aventura\/#breadcrumb\",\"itemListElement\":[{\"@type\":\"ListItem\",\"position\":1,\"name\":\"In\u00edcio\",\"item\":\"https:\/\/tartarugas.net\/\"},{\"@type\":\"ListItem\",\"position\":2,\"name\":\"Atividades\",\"item\":\"https:\/\/tartarugas.net\/atividades\/\"},{\"@type\":\"ListItem\",\"position\":3,\"name\":\"Condutor em Turismo de Aventura\"}]},{\"@type\":\"WebSite\",\"@id\":\"https:\/\/tartarugas.net\/#website\",\"url\":\"https:\/\/tartarugas.net\/\",\"name\":\"Tartarugas Espirito de Aventura\",\"description\":\"Empresa especializada em Atvidades Outdoor \",\"publisher\":{\"@id\":\"https:\/\/tartarugas.net\/#organization\"},\"potentialAction\":[{\"@type\":\"SearchAction\",\"target\":{\"@type\":\"EntryPoint\",\"urlTemplate\":\"https:\/\/tartarugas.net\/?s={search_term_string}\"},\"query-input\":{\"@type\":\"PropertyValueSpecification\",\"valueRequired\":true,\"valueName\":\"search_term_string\"}}],\"inLanguage\":\"en-US\"},{\"@type\":\"Organization\",\"@id\":\"https:\/\/tartarugas.net\/#organization\",\"name\":\"Tartarugas Espirito de Aventura\",\"url\":\"https:\/\/tartarugas.net\/\",\"logo\":{\"@type\":\"ImageObject\",\"inLanguage\":\"en-US\",\"@id\":\"https:\/\/tartarugas.net\/#\/schema\/logo\/image\/\",\"url\":\"https:\/\/tartarugas.net\/wp-content\/uploads\/2016\/08\/logo-retina.png\",\"contentUrl\":\"https:\/\/tartarugas.net\/wp-content\/uploads\/2016\/08\/logo-retina.png\",\"width\":360,\"height\":254,\"caption\":\"Tartarugas Espirito de Aventura\"},\"image\":{\"@id\":\"https:\/\/tartarugas.net\/#\/schema\/logo\/image\/\"},\"sameAs\":[\"https:\/\/www.facebook.com\/tartarugasaventura\/\",\"https:\/\/x.com\/_tartarugas\",\"http:\/\/www.instagram.com\/tartarugas.turismo\"]}]}<\/script>\n<!-- \/ Yoast SEO plugin. -->","yoast_head_json":{"title":"Condutor em Turismo de Aventura - Tartarugas Espirito de Aventura","robots":{"index":"index","follow":"follow","max-snippet":"max-snippet:-1","max-image-preview":"max-image-preview:large","max-video-preview":"max-video-preview:-1"},"canonical":"https:\/\/tartarugas.net\/en\/tours\/condutor-em-turismo-de-aventura\/","og_locale":"en_US","og_type":"article","og_title":"Condutor em Turismo de Aventura - Tartarugas Espirito de Aventura","og_description":"&nbsp; SEJA UM PROFISSIONAL DA AVENTURA ! &nbsp; Curso: Condutor de Turismo de Aventura \u2013 compet\u00eancias m\u00ednimas Natureza: Curso Livre Tipo do Curso: Capacita\u00e7\u00e3o Descri\u00e7\u00e3o Geral: O curso de Condutor de Turismo de Aventura foi elaborado e fundamentado a partir da ABNT NBR 15285, norma publicada em 2005, que trata de condu\u00e7\u00e3o de clientes emLer mais","og_url":"https:\/\/tartarugas.net\/en\/tours\/condutor-em-turismo-de-aventura\/","og_site_name":"Tartarugas Espirito de Aventura","article_publisher":"https:\/\/www.facebook.com\/tartarugasaventura\/","article_modified_time":"2024-11-04T02:56:37+00:00","og_image":[{"width":1000,"height":664,"url":"https:\/\/tartarugas.net\/wp-content\/uploads\/2016\/12\/DSC_0004-2.jpg","type":"image\/jpeg"}],"twitter_card":"summary_large_image","twitter_site":"@_tartarugas","twitter_misc":{"Est. reading time":"4 minutes"},"schema":{"@context":"https:\/\/schema.org","@graph":[{"@type":"WebPage","@id":"https:\/\/tartarugas.net\/tours\/condutor-em-turismo-de-aventura\/","url":"https:\/\/tartarugas.net\/tours\/condutor-em-turismo-de-aventura\/","name":"Condutor em Turismo de Aventura - Tartarugas Espirito de Aventura","isPartOf":{"@id":"https:\/\/tartarugas.net\/#website"},"primaryImageOfPage":{"@id":"https:\/\/tartarugas.net\/tours\/condutor-em-turismo-de-aventura\/#primaryimage"},"image":{"@id":"https:\/\/tartarugas.net\/tours\/condutor-em-turismo-de-aventura\/#primaryimage"},"thumbnailUrl":"https:\/\/tartarugas.net\/wp-content\/uploads\/2016\/12\/DSC_0004-2.jpg","datePublished":"2016-12-03T15:19:01+00:00","dateModified":"2024-11-04T02:56:37+00:00","breadcrumb":{"@id":"https:\/\/tartarugas.net\/tours\/condutor-em-turismo-de-aventura\/#breadcrumb"},"inLanguage":"en-US","potentialAction":[{"@type":"ReadAction","target":["https:\/\/tartarugas.net\/tours\/condutor-em-turismo-de-aventura\/"]}]},{"@type":"ImageObject","inLanguage":"en-US","@id":"https:\/\/tartarugas.net\/tours\/condutor-em-turismo-de-aventura\/#primaryimage","url":"https:\/\/tartarugas.net\/wp-content\/uploads\/2016\/12\/DSC_0004-2.jpg","contentUrl":"https:\/\/tartarugas.net\/wp-content\/uploads\/2016\/12\/DSC_0004-2.jpg","width":1000,"height":664},{"@type":"BreadcrumbList","@id":"https:\/\/tartarugas.net\/tours\/condutor-em-turismo-de-aventura\/#breadcrumb","itemListElement":[{"@type":"ListItem","position":1,"name":"In\u00edcio","item":"https:\/\/tartarugas.net\/"},{"@type":"ListItem","position":2,"name":"Atividades","item":"https:\/\/tartarugas.net\/atividades\/"},{"@type":"ListItem","position":3,"name":"Condutor em Turismo de Aventura"}]},{"@type":"WebSite","@id":"https:\/\/tartarugas.net\/#website","url":"https:\/\/tartarugas.net\/","name":"Tartarugas Espirito de Aventura","description":"Empresa especializada em Atvidades Outdoor ","publisher":{"@id":"https:\/\/tartarugas.net\/#organization"},"potentialAction":[{"@type":"SearchAction","target":{"@type":"EntryPoint","urlTemplate":"https:\/\/tartarugas.net\/?s={search_term_string}"},"query-input":{"@type":"PropertyValueSpecification","valueRequired":true,"valueName":"search_term_string"}}],"inLanguage":"en-US"},{"@type":"Organization","@id":"https:\/\/tartarugas.net\/#organization","name":"Tartarugas Espirito de Aventura","url":"https:\/\/tartarugas.net\/","logo":{"@type":"ImageObject","inLanguage":"en-US","@id":"https:\/\/tartarugas.net\/#\/schema\/logo\/image\/","url":"https:\/\/tartarugas.net\/wp-content\/uploads\/2016\/08\/logo-retina.png","contentUrl":"https:\/\/tartarugas.net\/wp-content\/uploads\/2016\/08\/logo-retina.png","width":360,"height":254,"caption":"Tartarugas Espirito de Aventura"},"image":{"@id":"https:\/\/tartarugas.net\/#\/schema\/logo\/image\/"},"sameAs":["https:\/\/www.facebook.com\/tartarugasaventura\/","https:\/\/x.com\/_tartarugas","http:\/\/www.instagram.com\/tartarugas.turismo"]}]}},"_links":{"self":[{"href":"https:\/\/tartarugas.net\/en\/wp-json\/wp\/v2\/product\/3110","targetHints":{"allow":["GET"]}}],"collection":[{"href":"https:\/\/tartarugas.net\/en\/wp-json\/wp\/v2\/product"}],"about":[{"href":"https:\/\/tartarugas.net\/en\/wp-json\/wp\/v2\/types\/product"}],"replies":[{"embeddable":true,"href":"https:\/\/tartarugas.net\/en\/wp-json\/wp\/v2\/comments?post=3110"}],"wp:featuredmedia":[{"embeddable":true,"href":"https:\/\/tartarugas.net\/en\/wp-json\/wp\/v2\/media\/3140"}],"wp:attachment":[{"href":"https:\/\/tartarugas.net\/en\/wp-json\/wp\/v2\/media?parent=3110"}],"wp:term":[{"taxonomy":"product_brand","embeddable":true,"href":"https:\/\/tartarugas.net\/en\/wp-json\/wp\/v2\/product_brand?post=3110"},{"taxonomy":"product_cat","embeddable":true,"href":"https:\/\/tartarugas.net\/en\/wp-json\/wp\/v2\/product_cat?post=3110"},{"taxonomy":"product_tag","embeddable":true,"href":"https:\/\/tartarugas.net\/en\/wp-json\/wp\/v2\/product_tag?post=3110"}],"curies":[{"name":"wp","href":"https:\/\/api.w.org\/{rel}","templated":true}]}}