{"id":3118,"date":"2020-02-14T13:44:08","date_gmt":"2020-02-14T16:44:08","guid":{"rendered":"http:\/\/tartarugas.net\/?post_type=product&#038;p=3118"},"modified":"2024-11-03T23:59:04","modified_gmt":"2024-11-04T02:59:04","slug":"curso-de-canoagem-em-aguas-brancas","status":"publish","type":"product","link":"https:\/\/tartarugas.net\/en\/tours\/curso-de-canoagem-em-aguas-brancas\/","title":{"rendered":"Curso de Canoagem em \u00c1guas Brancas"},"content":{"rendered":"<h2 class=\"elementor-heading-title elementor-size-default elementor-inline-editing pen\" style=\"text-align: center;\" data-elementor-setting-key=\"title\" data-pen-placeholder=\"Digite aqui...\"><span style=\"color: #008000;\">SEJA UM PROFISSIONAL DA AVENTURA !<\/span><\/h2>\n<p style=\"text-align: center;\"><a href=\"https:\/\/api.whatsapp.com\/send?phone=5548996616751\" class=\"atbtn atbtn--default atbtn--large\">MATRICULE-SE JA!<\/a><\/p>\n<p>&nbsp;<\/p>\n<p><strong>Curso de Canoagem em \u00c1guas Brancas\u00a0 com especializa\u00e7\u00e3o para guia de rafting<\/strong><\/p>\n<p><strong>Objetivo:<\/strong> Formar pessoas qualificadas a guiar grupos de pessoas com total seguran\u00e7a e qualidade no atendimento em ambientes aqu\u00e1ticos utilizando embarca\u00e7\u00f5es infl\u00e1veis em corredeiras at\u00e9 classe III.<\/p>\n<p>Este curso \u00e9 inspirado em 3 Programas de treinamento da American Canoe Association \u2013 ACA(fundada em 1880 por John MacGregor, \u00e9 a maior e mais antiga organiza\u00e7\u00e3o de esportes a remo dos Estados Unidos da Am\u00e9rica). Objetiva a inicia\u00e7\u00e3o e especializa\u00e7\u00e3o do aluno \u00e0 atividade da canoagem de \u00e1guas brancas, desde a apresenta\u00e7\u00e3o do equipamento, passando por treinamentos em \u00e1gua parada, at\u00e9 corredeiras classes II e III. Veja abaixo detalhes sobre as 3 etapas do curso:<\/p>\n<p><strong>1o. DIA<\/strong><\/p>\n<p>N\u00edvel 1: Introdu\u00e7\u00e3o \u00e0 Canoagem \u2013 fundamentos, t\u00e9cnica e seguran\u00e7a.<br \/>\nPrograma: Conhecendo a embarca\u00e7\u00e3o, pr\u00e1tica de entrada e sa\u00edda da embarca\u00e7\u00e3o, remadas, posturas e adernamentos. Realizado em \u00e1gua parada.<\/p>\n<p>N\u00edvel 2: Introdu\u00e7\u00e3o \u00e0s \u00c1guas Brancas \u2013pr\u00e1tica da navega\u00e7\u00e3o com seguran\u00e7a, tranquilidade e compet\u00eancia em classes I-II.<br \/>\nPrograma: identifica\u00e7\u00e3o de corredeiras, caracter\u00edsticas e perigos do rio, pr\u00e1tica de \u2018sentir o rio\u2019- nata\u00e7\u00e3o e auto-resgate b\u00e1sico. Remadas e controle (remando na corredeira, fazendo linhas, sentindo o rio, entrando e saindo de remansos, fazendo ferring).Realizado em \u00e1guas brancas pequenas e suaves \u2013 ondas, refluxos e linhas de corrente.<\/p>\n<p><strong>2o. DIA<\/strong><\/p>\n<p>N\u00edvel 3: Canoagem \u00c1guas Brancas \u2013 refinamento de t\u00e9cnica, an\u00e1lise de risco e manejo de seguran\u00e7a nas classe II-III.<br \/>\nPrograma: remadas, manobras e linhas em classe II; an\u00e1lise das corredeiras (leitura de linha, riscos e seguran\u00e7a, refluxos , sif\u00f5es e undercuts), comunica\u00e7\u00e3o no rio, montagem de seguran\u00e7a, autorresgate e resgate de terceiros, \u2018isca viva\u2019 apresenta\u00e7\u00e3o da t\u00e9cnica read and run (manobras e paradas em remansos durante as descidas).Realizado em \u00e1guas brancas intermedi\u00e1rias.<\/p>\n<p>&nbsp;<\/p>\n<p>Obs: Ap\u00f3s o Curso o Participante tem oportunidade de estagio n\u00e3o remunerado e a certifica\u00e7\u00e3o \u00e9 emitida ap\u00f3s o praticante completar 5 descidas em rio\u00a0 acompanhadas por um guia mais experiente.<\/p>\n<p>&nbsp;<\/p>\n<p>Conte\u00fado Program\u00e1tico:<\/p>\n<ul>\n<li>Apresenta\u00e7\u00e3o de todo equipamento<\/li>\n<li>Apresenta\u00e7\u00e3o breve hist\u00f3rica da atividade de rafting<\/li>\n<li>Conhecendo os perigos envolvendo a atividade<\/li>\n<li>Hidrologia e morfologia das rochas.<\/li>\n<li>T\u00e9cnicas leitura de corredeiras<\/li>\n<li>T\u00e9cnicas de remada<\/li>\n<li>Nata\u00e7\u00e3o defensiva e ofensiva<\/li>\n<li>Virada e desvirada do bote<\/li>\n<li>\u00c2ngulos de travessias de corrente (ferring)<\/li>\n<li>Parada em remansos entrada e sa\u00edda de frente de costas<\/li>\n<li>T\u00e9cnicas de resgate b\u00e1sico com corda de resgate<\/li>\n<\/ul>\n<p>&nbsp;<\/p>\n<h2 class=\"elementor-heading-title elementor-size-default elementor-inline-editing pen\" style=\"text-align: center;\" data-elementor-setting-key=\"title\" data-pen-placeholder=\"Digite aqui...\"><span style=\"color: #008000;\">SEJA UM PROFISSIONAL DA AVENTURA !<\/span><\/h2>\n<p style=\"text-align: center;\"><a href=\"https:\/\/api.whatsapp.com\/send?phone=5548996616751\" class=\"atbtn atbtn--default atbtn--large\">MATRICULE-SE JA!<\/a><\/p>","protected":false},"excerpt":{"rendered":"<p>Este curso \u00e9 uma introdu\u00e7\u00e3o \u00e0 Canoagem de \u00c1guas Brancas, desde a apresenta\u00e7\u00e3o do equipamento, passando por treinamentos em \u00e1gua parada, at\u00e9 corredeiras classe II e III.<\/p>\n<p>Hospedagem em hostel (opcional) consulte valores.<\/p>","protected":false},"featured_media":8727,"comment_status":"open","ping_status":"closed","template":"","meta":{"content-type":"","_joinchat":[]},"product_brand":[],"product_cat":[230,320],"product_tag":[],"class_list":{"0":"post-3118","1":"product","2":"type-product","3":"status-publish","4":"has-post-thumbnail","6":"product_cat-sem-categoria","7":"product_cat-cursos-para-profissionais-da-aventura","8":"tour_category-cursos","10":"first","11":"instock","12":"sale","13":"featured","14":"shipping-taxable","15":"purchasable","16":"product-type-tour"},"yoast_head":"<!-- This site is optimized with the Yoast SEO plugin v26.9 - https:\/\/yoast.com\/product\/yoast-seo-wordpress\/ -->\n<title>Curso de Canoagem em \u00c1guas Brancas - Tartarugas Espirito de Aventura<\/title>\n<meta name=\"robots\" content=\"index, follow, max-snippet:-1, max-image-preview:large, max-video-preview:-1\" \/>\n<link rel=\"canonical\" href=\"https:\/\/tartarugas.net\/en\/tours\/curso-de-canoagem-em-aguas-brancas\/\" \/>\n<meta property=\"og:locale\" content=\"en_US\" \/>\n<meta property=\"og:type\" content=\"article\" \/>\n<meta property=\"og:title\" content=\"Curso de Canoagem em \u00c1guas Brancas - Tartarugas Espirito de Aventura\" \/>\n<meta property=\"og:description\" content=\"Este curso \u00e9 uma introdu\u00e7\u00e3o \u00e0 Canoagem de \u00c1guas Brancas, desde a apresenta\u00e7\u00e3o do equipamento, passando por treinamentos em \u00e1gua parada, at\u00e9 corredeiras classe II e III.  Hospedagem em hostel (opcional) consulte valores.\" \/>\n<meta property=\"og:url\" content=\"https:\/\/tartarugas.net\/en\/tours\/curso-de-canoagem-em-aguas-brancas\/\" \/>\n<meta property=\"og:site_name\" content=\"Tartarugas Espirito de Aventura\" \/>\n<meta property=\"article:publisher\" content=\"https:\/\/www.facebook.com\/tartarugasaventura\/\" \/>\n<meta property=\"article:modified_time\" content=\"2024-11-04T02:59:04+00:00\" \/>\n<meta property=\"og:image\" content=\"https:\/\/tartarugas.net\/wp-content\/uploads\/2020\/02\/1261970205.jpg\" \/>\n\t<meta property=\"og:image:width\" content=\"2048\" \/>\n\t<meta property=\"og:image:height\" content=\"1365\" \/>\n\t<meta property=\"og:image:type\" content=\"image\/jpeg\" \/>\n<meta name=\"twitter:card\" content=\"summary_large_image\" \/>\n<meta name=\"twitter:site\" content=\"@_tartarugas\" \/>\n<meta name=\"twitter:label1\" content=\"Est. reading time\" \/>\n\t<meta name=\"twitter:data1\" content=\"2 minutes\" \/>\n<script type=\"application\/ld+json\" class=\"yoast-schema-graph\">{\"@context\":\"https:\/\/schema.org\",\"@graph\":[{\"@type\":\"WebPage\",\"@id\":\"https:\/\/tartarugas.net\/tours\/curso-de-canoagem-em-aguas-brancas\/\",\"url\":\"https:\/\/tartarugas.net\/tours\/curso-de-canoagem-em-aguas-brancas\/\",\"name\":\"Curso de Canoagem em \u00c1guas Brancas - Tartarugas Espirito de Aventura\",\"isPartOf\":{\"@id\":\"https:\/\/tartarugas.net\/#website\"},\"primaryImageOfPage\":{\"@id\":\"https:\/\/tartarugas.net\/tours\/curso-de-canoagem-em-aguas-brancas\/#primaryimage\"},\"image\":{\"@id\":\"https:\/\/tartarugas.net\/tours\/curso-de-canoagem-em-aguas-brancas\/#primaryimage\"},\"thumbnailUrl\":\"https:\/\/tartarugas.net\/wp-content\/uploads\/2020\/02\/1261970205.jpg\",\"datePublished\":\"2020-02-14T16:44:08+00:00\",\"dateModified\":\"2024-11-04T02:59:04+00:00\",\"breadcrumb\":{\"@id\":\"https:\/\/tartarugas.net\/tours\/curso-de-canoagem-em-aguas-brancas\/#breadcrumb\"},\"inLanguage\":\"en-US\",\"potentialAction\":[{\"@type\":\"ReadAction\",\"target\":[\"https:\/\/tartarugas.net\/tours\/curso-de-canoagem-em-aguas-brancas\/\"]}]},{\"@type\":\"ImageObject\",\"inLanguage\":\"en-US\",\"@id\":\"https:\/\/tartarugas.net\/tours\/curso-de-canoagem-em-aguas-brancas\/#primaryimage\",\"url\":\"https:\/\/tartarugas.net\/wp-content\/uploads\/2020\/02\/1261970205.jpg\",\"contentUrl\":\"https:\/\/tartarugas.net\/wp-content\/uploads\/2020\/02\/1261970205.jpg\",\"width\":2048,\"height\":1365},{\"@type\":\"BreadcrumbList\",\"@id\":\"https:\/\/tartarugas.net\/tours\/curso-de-canoagem-em-aguas-brancas\/#breadcrumb\",\"itemListElement\":[{\"@type\":\"ListItem\",\"position\":1,\"name\":\"In\u00edcio\",\"item\":\"https:\/\/tartarugas.net\/\"},{\"@type\":\"ListItem\",\"position\":2,\"name\":\"Atividades\",\"item\":\"https:\/\/tartarugas.net\/atividades\/\"},{\"@type\":\"ListItem\",\"position\":3,\"name\":\"Curso de Canoagem em \u00c1guas Brancas\"}]},{\"@type\":\"WebSite\",\"@id\":\"https:\/\/tartarugas.net\/#website\",\"url\":\"https:\/\/tartarugas.net\/\",\"name\":\"Tartarugas Espirito de Aventura\",\"description\":\"Empresa especializada em Atvidades Outdoor \",\"publisher\":{\"@id\":\"https:\/\/tartarugas.net\/#organization\"},\"potentialAction\":[{\"@type\":\"SearchAction\",\"target\":{\"@type\":\"EntryPoint\",\"urlTemplate\":\"https:\/\/tartarugas.net\/?s={search_term_string}\"},\"query-input\":{\"@type\":\"PropertyValueSpecification\",\"valueRequired\":true,\"valueName\":\"search_term_string\"}}],\"inLanguage\":\"en-US\"},{\"@type\":\"Organization\",\"@id\":\"https:\/\/tartarugas.net\/#organization\",\"name\":\"Tartarugas Espirito de Aventura\",\"url\":\"https:\/\/tartarugas.net\/\",\"logo\":{\"@type\":\"ImageObject\",\"inLanguage\":\"en-US\",\"@id\":\"https:\/\/tartarugas.net\/#\/schema\/logo\/image\/\",\"url\":\"https:\/\/tartarugas.net\/wp-content\/uploads\/2016\/08\/logo-retina.png\",\"contentUrl\":\"https:\/\/tartarugas.net\/wp-content\/uploads\/2016\/08\/logo-retina.png\",\"width\":360,\"height\":254,\"caption\":\"Tartarugas Espirito de Aventura\"},\"image\":{\"@id\":\"https:\/\/tartarugas.net\/#\/schema\/logo\/image\/\"},\"sameAs\":[\"https:\/\/www.facebook.com\/tartarugasaventura\/\",\"https:\/\/x.com\/_tartarugas\",\"http:\/\/www.instagram.com\/tartarugas.turismo\"]}]}<\/script>\n<!-- \/ Yoast SEO plugin. -->","yoast_head_json":{"title":"Curso de Canoagem em \u00c1guas Brancas - Tartarugas Espirito de Aventura","robots":{"index":"index","follow":"follow","max-snippet":"max-snippet:-1","max-image-preview":"max-image-preview:large","max-video-preview":"max-video-preview:-1"},"canonical":"https:\/\/tartarugas.net\/en\/tours\/curso-de-canoagem-em-aguas-brancas\/","og_locale":"en_US","og_type":"article","og_title":"Curso de Canoagem em \u00c1guas Brancas - Tartarugas Espirito de Aventura","og_description":"Este curso \u00e9 uma introdu\u00e7\u00e3o \u00e0 Canoagem de \u00c1guas Brancas, desde a apresenta\u00e7\u00e3o do equipamento, passando por treinamentos em \u00e1gua parada, at\u00e9 corredeiras classe II e III.  Hospedagem em hostel (opcional) consulte valores.","og_url":"https:\/\/tartarugas.net\/en\/tours\/curso-de-canoagem-em-aguas-brancas\/","og_site_name":"Tartarugas Espirito de Aventura","article_publisher":"https:\/\/www.facebook.com\/tartarugasaventura\/","article_modified_time":"2024-11-04T02:59:04+00:00","og_image":[{"width":2048,"height":1365,"url":"https:\/\/tartarugas.net\/wp-content\/uploads\/2020\/02\/1261970205.jpg","type":"image\/jpeg"}],"twitter_card":"summary_large_image","twitter_site":"@_tartarugas","twitter_misc":{"Est. reading time":"2 minutes"},"schema":{"@context":"https:\/\/schema.org","@graph":[{"@type":"WebPage","@id":"https:\/\/tartarugas.net\/tours\/curso-de-canoagem-em-aguas-brancas\/","url":"https:\/\/tartarugas.net\/tours\/curso-de-canoagem-em-aguas-brancas\/","name":"Curso de Canoagem em \u00c1guas Brancas - Tartarugas Espirito de Aventura","isPartOf":{"@id":"https:\/\/tartarugas.net\/#website"},"primaryImageOfPage":{"@id":"https:\/\/tartarugas.net\/tours\/curso-de-canoagem-em-aguas-brancas\/#primaryimage"},"image":{"@id":"https:\/\/tartarugas.net\/tours\/curso-de-canoagem-em-aguas-brancas\/#primaryimage"},"thumbnailUrl":"https:\/\/tartarugas.net\/wp-content\/uploads\/2020\/02\/1261970205.jpg","datePublished":"2020-02-14T16:44:08+00:00","dateModified":"2024-11-04T02:59:04+00:00","breadcrumb":{"@id":"https:\/\/tartarugas.net\/tours\/curso-de-canoagem-em-aguas-brancas\/#breadcrumb"},"inLanguage":"en-US","potentialAction":[{"@type":"ReadAction","target":["https:\/\/tartarugas.net\/tours\/curso-de-canoagem-em-aguas-brancas\/"]}]},{"@type":"ImageObject","inLanguage":"en-US","@id":"https:\/\/tartarugas.net\/tours\/curso-de-canoagem-em-aguas-brancas\/#primaryimage","url":"https:\/\/tartarugas.net\/wp-content\/uploads\/2020\/02\/1261970205.jpg","contentUrl":"https:\/\/tartarugas.net\/wp-content\/uploads\/2020\/02\/1261970205.jpg","width":2048,"height":1365},{"@type":"BreadcrumbList","@id":"https:\/\/tartarugas.net\/tours\/curso-de-canoagem-em-aguas-brancas\/#breadcrumb","itemListElement":[{"@type":"ListItem","position":1,"name":"In\u00edcio","item":"https:\/\/tartarugas.net\/"},{"@type":"ListItem","position":2,"name":"Atividades","item":"https:\/\/tartarugas.net\/atividades\/"},{"@type":"ListItem","position":3,"name":"Curso de Canoagem em \u00c1guas Brancas"}]},{"@type":"WebSite","@id":"https:\/\/tartarugas.net\/#website","url":"https:\/\/tartarugas.net\/","name":"Tartarugas Espirito de Aventura","description":"Empresa especializada em Atvidades Outdoor ","publisher":{"@id":"https:\/\/tartarugas.net\/#organization"},"potentialAction":[{"@type":"SearchAction","target":{"@type":"EntryPoint","urlTemplate":"https:\/\/tartarugas.net\/?s={search_term_string}"},"query-input":{"@type":"PropertyValueSpecification","valueRequired":true,"valueName":"search_term_string"}}],"inLanguage":"en-US"},{"@type":"Organization","@id":"https:\/\/tartarugas.net\/#organization","name":"Tartarugas Espirito de Aventura","url":"https:\/\/tartarugas.net\/","logo":{"@type":"ImageObject","inLanguage":"en-US","@id":"https:\/\/tartarugas.net\/#\/schema\/logo\/image\/","url":"https:\/\/tartarugas.net\/wp-content\/uploads\/2016\/08\/logo-retina.png","contentUrl":"https:\/\/tartarugas.net\/wp-content\/uploads\/2016\/08\/logo-retina.png","width":360,"height":254,"caption":"Tartarugas Espirito de Aventura"},"image":{"@id":"https:\/\/tartarugas.net\/#\/schema\/logo\/image\/"},"sameAs":["https:\/\/www.facebook.com\/tartarugasaventura\/","https:\/\/x.com\/_tartarugas","http:\/\/www.instagram.com\/tartarugas.turismo"]}]}},"_links":{"self":[{"href":"https:\/\/tartarugas.net\/en\/wp-json\/wp\/v2\/product\/3118","targetHints":{"allow":["GET"]}}],"collection":[{"href":"https:\/\/tartarugas.net\/en\/wp-json\/wp\/v2\/product"}],"about":[{"href":"https:\/\/tartarugas.net\/en\/wp-json\/wp\/v2\/types\/product"}],"replies":[{"embeddable":true,"href":"https:\/\/tartarugas.net\/en\/wp-json\/wp\/v2\/comments?post=3118"}],"wp:featuredmedia":[{"embeddable":true,"href":"https:\/\/tartarugas.net\/en\/wp-json\/wp\/v2\/media\/8727"}],"wp:attachment":[{"href":"https:\/\/tartarugas.net\/en\/wp-json\/wp\/v2\/media?parent=3118"}],"wp:term":[{"taxonomy":"product_brand","embeddable":true,"href":"https:\/\/tartarugas.net\/en\/wp-json\/wp\/v2\/product_brand?post=3118"},{"taxonomy":"product_cat","embeddable":true,"href":"https:\/\/tartarugas.net\/en\/wp-json\/wp\/v2\/product_cat?post=3118"},{"taxonomy":"product_tag","embeddable":true,"href":"https:\/\/tartarugas.net\/en\/wp-json\/wp\/v2\/product_tag?post=3118"}],"curies":[{"name":"wp","href":"https:\/\/api.w.org\/{rel}","templated":true}]}}