{"id":4339,"date":"2017-09-12T14:14:44","date_gmt":"2017-09-12T17:14:44","guid":{"rendered":"https:\/\/tartarugas.net\/?post_type=product&#038;p=4339"},"modified":"2025-10-15T09:16:30","modified_gmt":"2025-10-15T12:16:30","slug":"rapel-de-cachoeira-90m","status":"publish","type":"product","link":"https:\/\/tartarugas.net\/en\/tours\/rapel-de-cachoeira-90m\/","title":{"rendered":"Rapel de Cachoeira 90m"},"content":{"rendered":"<div id=\"TA_socialButtonBubbles767\" class=\"TA_socialButtonBubbles\">\n<ul id=\"0cYsAZ2o2y\" class=\"TA_links 4Zes6o1MZLXt\">\n<li id=\"5XoXgzdMcy6J\" class=\"RKYEQ8\"><a href=\"https:\/\/www.tripadvisor.com\/Attraction_Review-g488173-d7688865-Reviews-Tartarugas-Santo_Amaro_da_Imperatriz_State_of_Santa_Catarina.html\" target=\"_blank\" rel=\"noopener\"><img decoding=\"async\" src=\"https:\/\/www.tripadvisor.com\/img\/cdsi\/img2\/branding\/socialWidget\/20x28_green-21693-2.png\" \/><\/a><\/li>\n<\/ul>\n<\/div>\n<p><script src=\"https:\/\/www.jscache.com\/wejs?wtype=socialButtonBubbles&amp;uniq=767&amp;locationId=7688865&amp;color=green&amp;size=rect&amp;lang=en_US&amp;display_version=2\"><\/script><\/p>\n<h4><strong>Desafie-se em um Rapel Inesquec\u00edvel de 90 Metros na Cachoeira Rio do Salto! \ud83c\udf0a\ud83e\uddd7\u200d\u2642\ufe0f<\/strong><\/h4>\n<h4>Prepare-se para uma experi\u00eancia de pura adrenalina e conex\u00e3o com a natureza em \u00c1guas Mornas, SC! \ud83c\udf3f Imagine descer uma cachoeira de 90 metros, sentindo a for\u00e7a da \u00e1gua \ud83d\udca7 e a emo\u00e7\u00e3o de cada metro vencido, com seguran\u00e7a total e guiado por profissionais experientes! \ud83e\uddd7\u200d\u2640\ufe0f\u2728<\/h4>\n<h4>Este \u00e9 um convite para sair da zona de conforto e viver a supera\u00e7\u00e3o em um cen\u00e1rio deslumbrante. \ud83c\udf04 Mais que um rapel, \u00e9 uma oportunidade de desafiar seus limites e criar uma mem\u00f3ria que ficar\u00e1 com voc\u00ea para sempre! \ud83d\udd25<\/h4>\n<h4><strong>Pronto para o salto?<\/strong> Vem viver uma aventura de tirar o f\u00f4lego! \ud83d\ude80<\/h4>\n<p><iframe title=\"Rapel na Cachoeira rio do Salto 90 mts\" width=\"748\" height=\"421\" src=\"https:\/\/www.youtube.com\/embed\/iBHa1WFhVEY?feature=oembed&#038;enablejsapi=1&#038;origin=https:\/\/tartarugas.net\" frameborder=\"0\" allow=\"accelerometer; autoplay; clipboard-write; encrypted-media; gyroscope; picture-in-picture; web-share\" referrerpolicy=\"strict-origin-when-cross-origin\" allowfullscreen><\/iframe><\/p>\n<h2 style=\"text-align: center;\"><span style=\"color: #9e9602;\"><strong>Fa\u00e7a sua reserva via whats app agora!<\/strong><\/span><\/h2>\n<p style=\"text-align: center;\"><a href=\"https:\/\/api.whatsapp.com\/send?phone=554896616751\" class=\"atbtn atbtn--default atbtn--large\">Reserve aqui<\/a><\/p>\n<h2>Rapel de Cachoeira<\/h2>\n<p><strong>Rapel de Cachoeira<\/strong>\u00a0ou cachoeirismo \u00e9 a descida de quedas d&#8217;\u00e1gua, seguindo ou n\u00e3o o curso d&#8217;\u00e1gua, utilizando equipamentos espec\u00edficos e\u00a0t\u00e9cnicas verticais.<\/p>\n<p><strong>Cachoeira do Rio do Salto &#8211; \u00c1guas Mornas:<\/strong><br \/>\nAs cercanias da Serra do Tabuleiro s\u00e3o ricas em cachoeiras e cascatas. Nesta base, a Tartarugas proporciona rapel em duas cachoeiras distintas. A Cachoeira do Rio do Rio do Salto \u00e9 ideal para quem quer curtir uma grande aventura em um dos lugares mais bonitos da regi\u00e3o.<\/p>\n<p><strong>Rapel de Cachoeira do Rio do Salto<\/strong><\/p>\n<ul>\n<li>Localiza-se no munic\u00edpio de \u00c1guas Mornas, h\u00e1 25 km da base;<\/li>\n<li>O rapel tem 90 metros de altura dividido em tr\u00eas partes;<\/li>\n<li>A atividade tem dura\u00e7\u00e3o de aproximadamente 03:00 horas, dependendo do tamanho do grupo;<\/li>\n<\/ul>\n<p><strong>Inclui:<\/strong><\/p>\n<ul>\n<li>Equipamentos de seguran\u00e7a;<\/li>\n<li>Condutores Especializados;<\/li>\n<li>Seguro Atividade;<\/li>\n<li>Roupa de neoprene;<\/li>\n<\/ul>\n<p><strong>O que levar para praticar o Rapel de Cachoeira:<\/strong><\/p>\n<ul>\n<li>CPF;<\/li>\n<li>Cal\u00e7ado fechado;<\/li>\n<li>Prendedor de cabelo;<\/li>\n<li>Protetor solar;<\/li>\n<li>Repelente;<\/li>\n<li>Toalha;<\/li>\n<li>Cal\u00e7ado extra e roupa extra (para depois da atividade);<\/li>\n<\/ul>\n<p><strong>Restri\u00e7\u00f5es da atividade:<\/strong><\/p>\n<ul>\n<li>Crian\u00e7as com idade inferior\u00a0a 12 anos;<\/li>\n<li>Pessoas com peso superior a 120 kg;<\/li>\n<li>Utiliza\u00e7\u00e3o de acess\u00f3rio (brincos, pulseiras, colares);<\/li>\n<li>Cabelos soltos;<\/li>\n<li>Sand\u00e1lias ou cal\u00e7ados soltos;<\/li>\n<li>Mulheres gestantes;<\/li>\n<\/ul>\n<p><strong>Restri\u00e7\u00e3o clim\u00e1tica:<\/strong><\/p>\n<ul>\n<li>Chuva intensa;<\/li>\n<li>Trovoadas;<\/li>\n<li>Ventania acentuada e\/ou raios;<\/li>\n<\/ul>\n<p class=\"orange\"><a class=\"orange\" href=\"http:\/\/www.plazahoteis.com.br\/caldasimperatriz\/br\/como-chegar\/\" target=\"_blank\" rel=\"noopener noreferrer\"><br \/>\nComo chegar<\/a><\/p>\n<h2 style=\"text-align: center;\"><span style=\"color: #9e9602;\"><strong>Fa\u00e7a sua reserva via whats app agora!<\/strong><\/span><\/h2>\n<p style=\"text-align: center;\"><a href=\"https:\/\/api.whatsapp.com\/send?phone=554896616751\" class=\"atbtn atbtn--default atbtn--large\">Reserve aqui<\/a><\/p>","protected":false},"excerpt":{"rendered":"<p>Desafie-se em um Rapel Inesquec\u00edvel de 90 Metros na Cachoeira Rio do Salto! \ud83c\udf0a\ud83e\uddd7\u200d\u2642\ufe0f Prepare-se para uma experi\u00eancia de pura adrenalina e conex\u00e3o com a natureza em \u00c1guas Mornas, SC! \ud83c\udf3f Imagine descer uma cachoeira de 90 metros, sentindo a for\u00e7a da \u00e1gua \ud83d\udca7 e a emo\u00e7\u00e3o de cada metro vencido, com seguran\u00e7a total e<\/p>\n<div class=\"padding-top text-center\"><a href=\"https:\/\/tartarugas.net\/en\/tours\/rapel-de-cachoeira-90m\/\" class=\"atbtn atbtn--medium atbtn--rounded atbtn--transparent\">Ler mais<i class=\"atbtn__icon atbtn__icon--right fa fa-long-arrow-right\"><\/i><\/a><\/div>","protected":false},"featured_media":4340,"comment_status":"closed","ping_status":"closed","template":"","meta":{"content-type":"","_joinchat":[]},"product_brand":[],"product_cat":[230,311],"product_tag":[],"class_list":{"0":"post-4339","1":"product","2":"type-product","3":"status-publish","4":"has-post-thumbnail","6":"product_cat-sem-categoria","7":"product_cat-caldas-da-imperatriz","8":"tour_category-rapel-de-cachoeira","10":"first","11":"instock","12":"featured","13":"shipping-taxable","14":"purchasable","15":"product-type-tour"},"yoast_head":"<!-- This site is optimized with the Yoast SEO plugin v26.9 - https:\/\/yoast.com\/product\/yoast-seo-wordpress\/ -->\n<title>Rapel de Cachoeira 90m - Tartarugas Espirito de Aventura<\/title>\n<meta name=\"description\" content=\"Rapel de Cachoeira, descidas em quedas d&#039;\u00e1gua, 35m de altura, 2 horas de descida, guias preparados, Cachoeira da Ressurei\u00e7\u00e3o, Rio Vermelho, \u00c1guas Mornas.\" \/>\n<meta name=\"robots\" content=\"index, follow, max-snippet:-1, max-image-preview:large, max-video-preview:-1\" \/>\n<link rel=\"canonical\" href=\"https:\/\/tartarugas.net\/en\/tours\/rapel-de-cachoeira-90m\/\" \/>\n<meta property=\"og:locale\" content=\"en_US\" \/>\n<meta property=\"og:type\" content=\"article\" \/>\n<meta property=\"og:title\" content=\"Rapel de Cachoeira 90m - Tartarugas Espirito de Aventura\" \/>\n<meta property=\"og:description\" content=\"Rapel de Cachoeira, descidas em quedas d&#039;\u00e1gua, 35m de altura, 2 horas de descida, guias preparados, Cachoeira da Ressurei\u00e7\u00e3o, Rio Vermelho, \u00c1guas Mornas.\" \/>\n<meta property=\"og:url\" content=\"https:\/\/tartarugas.net\/en\/tours\/rapel-de-cachoeira-90m\/\" \/>\n<meta property=\"og:site_name\" content=\"Tartarugas Espirito de Aventura\" \/>\n<meta property=\"article:publisher\" content=\"https:\/\/www.facebook.com\/tartarugasaventura\/\" \/>\n<meta property=\"article:modified_time\" content=\"2025-10-15T12:16:30+00:00\" \/>\n<meta property=\"og:image\" content=\"https:\/\/tartarugas.net\/wp-content\/uploads\/2017\/09\/rapel-90m-01.jpg\" \/>\n\t<meta property=\"og:image:width\" content=\"1000\" \/>\n\t<meta property=\"og:image:height\" content=\"556\" \/>\n\t<meta property=\"og:image:type\" content=\"image\/jpeg\" \/>\n<meta name=\"twitter:card\" content=\"summary_large_image\" \/>\n<meta name=\"twitter:site\" content=\"@_tartarugas\" \/>\n<meta name=\"twitter:label1\" content=\"Est. reading time\" \/>\n\t<meta name=\"twitter:data1\" content=\"3 minutes\" \/>\n<script type=\"application\/ld+json\" class=\"yoast-schema-graph\">{\"@context\":\"https:\/\/schema.org\",\"@graph\":[{\"@type\":\"WebPage\",\"@id\":\"https:\/\/tartarugas.net\/tours\/rapel-de-cachoeira-90m\/\",\"url\":\"https:\/\/tartarugas.net\/tours\/rapel-de-cachoeira-90m\/\",\"name\":\"Rapel de Cachoeira 90m - Tartarugas Espirito de Aventura\",\"isPartOf\":{\"@id\":\"https:\/\/tartarugas.net\/#website\"},\"primaryImageOfPage\":{\"@id\":\"https:\/\/tartarugas.net\/tours\/rapel-de-cachoeira-90m\/#primaryimage\"},\"image\":{\"@id\":\"https:\/\/tartarugas.net\/tours\/rapel-de-cachoeira-90m\/#primaryimage\"},\"thumbnailUrl\":\"https:\/\/tartarugas.net\/wp-content\/uploads\/2017\/09\/rapel-90m-01.jpg\",\"datePublished\":\"2017-09-12T17:14:44+00:00\",\"dateModified\":\"2025-10-15T12:16:30+00:00\",\"description\":\"Rapel de Cachoeira, descidas em quedas d'\u00e1gua, 35m de altura, 2 horas de descida, guias preparados, Cachoeira da Ressurei\u00e7\u00e3o, Rio Vermelho, \u00c1guas Mornas.\",\"breadcrumb\":{\"@id\":\"https:\/\/tartarugas.net\/tours\/rapel-de-cachoeira-90m\/#breadcrumb\"},\"inLanguage\":\"en-US\",\"potentialAction\":[{\"@type\":\"ReadAction\",\"target\":[\"https:\/\/tartarugas.net\/tours\/rapel-de-cachoeira-90m\/\"]}]},{\"@type\":\"ImageObject\",\"inLanguage\":\"en-US\",\"@id\":\"https:\/\/tartarugas.net\/tours\/rapel-de-cachoeira-90m\/#primaryimage\",\"url\":\"https:\/\/tartarugas.net\/wp-content\/uploads\/2017\/09\/rapel-90m-01.jpg\",\"contentUrl\":\"https:\/\/tartarugas.net\/wp-content\/uploads\/2017\/09\/rapel-90m-01.jpg\",\"width\":1000,\"height\":556,\"caption\":\"Rapel 90 metros\"},{\"@type\":\"BreadcrumbList\",\"@id\":\"https:\/\/tartarugas.net\/tours\/rapel-de-cachoeira-90m\/#breadcrumb\",\"itemListElement\":[{\"@type\":\"ListItem\",\"position\":1,\"name\":\"In\u00edcio\",\"item\":\"https:\/\/tartarugas.net\/\"},{\"@type\":\"ListItem\",\"position\":2,\"name\":\"Atividades\",\"item\":\"https:\/\/tartarugas.net\/atividades\/\"},{\"@type\":\"ListItem\",\"position\":3,\"name\":\"Rapel de Cachoeira 90m\"}]},{\"@type\":\"WebSite\",\"@id\":\"https:\/\/tartarugas.net\/#website\",\"url\":\"https:\/\/tartarugas.net\/\",\"name\":\"Tartarugas Espirito de Aventura\",\"description\":\"Empresa especializada em Atvidades Outdoor \",\"publisher\":{\"@id\":\"https:\/\/tartarugas.net\/#organization\"},\"potentialAction\":[{\"@type\":\"SearchAction\",\"target\":{\"@type\":\"EntryPoint\",\"urlTemplate\":\"https:\/\/tartarugas.net\/?s={search_term_string}\"},\"query-input\":{\"@type\":\"PropertyValueSpecification\",\"valueRequired\":true,\"valueName\":\"search_term_string\"}}],\"inLanguage\":\"en-US\"},{\"@type\":\"Organization\",\"@id\":\"https:\/\/tartarugas.net\/#organization\",\"name\":\"Tartarugas Espirito de Aventura\",\"url\":\"https:\/\/tartarugas.net\/\",\"logo\":{\"@type\":\"ImageObject\",\"inLanguage\":\"en-US\",\"@id\":\"https:\/\/tartarugas.net\/#\/schema\/logo\/image\/\",\"url\":\"https:\/\/tartarugas.net\/wp-content\/uploads\/2016\/08\/logo-retina.png\",\"contentUrl\":\"https:\/\/tartarugas.net\/wp-content\/uploads\/2016\/08\/logo-retina.png\",\"width\":360,\"height\":254,\"caption\":\"Tartarugas Espirito de Aventura\"},\"image\":{\"@id\":\"https:\/\/tartarugas.net\/#\/schema\/logo\/image\/\"},\"sameAs\":[\"https:\/\/www.facebook.com\/tartarugasaventura\/\",\"https:\/\/x.com\/_tartarugas\",\"http:\/\/www.instagram.com\/tartarugas.turismo\"]}]}<\/script>\n<!-- \/ Yoast SEO plugin. -->","yoast_head_json":{"title":"Rapel de Cachoeira 90m - Tartarugas Espirito de Aventura","description":"Rapel de Cachoeira, descidas em quedas d'\u00e1gua, 35m de altura, 2 horas de descida, guias preparados, Cachoeira da Ressurei\u00e7\u00e3o, Rio Vermelho, \u00c1guas Mornas.","robots":{"index":"index","follow":"follow","max-snippet":"max-snippet:-1","max-image-preview":"max-image-preview:large","max-video-preview":"max-video-preview:-1"},"canonical":"https:\/\/tartarugas.net\/en\/tours\/rapel-de-cachoeira-90m\/","og_locale":"en_US","og_type":"article","og_title":"Rapel de Cachoeira 90m - Tartarugas Espirito de Aventura","og_description":"Rapel de Cachoeira, descidas em quedas d'\u00e1gua, 35m de altura, 2 horas de descida, guias preparados, Cachoeira da Ressurei\u00e7\u00e3o, Rio Vermelho, \u00c1guas Mornas.","og_url":"https:\/\/tartarugas.net\/en\/tours\/rapel-de-cachoeira-90m\/","og_site_name":"Tartarugas Espirito de Aventura","article_publisher":"https:\/\/www.facebook.com\/tartarugasaventura\/","article_modified_time":"2025-10-15T12:16:30+00:00","og_image":[{"width":1000,"height":556,"url":"https:\/\/tartarugas.net\/wp-content\/uploads\/2017\/09\/rapel-90m-01.jpg","type":"image\/jpeg"}],"twitter_card":"summary_large_image","twitter_site":"@_tartarugas","twitter_misc":{"Est. reading time":"3 minutes"},"schema":{"@context":"https:\/\/schema.org","@graph":[{"@type":"WebPage","@id":"https:\/\/tartarugas.net\/tours\/rapel-de-cachoeira-90m\/","url":"https:\/\/tartarugas.net\/tours\/rapel-de-cachoeira-90m\/","name":"Rapel de Cachoeira 90m - Tartarugas Espirito de Aventura","isPartOf":{"@id":"https:\/\/tartarugas.net\/#website"},"primaryImageOfPage":{"@id":"https:\/\/tartarugas.net\/tours\/rapel-de-cachoeira-90m\/#primaryimage"},"image":{"@id":"https:\/\/tartarugas.net\/tours\/rapel-de-cachoeira-90m\/#primaryimage"},"thumbnailUrl":"https:\/\/tartarugas.net\/wp-content\/uploads\/2017\/09\/rapel-90m-01.jpg","datePublished":"2017-09-12T17:14:44+00:00","dateModified":"2025-10-15T12:16:30+00:00","description":"Rapel de Cachoeira, descidas em quedas d'\u00e1gua, 35m de altura, 2 horas de descida, guias preparados, Cachoeira da Ressurei\u00e7\u00e3o, Rio Vermelho, \u00c1guas Mornas.","breadcrumb":{"@id":"https:\/\/tartarugas.net\/tours\/rapel-de-cachoeira-90m\/#breadcrumb"},"inLanguage":"en-US","potentialAction":[{"@type":"ReadAction","target":["https:\/\/tartarugas.net\/tours\/rapel-de-cachoeira-90m\/"]}]},{"@type":"ImageObject","inLanguage":"en-US","@id":"https:\/\/tartarugas.net\/tours\/rapel-de-cachoeira-90m\/#primaryimage","url":"https:\/\/tartarugas.net\/wp-content\/uploads\/2017\/09\/rapel-90m-01.jpg","contentUrl":"https:\/\/tartarugas.net\/wp-content\/uploads\/2017\/09\/rapel-90m-01.jpg","width":1000,"height":556,"caption":"Rapel 90 metros"},{"@type":"BreadcrumbList","@id":"https:\/\/tartarugas.net\/tours\/rapel-de-cachoeira-90m\/#breadcrumb","itemListElement":[{"@type":"ListItem","position":1,"name":"In\u00edcio","item":"https:\/\/tartarugas.net\/"},{"@type":"ListItem","position":2,"name":"Atividades","item":"https:\/\/tartarugas.net\/atividades\/"},{"@type":"ListItem","position":3,"name":"Rapel de Cachoeira 90m"}]},{"@type":"WebSite","@id":"https:\/\/tartarugas.net\/#website","url":"https:\/\/tartarugas.net\/","name":"Tartarugas Espirito de Aventura","description":"Empresa especializada em Atvidades Outdoor ","publisher":{"@id":"https:\/\/tartarugas.net\/#organization"},"potentialAction":[{"@type":"SearchAction","target":{"@type":"EntryPoint","urlTemplate":"https:\/\/tartarugas.net\/?s={search_term_string}"},"query-input":{"@type":"PropertyValueSpecification","valueRequired":true,"valueName":"search_term_string"}}],"inLanguage":"en-US"},{"@type":"Organization","@id":"https:\/\/tartarugas.net\/#organization","name":"Tartarugas Espirito de Aventura","url":"https:\/\/tartarugas.net\/","logo":{"@type":"ImageObject","inLanguage":"en-US","@id":"https:\/\/tartarugas.net\/#\/schema\/logo\/image\/","url":"https:\/\/tartarugas.net\/wp-content\/uploads\/2016\/08\/logo-retina.png","contentUrl":"https:\/\/tartarugas.net\/wp-content\/uploads\/2016\/08\/logo-retina.png","width":360,"height":254,"caption":"Tartarugas Espirito de Aventura"},"image":{"@id":"https:\/\/tartarugas.net\/#\/schema\/logo\/image\/"},"sameAs":["https:\/\/www.facebook.com\/tartarugasaventura\/","https:\/\/x.com\/_tartarugas","http:\/\/www.instagram.com\/tartarugas.turismo"]}]}},"_links":{"self":[{"href":"https:\/\/tartarugas.net\/en\/wp-json\/wp\/v2\/product\/4339","targetHints":{"allow":["GET"]}}],"collection":[{"href":"https:\/\/tartarugas.net\/en\/wp-json\/wp\/v2\/product"}],"about":[{"href":"https:\/\/tartarugas.net\/en\/wp-json\/wp\/v2\/types\/product"}],"replies":[{"embeddable":true,"href":"https:\/\/tartarugas.net\/en\/wp-json\/wp\/v2\/comments?post=4339"}],"wp:featuredmedia":[{"embeddable":true,"href":"https:\/\/tartarugas.net\/en\/wp-json\/wp\/v2\/media\/4340"}],"wp:attachment":[{"href":"https:\/\/tartarugas.net\/en\/wp-json\/wp\/v2\/media?parent=4339"}],"wp:term":[{"taxonomy":"product_brand","embeddable":true,"href":"https:\/\/tartarugas.net\/en\/wp-json\/wp\/v2\/product_brand?post=4339"},{"taxonomy":"product_cat","embeddable":true,"href":"https:\/\/tartarugas.net\/en\/wp-json\/wp\/v2\/product_cat?post=4339"},{"taxonomy":"product_tag","embeddable":true,"href":"https:\/\/tartarugas.net\/en\/wp-json\/wp\/v2\/product_tag?post=4339"}],"curies":[{"name":"wp","href":"https:\/\/api.w.org\/{rel}","templated":true}]}}