{"id":5171,"date":"2018-01-17T14:55:04","date_gmt":"2018-01-17T16:55:04","guid":{"rendered":"https:\/\/tartarugas.net\/?post_type=product&#038;p=5171"},"modified":"2025-10-15T09:03:02","modified_gmt":"2025-10-15T12:03:02","slug":"caminhada-cachoeira-do-rio-vermelho","status":"publish","type":"product","link":"https:\/\/tartarugas.net\/en\/tours\/caminhada-cachoeira-do-rio-vermelho\/","title":{"rendered":"Caminhada Cachoeira do Rio Vermelho"},"content":{"rendered":"<div id=\"TA_socialButtonBubbles767\" class=\"TA_socialButtonBubbles\">\n<ul id=\"0cYsAZ2o2y\" class=\"TA_links 4Zes6o1MZLXt\">\n<li id=\"5XoXgzdMcy6J\" class=\"RKYEQ8\"><a href=\"https:\/\/www.tripadvisor.com\/Attraction_Review-g488173-d7688865-Reviews-Tartarugas-Santo_Amaro_da_Imperatriz_State_of_Santa_Catarina.html\" target=\"_blank\" rel=\"noopener\"><img decoding=\"async\" src=\"https:\/\/www.tripadvisor.com\/img\/cdsi\/img2\/branding\/socialWidget\/20x28_green-21693-2.png\" \/><\/a><\/li>\n<\/ul>\n<\/div>\n<p><script src=\"https:\/\/www.jscache.com\/wejs?wtype=socialButtonBubbles&amp;uniq=767&amp;locationId=7688865&amp;color=green&amp;size=rect&amp;lang=en_US&amp;display_version=2\"><\/script><\/p>\n<h2 style=\"text-align: center;\"><span style=\"color: #9e9602;\"><strong>Fa\u00e7a sua reserva via whats app agora!<\/strong><\/span><\/h2>\n<p style=\"text-align: center;\"><a href=\"https:\/\/api.whatsapp.com\/send?phone=554896616751\" class=\"atbtn atbtn--default atbtn--large\">Reserve aqui<\/a><\/p>\n<h2 style=\"text-align: justify;\">Caminhada Cachoeira do Rio Vermelho<\/h2>\n<p style=\"text-align: justify;\"><strong>Caminhada Cachoeira do Rio Vermelho:\u00a0<\/strong>\u00e9 uma caminhada por trilhas naturais, que permite ao praticante o contato \u00edntimo com as belas paisagens protagonizadas pela natureza.\u00a0 A atividade proporciona momentos de valoriza\u00e7\u00e3o dos elementos essenciais da vida, podendo ser praticado por qualquer pessoa que queira fugir da rotina, superar desafios, explorar trajetos pouco ou nada conhecidos, contemplar a natureza ou simplesmente caminhar.<\/p>\n<h3 style=\"text-align: justify;\">Aonde encontrar guias aptos a fazer a caminhada para Cachoeira do Rio Vermelho?<\/h3>\n<p style=\"text-align: justify;\"><strong>Base Caldas (Santo Amaro da Imperatriz)<\/strong><strong>:<\/strong><br \/>\nA empresa de Aventuras Tartarugas, disp\u00f5e de guias preparados e oferece a atividade de caminhada para\u00a0Cachoeira do Rio Vermelho. Sendo praticada no Parque Estadual da Serra do Tabuleiro, maior unidade de conserva\u00e7\u00e3o de Santa Catarina. Ao longo das trilhas \u00e9 poss\u00edvel encontrar cursos de \u00e1guas cristalinas, paisagens exuberantes e mata nativa caracter\u00edstica da regi\u00e3o.<br \/>\nA Trilha \u00e9 realizada na localidade de V\u00e1rzea do Bra\u00e7o, em Santo Amaro da Imperatriz e leva at\u00e9 um conjunto de 3 cachoeiras sendo uma delas com 40 metros de altura e outras duas com 30 e 20m respectivamente. Na base da Cachoeira de 40 metros h\u00e1 uma pausa para o lanche bem como para um banho em suas \u00e1guas l\u00edmpidas. O nome Cachoeira do Rio Vermelho decorre do tom avermelhado que as pedras d\u00e3o \u00e0 \u00e1gua. Fica localizada dentro do Parque Estadual da Serra do Tabuleiro, e \u00e9 poss\u00edvel avistar p\u00e1ssaros e animais silvestres.<\/p>\n<p><strong>Cachoeira do Rio Vermelho<\/strong><\/p>\n<ul>\n<li>Uma das cachoeiras mais lindas da Grande Florian\u00f3polis;<\/li>\n<li>Uma caminhada no cora\u00e7\u00e3o do parque do tabuleiro;<\/li>\n<li>Localizada em Santo Amaro da Imperatriz &#8211; Vargem do Bra\u00e7o;<\/li>\n<li>Vista panor\u00e2mica privilegiada;<\/li>\n<li>Dura\u00e7\u00e3o de aproximadamente 03 horas (ida e volta);<\/li>\n<li>Grau de dificuldade &#8211; f\u00e1cil;<\/li>\n<li>Grupo m\u00ednimo de 2 pessoas;<\/li>\n<\/ul>\n<p><strong>Inclui:<\/strong><\/p>\n<ul>\n<li>Transporte;<\/li>\n<li>Condutores Especializados;<\/li>\n<li>Seguro Atividade;<\/li>\n<li>Lanche para Atividade;<\/li>\n<\/ul>\n<p><strong>O que levar:<\/strong><\/p>\n<ul>\n<li>CPF;<\/li>\n<li>T\u00eanis ou bota;<\/li>\n<li>Roupa confort\u00e1vel;<\/li>\n<li>Protetor solar;<\/li>\n<li>Repelente;<\/li>\n<li>Bon\u00e9 ou chap\u00e9u;<\/li>\n<li>\u00c1gua e alimentos;<\/li>\n<\/ul>\n<p>OBS: Levar apenas o necess\u00e1rio para evitar excesso de peso.<\/p>\n<p><strong>Restri\u00e7\u00f5es da atividade:<\/strong><\/p>\n<ul>\n<li>Mulheres gestantes;<\/li>\n<li>Roupas inadequadas;<\/li>\n<li>Sand\u00e1lias ou sapatos abertos;<\/li>\n<li>Pessoas que apresentam problemas cardiorrespirat\u00f3rios, musculares e \u00f3sseos;<\/li>\n<\/ul>\n<p><strong>Restri\u00e7\u00e3o clim\u00e1tica:<\/strong><\/p>\n<ul>\n<li>Chuva intensa;<\/li>\n<li>Trovoadas e raios;<\/li>\n<\/ul>\n<h2 style=\"text-align: center;\"><span style=\"color: #9e9602;\"><strong>Fa\u00e7a sua reserva via whats app agora!<\/strong><\/span><\/h2>\n<p style=\"text-align: center;\"><a href=\"https:\/\/api.whatsapp.com\/send?phone=554896616751\" class=\"atbtn atbtn--default atbtn--large\">Reserve aqui<\/a><\/p>","protected":false},"excerpt":{"rendered":"<p>Fa\u00e7a sua reserva via whats app agora! Caminhada Cachoeira do Rio Vermelho Caminhada Cachoeira do Rio Vermelho:\u00a0\u00e9 uma caminhada por trilhas naturais, que permite ao praticante o contato \u00edntimo com as belas paisagens protagonizadas pela natureza.\u00a0 A atividade proporciona momentos de valoriza\u00e7\u00e3o dos elementos essenciais da vida, podendo ser praticado por qualquer pessoa que queira<\/p>\n<div class=\"padding-top text-center\"><a href=\"https:\/\/tartarugas.net\/en\/tours\/caminhada-cachoeira-do-rio-vermelho\/\" class=\"atbtn atbtn--medium atbtn--rounded atbtn--transparent\">Ler mais<i class=\"atbtn__icon atbtn__icon--right fa fa-long-arrow-right\"><\/i><\/a><\/div>","protected":false},"featured_media":6118,"comment_status":"open","ping_status":"closed","template":"","meta":{"content-type":"","_joinchat":[]},"product_brand":[],"product_cat":[230,311,335,336],"product_tag":[],"class_list":{"0":"post-5171","1":"product","2":"type-product","3":"status-publish","4":"has-post-thumbnail","6":"product_cat-sem-categoria","7":"product_cat-caldas-da-imperatriz","8":"product_cat-verao","9":"product_cat-refresque-se","10":"tour_category-trekking","12":"first","13":"instock","14":"featured","15":"shipping-taxable","16":"purchasable","17":"product-type-tour"},"yoast_head":"<!-- This site is optimized with the Yoast SEO plugin v26.9 - https:\/\/yoast.com\/product\/yoast-seo-wordpress\/ -->\n<title>Caminhada - Cachoeira do Rio Vermelho - TartarugasTurismo de Aventura<\/title>\n<meta name=\"description\" content=\"\u00c9 uma caminhada por trilhas naturais, que permite ao praticante o contato \u00edntimo com as belas paisagens protagonizadas pela natureza.\" \/>\n<meta name=\"robots\" content=\"index, follow, max-snippet:-1, max-image-preview:large, max-video-preview:-1\" \/>\n<link rel=\"canonical\" href=\"https:\/\/tartarugas.net\/en\/tours\/caminhada-cachoeira-do-rio-vermelho\/\" \/>\n<meta property=\"og:locale\" content=\"en_US\" \/>\n<meta property=\"og:type\" content=\"article\" \/>\n<meta property=\"og:title\" content=\"Caminhada - Cachoeira do Rio Vermelho - TartarugasTurismo de Aventura\" \/>\n<meta property=\"og:description\" content=\"\u00c9 uma caminhada por trilhas naturais, que permite ao praticante o contato \u00edntimo com as belas paisagens protagonizadas pela natureza.\" \/>\n<meta property=\"og:url\" content=\"https:\/\/tartarugas.net\/en\/tours\/caminhada-cachoeira-do-rio-vermelho\/\" \/>\n<meta property=\"og:site_name\" content=\"Tartarugas Espirito de Aventura\" \/>\n<meta property=\"article:publisher\" content=\"https:\/\/www.facebook.com\/tartarugasaventura\/\" \/>\n<meta property=\"article:modified_time\" content=\"2025-10-15T12:03:02+00:00\" \/>\n<meta property=\"og:image\" content=\"https:\/\/tartarugas.net\/wp-content\/uploads\/2018\/01\/96411666.jpg\" \/>\n\t<meta property=\"og:image:width\" content=\"700\" \/>\n\t<meta property=\"og:image:height\" content=\"440\" \/>\n\t<meta property=\"og:image:type\" content=\"image\/jpeg\" \/>\n<meta name=\"twitter:card\" content=\"summary_large_image\" \/>\n<meta name=\"twitter:site\" content=\"@_tartarugas\" \/>\n<meta name=\"twitter:label1\" content=\"Est. reading time\" \/>\n\t<meta name=\"twitter:data1\" content=\"3 minutes\" \/>\n<script type=\"application\/ld+json\" class=\"yoast-schema-graph\">{\"@context\":\"https:\/\/schema.org\",\"@graph\":[{\"@type\":\"WebPage\",\"@id\":\"https:\/\/tartarugas.net\/tours\/caminhada-cachoeira-do-rio-vermelho\/\",\"url\":\"https:\/\/tartarugas.net\/tours\/caminhada-cachoeira-do-rio-vermelho\/\",\"name\":\"Caminhada - Cachoeira do Rio Vermelho - TartarugasTurismo de Aventura\",\"isPartOf\":{\"@id\":\"https:\/\/tartarugas.net\/#website\"},\"primaryImageOfPage\":{\"@id\":\"https:\/\/tartarugas.net\/tours\/caminhada-cachoeira-do-rio-vermelho\/#primaryimage\"},\"image\":{\"@id\":\"https:\/\/tartarugas.net\/tours\/caminhada-cachoeira-do-rio-vermelho\/#primaryimage\"},\"thumbnailUrl\":\"https:\/\/tartarugas.net\/wp-content\/uploads\/2018\/01\/96411666.jpg\",\"datePublished\":\"2018-01-17T16:55:04+00:00\",\"dateModified\":\"2025-10-15T12:03:02+00:00\",\"description\":\"\u00c9 uma caminhada por trilhas naturais, que permite ao praticante o contato \u00edntimo com as belas paisagens protagonizadas pela natureza.\",\"breadcrumb\":{\"@id\":\"https:\/\/tartarugas.net\/tours\/caminhada-cachoeira-do-rio-vermelho\/#breadcrumb\"},\"inLanguage\":\"en-US\",\"potentialAction\":[{\"@type\":\"ReadAction\",\"target\":[\"https:\/\/tartarugas.net\/tours\/caminhada-cachoeira-do-rio-vermelho\/\"]}]},{\"@type\":\"ImageObject\",\"inLanguage\":\"en-US\",\"@id\":\"https:\/\/tartarugas.net\/tours\/caminhada-cachoeira-do-rio-vermelho\/#primaryimage\",\"url\":\"https:\/\/tartarugas.net\/wp-content\/uploads\/2018\/01\/96411666.jpg\",\"contentUrl\":\"https:\/\/tartarugas.net\/wp-content\/uploads\/2018\/01\/96411666.jpg\",\"width\":\"700\",\"height\":\"440\"},{\"@type\":\"BreadcrumbList\",\"@id\":\"https:\/\/tartarugas.net\/tours\/caminhada-cachoeira-do-rio-vermelho\/#breadcrumb\",\"itemListElement\":[{\"@type\":\"ListItem\",\"position\":1,\"name\":\"In\u00edcio\",\"item\":\"https:\/\/tartarugas.net\/\"},{\"@type\":\"ListItem\",\"position\":2,\"name\":\"Atividades\",\"item\":\"https:\/\/tartarugas.net\/atividades\/\"},{\"@type\":\"ListItem\",\"position\":3,\"name\":\"Caminhada Cachoeira do Rio Vermelho\"}]},{\"@type\":\"WebSite\",\"@id\":\"https:\/\/tartarugas.net\/#website\",\"url\":\"https:\/\/tartarugas.net\/\",\"name\":\"Tartarugas Espirito de Aventura\",\"description\":\"Empresa especializada em Atvidades Outdoor \",\"publisher\":{\"@id\":\"https:\/\/tartarugas.net\/#organization\"},\"potentialAction\":[{\"@type\":\"SearchAction\",\"target\":{\"@type\":\"EntryPoint\",\"urlTemplate\":\"https:\/\/tartarugas.net\/?s={search_term_string}\"},\"query-input\":{\"@type\":\"PropertyValueSpecification\",\"valueRequired\":true,\"valueName\":\"search_term_string\"}}],\"inLanguage\":\"en-US\"},{\"@type\":\"Organization\",\"@id\":\"https:\/\/tartarugas.net\/#organization\",\"name\":\"Tartarugas Espirito de Aventura\",\"url\":\"https:\/\/tartarugas.net\/\",\"logo\":{\"@type\":\"ImageObject\",\"inLanguage\":\"en-US\",\"@id\":\"https:\/\/tartarugas.net\/#\/schema\/logo\/image\/\",\"url\":\"https:\/\/tartarugas.net\/wp-content\/uploads\/2016\/08\/logo-retina.png\",\"contentUrl\":\"https:\/\/tartarugas.net\/wp-content\/uploads\/2016\/08\/logo-retina.png\",\"width\":360,\"height\":254,\"caption\":\"Tartarugas Espirito de Aventura\"},\"image\":{\"@id\":\"https:\/\/tartarugas.net\/#\/schema\/logo\/image\/\"},\"sameAs\":[\"https:\/\/www.facebook.com\/tartarugasaventura\/\",\"https:\/\/x.com\/_tartarugas\",\"http:\/\/www.instagram.com\/tartarugas.turismo\"]}]}<\/script>\n<!-- \/ Yoast SEO plugin. -->","yoast_head_json":{"title":"Caminhada - Cachoeira do Rio Vermelho - TartarugasTurismo de Aventura","description":"\u00c9 uma caminhada por trilhas naturais, que permite ao praticante o contato \u00edntimo com as belas paisagens protagonizadas pela natureza.","robots":{"index":"index","follow":"follow","max-snippet":"max-snippet:-1","max-image-preview":"max-image-preview:large","max-video-preview":"max-video-preview:-1"},"canonical":"https:\/\/tartarugas.net\/en\/tours\/caminhada-cachoeira-do-rio-vermelho\/","og_locale":"en_US","og_type":"article","og_title":"Caminhada - Cachoeira do Rio Vermelho - TartarugasTurismo de Aventura","og_description":"\u00c9 uma caminhada por trilhas naturais, que permite ao praticante o contato \u00edntimo com as belas paisagens protagonizadas pela natureza.","og_url":"https:\/\/tartarugas.net\/en\/tours\/caminhada-cachoeira-do-rio-vermelho\/","og_site_name":"Tartarugas Espirito de Aventura","article_publisher":"https:\/\/www.facebook.com\/tartarugasaventura\/","article_modified_time":"2025-10-15T12:03:02+00:00","og_image":[{"width":700,"height":440,"url":"https:\/\/tartarugas.net\/wp-content\/uploads\/2018\/01\/96411666.jpg","type":"image\/jpeg"}],"twitter_card":"summary_large_image","twitter_site":"@_tartarugas","twitter_misc":{"Est. reading time":"3 minutes"},"schema":{"@context":"https:\/\/schema.org","@graph":[{"@type":"WebPage","@id":"https:\/\/tartarugas.net\/tours\/caminhada-cachoeira-do-rio-vermelho\/","url":"https:\/\/tartarugas.net\/tours\/caminhada-cachoeira-do-rio-vermelho\/","name":"Caminhada - Cachoeira do Rio Vermelho - TartarugasTurismo de Aventura","isPartOf":{"@id":"https:\/\/tartarugas.net\/#website"},"primaryImageOfPage":{"@id":"https:\/\/tartarugas.net\/tours\/caminhada-cachoeira-do-rio-vermelho\/#primaryimage"},"image":{"@id":"https:\/\/tartarugas.net\/tours\/caminhada-cachoeira-do-rio-vermelho\/#primaryimage"},"thumbnailUrl":"https:\/\/tartarugas.net\/wp-content\/uploads\/2018\/01\/96411666.jpg","datePublished":"2018-01-17T16:55:04+00:00","dateModified":"2025-10-15T12:03:02+00:00","description":"\u00c9 uma caminhada por trilhas naturais, que permite ao praticante o contato \u00edntimo com as belas paisagens protagonizadas pela natureza.","breadcrumb":{"@id":"https:\/\/tartarugas.net\/tours\/caminhada-cachoeira-do-rio-vermelho\/#breadcrumb"},"inLanguage":"en-US","potentialAction":[{"@type":"ReadAction","target":["https:\/\/tartarugas.net\/tours\/caminhada-cachoeira-do-rio-vermelho\/"]}]},{"@type":"ImageObject","inLanguage":"en-US","@id":"https:\/\/tartarugas.net\/tours\/caminhada-cachoeira-do-rio-vermelho\/#primaryimage","url":"https:\/\/tartarugas.net\/wp-content\/uploads\/2018\/01\/96411666.jpg","contentUrl":"https:\/\/tartarugas.net\/wp-content\/uploads\/2018\/01\/96411666.jpg","width":"700","height":"440"},{"@type":"BreadcrumbList","@id":"https:\/\/tartarugas.net\/tours\/caminhada-cachoeira-do-rio-vermelho\/#breadcrumb","itemListElement":[{"@type":"ListItem","position":1,"name":"In\u00edcio","item":"https:\/\/tartarugas.net\/"},{"@type":"ListItem","position":2,"name":"Atividades","item":"https:\/\/tartarugas.net\/atividades\/"},{"@type":"ListItem","position":3,"name":"Caminhada Cachoeira do Rio Vermelho"}]},{"@type":"WebSite","@id":"https:\/\/tartarugas.net\/#website","url":"https:\/\/tartarugas.net\/","name":"Tartarugas Espirito de Aventura","description":"Empresa especializada em Atvidades Outdoor ","publisher":{"@id":"https:\/\/tartarugas.net\/#organization"},"potentialAction":[{"@type":"SearchAction","target":{"@type":"EntryPoint","urlTemplate":"https:\/\/tartarugas.net\/?s={search_term_string}"},"query-input":{"@type":"PropertyValueSpecification","valueRequired":true,"valueName":"search_term_string"}}],"inLanguage":"en-US"},{"@type":"Organization","@id":"https:\/\/tartarugas.net\/#organization","name":"Tartarugas Espirito de Aventura","url":"https:\/\/tartarugas.net\/","logo":{"@type":"ImageObject","inLanguage":"en-US","@id":"https:\/\/tartarugas.net\/#\/schema\/logo\/image\/","url":"https:\/\/tartarugas.net\/wp-content\/uploads\/2016\/08\/logo-retina.png","contentUrl":"https:\/\/tartarugas.net\/wp-content\/uploads\/2016\/08\/logo-retina.png","width":360,"height":254,"caption":"Tartarugas Espirito de Aventura"},"image":{"@id":"https:\/\/tartarugas.net\/#\/schema\/logo\/image\/"},"sameAs":["https:\/\/www.facebook.com\/tartarugasaventura\/","https:\/\/x.com\/_tartarugas","http:\/\/www.instagram.com\/tartarugas.turismo"]}]}},"_links":{"self":[{"href":"https:\/\/tartarugas.net\/en\/wp-json\/wp\/v2\/product\/5171","targetHints":{"allow":["GET"]}}],"collection":[{"href":"https:\/\/tartarugas.net\/en\/wp-json\/wp\/v2\/product"}],"about":[{"href":"https:\/\/tartarugas.net\/en\/wp-json\/wp\/v2\/types\/product"}],"replies":[{"embeddable":true,"href":"https:\/\/tartarugas.net\/en\/wp-json\/wp\/v2\/comments?post=5171"}],"wp:featuredmedia":[{"embeddable":true,"href":"https:\/\/tartarugas.net\/en\/wp-json\/wp\/v2\/media\/6118"}],"wp:attachment":[{"href":"https:\/\/tartarugas.net\/en\/wp-json\/wp\/v2\/media?parent=5171"}],"wp:term":[{"taxonomy":"product_brand","embeddable":true,"href":"https:\/\/tartarugas.net\/en\/wp-json\/wp\/v2\/product_brand?post=5171"},{"taxonomy":"product_cat","embeddable":true,"href":"https:\/\/tartarugas.net\/en\/wp-json\/wp\/v2\/product_cat?post=5171"},{"taxonomy":"product_tag","embeddable":true,"href":"https:\/\/tartarugas.net\/en\/wp-json\/wp\/v2\/product_tag?post=5171"}],"curies":[{"name":"wp","href":"https:\/\/api.w.org\/{rel}","templated":true}]}}