{"id":5361,"date":"2018-02-15T10:26:13","date_gmt":"2018-02-15T12:26:13","guid":{"rendered":"https:\/\/tartarugas.net\/?post_type=product&#038;p=5361"},"modified":"2026-03-08T10:15:44","modified_gmt":"2026-03-08T13:15:44","slug":"rafting-expedicao-black-canion","status":"publish","type":"product","link":"https:\/\/tartarugas.net\/en\/tours\/rafting-expedicao-black-canion\/","title":{"rendered":"Rafting Expedi\u00e7\u00e3o C\u00e2nion Preto"},"content":{"rendered":"<div id=\"TA_socialButtonBubbles767\" class=\"TA_socialButtonBubbles\">\n<ul id=\"0cYsAZ2o2y\" class=\"TA_links 4Zes6o1MZLXt\">\n<li id=\"5XoXgzdMcy6J\" class=\"RKYEQ8\"><a href=\"https:\/\/www.tripadvisor.com\/Attraction_Review-g488173-d7688865-Reviews-Tartarugas-Santo_Amaro_da_Imperatriz_State_of_Santa_Catarina.html\" target=\"_blank\" rel=\"noopener\"><img decoding=\"async\" src=\"https:\/\/www.tripadvisor.com\/img\/cdsi\/img2\/branding\/socialWidget\/20x28_green-21693-2.png\" \/><\/a><\/li>\n<\/ul>\n<\/div>\n<p><script src=\"https:\/\/www.jscache.com\/wejs?wtype=socialButtonBubbles&amp;uniq=767&amp;locationId=7688865&amp;color=green&amp;size=rect&amp;lang=en_US&amp;display_version=2\"><\/script><\/p>\n<h2 style=\"text-align: center;\"><span style=\"color: #9e9602;\"><strong>Fa\u00e7a sua reserva via whats app agora!<\/strong><\/span><\/h2>\n<p style=\"text-align: center;\"><a href=\"https:\/\/api.whatsapp.com\/send?phone=554896616751\" class=\"atbtn atbtn--default atbtn--large\">Reserve aqui<\/a><\/p>\n<h2>Rafting em Florian\u00f3polis<\/h2>\n<p><strong>Rafting\u00a0\u00a0<\/strong>\u00e9 a pr\u00e1tica de descida em equipe por corredeiras, utilizando botes infl\u00e1veis e equipamentos de seguran\u00e7a.<br \/>\nO Rafting\u00a0n\u00e3o requer experi\u00eancia pr\u00e9via, podendo ser praticado por qualquer pessoa. Existem v\u00e1rios graus de dificuldades, fazendo com que o praticante escolha aquele que melhor se sentir preparado para enfrentar.<br \/>\n\u00c9 \u00f3timo para a integra\u00e7\u00e3o de grupos e lazer entre amigos, fam\u00edlias e colegas de trabalho.<\/p>\n<div class=\"\" data-block=\"true\" data-editor=\"4l2m8\" data-offset-key=\"8q7rf-0-0\">\n<h2 class=\"_1mf _1mj\" data-offset-key=\"8q7rf-0-0\"><span data-offset-key=\"8q7rf-0-0\">Rafting Expedi\u00e7\u00e3o C\u00e2nion Preto<\/span><\/h2>\n<p class=\"_1mf _1mj\" data-offset-key=\"8q7rf-0-0\"><span data-offset-key=\"8q7rf-0-0\">O Rafting Expedi\u00e7\u00e3o C\u00e2nion Preto \u00e9 uma atividade mais longa e com corredeiras mais desafiadoras entre classe III e IV, indicada aqueles que procuram uma aventura mais radical e com muita adrenalina.<\/span><\/p>\n<\/div>\n<div class=\"\" data-block=\"true\" data-editor=\"4l2m8\" data-offset-key=\"5uvoc-0-0\">\n<div class=\"_1mf _1mj\" data-offset-key=\"5uvoc-0-0\"><span data-offset-key=\"5uvoc-0-0\">S\u00e3o 12 km de rafting com muitas quedas e visuais incr\u00edveis dentro do Parque Estadual da Serra do Tabuleiro. A atividade acontece no Rio Cubat\u00e3o do Sul em Santo Amaro da Imperatriz, com dura\u00e7\u00e3o de 4:00 horas.<\/span><\/div>\n<\/div>\n<div class=\"\" data-block=\"true\" data-editor=\"4l2m8\" data-offset-key=\"1kuq9-0-0\">\n<div class=\"_1mf _1mj\" data-offset-key=\"1kuq9-0-0\"><span data-offset-key=\"1kuq9-0-0\">\u00a0<\/span><\/div>\n<div data-offset-key=\"1kuq9-0-0\"><strong>Rafting:<\/strong><\/div>\n<\/div>\n<div data-offset-key=\"1kuq9-0-0\">\n<ul>\n<li>Percurso com 12 km de extens\u00e3o;<\/li>\n<li>90 metros de desn\u00edvel;<\/li>\n<li>Corredeiras de classe III \u00e0 classe IV;<\/li>\n<li>Equipamento de seguran\u00e7a (colete salva-vidas, capacete e remo);<\/li>\n<li>Dura\u00e7\u00e3o aproximada da atividade: 04:00 horas;<\/li>\n<\/ul>\n<\/div>\n<div class=\"\" data-block=\"true\" data-editor=\"4l2m8\" data-offset-key=\"2es6q-0-0\">\n<div class=\"_1mf _1mj\" data-offset-key=\"2es6q-0-0\"><strong>Inclui:<\/strong><\/div>\n<\/div>\n<ul>\n<li>Equipamento de Seguran\u00e7a;<\/li>\n<li>Condutores Especializados;<\/li>\n<li>Seguro Atividade;<\/li>\n<li>Colete salva-vidas;<\/li>\n<\/ul>\n<p><strong>O que levar:<\/strong><\/p>\n<ul>\n<li>CPF;<\/li>\n<li>Cal\u00e7ado fechado;<\/li>\n<li>Prendedor de cabelo;<\/li>\n<li>Protetor solar;<\/li>\n<li>Repelente;<\/li>\n<li>Toalha;<\/li>\n<li>Cal\u00e7ado extra e roupa extra (para depois da atividade);<\/li>\n<\/ul>\n<p><strong>R<\/strong><strong>estri\u00e7\u00f5es da atividade de Rafting em Florian\u00f3polis:<\/strong><\/p>\n<ul>\n<li>Crian\u00e7as com menos de 10 anos;<\/li>\n<li>Pessoas com peso acima de 130kg;<\/li>\n<li>Sand\u00e1lias ou Cal\u00e7ados abertos;<\/li>\n<li>Mulheres gestantes;<\/li>\n<li>Pessoas que apresentam problemas cardiorrespirat\u00f3rios, musculares e \u00f3sseos<\/li>\n<\/ul>\n<h3 class=\"orange\">Contato para agendamentos<\/h3>\n<h2 style=\"text-align: center;\"><span style=\"color: #9e9602;\"><strong>Fa\u00e7a sua reserva via whats app agora!<\/strong><\/span><\/h2>\n<p style=\"text-align: center;\"><a href=\"https:\/\/api.whatsapp.com\/send?phone=554896616751\" class=\"atbtn atbtn--default atbtn--large\">Reserve aqui<\/a><\/p>\n<p><a class=\"orange\" href=\"http:\/\/maps.google.com.br\/maps?q=Rod.+Princesa+Leopoldina,+3355+|+Bairro+Caldas+da+Imperatriz+CEP:+88140-000+|+Santo+Amaro+da+Imperatriz+%E2%80%93+SC&amp;hl=pt-BR&amp;ie=UTF8&amp;ll=-27.719397,-48.815174&amp;spn=0.084338,0.153809&amp;sll=-27.730717,-48.811226&amp;sspn=0.043988,0.076904&amp;vpsrc=6&amp;hq=Rod.+Princesa+Leopoldina,+3355+|+Bairro+Caldas+da+Imperatriz+CEP:+88140-000+|+Santo+Amaro+da+Imperatriz+%E2%80%93+SC&amp;radius=15000&amp;t=m&amp;z=13&amp;iwloc=H\" target=\"_blank\" rel=\"noopener noreferrer\">Ver mapa de localiza\u00e7\u00e3o<\/a><\/p>\n<p>&nbsp;<\/p>","protected":false},"excerpt":{"rendered":"<p>Fa\u00e7a sua reserva via whats app agora! Rafting em Florian\u00f3polis Rafting\u00a0\u00a0\u00e9 a pr\u00e1tica de descida em equipe por corredeiras, utilizando botes infl\u00e1veis e equipamentos de seguran\u00e7a. O Rafting\u00a0n\u00e3o requer experi\u00eancia pr\u00e9via, podendo ser praticado por qualquer pessoa. Existem v\u00e1rios graus de dificuldades, fazendo com que o praticante escolha aquele que melhor se sentir preparado para<\/p>\n<div class=\"padding-top text-center\"><a href=\"https:\/\/tartarugas.net\/en\/tours\/rafting-expedicao-black-canion\/\" class=\"atbtn atbtn--medium atbtn--rounded atbtn--transparent\">Ler mais<i class=\"atbtn__icon atbtn__icon--right fa fa-long-arrow-right\"><\/i><\/a><\/div>","protected":false},"featured_media":5364,"comment_status":"open","ping_status":"closed","template":"","meta":{"content-type":"","_joinchat":[]},"product_brand":[],"product_cat":[230,311],"product_tag":[],"class_list":{"0":"post-5361","1":"product","2":"type-product","3":"status-publish","4":"has-post-thumbnail","6":"product_cat-sem-categoria","7":"product_cat-caldas-da-imperatriz","8":"tour_category-rafting","10":"first","11":"instock","12":"virtual","13":"purchasable","14":"product-type-tour"},"yoast_head":"<!-- This site is optimized with the Yoast SEO plugin v26.9 - https:\/\/yoast.com\/product\/yoast-seo-wordpress\/ -->\n<title>Rafting Expedi\u00e7\u00e3o - Aventura - Tartarugas Turismo de Aventura<\/title>\n<meta name=\"description\" content=\"Rafitng, descidas por corredeiras, 12 Km de extens\u00e3o, botes infl\u00e1veis, explora\u00e7\u00e3o do Rio Cubat\u00e3o, aventura na \u00e1gua, para toda a fam\u00edlia.\" \/>\n<meta name=\"robots\" content=\"index, follow, max-snippet:-1, max-image-preview:large, max-video-preview:-1\" \/>\n<link rel=\"canonical\" href=\"https:\/\/tartarugas.net\/en\/tours\/rafting-expedicao-black-canion\/\" \/>\n<meta property=\"og:locale\" content=\"en_US\" \/>\n<meta property=\"og:type\" content=\"article\" \/>\n<meta property=\"og:title\" content=\"Rafting Expedi\u00e7\u00e3o - Aventura - Tartarugas Turismo de Aventura\" \/>\n<meta property=\"og:description\" content=\"Rafitng, descidas por corredeiras, 12 Km de extens\u00e3o, botes infl\u00e1veis, explora\u00e7\u00e3o do Rio Cubat\u00e3o, aventura na \u00e1gua, para toda a fam\u00edlia.\" \/>\n<meta property=\"og:url\" content=\"https:\/\/tartarugas.net\/en\/tours\/rafting-expedicao-black-canion\/\" \/>\n<meta property=\"og:site_name\" content=\"Tartarugas Espirito de Aventura\" \/>\n<meta property=\"article:publisher\" content=\"https:\/\/www.facebook.com\/tartarugasaventura\/\" \/>\n<meta property=\"article:modified_time\" content=\"2026-03-08T13:15:44+00:00\" \/>\n<meta property=\"og:image\" content=\"https:\/\/tartarugas.net\/wp-content\/uploads\/2018\/02\/DSC_0455.jpg\" \/>\n\t<meta property=\"og:image:width\" content=\"2048\" \/>\n\t<meta property=\"og:image:height\" content=\"1362\" \/>\n\t<meta property=\"og:image:type\" content=\"image\/jpeg\" \/>\n<meta name=\"twitter:card\" content=\"summary_large_image\" \/>\n<meta name=\"twitter:site\" content=\"@_tartarugas\" \/>\n<meta name=\"twitter:label1\" content=\"Est. reading time\" \/>\n\t<meta name=\"twitter:data1\" content=\"2 minutes\" \/>\n<script type=\"application\/ld+json\" class=\"yoast-schema-graph\">{\"@context\":\"https:\/\/schema.org\",\"@graph\":[{\"@type\":\"WebPage\",\"@id\":\"https:\/\/tartarugas.net\/tours\/rafting-expedicao-black-canion\/\",\"url\":\"https:\/\/tartarugas.net\/tours\/rafting-expedicao-black-canion\/\",\"name\":\"Rafting Expedi\u00e7\u00e3o - Aventura - Tartarugas Turismo de Aventura\",\"isPartOf\":{\"@id\":\"https:\/\/tartarugas.net\/#website\"},\"primaryImageOfPage\":{\"@id\":\"https:\/\/tartarugas.net\/tours\/rafting-expedicao-black-canion\/#primaryimage\"},\"image\":{\"@id\":\"https:\/\/tartarugas.net\/tours\/rafting-expedicao-black-canion\/#primaryimage\"},\"thumbnailUrl\":\"https:\/\/tartarugas.net\/wp-content\/uploads\/2018\/02\/DSC_0455.jpg\",\"datePublished\":\"2018-02-15T12:26:13+00:00\",\"dateModified\":\"2026-03-08T13:15:44+00:00\",\"description\":\"Rafitng, descidas por corredeiras, 12 Km de extens\u00e3o, botes infl\u00e1veis, explora\u00e7\u00e3o do Rio Cubat\u00e3o, aventura na \u00e1gua, para toda a fam\u00edlia.\",\"breadcrumb\":{\"@id\":\"https:\/\/tartarugas.net\/tours\/rafting-expedicao-black-canion\/#breadcrumb\"},\"inLanguage\":\"en-US\",\"potentialAction\":[{\"@type\":\"ReadAction\",\"target\":[\"https:\/\/tartarugas.net\/tours\/rafting-expedicao-black-canion\/\"]}]},{\"@type\":\"ImageObject\",\"inLanguage\":\"en-US\",\"@id\":\"https:\/\/tartarugas.net\/tours\/rafting-expedicao-black-canion\/#primaryimage\",\"url\":\"https:\/\/tartarugas.net\/wp-content\/uploads\/2018\/02\/DSC_0455.jpg\",\"contentUrl\":\"https:\/\/tartarugas.net\/wp-content\/uploads\/2018\/02\/DSC_0455.jpg\",\"width\":2048,\"height\":1362},{\"@type\":\"BreadcrumbList\",\"@id\":\"https:\/\/tartarugas.net\/tours\/rafting-expedicao-black-canion\/#breadcrumb\",\"itemListElement\":[{\"@type\":\"ListItem\",\"position\":1,\"name\":\"In\u00edcio\",\"item\":\"https:\/\/tartarugas.net\/\"},{\"@type\":\"ListItem\",\"position\":2,\"name\":\"Atividades\",\"item\":\"https:\/\/tartarugas.net\/atividades\/\"},{\"@type\":\"ListItem\",\"position\":3,\"name\":\"Rafting Expedi\u00e7\u00e3o C\u00e2nion Preto\"}]},{\"@type\":\"WebSite\",\"@id\":\"https:\/\/tartarugas.net\/#website\",\"url\":\"https:\/\/tartarugas.net\/\",\"name\":\"Tartarugas Espirito de Aventura\",\"description\":\"Empresa especializada em Atvidades Outdoor \",\"publisher\":{\"@id\":\"https:\/\/tartarugas.net\/#organization\"},\"potentialAction\":[{\"@type\":\"SearchAction\",\"target\":{\"@type\":\"EntryPoint\",\"urlTemplate\":\"https:\/\/tartarugas.net\/?s={search_term_string}\"},\"query-input\":{\"@type\":\"PropertyValueSpecification\",\"valueRequired\":true,\"valueName\":\"search_term_string\"}}],\"inLanguage\":\"en-US\"},{\"@type\":\"Organization\",\"@id\":\"https:\/\/tartarugas.net\/#organization\",\"name\":\"Tartarugas Espirito de Aventura\",\"url\":\"https:\/\/tartarugas.net\/\",\"logo\":{\"@type\":\"ImageObject\",\"inLanguage\":\"en-US\",\"@id\":\"https:\/\/tartarugas.net\/#\/schema\/logo\/image\/\",\"url\":\"https:\/\/tartarugas.net\/wp-content\/uploads\/2016\/08\/logo-retina.png\",\"contentUrl\":\"https:\/\/tartarugas.net\/wp-content\/uploads\/2016\/08\/logo-retina.png\",\"width\":360,\"height\":254,\"caption\":\"Tartarugas Espirito de Aventura\"},\"image\":{\"@id\":\"https:\/\/tartarugas.net\/#\/schema\/logo\/image\/\"},\"sameAs\":[\"https:\/\/www.facebook.com\/tartarugasaventura\/\",\"https:\/\/x.com\/_tartarugas\",\"http:\/\/www.instagram.com\/tartarugas.turismo\"]}]}<\/script>\n<!-- \/ Yoast SEO plugin. -->","yoast_head_json":{"title":"Rafting Expedi\u00e7\u00e3o - Aventura - Tartarugas Turismo de Aventura","description":"Rafitng, descidas por corredeiras, 12 Km de extens\u00e3o, botes infl\u00e1veis, explora\u00e7\u00e3o do Rio Cubat\u00e3o, aventura na \u00e1gua, para toda a fam\u00edlia.","robots":{"index":"index","follow":"follow","max-snippet":"max-snippet:-1","max-image-preview":"max-image-preview:large","max-video-preview":"max-video-preview:-1"},"canonical":"https:\/\/tartarugas.net\/en\/tours\/rafting-expedicao-black-canion\/","og_locale":"en_US","og_type":"article","og_title":"Rafting Expedi\u00e7\u00e3o - Aventura - Tartarugas Turismo de Aventura","og_description":"Rafitng, descidas por corredeiras, 12 Km de extens\u00e3o, botes infl\u00e1veis, explora\u00e7\u00e3o do Rio Cubat\u00e3o, aventura na \u00e1gua, para toda a fam\u00edlia.","og_url":"https:\/\/tartarugas.net\/en\/tours\/rafting-expedicao-black-canion\/","og_site_name":"Tartarugas Espirito de Aventura","article_publisher":"https:\/\/www.facebook.com\/tartarugasaventura\/","article_modified_time":"2026-03-08T13:15:44+00:00","og_image":[{"width":2048,"height":1362,"url":"https:\/\/tartarugas.net\/wp-content\/uploads\/2018\/02\/DSC_0455.jpg","type":"image\/jpeg"}],"twitter_card":"summary_large_image","twitter_site":"@_tartarugas","twitter_misc":{"Est. reading time":"2 minutes"},"schema":{"@context":"https:\/\/schema.org","@graph":[{"@type":"WebPage","@id":"https:\/\/tartarugas.net\/tours\/rafting-expedicao-black-canion\/","url":"https:\/\/tartarugas.net\/tours\/rafting-expedicao-black-canion\/","name":"Rafting Expedi\u00e7\u00e3o - Aventura - Tartarugas Turismo de Aventura","isPartOf":{"@id":"https:\/\/tartarugas.net\/#website"},"primaryImageOfPage":{"@id":"https:\/\/tartarugas.net\/tours\/rafting-expedicao-black-canion\/#primaryimage"},"image":{"@id":"https:\/\/tartarugas.net\/tours\/rafting-expedicao-black-canion\/#primaryimage"},"thumbnailUrl":"https:\/\/tartarugas.net\/wp-content\/uploads\/2018\/02\/DSC_0455.jpg","datePublished":"2018-02-15T12:26:13+00:00","dateModified":"2026-03-08T13:15:44+00:00","description":"Rafitng, descidas por corredeiras, 12 Km de extens\u00e3o, botes infl\u00e1veis, explora\u00e7\u00e3o do Rio Cubat\u00e3o, aventura na \u00e1gua, para toda a fam\u00edlia.","breadcrumb":{"@id":"https:\/\/tartarugas.net\/tours\/rafting-expedicao-black-canion\/#breadcrumb"},"inLanguage":"en-US","potentialAction":[{"@type":"ReadAction","target":["https:\/\/tartarugas.net\/tours\/rafting-expedicao-black-canion\/"]}]},{"@type":"ImageObject","inLanguage":"en-US","@id":"https:\/\/tartarugas.net\/tours\/rafting-expedicao-black-canion\/#primaryimage","url":"https:\/\/tartarugas.net\/wp-content\/uploads\/2018\/02\/DSC_0455.jpg","contentUrl":"https:\/\/tartarugas.net\/wp-content\/uploads\/2018\/02\/DSC_0455.jpg","width":2048,"height":1362},{"@type":"BreadcrumbList","@id":"https:\/\/tartarugas.net\/tours\/rafting-expedicao-black-canion\/#breadcrumb","itemListElement":[{"@type":"ListItem","position":1,"name":"In\u00edcio","item":"https:\/\/tartarugas.net\/"},{"@type":"ListItem","position":2,"name":"Atividades","item":"https:\/\/tartarugas.net\/atividades\/"},{"@type":"ListItem","position":3,"name":"Rafting Expedi\u00e7\u00e3o C\u00e2nion Preto"}]},{"@type":"WebSite","@id":"https:\/\/tartarugas.net\/#website","url":"https:\/\/tartarugas.net\/","name":"Tartarugas Espirito de Aventura","description":"Empresa especializada em Atvidades Outdoor ","publisher":{"@id":"https:\/\/tartarugas.net\/#organization"},"potentialAction":[{"@type":"SearchAction","target":{"@type":"EntryPoint","urlTemplate":"https:\/\/tartarugas.net\/?s={search_term_string}"},"query-input":{"@type":"PropertyValueSpecification","valueRequired":true,"valueName":"search_term_string"}}],"inLanguage":"en-US"},{"@type":"Organization","@id":"https:\/\/tartarugas.net\/#organization","name":"Tartarugas Espirito de Aventura","url":"https:\/\/tartarugas.net\/","logo":{"@type":"ImageObject","inLanguage":"en-US","@id":"https:\/\/tartarugas.net\/#\/schema\/logo\/image\/","url":"https:\/\/tartarugas.net\/wp-content\/uploads\/2016\/08\/logo-retina.png","contentUrl":"https:\/\/tartarugas.net\/wp-content\/uploads\/2016\/08\/logo-retina.png","width":360,"height":254,"caption":"Tartarugas Espirito de Aventura"},"image":{"@id":"https:\/\/tartarugas.net\/#\/schema\/logo\/image\/"},"sameAs":["https:\/\/www.facebook.com\/tartarugasaventura\/","https:\/\/x.com\/_tartarugas","http:\/\/www.instagram.com\/tartarugas.turismo"]}]}},"_links":{"self":[{"href":"https:\/\/tartarugas.net\/en\/wp-json\/wp\/v2\/product\/5361","targetHints":{"allow":["GET"]}}],"collection":[{"href":"https:\/\/tartarugas.net\/en\/wp-json\/wp\/v2\/product"}],"about":[{"href":"https:\/\/tartarugas.net\/en\/wp-json\/wp\/v2\/types\/product"}],"replies":[{"embeddable":true,"href":"https:\/\/tartarugas.net\/en\/wp-json\/wp\/v2\/comments?post=5361"}],"wp:featuredmedia":[{"embeddable":true,"href":"https:\/\/tartarugas.net\/en\/wp-json\/wp\/v2\/media\/5364"}],"wp:attachment":[{"href":"https:\/\/tartarugas.net\/en\/wp-json\/wp\/v2\/media?parent=5361"}],"wp:term":[{"taxonomy":"product_brand","embeddable":true,"href":"https:\/\/tartarugas.net\/en\/wp-json\/wp\/v2\/product_brand?post=5361"},{"taxonomy":"product_cat","embeddable":true,"href":"https:\/\/tartarugas.net\/en\/wp-json\/wp\/v2\/product_cat?post=5361"},{"taxonomy":"product_tag","embeddable":true,"href":"https:\/\/tartarugas.net\/en\/wp-json\/wp\/v2\/product_tag?post=5361"}],"curies":[{"name":"wp","href":"https:\/\/api.w.org\/{rel}","templated":true}]}}