{"id":6858,"date":"2020-02-17T08:00:19","date_gmt":"2020-02-17T11:00:19","guid":{"rendered":"https:\/\/tartarugas.net\/?post_type=product&#038;p=6858"},"modified":"2021-06-21T12:32:10","modified_gmt":"2021-06-21T15:32:10","slug":"trekking-pico-da-serra-do-tabuleiro-1-280m","status":"publish","type":"product","link":"https:\/\/tartarugas.net\/en\/tours\/trekking-pico-da-serra-do-tabuleiro-1-280m\/","title":{"rendered":"Trekking Pico da Serra do Tabuleiro 1.280m"},"content":{"rendered":"<p>O Trekking ao Pico da Serra do Tabuleiro trata-se de uma ascens\u00e3o em trilhas bem t\u00edpica das serras catarinenses, recheadas de mata com visuais lindos dos campos de altitude e ainda, do litoral centro-sul do estado de Santa Catarina, incluindo a incr\u00edvel vista da Ilha de Santa Catarina, ou seja, a capital catarinense Florian\u00f3polis!<\/p>\n<p>O Pico \u00e9 o ponto mais alto do\u00a0Parque Estadual da Serra do Tabuleiro com 1.237 metros acima do n\u00edvel do mar. O Parque foi criado em 1975 e \u00e9 a maior unidade de conserva\u00e7\u00e3o do estado de Santa Catarina, com quase 90 mil hectares, ocupando apenas 1% do territ\u00f3rio do estado e abrange oito munic\u00edpios: Florian\u00f3polis, Palho\u00e7a, Santo Amaro da Imperatriz, \u00c1guas Mornas, S\u00e3o Bonif\u00e1cio, S\u00e3o Martinho, Imaru\u00ed e Paulo Lopes. Sua biodiversidade \u00e9 grande, come\u00e7ando desde os campos de altitude do interior at\u00e9 as restingas e manguezais do litoral e suas ilhas.<\/p>\n<h3><strong>FICHA T\u00c9CNICA:<\/strong><\/h3>\n<p><strong>DURA\u00c7\u00c3O:\u00a0<\/strong>02 dias e 01 noite<\/p>\n<p><strong>VAGAS:\u00a0\u00a0<\/strong>4 a 10 participantes<\/p>\n<p><strong>ATIVIDADES<\/strong>: Trekking \/ Acampamento Selvagem<\/p>\n<p><strong>DIFICULDADE:\u00a0<\/strong>Moderado<\/p>\n<p><strong>DIST\u00c2NCIA TOTAL:\u00a0<\/strong>\u00a012Km (Ida e Volta) \u2013<strong>\u00a0ALTITUDE M\u00c1XIMA: 1.260m.a.n.m.<br \/>\n<\/strong><\/p>\n<p><strong>LIMITE DE IDADE:\u00a0<\/strong>A partir de 16 anos. (Acompanhado e\/ou com autoriza\u00e7\u00e3o dos pais ou respons\u00e1vel)<strong>\u00a0<\/strong><\/p>\n<p><strong>N\u00daMERO DE GUIAS:<\/strong>\u00a001 + 01 Auxiliar \/ Cozinheiro<\/p>\n<p><strong>MELHOR \u00c9POCA:\u00a0<\/strong>Inverno * \u2013<em>* Sujeito a altera\u00e7\u00f5es, conforme condi\u00e7\u00f5es clim\u00e1ticas.<\/em><\/p>\n<h4><strong>ATRATIVOS NATURAIS:<\/strong><\/h4>\n<p>Localizado em uma regi\u00e3o estrat\u00e9gica, \u00fanica e muito especial da Mata Atl\u00e2ntica, o Parque Estadual da Serra do Tabuleiro possui uma ampla diversidade de habitats. Cinco das seis grandes forma\u00e7\u00f5es vegetais do bioma Mata Atl\u00e2ntica encontradas no Estado est\u00e3o representados no Parque. Por essa raz\u00e3o, ele abriga uma biodiversidade ainda maior que seus 84.130 hectares poderiam sugerir.<\/p>\n<p>A floresta ombr\u00f3fila densa, riqu\u00edssima em plantas ep\u00edfitas, cobre as serras e ocupa a maior parte da \u00e1rea do Parque. Nas encostas superiores da serra, envolta em neblina \u00a0formada pela condensa\u00e7\u00e3o da umidade que chega do mar, aparece a matinha nebular. Nas partes mais altas do \u00a0Parque se faz presente a floresta ombrofila mista (floresta com arauc\u00e1rias) e os campos de altitudes. Cada ecossistema tem sua fauna e flora caracter\u00edsticas, assim como suas esp\u00e9cies dominantes. As ilhas costeiras que fazem parte da unidade tamb\u00e9m apresentam suas singularidades<\/p>\n<p>Essencial para a prote\u00e7\u00e3o desses ecossistema e toda sua biodiversidade, o Parque Estadual da Serra do Tabuleiro tamb\u00e9m \u00e9 de extrema import\u00e2ncia por outros motivos.Protegidas pela exuberante vegeta\u00e7\u00e3o da unidade est\u00e3o as nascentes de rios como o da Vargem do Bra\u00e7o, Cubat\u00e3o e D\u2019Una. Esses rios fornecem \u00e1gua para grande parte dos domic\u00edlios da Grande Florian\u00f3polis e do litoral sul do Estado. O Parque atua ainda, devido a suas caracter\u00edsticas de solo, relevo e vegeta\u00e7\u00e3o, com um importante regulador clim\u00e1tico para essas regi\u00f5es.<\/p>\n<p>Dentro da \u00e1rea do Parque no munic\u00edpio de Palho\u00e7a, est\u00e1 a Baixada do Maciambu. Essa plan\u00edcie, que comporta uma das mais expressivas paisagens de restinga do litoral brasileiro, \u00e9 formada por cord\u00f5es arenosos na forma de semic\u00edculos, resultantes das oscila\u00e7\u00f5es do n\u00edvel do mar durante milhares de anos. A regi\u00e3o e considerada, por isso, importante monumento geol\u00f3gico.<\/p>\n<p>Por suas caracter\u00edsticas, o Parque Estadual da Serra do Tabuleiro \u00e9 um campo de pesquisas incompar\u00e1vel. Localizado pr\u00f3ximo a grandes centros urbanos, possui um enorme potencial de lazer, associando o turismo ecol\u00f3gico \u00e0 educa\u00e7\u00e3o ambiental.<\/p>\n<h4><strong>COMO CHEGAR:<\/strong><\/h4>\n<p><strong>De autom\u00f3vel:\u00a0<\/strong>O acesso \u00e9 feito pela rodovia BR-101. Para quem vem do Norte o acesso se d\u00e1 poucos quil\u00f4metros ap\u00f3s a entrada principal de Florian\u00f3polis, j\u00e1 no munic\u00edpio de Palho\u00e7a, onde haver\u00e1 um trevo e voc\u00ea deve convergir a sua direita, sentido BR 282. O trevo de acesso a Sto. Amaro da Imperatriz est\u00e1 a cerca de 20km \/ 25 minutos. Para quem vem do Sul deve usar o mesmo acesso, mas neste caso, o trevo estar\u00e1 a sua esquerda, antes de chegar ao acesso principal de Florian\u00f3polis.<\/p>\n<p><strong>De avi\u00e3o<\/strong>: A melhor op\u00e7\u00e3o \u00e9 pegar um avi\u00e3o at\u00e9 Florian\u00f3polis e continuar a viagem de \u00f4nibus at\u00e9 Sto. Amaro da Imperatriz. O aeroporto de Florian\u00f3polis possui op\u00e7\u00f5es de v\u00f4os para diversas cidades Brasileiras.<\/p>\n<p><strong>De \u00f4nibus:\u00a0<\/strong>A empresa que faz a linha Florian\u00f3polis\/Palho\u00e7a \u00e9 a Paulotur, que sai do Terminal Central de Florian\u00f3polis, pr\u00f3ximo \u00e0 rodovi\u00e1ria. Os hor\u00e1rios variam das 7h \u00e0s 20h20. O telefone da Paulotur \u00e9 o (48) 3244-2777.<\/p>\n<p><strong>Dist\u00e2ncias:<\/strong>\u00a0Curitiba 320 Km \u2013 Florian\u00f3polis 20 Km \u2013 S\u00e3o Paulo 718 Km \u2013 Rio de Janeiro 1.150 Km<\/p>\n<p><strong>ENDERE\u00c7O \u201cBASE TARTARUGAS\u201d:<\/strong><strong>\u00a0<\/strong>Rod. Princesa Leopoldina, 3355, Caldas \u2013 Santo Amaro da Imperatriz \u2013 SC<\/p>\n<h4><strong>PROGRAMA\u00c7\u00c3O:<\/strong><\/h4>\n<h4><strong>Dia 1:<\/strong><\/h4>\n<p>8h \u2013 Encontro do grupo para um breve caf\u00e9 na Base do Tartarugas Turismo de Aventura \/ Hotel Plaza Caldas da Imperatriz (Sto. Amaro da Imperatriz SC) \u2013 \u00daltimos preparativos e fechamento das mochilas.<\/p>\n<p>9h 30min \u2013 Deslocamento em Kombi at\u00e9 o in\u00edcio da trilha<\/p>\n<p>10h \u2013 In\u00edcio do Treking (5 \u2013 6h de caminhada) \u2013 Monta-se acampamento \u2013 Lanche<\/p>\n<p>19h \u2013 Janta \u2013 Confraterniza\u00e7\u00e3o<\/p>\n<h4><strong>Dia 2:<\/strong><\/h4>\n<p>7h \u2013 Caf\u00e9 da Manh\u00e3 no acampamento e tempo livre para descansar, fotografar e para leves caminhadas nos campos de altitude. Acorde cedo para ver as lindas imagens do nascer do sol atr\u00e1s da Ilha de Santa Catarina \u2013 Florian\u00f3polis!<\/p>\n<p>10h \u2013 In\u00edcio do Treking de retorno ao vale. (3 \u2013 4h de caminhada)<\/p>\n<p>15h \u2013 Expectativa de chegada \u00e0 Base dos Tartarugas \/ Hotel Plaza Caldas \u2013 Fim dos Servi\u00e7os<\/p>\n<h4><strong>PR\u00c9 REQUISITOS:<\/strong><\/h4>\n<ul>\n<li>Condicionamento f\u00edsico e de sa\u00fade compat\u00edveis com a atividade a ser praticada. Espera-se bom preparo f\u00edsico.<\/li>\n<li>Restri\u00e7\u00f5es m\u00e9dicas: No formul\u00e1rio de inscri\u00e7\u00e3o solicitamos que se informem alguns dados cl\u00ednicos. Cada um deve estar ciente que s\u00e3o respons\u00e1veis por eles mesmos e por outros membros do grupo nas regi\u00f5es mais remotas e arredores dos acampamentos.<\/li>\n<\/ul>\n<h4><strong>IMPORTANTE:<\/strong><\/h4>\n<ul>\n<li>Nosso pequeno grupo garante um baixo impacto ambiental. Nosso principal interesse \u00e9 a seguran\u00e7a do grupo, mas tamb\u00e9m, de respeito \u00e0 natureza e cultura local;<\/li>\n<li><strong>Respeitem os moradores, propriedades privadas e cultura local acima de tudo!<\/strong><\/li>\n<li>Todo o lixo produzido deve ser mantido com cada participante. Minimize os impactos ambientais usando produtos com o m\u00ednimo de embalagens, sem deixar vest\u00edgios e mantendo todas as fontes de \u00e1gua l\u00edmpidas.<\/li>\n<\/ul>\n<h4><strong>INCLUI (+):<\/strong><\/h4>\n<ul class=\"checklist\">\n<li>L\u00edder &amp; Guia Profissional<\/li>\n<li>Auxiliar &amp; Cozinheiro<\/li>\n<li>Toda estrutura de cozinha: Fogareiros, panela, g\u00e1s, etc<\/li>\n<li>Seguro (http:\/\/aventurabrasilseguros.com.br\/?page_id=138)<\/li>\n<li>Alimenta\u00e7\u00e3o (01 Lanche + 01 janta + 02 caf\u00e9s da manh\u00e3)<\/li>\n<li>Tenda cozinha e Equipamentos de cozinha pessoal \/ individual<\/li>\n<\/ul>\n<h4><strong>N\u00c3O INCLUI (-):<\/strong><\/h4>\n<ul class=\"arrowlist\">\n<li>Transporte at\u00e9 Sto. Amaro da Imperatriz \u2013 Hotel Plaza Caldas da Imperatriz \/ Base Tartarugas Turismo de Aventura)<\/li>\n<li>Alimenta\u00e7\u00e3o extra (Sua comida de trilha: barras de cereal, chocolates, etc.) *Voc\u00ea deve trazer!<\/li>\n<li>Vestu\u00e1rio pessoal \u2013 Venha preparado para o calor, para o frio, vento e chuva!<\/li>\n<li>Equipamento de camping (<strong>Dispomos equipamentos para aluguel, consulte<\/strong>)<\/li>\n<\/ul>\n<h3><strong>CHECK LIST \u2013 O que Levar:<\/strong><\/h3>\n<h4><strong>O que vestir:<br \/>\n<\/strong><\/h4>\n<ul>\n<li>Vestu\u00e1rio 1\u00aa Camada (Controle T\u00e9rmico e Higieniza\u00e7\u00e3o do Corpo) = 1 Cal\u00e7a e 1 Blusa 2\u00aa Pele T\u00e9rmica para o frio. N\u00c3O ALGOD\u00c3O!<\/li>\n<li>Vestu\u00e1rio 1\u00aa Camada (Controle T\u00e9rmico e Prote\u00e7\u00e3o UV) = 1ML e 1MC Camisas Prote\u00e7\u00e3o UV para dias quentes. N\u00c3O ALGOD\u00c3O!<\/li>\n<li>Vestu\u00e1rio 2\u00aa Camada (Isolamento T\u00e9rmico \/ Aquecimento) = 1-2 Blusa MicroFleece \/ Pura L\u00e3 \/ Fibra Sint\u00e9tica \/ Pluma de Ganso. N\u00c3O ALGOD\u00c3O!<\/li>\n<li>Vestu\u00e1rio 3\u00aa Camada (Prote\u00e7\u00e3o \/ Impermeabiliza\u00e7\u00e3o contra chuva e vento) = 1 Jaqueta e 1 Cal\u00e7a \u201cAnoraque\u201d Imperme\u00e1vel para dias chuvosos e\/ou frio. Item de EXTREMA IMPORT\u00c2NCIA!<\/li>\n<li>Botas para caminhada \u2013 Imperme\u00e1veis &amp; Respir\u00e1veis!<\/li>\n<li>3 pares de meias grossas. Fibras sint\u00e9ticas e\/ou Pura L\u00e3. N\u00c3O ALGOD\u00c3O!<\/li>\n<li>Acess\u00f3rios: Chap\u00e9u \/ Bon\u00e9 \/ Viseira \/ Gorro \/ Luvas<\/li>\n<li>\u00d3culos de sol (Opcional) \u2013 Se trouxer, use tirantes para evitar a perda e degrada\u00e7\u00e3o<\/li>\n<li>Sistema Pessoal de Hidrata\u00e7\u00e3o: Garrafa, cantil, mochila de hidrata\u00e7\u00e3o = M\u00ednimo 1L<\/li>\n<li>Protetor \/ Bloqueador solar esportivo e\/ou de grande resist\u00eancia \u00e0 \u00e1gua e suor<\/li>\n<li>Protetor labial<\/li>\n<li>Repelente de insetos<\/li>\n<li><strong>Mochila de no m\u00ednimo 40L<\/strong>\u00a0\u2013\u00a0<strong>(Estilo Cargueira \u2013 Com fitas barrigueiras) * Voc\u00ea vai carregar tudo em sua mochila: Seu Saco de Dormir + Roupas + Metade de sua Barraca (Dividindo com seu parceiro) + \u00c1gua + Isolante t\u00e9rmico (por fora da mochila) + Itens pessoais + Uma por\u00e7\u00e3o da alimenta\u00e7\u00e3o geral do grupo = Peso aproximado que voc\u00ea ir\u00e1 carregar: 7 a 10kg!\u00a0<\/strong><\/li>\n<\/ul>\n<h4><strong>Para Acampar:<\/strong><\/h4>\n<ul>\n<li>Barraca de Ataque (2 pessoas) \u2013 Leve e resistente ao vento e chuva<\/li>\n<li>Isolante\/colchonete T\u00e9rmico<\/li>\n<li>Saco de Dormir entre +5\u00baC e -5\u00baC (Temperatura de transi\u00e7\u00e3o\/conforto)<\/li>\n<li>Lanterna de cabe\u00e7a<\/li>\n<li>Bast\u00e3o(\u00f5es) de caminhada<\/li>\n<li><strong>Kit PESSOAL de Talheres: Canivete, Colher, Garfo, Caneca e Pote<\/strong><\/li>\n<\/ul>\n<h3><strong>CONSIDERA\u00c7\u00d5ES:<\/strong><\/h3>\n<p>Importantes detalhes a serem considerados para todos e sua participa\u00e7\u00e3o neste programa e o que esperamos de nossos participantes:<\/p>\n<ul class=\"bulletlist\">\n<li><strong>Flexibilidade e senso de humor<\/strong>\u00a0far\u00e3o sua viagem se tornar ainda mais agrad\u00e1veis.<\/li>\n<li><strong>N\u00e3o crie expectativas<\/strong>\u00a0de que tudo ocorra com perfei\u00e7\u00e3o ou previs\u00e3o, mas sim, espere viver dias intensos;<\/li>\n<li><strong>Fa\u00e7a sua parte<\/strong>\u00a0no trabalho em grupo;<\/li>\n<li>Tenha\u00a0<strong>atitude mental positiva<\/strong>\u00a0em situa\u00e7\u00f5es inesperadas;<\/li>\n<li><strong>Entender<\/strong>\u00a0que todas as atividades na natureza podem indicar risco;<\/li>\n<li><strong>O programa pode ser modificado<\/strong>\u00a0em qualquer estagio devido \u00e0s condi\u00e7\u00f5es de tempo (decis\u00e3o do guia) que possam afetar a seguran\u00e7a do grupo;<\/li>\n<li>Sugerimos que voc\u00ea venha com a\u00a0<strong>mente aberta<\/strong>\u00a0ao programa que voc\u00ea escolheu. Sem falsas expectativas em rela\u00e7\u00e3o ao destino, ou, voc\u00ea poder\u00e1 acabar at\u00e9 mesmo se desapontando.<\/li>\n<li>Voc\u00ea deve\u00a0<strong>considerar mudan\u00e7as de tempo<\/strong>: chuvas fortes, ventos,<\/li>\n<li>N\u00f3s,\u00a0<strong>n\u00e3o queremos deixar nenhum tra\u00e7o da nossa visita<\/strong>, praticaremos atos baseados em princ\u00edpios \u00e9ticos ambientais na inten\u00e7\u00e3o de minimizar todo e qualquer impacto ambiental.<\/li>\n<\/ul>\n<h3><strong>RISCOS ENVOLVIDOS:<\/strong><\/h3>\n<ul class=\"bulletlist\">\n<li>Queda de materiais pessoais: m\u00e1quinas fotogr\u00e1ficas, equipamentos de filmagem, \u00f3culos de sol ou de grau entre outros (Risco do participante).<\/li>\n<li>Les\u00f5es leves, graves ou grav\u00edssimas pelo n\u00e3o cumprimento das orienta\u00e7\u00f5es do guia;<\/li>\n<li>Escorregamentos, escoria\u00e7\u00f5es, arranh\u00f5es, pequenas queimaduras, entre outros.<\/li>\n<\/ul>","protected":false},"excerpt":{"rendered":"<p>O Trekking ao Pico da Serra do Tabuleiro trata-se de uma ascens\u00e3o em trilhas bem t\u00edpica das serras catarinenses, recheadas de mata com visuais lindos dos campos de altitude e ainda, do litoral centro-sul do estado de Santa Catarina, incluindo a incr\u00edvel vista da Ilha de Santa Catarina, ou seja, a capital catarinense Florian\u00f3polis! O<\/p>\n<div class=\"padding-top text-center\"><a href=\"https:\/\/tartarugas.net\/en\/tours\/trekking-pico-da-serra-do-tabuleiro-1-280m\/\" class=\"atbtn atbtn--medium atbtn--rounded atbtn--transparent\">Ler mais<i class=\"atbtn__icon atbtn__icon--right fa fa-long-arrow-right\"><\/i><\/a><\/div>","protected":false},"featured_media":6859,"comment_status":"open","ping_status":"closed","template":"","meta":{"content-type":"","_joinchat":[]},"product_brand":[],"product_cat":[230],"product_tag":[],"class_list":{"0":"post-6858","1":"product","2":"type-product","3":"status-publish","4":"has-post-thumbnail","6":"product_cat-sem-categoria","8":"first","9":"instock","10":"sale","11":"shipping-taxable","12":"purchasable","13":"product-type-tour"},"yoast_head":"<!-- This site is optimized with the Yoast SEO plugin v26.9 - https:\/\/yoast.com\/product\/yoast-seo-wordpress\/ -->\n<title>Trekking Pico da Serra do Tabuleiro 1.280m - Tartarugas Espirito de Aventura<\/title>\n<meta name=\"robots\" content=\"index, follow, max-snippet:-1, max-image-preview:large, max-video-preview:-1\" \/>\n<link rel=\"canonical\" href=\"https:\/\/tartarugas.net\/en\/tours\/trekking-pico-da-serra-do-tabuleiro-1-280m\/\" \/>\n<meta property=\"og:locale\" content=\"en_US\" \/>\n<meta property=\"og:type\" content=\"article\" \/>\n<meta property=\"og:title\" content=\"Trekking Pico da Serra do Tabuleiro 1.280m - Tartarugas Espirito de Aventura\" \/>\n<meta property=\"og:description\" content=\"O Trekking ao Pico da Serra do Tabuleiro trata-se de uma ascens\u00e3o em trilhas bem t\u00edpica das serras catarinenses, recheadas de mata com visuais lindos dos campos de altitude e ainda, do litoral centro-sul do estado de Santa Catarina, incluindo a incr\u00edvel vista da Ilha de Santa Catarina, ou seja, a capital catarinense Florian\u00f3polis! OLer mais\" \/>\n<meta property=\"og:url\" content=\"https:\/\/tartarugas.net\/en\/tours\/trekking-pico-da-serra-do-tabuleiro-1-280m\/\" \/>\n<meta property=\"og:site_name\" content=\"Tartarugas Espirito de Aventura\" \/>\n<meta property=\"article:publisher\" content=\"https:\/\/www.facebook.com\/tartarugasaventura\/\" \/>\n<meta property=\"article:modified_time\" content=\"2021-06-21T15:32:10+00:00\" \/>\n<meta property=\"og:image\" content=\"https:\/\/tartarugas.net\/wp-content\/uploads\/2018\/09\/header-trekking-pico-da-serra-do-tabuleiro.jpg\" \/>\n\t<meta property=\"og:image:width\" content=\"1920\" \/>\n\t<meta property=\"og:image:height\" content=\"1200\" \/>\n\t<meta property=\"og:image:type\" content=\"image\/jpeg\" \/>\n<meta name=\"twitter:card\" content=\"summary_large_image\" \/>\n<meta name=\"twitter:site\" content=\"@_tartarugas\" \/>\n<meta name=\"twitter:label1\" content=\"Est. reading time\" \/>\n\t<meta name=\"twitter:data1\" content=\"8 minutes\" \/>\n<script type=\"application\/ld+json\" class=\"yoast-schema-graph\">{\"@context\":\"https:\/\/schema.org\",\"@graph\":[{\"@type\":\"WebPage\",\"@id\":\"https:\/\/tartarugas.net\/tours\/trekking-pico-da-serra-do-tabuleiro-1-280m\/\",\"url\":\"https:\/\/tartarugas.net\/tours\/trekking-pico-da-serra-do-tabuleiro-1-280m\/\",\"name\":\"Trekking Pico da Serra do Tabuleiro 1.280m - Tartarugas Espirito de Aventura\",\"isPartOf\":{\"@id\":\"https:\/\/tartarugas.net\/#website\"},\"primaryImageOfPage\":{\"@id\":\"https:\/\/tartarugas.net\/tours\/trekking-pico-da-serra-do-tabuleiro-1-280m\/#primaryimage\"},\"image\":{\"@id\":\"https:\/\/tartarugas.net\/tours\/trekking-pico-da-serra-do-tabuleiro-1-280m\/#primaryimage\"},\"thumbnailUrl\":\"https:\/\/tartarugas.net\/wp-content\/uploads\/2018\/09\/header-trekking-pico-da-serra-do-tabuleiro.jpg\",\"datePublished\":\"2020-02-17T11:00:19+00:00\",\"dateModified\":\"2021-06-21T15:32:10+00:00\",\"breadcrumb\":{\"@id\":\"https:\/\/tartarugas.net\/tours\/trekking-pico-da-serra-do-tabuleiro-1-280m\/#breadcrumb\"},\"inLanguage\":\"en-US\",\"potentialAction\":[{\"@type\":\"ReadAction\",\"target\":[\"https:\/\/tartarugas.net\/tours\/trekking-pico-da-serra-do-tabuleiro-1-280m\/\"]}]},{\"@type\":\"ImageObject\",\"inLanguage\":\"en-US\",\"@id\":\"https:\/\/tartarugas.net\/tours\/trekking-pico-da-serra-do-tabuleiro-1-280m\/#primaryimage\",\"url\":\"https:\/\/tartarugas.net\/wp-content\/uploads\/2018\/09\/header-trekking-pico-da-serra-do-tabuleiro.jpg\",\"contentUrl\":\"https:\/\/tartarugas.net\/wp-content\/uploads\/2018\/09\/header-trekking-pico-da-serra-do-tabuleiro.jpg\",\"width\":1920,\"height\":1200,\"caption\":\"Pico do Tabuleiro\"},{\"@type\":\"BreadcrumbList\",\"@id\":\"https:\/\/tartarugas.net\/tours\/trekking-pico-da-serra-do-tabuleiro-1-280m\/#breadcrumb\",\"itemListElement\":[{\"@type\":\"ListItem\",\"position\":1,\"name\":\"In\u00edcio\",\"item\":\"https:\/\/tartarugas.net\/\"},{\"@type\":\"ListItem\",\"position\":2,\"name\":\"Atividades\",\"item\":\"https:\/\/tartarugas.net\/atividades\/\"},{\"@type\":\"ListItem\",\"position\":3,\"name\":\"Trekking Pico da Serra do Tabuleiro 1.280m\"}]},{\"@type\":\"WebSite\",\"@id\":\"https:\/\/tartarugas.net\/#website\",\"url\":\"https:\/\/tartarugas.net\/\",\"name\":\"Tartarugas Espirito de Aventura\",\"description\":\"Empresa especializada em Atvidades Outdoor \",\"publisher\":{\"@id\":\"https:\/\/tartarugas.net\/#organization\"},\"potentialAction\":[{\"@type\":\"SearchAction\",\"target\":{\"@type\":\"EntryPoint\",\"urlTemplate\":\"https:\/\/tartarugas.net\/?s={search_term_string}\"},\"query-input\":{\"@type\":\"PropertyValueSpecification\",\"valueRequired\":true,\"valueName\":\"search_term_string\"}}],\"inLanguage\":\"en-US\"},{\"@type\":\"Organization\",\"@id\":\"https:\/\/tartarugas.net\/#organization\",\"name\":\"Tartarugas Espirito de Aventura\",\"url\":\"https:\/\/tartarugas.net\/\",\"logo\":{\"@type\":\"ImageObject\",\"inLanguage\":\"en-US\",\"@id\":\"https:\/\/tartarugas.net\/#\/schema\/logo\/image\/\",\"url\":\"https:\/\/tartarugas.net\/wp-content\/uploads\/2016\/08\/logo-retina.png\",\"contentUrl\":\"https:\/\/tartarugas.net\/wp-content\/uploads\/2016\/08\/logo-retina.png\",\"width\":360,\"height\":254,\"caption\":\"Tartarugas Espirito de Aventura\"},\"image\":{\"@id\":\"https:\/\/tartarugas.net\/#\/schema\/logo\/image\/\"},\"sameAs\":[\"https:\/\/www.facebook.com\/tartarugasaventura\/\",\"https:\/\/x.com\/_tartarugas\",\"http:\/\/www.instagram.com\/tartarugas.turismo\"]}]}<\/script>\n<!-- \/ Yoast SEO plugin. -->","yoast_head_json":{"title":"Trekking Pico da Serra do Tabuleiro 1.280m - Tartarugas Espirito de Aventura","robots":{"index":"index","follow":"follow","max-snippet":"max-snippet:-1","max-image-preview":"max-image-preview:large","max-video-preview":"max-video-preview:-1"},"canonical":"https:\/\/tartarugas.net\/en\/tours\/trekking-pico-da-serra-do-tabuleiro-1-280m\/","og_locale":"en_US","og_type":"article","og_title":"Trekking Pico da Serra do Tabuleiro 1.280m - Tartarugas Espirito de Aventura","og_description":"O Trekking ao Pico da Serra do Tabuleiro trata-se de uma ascens\u00e3o em trilhas bem t\u00edpica das serras catarinenses, recheadas de mata com visuais lindos dos campos de altitude e ainda, do litoral centro-sul do estado de Santa Catarina, incluindo a incr\u00edvel vista da Ilha de Santa Catarina, ou seja, a capital catarinense Florian\u00f3polis! OLer mais","og_url":"https:\/\/tartarugas.net\/en\/tours\/trekking-pico-da-serra-do-tabuleiro-1-280m\/","og_site_name":"Tartarugas Espirito de Aventura","article_publisher":"https:\/\/www.facebook.com\/tartarugasaventura\/","article_modified_time":"2021-06-21T15:32:10+00:00","og_image":[{"width":1920,"height":1200,"url":"https:\/\/tartarugas.net\/wp-content\/uploads\/2018\/09\/header-trekking-pico-da-serra-do-tabuleiro.jpg","type":"image\/jpeg"}],"twitter_card":"summary_large_image","twitter_site":"@_tartarugas","twitter_misc":{"Est. reading time":"8 minutes"},"schema":{"@context":"https:\/\/schema.org","@graph":[{"@type":"WebPage","@id":"https:\/\/tartarugas.net\/tours\/trekking-pico-da-serra-do-tabuleiro-1-280m\/","url":"https:\/\/tartarugas.net\/tours\/trekking-pico-da-serra-do-tabuleiro-1-280m\/","name":"Trekking Pico da Serra do Tabuleiro 1.280m - Tartarugas Espirito de Aventura","isPartOf":{"@id":"https:\/\/tartarugas.net\/#website"},"primaryImageOfPage":{"@id":"https:\/\/tartarugas.net\/tours\/trekking-pico-da-serra-do-tabuleiro-1-280m\/#primaryimage"},"image":{"@id":"https:\/\/tartarugas.net\/tours\/trekking-pico-da-serra-do-tabuleiro-1-280m\/#primaryimage"},"thumbnailUrl":"https:\/\/tartarugas.net\/wp-content\/uploads\/2018\/09\/header-trekking-pico-da-serra-do-tabuleiro.jpg","datePublished":"2020-02-17T11:00:19+00:00","dateModified":"2021-06-21T15:32:10+00:00","breadcrumb":{"@id":"https:\/\/tartarugas.net\/tours\/trekking-pico-da-serra-do-tabuleiro-1-280m\/#breadcrumb"},"inLanguage":"en-US","potentialAction":[{"@type":"ReadAction","target":["https:\/\/tartarugas.net\/tours\/trekking-pico-da-serra-do-tabuleiro-1-280m\/"]}]},{"@type":"ImageObject","inLanguage":"en-US","@id":"https:\/\/tartarugas.net\/tours\/trekking-pico-da-serra-do-tabuleiro-1-280m\/#primaryimage","url":"https:\/\/tartarugas.net\/wp-content\/uploads\/2018\/09\/header-trekking-pico-da-serra-do-tabuleiro.jpg","contentUrl":"https:\/\/tartarugas.net\/wp-content\/uploads\/2018\/09\/header-trekking-pico-da-serra-do-tabuleiro.jpg","width":1920,"height":1200,"caption":"Pico do Tabuleiro"},{"@type":"BreadcrumbList","@id":"https:\/\/tartarugas.net\/tours\/trekking-pico-da-serra-do-tabuleiro-1-280m\/#breadcrumb","itemListElement":[{"@type":"ListItem","position":1,"name":"In\u00edcio","item":"https:\/\/tartarugas.net\/"},{"@type":"ListItem","position":2,"name":"Atividades","item":"https:\/\/tartarugas.net\/atividades\/"},{"@type":"ListItem","position":3,"name":"Trekking Pico da Serra do Tabuleiro 1.280m"}]},{"@type":"WebSite","@id":"https:\/\/tartarugas.net\/#website","url":"https:\/\/tartarugas.net\/","name":"Tartarugas Espirito de Aventura","description":"Empresa especializada em Atvidades Outdoor ","publisher":{"@id":"https:\/\/tartarugas.net\/#organization"},"potentialAction":[{"@type":"SearchAction","target":{"@type":"EntryPoint","urlTemplate":"https:\/\/tartarugas.net\/?s={search_term_string}"},"query-input":{"@type":"PropertyValueSpecification","valueRequired":true,"valueName":"search_term_string"}}],"inLanguage":"en-US"},{"@type":"Organization","@id":"https:\/\/tartarugas.net\/#organization","name":"Tartarugas Espirito de Aventura","url":"https:\/\/tartarugas.net\/","logo":{"@type":"ImageObject","inLanguage":"en-US","@id":"https:\/\/tartarugas.net\/#\/schema\/logo\/image\/","url":"https:\/\/tartarugas.net\/wp-content\/uploads\/2016\/08\/logo-retina.png","contentUrl":"https:\/\/tartarugas.net\/wp-content\/uploads\/2016\/08\/logo-retina.png","width":360,"height":254,"caption":"Tartarugas Espirito de Aventura"},"image":{"@id":"https:\/\/tartarugas.net\/#\/schema\/logo\/image\/"},"sameAs":["https:\/\/www.facebook.com\/tartarugasaventura\/","https:\/\/x.com\/_tartarugas","http:\/\/www.instagram.com\/tartarugas.turismo"]}]}},"_links":{"self":[{"href":"https:\/\/tartarugas.net\/en\/wp-json\/wp\/v2\/product\/6858","targetHints":{"allow":["GET"]}}],"collection":[{"href":"https:\/\/tartarugas.net\/en\/wp-json\/wp\/v2\/product"}],"about":[{"href":"https:\/\/tartarugas.net\/en\/wp-json\/wp\/v2\/types\/product"}],"replies":[{"embeddable":true,"href":"https:\/\/tartarugas.net\/en\/wp-json\/wp\/v2\/comments?post=6858"}],"wp:featuredmedia":[{"embeddable":true,"href":"https:\/\/tartarugas.net\/en\/wp-json\/wp\/v2\/media\/6859"}],"wp:attachment":[{"href":"https:\/\/tartarugas.net\/en\/wp-json\/wp\/v2\/media?parent=6858"}],"wp:term":[{"taxonomy":"product_brand","embeddable":true,"href":"https:\/\/tartarugas.net\/en\/wp-json\/wp\/v2\/product_brand?post=6858"},{"taxonomy":"product_cat","embeddable":true,"href":"https:\/\/tartarugas.net\/en\/wp-json\/wp\/v2\/product_cat?post=6858"},{"taxonomy":"product_tag","embeddable":true,"href":"https:\/\/tartarugas.net\/en\/wp-json\/wp\/v2\/product_tag?post=6858"}],"curies":[{"name":"wp","href":"https:\/\/api.w.org\/{rel}","templated":true}]}}