{"id":8884,"date":"2020-04-24T01:57:51","date_gmt":"2020-04-24T04:57:51","guid":{"rendered":"https:\/\/tartarugas.net\/?post_type=product&#038;p=8884"},"modified":"2020-04-24T02:09:04","modified_gmt":"2020-04-24T05:09:04","slug":"expedicao-stand-up-ilha-do-frances-16-de-maio","status":"publish","type":"product","link":"https:\/\/tartarugas.net\/en\/product\/expedicao-stand-up-ilha-do-frances-16-de-maio\/","title":{"rendered":"Expedi\u00e7\u00e3o Stand up Ilha do Franc\u00eas 16 de maio"},"content":{"rendered":"<p>A Ilha do Franc\u00eas \u00e9 uma pequena ilhota, situada na altura da ponta sul da Praia de Canasvieiras (Florian\u00f3polis)\u00a0 e distando cerca de 1.500 metros em linha reta da costa.<br \/>\nA ilha paradis\u00edaca apresenta caracter\u00edsticas de praia de ba\u00eda, Ba\u00eda Norte, mar manso e calmo, \u00e1guas l\u00edmpidas, areia m\u00e9dia amarelada e piso com declive suave o que propicia a pratica de atividades como banho, stand up paddle e canoagem.<\/p>\n<p>A expedi\u00e7\u00e3o de stand up se inicia na Praia de Jurer\u00ea em frente ao Hotel Beach Village, onde receberemos equipamentos de seguran\u00e7a e uma instru\u00e7\u00e3o de como procedera a expedi\u00e7\u00e3o.<\/p>\n<p>Ao chegar na ilha faremos um tour aos arredores e faremos uma pausa para alimenta\u00e7\u00e3o e banho de mar com perman\u00eancia media de 1 hora podendo se estender.<\/p>\n<p><strong>Detalhes t\u00e9cnicos:<\/strong><\/p>\n<p>Trajeto percorrido: 4 km<\/p>\n<p>Dura\u00e7\u00e3o: 4 horas<\/p>\n<p>Idade minima: 7 anos<\/p>\n<p>&nbsp;<\/p>\n<p><strong>Inclui: <\/strong><\/p>\n<ul>\n<li>Pranchas<\/li>\n<li>Lash ( corda de seguran\u00e7a da prancha)<\/li>\n<li>Colete salva vidas<\/li>\n<li>Remo<\/li>\n<li>Instrutor capacitado<\/li>\n<li>Alimenta\u00e7\u00e3o<\/li>\n<li>Seguro de preven\u00e7\u00e3o a acidentes.<\/li>\n<\/ul>\n<p><strong>O que levar:<\/strong><\/p>\n<ul>\n<li>Toalha<\/li>\n<li>Protetor solar<\/li>\n<li>Equipamentos fotogr\u00e1ficos (caso forem empermeareis)<\/li>\n<li>Documento de identifica\u00e7\u00e3o<\/li>\n<li>Saco ou mochila estanque (opcional)<\/li>\n<\/ul>","protected":false},"excerpt":{"rendered":"<p>A Ilha do Franc\u00eas \u00e9 uma pequena ilhota, situada na altura da ponta sul da Praia de Canasvieiras (Florian\u00f3polis)\u00a0 e distando cerca de 1.500 metros em linha reta da costa. A ilha paradis\u00edaca apresenta caracter\u00edsticas de praia de ba\u00eda, Ba\u00eda Norte, mar manso e calmo, \u00e1guas l\u00edmpidas, areia m\u00e9dia amarelada e piso com declive suave<\/p>\n<div class=\"padding-top text-center\"><a href=\"https:\/\/tartarugas.net\/en\/product\/expedicao-stand-up-ilha-do-frances-16-de-maio\/\" class=\"atbtn atbtn--medium atbtn--rounded atbtn--transparent\">Ler mais<i class=\"atbtn__icon atbtn__icon--right fa fa-long-arrow-right\"><\/i><\/a><\/div>","protected":false},"featured_media":8886,"comment_status":"open","ping_status":"closed","template":"","meta":{"content-type":"","_joinchat":[]},"product_brand":[],"product_cat":[230],"product_tag":[270,283,284,285,282,281,280,286],"class_list":{"0":"post-8884","1":"product","2":"type-product","3":"status-publish","4":"has-post-thumbnail","6":"product_cat-sem-categoria","7":"product_tag-expedicao","8":"product_tag-florianopolis","9":"product_tag-ilha-do-frances","10":"product_tag-jurere","11":"product_tag-praia","12":"product_tag-remada","13":"product_tag-stand-up","14":"product_tag-sup","15":"tour_category-cursos","17":"first","18":"instock","19":"sale","20":"shipping-taxable","21":"purchasable","22":"product-type-simple"},"yoast_head":"<!-- This site is optimized with the Yoast SEO plugin v26.9 - https:\/\/yoast.com\/product\/yoast-seo-wordpress\/ -->\n<title>Expedi\u00e7\u00e3o Stand up Ilha do Franc\u00eas (Florian\u00f3polis) 16 de maio<\/title>\n<meta name=\"robots\" content=\"index, follow, max-snippet:-1, max-image-preview:large, max-video-preview:-1\" \/>\n<link rel=\"canonical\" href=\"https:\/\/tartarugas.net\/en\/product\/expedicao-stand-up-ilha-do-frances-16-de-maio\/\" \/>\n<meta property=\"og:locale\" content=\"en_US\" \/>\n<meta property=\"og:type\" content=\"article\" \/>\n<meta property=\"og:title\" content=\"Expedi\u00e7\u00e3o Stand up Ilha do Franc\u00eas (Florian\u00f3polis) 16 de maio\" \/>\n<meta property=\"og:description\" content=\"A Ilha do Franc\u00eas \u00e9 uma pequena ilhota, situada na altura da ponta sul da Praia de Canasvieiras (Florian\u00f3polis)\u00a0 e distando cerca de 1.500 metros em linha reta da costa. A ilha paradis\u00edaca apresenta caracter\u00edsticas de praia de ba\u00eda, Ba\u00eda Norte, mar manso e calmo, \u00e1guas l\u00edmpidas, areia m\u00e9dia amarelada e piso com declive suaveLer mais\" \/>\n<meta property=\"og:url\" content=\"https:\/\/tartarugas.net\/en\/product\/expedicao-stand-up-ilha-do-frances-16-de-maio\/\" \/>\n<meta property=\"og:site_name\" content=\"Tartarugas Espirito de Aventura\" \/>\n<meta property=\"article:publisher\" content=\"https:\/\/www.facebook.com\/tartarugasaventura\/\" \/>\n<meta property=\"article:modified_time\" content=\"2020-04-24T05:09:04+00:00\" \/>\n<meta property=\"og:image\" content=\"https:\/\/tartarugas.net\/wp-content\/uploads\/2020\/04\/Barcos-Ilha-do-Fr\u00e3nces-1700x956.jpeg\" \/>\n\t<meta property=\"og:image:width\" content=\"1700\" \/>\n\t<meta property=\"og:image:height\" content=\"956\" \/>\n\t<meta property=\"og:image:type\" content=\"image\/jpeg\" \/>\n<meta name=\"twitter:card\" content=\"summary_large_image\" \/>\n<meta name=\"twitter:site\" content=\"@_tartarugas\" \/>\n<meta name=\"twitter:label1\" content=\"Est. reading time\" \/>\n\t<meta name=\"twitter:data1\" content=\"1 minute\" \/>\n<script type=\"application\/ld+json\" class=\"yoast-schema-graph\">{\"@context\":\"https:\/\/schema.org\",\"@graph\":[{\"@type\":\"WebPage\",\"@id\":\"https:\/\/tartarugas.net\/produto\/expedicao-stand-up-ilha-do-frances-16-de-maio\/\",\"url\":\"https:\/\/tartarugas.net\/produto\/expedicao-stand-up-ilha-do-frances-16-de-maio\/\",\"name\":\"Expedi\u00e7\u00e3o Stand up Ilha do Franc\u00eas (Florian\u00f3polis) 16 de maio\",\"isPartOf\":{\"@id\":\"https:\/\/tartarugas.net\/#website\"},\"primaryImageOfPage\":{\"@id\":\"https:\/\/tartarugas.net\/produto\/expedicao-stand-up-ilha-do-frances-16-de-maio\/#primaryimage\"},\"image\":{\"@id\":\"https:\/\/tartarugas.net\/produto\/expedicao-stand-up-ilha-do-frances-16-de-maio\/#primaryimage\"},\"thumbnailUrl\":\"https:\/\/tartarugas.net\/wp-content\/uploads\/2020\/04\/Barcos-Ilha-do-Fr\u00e3nces-1700x956.jpeg\",\"datePublished\":\"2020-04-24T04:57:51+00:00\",\"dateModified\":\"2020-04-24T05:09:04+00:00\",\"breadcrumb\":{\"@id\":\"https:\/\/tartarugas.net\/produto\/expedicao-stand-up-ilha-do-frances-16-de-maio\/#breadcrumb\"},\"inLanguage\":\"en-US\",\"potentialAction\":[{\"@type\":\"ReadAction\",\"target\":[\"https:\/\/tartarugas.net\/produto\/expedicao-stand-up-ilha-do-frances-16-de-maio\/\"]}]},{\"@type\":\"ImageObject\",\"inLanguage\":\"en-US\",\"@id\":\"https:\/\/tartarugas.net\/produto\/expedicao-stand-up-ilha-do-frances-16-de-maio\/#primaryimage\",\"url\":\"https:\/\/tartarugas.net\/wp-content\/uploads\/2020\/04\/Barcos-Ilha-do-Fr\u00e3nces-1700x956.jpeg\",\"contentUrl\":\"https:\/\/tartarugas.net\/wp-content\/uploads\/2020\/04\/Barcos-Ilha-do-Fr\u00e3nces-1700x956.jpeg\",\"width\":1700,\"height\":956},{\"@type\":\"BreadcrumbList\",\"@id\":\"https:\/\/tartarugas.net\/produto\/expedicao-stand-up-ilha-do-frances-16-de-maio\/#breadcrumb\",\"itemListElement\":[{\"@type\":\"ListItem\",\"position\":1,\"name\":\"In\u00edcio\",\"item\":\"https:\/\/tartarugas.net\/\"},{\"@type\":\"ListItem\",\"position\":2,\"name\":\"Atividades\",\"item\":\"https:\/\/tartarugas.net\/atividades\/\"},{\"@type\":\"ListItem\",\"position\":3,\"name\":\"Expedi\u00e7\u00e3o Stand up Ilha do Franc\u00eas 16 de maio\"}]},{\"@type\":\"WebSite\",\"@id\":\"https:\/\/tartarugas.net\/#website\",\"url\":\"https:\/\/tartarugas.net\/\",\"name\":\"Tartarugas Espirito de Aventura\",\"description\":\"Empresa especializada em Atvidades Outdoor \",\"publisher\":{\"@id\":\"https:\/\/tartarugas.net\/#organization\"},\"potentialAction\":[{\"@type\":\"SearchAction\",\"target\":{\"@type\":\"EntryPoint\",\"urlTemplate\":\"https:\/\/tartarugas.net\/?s={search_term_string}\"},\"query-input\":{\"@type\":\"PropertyValueSpecification\",\"valueRequired\":true,\"valueName\":\"search_term_string\"}}],\"inLanguage\":\"en-US\"},{\"@type\":\"Organization\",\"@id\":\"https:\/\/tartarugas.net\/#organization\",\"name\":\"Tartarugas Espirito de Aventura\",\"url\":\"https:\/\/tartarugas.net\/\",\"logo\":{\"@type\":\"ImageObject\",\"inLanguage\":\"en-US\",\"@id\":\"https:\/\/tartarugas.net\/#\/schema\/logo\/image\/\",\"url\":\"https:\/\/tartarugas.net\/wp-content\/uploads\/2016\/08\/logo-retina.png\",\"contentUrl\":\"https:\/\/tartarugas.net\/wp-content\/uploads\/2016\/08\/logo-retina.png\",\"width\":360,\"height\":254,\"caption\":\"Tartarugas Espirito de Aventura\"},\"image\":{\"@id\":\"https:\/\/tartarugas.net\/#\/schema\/logo\/image\/\"},\"sameAs\":[\"https:\/\/www.facebook.com\/tartarugasaventura\/\",\"https:\/\/x.com\/_tartarugas\",\"http:\/\/www.instagram.com\/tartarugas.turismo\"]}]}<\/script>\n<!-- \/ Yoast SEO plugin. -->","yoast_head_json":{"title":"Expedi\u00e7\u00e3o Stand up Ilha do Franc\u00eas (Florian\u00f3polis) 16 de maio","robots":{"index":"index","follow":"follow","max-snippet":"max-snippet:-1","max-image-preview":"max-image-preview:large","max-video-preview":"max-video-preview:-1"},"canonical":"https:\/\/tartarugas.net\/en\/product\/expedicao-stand-up-ilha-do-frances-16-de-maio\/","og_locale":"en_US","og_type":"article","og_title":"Expedi\u00e7\u00e3o Stand up Ilha do Franc\u00eas (Florian\u00f3polis) 16 de maio","og_description":"A Ilha do Franc\u00eas \u00e9 uma pequena ilhota, situada na altura da ponta sul da Praia de Canasvieiras (Florian\u00f3polis)\u00a0 e distando cerca de 1.500 metros em linha reta da costa. A ilha paradis\u00edaca apresenta caracter\u00edsticas de praia de ba\u00eda, Ba\u00eda Norte, mar manso e calmo, \u00e1guas l\u00edmpidas, areia m\u00e9dia amarelada e piso com declive suaveLer mais","og_url":"https:\/\/tartarugas.net\/en\/product\/expedicao-stand-up-ilha-do-frances-16-de-maio\/","og_site_name":"Tartarugas Espirito de Aventura","article_publisher":"https:\/\/www.facebook.com\/tartarugasaventura\/","article_modified_time":"2020-04-24T05:09:04+00:00","og_image":[{"width":1700,"height":956,"url":"https:\/\/tartarugas.net\/wp-content\/uploads\/2020\/04\/Barcos-Ilha-do-Fr\u00e3nces-1700x956.jpeg","type":"image\/jpeg"}],"twitter_card":"summary_large_image","twitter_site":"@_tartarugas","twitter_misc":{"Est. reading time":"1 minute"},"schema":{"@context":"https:\/\/schema.org","@graph":[{"@type":"WebPage","@id":"https:\/\/tartarugas.net\/produto\/expedicao-stand-up-ilha-do-frances-16-de-maio\/","url":"https:\/\/tartarugas.net\/produto\/expedicao-stand-up-ilha-do-frances-16-de-maio\/","name":"Expedi\u00e7\u00e3o Stand up Ilha do Franc\u00eas (Florian\u00f3polis) 16 de maio","isPartOf":{"@id":"https:\/\/tartarugas.net\/#website"},"primaryImageOfPage":{"@id":"https:\/\/tartarugas.net\/produto\/expedicao-stand-up-ilha-do-frances-16-de-maio\/#primaryimage"},"image":{"@id":"https:\/\/tartarugas.net\/produto\/expedicao-stand-up-ilha-do-frances-16-de-maio\/#primaryimage"},"thumbnailUrl":"https:\/\/tartarugas.net\/wp-content\/uploads\/2020\/04\/Barcos-Ilha-do-Fr\u00e3nces-1700x956.jpeg","datePublished":"2020-04-24T04:57:51+00:00","dateModified":"2020-04-24T05:09:04+00:00","breadcrumb":{"@id":"https:\/\/tartarugas.net\/produto\/expedicao-stand-up-ilha-do-frances-16-de-maio\/#breadcrumb"},"inLanguage":"en-US","potentialAction":[{"@type":"ReadAction","target":["https:\/\/tartarugas.net\/produto\/expedicao-stand-up-ilha-do-frances-16-de-maio\/"]}]},{"@type":"ImageObject","inLanguage":"en-US","@id":"https:\/\/tartarugas.net\/produto\/expedicao-stand-up-ilha-do-frances-16-de-maio\/#primaryimage","url":"https:\/\/tartarugas.net\/wp-content\/uploads\/2020\/04\/Barcos-Ilha-do-Fr\u00e3nces-1700x956.jpeg","contentUrl":"https:\/\/tartarugas.net\/wp-content\/uploads\/2020\/04\/Barcos-Ilha-do-Fr\u00e3nces-1700x956.jpeg","width":1700,"height":956},{"@type":"BreadcrumbList","@id":"https:\/\/tartarugas.net\/produto\/expedicao-stand-up-ilha-do-frances-16-de-maio\/#breadcrumb","itemListElement":[{"@type":"ListItem","position":1,"name":"In\u00edcio","item":"https:\/\/tartarugas.net\/"},{"@type":"ListItem","position":2,"name":"Atividades","item":"https:\/\/tartarugas.net\/atividades\/"},{"@type":"ListItem","position":3,"name":"Expedi\u00e7\u00e3o Stand up Ilha do Franc\u00eas 16 de maio"}]},{"@type":"WebSite","@id":"https:\/\/tartarugas.net\/#website","url":"https:\/\/tartarugas.net\/","name":"Tartarugas Espirito de Aventura","description":"Empresa especializada em Atvidades Outdoor ","publisher":{"@id":"https:\/\/tartarugas.net\/#organization"},"potentialAction":[{"@type":"SearchAction","target":{"@type":"EntryPoint","urlTemplate":"https:\/\/tartarugas.net\/?s={search_term_string}"},"query-input":{"@type":"PropertyValueSpecification","valueRequired":true,"valueName":"search_term_string"}}],"inLanguage":"en-US"},{"@type":"Organization","@id":"https:\/\/tartarugas.net\/#organization","name":"Tartarugas Espirito de Aventura","url":"https:\/\/tartarugas.net\/","logo":{"@type":"ImageObject","inLanguage":"en-US","@id":"https:\/\/tartarugas.net\/#\/schema\/logo\/image\/","url":"https:\/\/tartarugas.net\/wp-content\/uploads\/2016\/08\/logo-retina.png","contentUrl":"https:\/\/tartarugas.net\/wp-content\/uploads\/2016\/08\/logo-retina.png","width":360,"height":254,"caption":"Tartarugas Espirito de Aventura"},"image":{"@id":"https:\/\/tartarugas.net\/#\/schema\/logo\/image\/"},"sameAs":["https:\/\/www.facebook.com\/tartarugasaventura\/","https:\/\/x.com\/_tartarugas","http:\/\/www.instagram.com\/tartarugas.turismo"]}]}},"_links":{"self":[{"href":"https:\/\/tartarugas.net\/en\/wp-json\/wp\/v2\/product\/8884","targetHints":{"allow":["GET"]}}],"collection":[{"href":"https:\/\/tartarugas.net\/en\/wp-json\/wp\/v2\/product"}],"about":[{"href":"https:\/\/tartarugas.net\/en\/wp-json\/wp\/v2\/types\/product"}],"replies":[{"embeddable":true,"href":"https:\/\/tartarugas.net\/en\/wp-json\/wp\/v2\/comments?post=8884"}],"wp:featuredmedia":[{"embeddable":true,"href":"https:\/\/tartarugas.net\/en\/wp-json\/wp\/v2\/media\/8886"}],"wp:attachment":[{"href":"https:\/\/tartarugas.net\/en\/wp-json\/wp\/v2\/media?parent=8884"}],"wp:term":[{"taxonomy":"product_brand","embeddable":true,"href":"https:\/\/tartarugas.net\/en\/wp-json\/wp\/v2\/product_brand?post=8884"},{"taxonomy":"product_cat","embeddable":true,"href":"https:\/\/tartarugas.net\/en\/wp-json\/wp\/v2\/product_cat?post=8884"},{"taxonomy":"product_tag","embeddable":true,"href":"https:\/\/tartarugas.net\/en\/wp-json\/wp\/v2\/product_tag?post=8884"}],"curies":[{"name":"wp","href":"https:\/\/api.w.org\/{rel}","templated":true}]}}